{"id":1010,"date":"2022-08-05T14:38:52","date_gmt":"2022-08-05T11:38:52","guid":{"rendered":"https:\/\/bokeheditions.fi\/?page_id=1010"},"modified":"2023-05-30T20:53:04","modified_gmt":"2023-05-30T17:53:04","slug":"tuhlaajapojan-tiella","status":"publish","type":"page","link":"https:\/\/bokeheditions.fi\/en\/julkaisut\/tuhlaajapojan-tiella\/","title":{"rendered":"Tuhlaajapojan tiell\u00e4"},"content":{"rendered":"<figure class=\"wp-block-image size-large\"><img loading=\"lazy\" width=\"1024\" height=\"683\" src=\"https:\/\/bokeheditions.fi\/wp-content\/uploads\/2022\/08\/DSF8032-1024x683.jpg\" alt=\"\" class=\"wp-image-1024\" srcset=\"https:\/\/bokeheditions.fi\/wp-content\/uploads\/2022\/08\/DSF8032-1024x683.jpg 1024w, https:\/\/bokeheditions.fi\/wp-content\/uploads\/2022\/08\/DSF8032-300x200.jpg 300w, https:\/\/bokeheditions.fi\/wp-content\/uploads\/2022\/08\/DSF8032-768x512.jpg 768w, https:\/\/bokeheditions.fi\/wp-content\/uploads\/2022\/08\/DSF8032-1536x1024.jpg 1536w, https:\/\/bokeheditions.fi\/wp-content\/uploads\/2022\/08\/DSF8032-2048x1365.jpg 2048w, https:\/\/bokeheditions.fi\/wp-content\/uploads\/2022\/08\/DSF8032-18x12.jpg 18w\" sizes=\"(max-width: 706px) 89vw, (max-width: 767px) 82vw, 740px\" \/><\/figure>\n\n\n\n<p><em>Tuhlaajapojan tiell\u00e4. Samuli Paulaharjun kotiinpaluun maisemissa<\/em><br>BOKEH#017<br>ISBN 978-952-7501-03-0<br>2022<\/p>\n\n\n\n<p>Teksti ja kuvat Jussi S. M\u00e4nnist\u00f6<br>Graafinen suunnittelu Esa Kerttula<br>Sisuksen painanut Er\u00e4salon kirjapaino<br>Kannen ja liitteen painoty\u00f6t ja sidonta Antti Nyl\u00e9n<\/p>\n\n\n\n<p>Lankasidottu vihko, 36 s.<br>Paperit Munken Lynx 170 g\/m<sup>2<\/sup>, Svenskt Arkiv 80 g\/m<sup>2<\/sup>, Folia Tonpapier 130 g\/m<sup>2<\/sup>, Performa Brilliance 220 g\/m<sup>2<\/sup><\/p>\n\n\n\n<p>25,9 x 20,3 cm<\/p>\n\n\n\n<p>Edition of 100 copies<\/p>\n\n\n\n<p>Jussi S. M\u00e4nnist\u00f6n menetelm\u00e4llinen valokuvateos <em>Tuhlaajapojan tiell\u00e4<\/em> perustuu kirjailija, kansanperinteen ker\u00e4\u00e4j\u00e4 Samuli Paulaharjun (1875\u20131944) tekstiin vuodelta 1943. Uransa aikana Paulaharju kierteli ymp\u00e4ri Suomea ker\u00e4\u00e4m\u00e4ss\u00e4 perinnetietoa ja julkaisi lukuisia tietokirjallisia teoksia. Viimeisess\u00e4 teoksessaan <em>Rintakyli\u00e4 ja larvamaita<\/em> h\u00e4n kertoo aluksi paluustaan kotiseudulleen Kurikan Kampinkyl\u00e4\u00e4n ja kuvailee kulkureitti\u00e4\u00e4n, tuttuja paikkoja ja maastoa. H\u00e4n nimitt\u00e4\u00e4 itse\u00e4\u00e4n &#8220;tuhlaajapojaksi&#8221; \u2013 tai oikeastaan antaa kurikkalaisen luonnon tehd\u00e4 sen; teksti\u00e4 leimaa vahva ihmisen luontoyhteytt\u00e4 korostava eetos.<\/p>\n\n\n\n<p>Helsingin yliopiston kirjastossa ty\u00f6skentelev\u00e4 M\u00e4nnist\u00f6 on Paulaharjun tavoin kotoisin Kurikasta. H\u00e4n etsi Paulaharjun kuvaileman reitin maastosta ja kulki sen 82 vuotta my\u00f6hemmin varustautuneena polkupy\u00f6r\u00e4ll\u00e4 ja panoraamakameralla. Muutamia teknisi\u00e4 s\u00e4\u00e4nt\u00f6j\u00e4 noudattaen h\u00e4n tietyin v\u00e4lein valotti edess\u00e4\u00e4n aukeavan etel\u00e4pohjalaisen maiseman v\u00e4rinegatiivifilmille tuolla &#8220;py\u00f6r\u00e4ht\u00e4v\u00e4objektiivisella&#8221; kamerallaan. N\u00e4in syntynyt kuvasarja on kirjan perusta.<\/p>\n\n\n\n<p>Panoraamojen ohessa kirjan sivuilla on M\u00e4nnist\u00f6n merkint\u00f6j\u00e4 ja pohdintoja aiheen liepeilt\u00e4. Lis\u00e4ksi ote Paulaharjun vuoden 1943 tekstist\u00e4 on liitteen\u00e4 keskiaukeamalla.<\/p>\n\n\n\n<p>Ilmava ja v\u00e4heleinen teos yhdistelee henkil\u00f6- ja kulttuurihistoriaa vilpitt\u00f6m\u00e4sti ja suoraviivaisesti, vapaana nykytaiteen kent\u00e4n odotuksista ja paineista. Vaikka huolellisesti toteutetusta kuvasarjasta puuttuu kaikki harrastelijamaisuus ja filmivalokuvaukseen usein liittyv\u00e4 tahallinen &#8220;rosoisuus&#8221;, M\u00e4nnist\u00f6 ehdottaa toiminnalleen nime\u00e4 &#8220;k\u00e4s-ITE-taide&#8221;.<\/p>\n\n\n\n<p>K\u00e4sitteellinen ja konkreettinen ovat yht\u00e4, toimintaa hallitsee esteettinen pyrkimys. Samoin tunteelliset sis\u00e4ll\u00f6t \u2013 luonto, kotiseutu, is\u00e4n kuolema \u2013 asettuvat rauhallisesti paikoilleen toteutuksen ankarassa s\u00e4\u00e4nn\u00f6nmukaisuudessa.<\/p>\n\n\n\n<p>You can purchase the book online <a href=\"https:\/\/holvi.com\/shop\/bokeh-kauppa\/product\/d951515ac5dc78d5b695d99b1d66b4d2\/\" target=\"_blank\" rel=\"noreferrer noopener\">at the Bokeh Shop<\/a> hintaan 22 \u20ac (+ postikulut 3 \u20ac).<\/p>\n\n\n\n<div class=\"rl-gallery-container rl-loading\" id=\"rl-gallery-container-1\" data-gallery_id=\"1028\"> <div class=\"rl-gallery rl-basicmasonry-gallery edition\" id=\"rl-gallery-1\" data-gallery_no=\"1\"> <div class=\"rl-gutter-sizer\"><\/div><div class=\"rl-grid-sizer\"><\/div> <div class=\"rl-gallery-item rl-gallery-item-width-4\" > <div class=\"rl-gallery-item-content\"> <a href=\"https:\/\/bokeheditions.fi\/wp-content\/uploads\/2022\/08\/DSF8008.jpg\" title=\"\" data-rl_title=\"\" class=\"rl-gallery-link\" data-rl_caption=\"\" data-rel=\"lightbox-gallery-1\"><img src=\"https:\/\/bokeheditions.fi\/wp-content\/uploads\/2022\/08\/DSF8008-300x300.jpg\" width=\"300\" height=\"300\" \/><\/a> <\/div> <\/div> <div class=\"rl-gallery-item\" > <div class=\"rl-gallery-item-content\"> <a href=\"https:\/\/bokeheditions.fi\/wp-content\/uploads\/2022\/08\/DSF8010.jpg\" title=\"\" data-rl_title=\"\" class=\"rl-gallery-link\" data-rl_caption=\"\" data-rel=\"lightbox-gallery-1\"><img src=\"https:\/\/bokeheditions.fi\/wp-content\/uploads\/2022\/08\/DSF8010-300x300.jpg\" width=\"300\" height=\"300\" \/><\/a> <\/div> <\/div> <div class=\"rl-gallery-item\" > <div class=\"rl-gallery-item-content\"> <a href=\"https:\/\/bokeheditions.fi\/wp-content\/uploads\/2022\/08\/DSF8011.jpg\" title=\"\" data-rl_title=\"\" class=\"rl-gallery-link\" data-rl_caption=\"\" data-rel=\"lightbox-gallery-1\"><img src=\"https:\/\/bokeheditions.fi\/wp-content\/uploads\/2022\/08\/DSF8011-300x300.jpg\" width=\"300\" height=\"300\" \/><\/a> <\/div> <\/div> <div class=\"rl-gallery-item\" > <div class=\"rl-gallery-item-content\"> <a href=\"https:\/\/bokeheditions.fi\/wp-content\/uploads\/2022\/08\/DSF8012b.jpg\" title=\"\" data-rl_title=\"\" class=\"rl-gallery-link\" data-rl_caption=\"\" data-rel=\"lightbox-gallery-1\"><img src=\"https:\/\/bokeheditions.fi\/wp-content\/uploads\/2022\/08\/DSF8012b-300x300.jpg\" width=\"300\" height=\"300\" \/><\/a> <\/div> <\/div> <div class=\"rl-gallery-item\" > <div class=\"rl-gallery-item-content\"> <a href=\"https:\/\/bokeheditions.fi\/wp-content\/uploads\/2022\/08\/DSF8f013.jpg\" title=\"\" data-rl_title=\"\" class=\"rl-gallery-link\" data-rl_caption=\"\" data-rel=\"lightbox-gallery-1\"><img src=\"https:\/\/bokeheditions.fi\/wp-content\/uploads\/2022\/08\/DSF8f013-300x300.jpg\" width=\"300\" height=\"300\" \/><\/a> <\/div> <\/div> <div class=\"rl-gallery-item\" > <div class=\"rl-gallery-item-content\"> <a href=\"https:\/\/bokeheditions.fi\/wp-content\/uploads\/2022\/08\/DSF801f5.jpg\" title=\"\" data-rl_title=\"\" class=\"rl-gallery-link\" data-rl_caption=\"\" data-rel=\"lightbox-gallery-1\"><img src=\"https:\/\/bokeheditions.fi\/wp-content\/uploads\/2022\/08\/DSF801f5-300x300.jpg\" width=\"300\" height=\"300\" \/><\/a> <\/div> <\/div> <div class=\"rl-gallery-item\" > <div class=\"rl-gallery-item-content\"> <a href=\"https:\/\/bokeheditions.fi\/wp-content\/uploads\/2022\/08\/DSF8017.jpg\" title=\"\" data-rl_title=\"\" class=\"rl-gallery-link\" data-rl_caption=\"\" data-rel=\"lightbox-gallery-1\"><img src=\"https:\/\/bokeheditions.fi\/wp-content\/uploads\/2022\/08\/DSF8017-300x300.jpg\" width=\"300\" height=\"300\" \/><\/a> <\/div> <\/div> <div class=\"rl-gallery-item\" > <div class=\"rl-gallery-item-content\"> <a href=\"https:\/\/bokeheditions.fi\/wp-content\/uploads\/2022\/08\/DSF8020.jpg\" title=\"\" data-rl_title=\"\" class=\"rl-gallery-link\" data-rl_caption=\"\" data-rel=\"lightbox-gallery-1\"><img src=\"https:\/\/bokeheditions.fi\/wp-content\/uploads\/2022\/08\/DSF8020-300x300.jpg\" width=\"300\" height=\"300\" \/><\/a> <\/div> <\/div> <div class=\"rl-gallery-item\" > <div class=\"rl-gallery-item-content\"> <a href=\"https:\/\/bokeheditions.fi\/wp-content\/uploads\/2022\/08\/DSF8021.jpg\" title=\"\" data-rl_title=\"\" class=\"rl-gallery-link\" data-rl_caption=\"\" data-rel=\"lightbox-gallery-1\"><img src=\"https:\/\/bokeheditions.fi\/wp-content\/uploads\/2022\/08\/DSF8021-300x300.jpg\" width=\"300\" height=\"300\" \/><\/a> <\/div> <\/div> <div class=\"rl-gallery-item\" > <div class=\"rl-gallery-item-content\"> <a href=\"https:\/\/bokeheditions.fi\/wp-content\/uploads\/2022\/08\/DSF8024.jpg\" title=\"\" data-rl_title=\"\" class=\"rl-gallery-link\" data-rl_caption=\"\" data-rel=\"lightbox-gallery-1\"><img src=\"https:\/\/bokeheditions.fi\/wp-content\/uploads\/2022\/08\/DSF8024-300x300.jpg\" width=\"300\" height=\"300\" \/><\/a> <\/div> <\/div> <div class=\"rl-gallery-item\" > <div class=\"rl-gallery-item-content\"> <a href=\"https:\/\/bokeheditions.fi\/wp-content\/uploads\/2022\/08\/DSF8027.jpg\" title=\"\" data-rl_title=\"\" class=\"rl-gallery-link\" data-rl_caption=\"\" data-rel=\"lightbox-gallery-1\"><img src=\"https:\/\/bokeheditions.fi\/wp-content\/uploads\/2022\/08\/DSF8027-300x300.jpg\" width=\"300\" height=\"300\" \/><\/a> <\/div> <\/div> <div class=\"rl-gallery-item\" > <div class=\"rl-gallery-item-content\"> <a href=\"https:\/\/bokeheditions.fi\/wp-content\/uploads\/2022\/08\/DSF8028.jpg\" title=\"\" data-rl_title=\"\" class=\"rl-gallery-link\" data-rl_caption=\"\" data-rel=\"lightbox-gallery-1\"><img src=\"https:\/\/bokeheditions.fi\/wp-content\/uploads\/2022\/08\/DSF8028-300x300.jpg\" width=\"300\" height=\"300\" \/><\/a> <\/div> <\/div> <\/div> <\/div>","protected":false},"excerpt":{"rendered":"<p>Tuhlaajapojan tiell\u00e4. Samuli Paulaharjun kotiinpaluun maisemissaBOKEH#017ISBN 978-952-7501-03-02022 Teksti ja kuvat Jussi S. M\u00e4nnist\u00f6Graafinen suunnittelu Esa KerttulaSisuksen painanut Er\u00e4salon kirjapainoKannen ja liitteen painoty\u00f6t ja sidonta Antti Nyl\u00e9n Lankasidottu vihko, 36 s.Paperit Munken Lynx 170 g\/m2, Svenskt Arkiv 80 g\/m2, Folia Tonpapier 130 g\/m2, Performa Brilliance 220 g\/m2 25,9 x 20,3 cm Editio 100 kpl Jussi S. &hellip; <\/p>\n<p class=\"link-more\"><a href=\"https:\/\/bokeheditions.fi\/en\/julkaisut\/tuhlaajapojan-tiella\/\" class=\"more-link\">Continue reading<span class=\"screen-reader-text\"> &#8220;Tuhlaajapojan tiell\u00e4&#8221;<\/span><\/a><\/p>","protected":false},"author":2,"featured_media":0,"parent":45,"menu_order":0,"comment_status":"closed","ping_status":"closed","template":"","meta":[],"_links":{"self":[{"href":"https:\/\/bokeheditions.fi\/en\/wp-json\/wp\/v2\/pages\/1010"}],"collection":[{"href":"https:\/\/bokeheditions.fi\/en\/wp-json\/wp\/v2\/pages"}],"about":[{"href":"https:\/\/bokeheditions.fi\/en\/wp-json\/wp\/v2\/types\/page"}],"author":[{"embeddable":true,"href":"https:\/\/bokeheditions.fi\/en\/wp-json\/wp\/v2\/users\/2"}],"replies":[{"embeddable":true,"href":"https:\/\/bokeheditions.fi\/en\/wp-json\/wp\/v2\/comments?post=1010"}],"version-history":[{"count":8,"href":"https:\/\/bokeheditions.fi\/en\/wp-json\/wp\/v2\/pages\/1010\/revisions"}],"predecessor-version":[{"id":1038,"href":"https:\/\/bokeheditions.fi\/en\/wp-json\/wp\/v2\/pages\/1010\/revisions\/1038"}],"up":[{"embeddable":true,"href":"https:\/\/bokeheditions.fi\/en\/wp-json\/wp\/v2\/pages\/45"}],"wp:attachment":[{"href":"https:\/\/bokeheditions.fi\/en\/wp-json\/wp\/v2\/media?parent=1010"}],"curies":[{"name":"wp","href":"https:\/\/api.w.org\/{rel}","templated":true}]}}