{"id":1060,"date":"2022-09-27T13:28:22","date_gmt":"2022-09-27T10:28:22","guid":{"rendered":"https:\/\/bokeheditions.fi\/?page_id=1060"},"modified":"2024-09-19T11:27:52","modified_gmt":"2024-09-19T08:27:52","slug":"iida-ylamaki","status":"publish","type":"page","link":"https:\/\/bokeheditions.fi\/en\/julkaisut\/iida-ylamaki\/","title":{"rendered":"Iida Yl\u00e4m\u00e4ki = Ida Uphill"},"content":{"rendered":"<figure class=\"wp-block-image size-large\"><img loading=\"lazy\" width=\"1024\" height=\"682\" src=\"https:\/\/bokeheditions.fi\/wp-content\/uploads\/2022\/09\/ida-uphill_25-1024x682.jpg\" alt=\"\" class=\"wp-image-1054\" srcset=\"https:\/\/bokeheditions.fi\/wp-content\/uploads\/2022\/09\/ida-uphill_25-1024x682.jpg 1024w, https:\/\/bokeheditions.fi\/wp-content\/uploads\/2022\/09\/ida-uphill_25-300x200.jpg 300w, https:\/\/bokeheditions.fi\/wp-content\/uploads\/2022\/09\/ida-uphill_25-768x512.jpg 768w, https:\/\/bokeheditions.fi\/wp-content\/uploads\/2022\/09\/ida-uphill_25-1536x1023.jpg 1536w, https:\/\/bokeheditions.fi\/wp-content\/uploads\/2022\/09\/ida-uphill_25-2048x1364.jpg 2048w, https:\/\/bokeheditions.fi\/wp-content\/uploads\/2022\/09\/ida-uphill_25-18x12.jpg 18w\" sizes=\"(max-width: 706px) 89vw, (max-width: 767px) 82vw, 740px\" \/><\/figure>\n\n\n\n<p><em>Iida Yl\u00e4m\u00e4ki = Ida Uphill<\/em><br>BOKEH#014<br>ISBN 978-952-7501-01-6<\/p>\n\n\n\n<p>Poetry and photography Tekla Inari<br>Design Tekla Inari and Jaakko Suomalainen<br>Typography Jaakko Suomalainen<br>English translation Kasper Salonen<br>Printed by Jelgavas Tipogr\u0101fija, Latvia<\/p>\n\n\n\n<p>Open-spined book, 464 pages<\/p>\n\n\n\n<p>145 x 205 x 27 mm<\/p>\n\n\n\n<p>Edition of 400 copies<\/p>\n\n\n\n<p class=\" translation-block\">Finnish artist Tekla Inari's third photobook, <em>Ida Uphill,<\/em> tackles similar issues and ideas as her two previous books, <\/em>Legacy<\/em> (2015) and <em>The Blue Years<\/em> (2017). Particularly prominent are the similarities with <em>The Blue Years,<\/em> which features Helsinki scenery and explores the perspective of the \"creative precariat.\" The new book is dedicated to this specific group of people.<\/p>\n\n\n\n<p>For readers familiar with Inari's previous artistic publications, acute psychological discernment, uncompromising social realism, and a resolute decision not to filter anything through comforting excuses are all familiar features.<\/p>\n\n\n\n<p>However, what sets <em>Ida Uphill<\/em> apart is the extensive scale of narration, spanning well over 400 unnumbered pages. Additionally, <em>Ida Uphill<\/em> is explicitly a work of fiction. It consists of a collage of images and verse, resembling a detailed, elaborate, intimate map of the life, dreams, and thoughts of a young woman named Ida Uphill, living in Helsinki in the 2020s. Social issues such as poverty and mental disorders are portrayed in a raw manner. The author herself has described her artistic method as \"documentary fiction.\"<\/p>\n\n\n\n<p>Inari's images and poetry depict Ida Uphill's experiences of persistent poverty, deteriorating mental health, capitalism, power, beauty, yearning, dreams, and art with sympathy and patience. Ida's face is absent from the book, as are nearly all other human figures. What is offered to the reader is Ida's pressured and solitary world, conveyed through words and photographs.<\/p>\n\n\n\n<p>Tekla Inari is not only a photographer but also a writer, or rather, a writer who knows how to wield a camera. These two forms of expression\u2014verse and printed (color) photography\u2014coexist in her new book, equal in authorship. The text does not interpret the image, nor does the image merely illustrate the written word. Hence, one might ask: Is <em>Ida Uphill<\/em> a work of literature or photography? This is the wrong question to ask. <em>Ida Uphill<\/em> <em>Ida Uphill<\/em> is simply a work of art in the form of an offset printed book.<\/p>\n\n\n\n<p>The edition consists of 400 copies, but individual copies have not been numbered.<\/p>\n\n\n\n<p>The author has received support for book production from the Finnish Art Society, Arts Promotion Centre Finland, and the Kone Foundation.<\/p>\n\n\n\n<p>You can purchase the book online <a href=\"https:\/\/holvi.com\/shop\/bokeh-kauppa\/product\/6dc8077ec67ddd27614c7d5a71ab1a8d\/\" target=\"_blank\" rel=\"noreferrer noopener\">at the Bokeh Shop<\/a> hintaan 38 \u20ac&nbsp;(+ toimituskulut 4 \u20ac).<\/p>\n\n\n\n<div class=\"rl-gallery-container rl-loading\" id=\"rl-gallery-container-1\" data-gallery_id=\"1063\"> <div class=\"rl-gallery rl-basicmasonry-gallery edition\" id=\"rl-gallery-1\" data-gallery_no=\"1\"> <div class=\"rl-gutter-sizer\"><\/div><div class=\"rl-grid-sizer\"><\/div> <div class=\"rl-gallery-item rl-gallery-item-width-4\" > <div class=\"rl-gallery-item-content\"> <a href=\"https:\/\/bokeheditions.fi\/wp-content\/uploads\/2022\/09\/ida-uphill_01.jpg\" title=\"\" data-rl_title=\"\" class=\"rl-gallery-link\" data-rl_caption=\"\" data-rel=\"lightbox-gallery-1\"><img src=\"https:\/\/bokeheditions.fi\/wp-content\/uploads\/2022\/09\/ida-uphill_01-300x300.jpg\" width=\"300\" height=\"300\" \/><\/a> <\/div> <\/div> <div class=\"rl-gallery-item\" > <div class=\"rl-gallery-item-content\"> <a href=\"https:\/\/bokeheditions.fi\/wp-content\/uploads\/2022\/09\/ida-uphill_02.jpg\" title=\"\" data-rl_title=\"\" class=\"rl-gallery-link\" data-rl_caption=\"\" data-rel=\"lightbox-gallery-1\"><img src=\"https:\/\/bokeheditions.fi\/wp-content\/uploads\/2022\/09\/ida-uphill_02-300x300.jpg\" width=\"300\" height=\"300\" \/><\/a> <\/div> <\/div> <div class=\"rl-gallery-item\" > <div class=\"rl-gallery-item-content\"> <a href=\"https:\/\/bokeheditions.fi\/wp-content\/uploads\/2022\/09\/ida-uphill_04.jpg\" title=\"\" data-rl_title=\"\" class=\"rl-gallery-link\" data-rl_caption=\"\" data-rel=\"lightbox-gallery-1\"><img src=\"https:\/\/bokeheditions.fi\/wp-content\/uploads\/2022\/09\/ida-uphill_04-300x300.jpg\" width=\"300\" height=\"300\" \/><\/a> <\/div> <\/div> <div class=\"rl-gallery-item\" > <div class=\"rl-gallery-item-content\"> <a href=\"https:\/\/bokeheditions.fi\/wp-content\/uploads\/2022\/09\/ida-uphill_05.jpg\" title=\"\" data-rl_title=\"\" class=\"rl-gallery-link\" data-rl_caption=\"\" data-rel=\"lightbox-gallery-1\"><img src=\"https:\/\/bokeheditions.fi\/wp-content\/uploads\/2022\/09\/ida-uphill_05-300x300.jpg\" width=\"300\" height=\"300\" \/><\/a> <\/div> <\/div> <div class=\"rl-gallery-item\" > <div class=\"rl-gallery-item-content\"> <a href=\"https:\/\/bokeheditions.fi\/wp-content\/uploads\/2022\/09\/ida-uphill_06.jpg\" title=\"\" data-rl_title=\"\" class=\"rl-gallery-link\" data-rl_caption=\"\" data-rel=\"lightbox-gallery-1\"><img src=\"https:\/\/bokeheditions.fi\/wp-content\/uploads\/2022\/09\/ida-uphill_06-300x300.jpg\" width=\"300\" height=\"300\" \/><\/a> <\/div> <\/div> <div class=\"rl-gallery-item\" > <div class=\"rl-gallery-item-content\"> <a href=\"https:\/\/bokeheditions.fi\/wp-content\/uploads\/2022\/09\/ida-uphill_07.jpg\" title=\"\" data-rl_title=\"\" class=\"rl-gallery-link\" data-rl_caption=\"\" data-rel=\"lightbox-gallery-1\"><img src=\"https:\/\/bokeheditions.fi\/wp-content\/uploads\/2022\/09\/ida-uphill_07-300x300.jpg\" width=\"300\" height=\"300\" \/><\/a> <\/div> <\/div> <div class=\"rl-gallery-item\" > <div class=\"rl-gallery-item-content\"> <a href=\"https:\/\/bokeheditions.fi\/wp-content\/uploads\/2022\/09\/ida-uphill_08.jpg\" title=\"\" data-rl_title=\"\" class=\"rl-gallery-link\" data-rl_caption=\"\" data-rel=\"lightbox-gallery-1\"><img src=\"https:\/\/bokeheditions.fi\/wp-content\/uploads\/2022\/09\/ida-uphill_08-300x300.jpg\" width=\"300\" height=\"300\" \/><\/a> <\/div> <\/div> <div class=\"rl-gallery-item\" > <div class=\"rl-gallery-item-content\"> <a href=\"https:\/\/bokeheditions.fi\/wp-content\/uploads\/2022\/09\/ida-uphill_09.jpg\" title=\"\" data-rl_title=\"\" class=\"rl-gallery-link\" data-rl_caption=\"\" data-rel=\"lightbox-gallery-1\"><img src=\"https:\/\/bokeheditions.fi\/wp-content\/uploads\/2022\/09\/ida-uphill_09-300x300.jpg\" width=\"300\" height=\"300\" \/><\/a> <\/div> <\/div> <div class=\"rl-gallery-item\" > <div class=\"rl-gallery-item-content\"> <a href=\"https:\/\/bokeheditions.fi\/wp-content\/uploads\/2022\/09\/ida-uphill_10.jpg\" title=\"\" data-rl_title=\"\" class=\"rl-gallery-link\" data-rl_caption=\"\" data-rel=\"lightbox-gallery-1\"><img src=\"https:\/\/bokeheditions.fi\/wp-content\/uploads\/2022\/09\/ida-uphill_10-300x300.jpg\" width=\"300\" height=\"300\" \/><\/a> <\/div> <\/div> <div class=\"rl-gallery-item\" > <div class=\"rl-gallery-item-content\"> <a href=\"https:\/\/bokeheditions.fi\/wp-content\/uploads\/2022\/09\/ida-uphill_11.jpg\" title=\"\" data-rl_title=\"\" class=\"rl-gallery-link\" data-rl_caption=\"\" data-rel=\"lightbox-gallery-1\"><img src=\"https:\/\/bokeheditions.fi\/wp-content\/uploads\/2022\/09\/ida-uphill_11-300x300.jpg\" width=\"300\" height=\"300\" \/><\/a> <\/div> <\/div> <div class=\"rl-gallery-item\" > <div class=\"rl-gallery-item-content\"> <a href=\"https:\/\/bokeheditions.fi\/wp-content\/uploads\/2022\/09\/ida-uphill_12.jpg\" title=\"\" data-rl_title=\"\" class=\"rl-gallery-link\" data-rl_caption=\"\" data-rel=\"lightbox-gallery-1\"><img src=\"https:\/\/bokeheditions.fi\/wp-content\/uploads\/2022\/09\/ida-uphill_12-300x300.jpg\" width=\"300\" height=\"300\" \/><\/a> <\/div> <\/div> <div class=\"rl-gallery-item\" > <div class=\"rl-gallery-item-content\"> <a href=\"https:\/\/bokeheditions.fi\/wp-content\/uploads\/2022\/09\/ida-uphill_18.jpg\" title=\"\" data-rl_title=\"\" class=\"rl-gallery-link\" data-rl_caption=\"\" data-rel=\"lightbox-gallery-1\"><img src=\"https:\/\/bokeheditions.fi\/wp-content\/uploads\/2022\/09\/ida-uphill_18-300x300.jpg\" width=\"300\" height=\"300\" \/><\/a> <\/div> <\/div> <div class=\"rl-gallery-item\" > <div class=\"rl-gallery-item-content\"> <a href=\"https:\/\/bokeheditions.fi\/wp-content\/uploads\/2022\/09\/ida-uphill_19.jpg\" title=\"\" data-rl_title=\"\" class=\"rl-gallery-link\" data-rl_caption=\"\" data-rel=\"lightbox-gallery-1\"><img src=\"https:\/\/bokeheditions.fi\/wp-content\/uploads\/2022\/09\/ida-uphill_19-300x300.jpg\" width=\"300\" height=\"300\" \/><\/a> <\/div> <\/div> <div class=\"rl-gallery-item\" > <div class=\"rl-gallery-item-content\"> <a href=\"https:\/\/bokeheditions.fi\/wp-content\/uploads\/2022\/09\/ida-uphill_23.jpg\" title=\"\" data-rl_title=\"\" class=\"rl-gallery-link\" data-rl_caption=\"\" data-rel=\"lightbox-gallery-1\"><img src=\"https:\/\/bokeheditions.fi\/wp-content\/uploads\/2022\/09\/ida-uphill_23-300x300.jpg\" width=\"300\" height=\"300\" \/><\/a> <\/div> <\/div> <div class=\"rl-gallery-item\" > <div class=\"rl-gallery-item-content\"> <a href=\"https:\/\/bokeheditions.fi\/wp-content\/uploads\/2022\/09\/ida-uphill_26.jpg\" title=\"\" data-rl_title=\"\" class=\"rl-gallery-link\" data-rl_caption=\"\" data-rel=\"lightbox-gallery-1\"><img src=\"https:\/\/bokeheditions.fi\/wp-content\/uploads\/2022\/09\/ida-uphill_26-300x300.jpg\" width=\"300\" height=\"300\" \/><\/a> <\/div> <\/div> <div class=\"rl-gallery-item\" > <div class=\"rl-gallery-item-content\"> <a href=\"https:\/\/bokeheditions.fi\/wp-content\/uploads\/2022\/09\/ida-uphill_27.jpg\" title=\"\" data-rl_title=\"\" class=\"rl-gallery-link\" data-rl_caption=\"\" data-rel=\"lightbox-gallery-1\"><img src=\"https:\/\/bokeheditions.fi\/wp-content\/uploads\/2022\/09\/ida-uphill_27-300x300.jpg\" width=\"300\" height=\"300\" \/><\/a> <\/div> <\/div> <div class=\"rl-gallery-item\" > <div class=\"rl-gallery-item-content\"> <a href=\"https:\/\/bokeheditions.fi\/wp-content\/uploads\/2022\/09\/ida-uphill_32.jpg\" title=\"\" data-rl_title=\"\" class=\"rl-gallery-link\" data-rl_caption=\"\" data-rel=\"lightbox-gallery-1\"><img src=\"https:\/\/bokeheditions.fi\/wp-content\/uploads\/2022\/09\/ida-uphill_32-300x300.jpg\" width=\"300\" height=\"300\" \/><\/a> <\/div> <\/div> <div class=\"rl-gallery-item\" > <div class=\"rl-gallery-item-content\"> <a href=\"https:\/\/bokeheditions.fi\/wp-content\/uploads\/2022\/09\/ida-uphill_36.jpg\" title=\"\" data-rl_title=\"\" class=\"rl-gallery-link\" data-rl_caption=\"\" data-rel=\"lightbox-gallery-1\"><img src=\"https:\/\/bokeheditions.fi\/wp-content\/uploads\/2022\/09\/ida-uphill_36-300x300.jpg\" width=\"300\" height=\"300\" \/><\/a> <\/div> <\/div> <\/div> <\/div>","protected":false},"excerpt":{"rendered":"<p>Iida Yl\u00e4m\u00e4ki = Ida UphillBOKEH#014ISBN 978-952-7501-01-6 Tekstit ja valokuvat Tekla InariGraafinen suunnittelu Tekla Inari ja Jaakko SuomalainenKirjainmuotoilu Jaakko SuomalainenEnglanninkieliset k\u00e4\u00e4nn\u00f6kset Kasper SalonenPainanut Jelgavas Tipogr\u0101fija, Latvia Lankasidottu kirja, 464 s. 145 x 205 x 27 mm Editio 400 kpl Tekla Inarin kolmas valokuvakirja Iida Yl\u00e4m\u00e4ki \u2013 englanninkieliselt\u00e4 rinnakkaisnimelt\u00e4\u00e4n Ida Uphill \u2013 jatkaa samojen aiheiden ja ajatusten &hellip; <\/p>\n<p class=\"link-more\"><a href=\"https:\/\/bokeheditions.fi\/en\/julkaisut\/iida-ylamaki\/\" class=\"more-link\">Continue reading<span class=\"screen-reader-text\"> &#8220;Iida Yl\u00e4m\u00e4ki = Ida Uphill&#8221;<\/span><\/a><\/p>","protected":false},"author":2,"featured_media":0,"parent":45,"menu_order":0,"comment_status":"closed","ping_status":"closed","template":"","meta":[],"_links":{"self":[{"href":"https:\/\/bokeheditions.fi\/en\/wp-json\/wp\/v2\/pages\/1060"}],"collection":[{"href":"https:\/\/bokeheditions.fi\/en\/wp-json\/wp\/v2\/pages"}],"about":[{"href":"https:\/\/bokeheditions.fi\/en\/wp-json\/wp\/v2\/types\/page"}],"author":[{"embeddable":true,"href":"https:\/\/bokeheditions.fi\/en\/wp-json\/wp\/v2\/users\/2"}],"replies":[{"embeddable":true,"href":"https:\/\/bokeheditions.fi\/en\/wp-json\/wp\/v2\/comments?post=1060"}],"version-history":[{"count":7,"href":"https:\/\/bokeheditions.fi\/en\/wp-json\/wp\/v2\/pages\/1060\/revisions"}],"predecessor-version":[{"id":1662,"href":"https:\/\/bokeheditions.fi\/en\/wp-json\/wp\/v2\/pages\/1060\/revisions\/1662"}],"up":[{"embeddable":true,"href":"https:\/\/bokeheditions.fi\/en\/wp-json\/wp\/v2\/pages\/45"}],"wp:attachment":[{"href":"https:\/\/bokeheditions.fi\/en\/wp-json\/wp\/v2\/media?parent=1060"}],"curies":[{"name":"wp","href":"https:\/\/api.w.org\/{rel}","templated":true}]}}