{"id":1104,"date":"2022-10-06T16:30:04","date_gmt":"2022-10-06T13:30:04","guid":{"rendered":"https:\/\/bokeheditions.fi\/?page_id=1104"},"modified":"2022-10-06T18:18:26","modified_gmt":"2022-10-06T15:18:26","slug":"domremyn-kuuntelija","status":"publish","type":"page","link":"https:\/\/bokeheditions.fi\/en\/julkaisut\/domremyn-kuuntelija\/","title":{"rendered":"Domremyn kuuntelija"},"content":{"rendered":"<figure class=\"wp-block-image size-large\"><img loading=\"lazy\" width=\"1024\" height=\"683\" src=\"https:\/\/bokeheditions.fi\/wp-content\/uploads\/2022\/10\/DSF8100-1024x683.jpg\" alt=\"\" class=\"wp-image-1085\" srcset=\"https:\/\/bokeheditions.fi\/wp-content\/uploads\/2022\/10\/DSF8100-1024x683.jpg 1024w, https:\/\/bokeheditions.fi\/wp-content\/uploads\/2022\/10\/DSF8100-300x200.jpg 300w, https:\/\/bokeheditions.fi\/wp-content\/uploads\/2022\/10\/DSF8100-768x512.jpg 768w, https:\/\/bokeheditions.fi\/wp-content\/uploads\/2022\/10\/DSF8100-1536x1024.jpg 1536w, https:\/\/bokeheditions.fi\/wp-content\/uploads\/2022\/10\/DSF8100-2048x1365.jpg 2048w, https:\/\/bokeheditions.fi\/wp-content\/uploads\/2022\/10\/DSF8100-18x12.jpg 18w\" sizes=\"(max-width: 706px) 89vw, (max-width: 767px) 82vw, 740px\" \/><\/figure>\n\n\n\n<p><em>Domremyn kuuntelija<\/em><br>BOKEH#018<br>ISBN 978-952-7501-04-7<\/p>\n\n\n\n<p>Teksti Antti Nyl\u00e9n<br>Kuvitus Ville Ranta<br>Graphic design Antti Nyl\u00e9n<\/p>\n\n\n\n<p>Liimasidottu kirja, 70 s.<br>Kansipaperi, liitekortti 70 x 140 mm<br>Paperit Munken Kristall 170 g\/m<sup>2<\/sup>, Amber Graphic 90 g\/m<sup>2<\/sup>, G-Snow 250 g\/m<sup>2<\/sup>, kuultopaperi 90 g\/m<sup>2<\/sup><\/p>\n\n\n\n<p>130 x 190 x 8 mm<\/p>\n\n\n\n<p>Edition of 200 copies<\/p>\n\n\n\n<p><em>Domremyn kuuntelija<\/em> sis\u00e4lt\u00e4\u00e4 Antti Nyl\u00e9nin alun perin <em>Kolme pyh\u00e4\u00e4<\/em> -esseeteoksessa (Kirjapaja 2019) ilmestyneen Jeanne d&#8217;Arcia k\u00e4sittelev\u00e4n esseen. Tekstiin on tehty vain joitakin pieni\u00e4 korjauksia. <em>Kolme pyh\u00e4\u00e4<\/em> sis\u00e4lt\u00e4\u00e4 lis\u00e4ksi kaksi muuta esseet\u00e4 sek\u00e4 esipuheen.<\/p>\n\n\n\n<p>T\u00e4m\u00e4 erillispainos on siis teoshahmoltaan toisenlainen \u2013 eik\u00e4 v\u00e4hiten siksi, ett\u00e4 se sis\u00e4lt\u00e4\u00e4 Ville Rannan piirt\u00e4m\u00e4n\u00e4 nelj\u00e4 &#8220;ikoniaihetta&#8221;. Lis\u00e4ksi Ranta on piirt\u00e4nyt kannen vinjetin. Vinjetti esiintyy my\u00f6s kirjan v\u00e4liss\u00e4 liitteen\u00e4 olevassa &#8220;pyh\u00e4inkuvassa&#8221;, jossa on kohopainettu folioteksti. Pyh\u00e4inkuvaa voi toki k\u00e4ytt\u00e4\u00e4 my\u00f6s kirjanmerkkin\u00e4.<\/p>\n\n\n\n<p>Esseess\u00e4 etsit\u00e4\u00e4n teit\u00e4 marttyyri- ja sankarimyyttien l\u00e4pi hengellisen Jeanne d&#8217;Arcin luokse. Orl\u00e9ansin Neitsyen vuonna 1920 tapahtunut kanonisointi kuitenkin merkitsee sit\u00e4, ett\u00e4 katolinen kirkko pit\u00e4\u00e4 h\u00e4nt\u00e4 maailmanlaajuisesti merkitt\u00e4v\u00e4n\u00e4 hengellisen\u00e4 esikuvana. H\u00e4n ei ole ranskalaisten nationalistien omaisuutta \u2013 eik\u00e4 liioin elokuvantekij\u00f6iden tai romaanikirjailijoiden.<\/p>\n\n\n\n<p> Nyl\u00e9n k\u00e4y l\u00e4pi saman yksityiskohtaisen el\u00e4m\u00e4kerta-aineiston, joka kaikkien Jeanne-kirjojen perustana on, mutta hahmottelee sen pohjalta k\u00e4sityst\u00e4 &#8220;kirkon uhmaajien suojeluspyhimyksest\u00e4&#8221;. Jeanne, jonka kirkko tuomitsi kuolemaan, on kirkollisen vastarinnan symboli ja lis\u00e4ksi kaikkien niiden suojelija, &#8220;joiden uskolle naureskellaan&#8221;.<\/p>\n\n\n\n<p>Ville Rannan piirt\u00e4m\u00e4t &#8220;ikonit&#8221; perustuvat tekstiss\u00e4 ehdotettuihin aiheisiin ja jatkavat uusin painotuksin Jeanne-kuvien traditiota, jonka juuret ovat 1800-luvulla.<\/p>\n\n\n\n<p>You can purchase the book online <a href=\"https:\/\/holvi.com\/shop\/bokeh-kauppa\/product\/0ace1c5d38702886aec99c7e96abe716\/\" target=\"_blank\" rel=\"noreferrer noopener\">at the Bokeh Shop<\/a>.<\/p>\n\n\n\n<div class=\"rl-gallery-container rl-loading\" id=\"rl-gallery-container-1\" data-gallery_id=\"1115\"> <div class=\"rl-gallery rl-basicmasonry-gallery edition\" id=\"rl-gallery-1\" data-gallery_no=\"1\"> <div class=\"rl-gutter-sizer\"><\/div><div class=\"rl-grid-sizer\"><\/div> <div class=\"rl-gallery-item rl-gallery-item-width-4\" > <div class=\"rl-gallery-item-content\"> <a href=\"https:\/\/bokeheditions.fi\/wp-content\/uploads\/2022\/10\/DSF8108.jpg\" title=\"\" data-rl_title=\"\" class=\"rl-gallery-link\" data-rl_caption=\"\" data-rel=\"lightbox-gallery-1\"><img src=\"https:\/\/bokeheditions.fi\/wp-content\/uploads\/2022\/10\/DSF8108-300x300.jpg\" width=\"300\" height=\"300\" \/><\/a> <\/div> <\/div> <div class=\"rl-gallery-item\" > <div class=\"rl-gallery-item-content\"> <a href=\"https:\/\/bokeheditions.fi\/wp-content\/uploads\/2022\/10\/DSF8106.jpg\" title=\"\" data-rl_title=\"\" class=\"rl-gallery-link\" data-rl_caption=\"\" data-rel=\"lightbox-gallery-1\"><img src=\"https:\/\/bokeheditions.fi\/wp-content\/uploads\/2022\/10\/DSF8106-300x300.jpg\" width=\"300\" height=\"300\" \/><\/a> <\/div> <\/div> <div class=\"rl-gallery-item\" > <div class=\"rl-gallery-item-content\"> <a href=\"https:\/\/bokeheditions.fi\/wp-content\/uploads\/2022\/10\/DSF8093.jpg\" title=\"\" data-rl_title=\"\" class=\"rl-gallery-link\" data-rl_caption=\"\" data-rel=\"lightbox-gallery-1\"><img src=\"https:\/\/bokeheditions.fi\/wp-content\/uploads\/2022\/10\/DSF8093-300x300.jpg\" width=\"300\" height=\"300\" \/><\/a> <\/div> <\/div> <div class=\"rl-gallery-item\" > <div class=\"rl-gallery-item-content\"> <a href=\"https:\/\/bokeheditions.fi\/wp-content\/uploads\/2022\/10\/DSF8095.jpg\" title=\"\" data-rl_title=\"\" class=\"rl-gallery-link\" data-rl_caption=\"\" data-rel=\"lightbox-gallery-1\"><img src=\"https:\/\/bokeheditions.fi\/wp-content\/uploads\/2022\/10\/DSF8095-300x300.jpg\" width=\"300\" height=\"300\" \/><\/a> <\/div> <\/div> <div class=\"rl-gallery-item\" > <div class=\"rl-gallery-item-content\"> <a href=\"https:\/\/bokeheditions.fi\/wp-content\/uploads\/2022\/10\/DSF8096.jpg\" title=\"\" data-rl_title=\"\" class=\"rl-gallery-link\" data-rl_caption=\"\" data-rel=\"lightbox-gallery-1\"><img src=\"https:\/\/bokeheditions.fi\/wp-content\/uploads\/2022\/10\/DSF8096-300x300.jpg\" width=\"300\" height=\"300\" \/><\/a> <\/div> <\/div> <div class=\"rl-gallery-item\" > <div class=\"rl-gallery-item-content\"> <a href=\"https:\/\/bokeheditions.fi\/wp-content\/uploads\/2022\/10\/DSF8097.jpg\" title=\"\" data-rl_title=\"\" class=\"rl-gallery-link\" data-rl_caption=\"\" data-rel=\"lightbox-gallery-1\"><img src=\"https:\/\/bokeheditions.fi\/wp-content\/uploads\/2022\/10\/DSF8097-300x300.jpg\" width=\"300\" height=\"300\" \/><\/a> <\/div> <\/div> <div class=\"rl-gallery-item\" > <div class=\"rl-gallery-item-content\"> <a href=\"https:\/\/bokeheditions.fi\/wp-content\/uploads\/2022\/10\/DSF8098.jpg\" title=\"\" data-rl_title=\"\" class=\"rl-gallery-link\" data-rl_caption=\"\" data-rel=\"lightbox-gallery-1\"><img src=\"https:\/\/bokeheditions.fi\/wp-content\/uploads\/2022\/10\/DSF8098-300x300.jpg\" width=\"300\" height=\"300\" \/><\/a> <\/div> <\/div> <div class=\"rl-gallery-item\" > <div class=\"rl-gallery-item-content\"> <a href=\"https:\/\/bokeheditions.fi\/wp-content\/uploads\/2022\/10\/DSF8099.jpg\" title=\"\" data-rl_title=\"\" class=\"rl-gallery-link\" data-rl_caption=\"\" data-rel=\"lightbox-gallery-1\"><img src=\"https:\/\/bokeheditions.fi\/wp-content\/uploads\/2022\/10\/DSF8099-300x300.jpg\" width=\"300\" height=\"300\" \/><\/a> <\/div> <\/div> <div class=\"rl-gallery-item\" > <div class=\"rl-gallery-item-content\"> <a href=\"https:\/\/bokeheditions.fi\/wp-content\/uploads\/2022\/10\/DSF8101.jpg\" title=\"\" data-rl_title=\"\" class=\"rl-gallery-link\" data-rl_caption=\"\" data-rel=\"lightbox-gallery-1\"><img src=\"https:\/\/bokeheditions.fi\/wp-content\/uploads\/2022\/10\/DSF8101-300x300.jpg\" width=\"300\" height=\"300\" \/><\/a> <\/div> <\/div> <div class=\"rl-gallery-item\" > <div class=\"rl-gallery-item-content\"> <a href=\"https:\/\/bokeheditions.fi\/wp-content\/uploads\/2022\/10\/DSF8102.jpg\" title=\"\" data-rl_title=\"\" class=\"rl-gallery-link\" data-rl_caption=\"\" data-rel=\"lightbox-gallery-1\"><img src=\"https:\/\/bokeheditions.fi\/wp-content\/uploads\/2022\/10\/DSF8102-300x300.jpg\" width=\"300\" height=\"300\" \/><\/a> <\/div> <\/div> <div class=\"rl-gallery-item\" > <div class=\"rl-gallery-item-content\"> <a href=\"https:\/\/bokeheditions.fi\/wp-content\/uploads\/2022\/10\/DSF8103.jpg\" title=\"\" data-rl_title=\"\" class=\"rl-gallery-link\" data-rl_caption=\"\" data-rel=\"lightbox-gallery-1\"><img src=\"https:\/\/bokeheditions.fi\/wp-content\/uploads\/2022\/10\/DSF8103-300x300.jpg\" width=\"300\" height=\"300\" \/><\/a> <\/div> <\/div> <div class=\"rl-gallery-item\" > <div class=\"rl-gallery-item-content\"> <a href=\"https:\/\/bokeheditions.fi\/wp-content\/uploads\/2022\/10\/DSF8110.jpg\" title=\"\" data-rl_title=\"\" class=\"rl-gallery-link\" data-rl_caption=\"\" data-rel=\"lightbox-gallery-1\"><img src=\"https:\/\/bokeheditions.fi\/wp-content\/uploads\/2022\/10\/DSF8110-300x300.jpg\" width=\"300\" height=\"300\" \/><\/a> <\/div> <\/div> <\/div> <\/div>","protected":false},"excerpt":{"rendered":"<p>Domremyn kuuntelijaBOKEH#018ISBN 978-952-7501-04-7 Teksti Antti Nyl\u00e9nKuvitus Ville RantaGraafinen suunnittelu Antti Nyl\u00e9n Liimasidottu kirja, 70 s.Kansipaperi, liitekortti 70 x 140 mmPaperit Munken Kristall 170 g\/m2, Amber Graphic 90 g\/m2, G-Snow 250 g\/m2, kuultopaperi 90 g\/m2 130 x 190 x 8 mm Editio 200 kpl Domremyn kuuntelija sis\u00e4lt\u00e4\u00e4 Antti Nyl\u00e9nin alun perin Kolme pyh\u00e4\u00e4 -esseeteoksessa (Kirjapaja 2019) &hellip; <\/p>\n<p class=\"link-more\"><a href=\"https:\/\/bokeheditions.fi\/en\/julkaisut\/domremyn-kuuntelija\/\" class=\"more-link\">Continue reading<span class=\"screen-reader-text\"> &#8220;Domremyn kuuntelija&#8221;<\/span><\/a><\/p>","protected":false},"author":2,"featured_media":0,"parent":45,"menu_order":0,"comment_status":"closed","ping_status":"closed","template":"","meta":[],"_links":{"self":[{"href":"https:\/\/bokeheditions.fi\/en\/wp-json\/wp\/v2\/pages\/1104"}],"collection":[{"href":"https:\/\/bokeheditions.fi\/en\/wp-json\/wp\/v2\/pages"}],"about":[{"href":"https:\/\/bokeheditions.fi\/en\/wp-json\/wp\/v2\/types\/page"}],"author":[{"embeddable":true,"href":"https:\/\/bokeheditions.fi\/en\/wp-json\/wp\/v2\/users\/2"}],"replies":[{"embeddable":true,"href":"https:\/\/bokeheditions.fi\/en\/wp-json\/wp\/v2\/comments?post=1104"}],"version-history":[{"count":6,"href":"https:\/\/bokeheditions.fi\/en\/wp-json\/wp\/v2\/pages\/1104\/revisions"}],"predecessor-version":[{"id":1132,"href":"https:\/\/bokeheditions.fi\/en\/wp-json\/wp\/v2\/pages\/1104\/revisions\/1132"}],"up":[{"embeddable":true,"href":"https:\/\/bokeheditions.fi\/en\/wp-json\/wp\/v2\/pages\/45"}],"wp:attachment":[{"href":"https:\/\/bokeheditions.fi\/en\/wp-json\/wp\/v2\/media?parent=1104"}],"curies":[{"name":"wp","href":"https:\/\/api.w.org\/{rel}","templated":true}]}}