{"id":1120,"date":"2022-10-06T17:17:12","date_gmt":"2022-10-06T14:17:12","guid":{"rendered":"https:\/\/bokeheditions.fi\/?page_id=1120"},"modified":"2023-04-03T20:32:35","modified_gmt":"2023-04-03T17:32:35","slug":"tasta-elamasta","status":"publish","type":"page","link":"https:\/\/bokeheditions.fi\/en\/julkaisut\/tasta-elamasta\/","title":{"rendered":"T\u00e4st\u00e4 el\u00e4m\u00e4st\u00e4"},"content":{"rendered":"<figure class=\"wp-block-image size-large\"><img loading=\"lazy\" width=\"1024\" height=\"682\" src=\"https:\/\/bokeheditions.fi\/wp-content\/uploads\/2022\/10\/DSF8115-1024x682.jpg\" alt=\"\" class=\"wp-image-1095\" srcset=\"https:\/\/bokeheditions.fi\/wp-content\/uploads\/2022\/10\/DSF8115-1024x682.jpg 1024w, https:\/\/bokeheditions.fi\/wp-content\/uploads\/2022\/10\/DSF8115-300x200.jpg 300w, https:\/\/bokeheditions.fi\/wp-content\/uploads\/2022\/10\/DSF8115-768x512.jpg 768w, https:\/\/bokeheditions.fi\/wp-content\/uploads\/2022\/10\/DSF8115-1536x1023.jpg 1536w, https:\/\/bokeheditions.fi\/wp-content\/uploads\/2022\/10\/DSF8115-2048x1364.jpg 2048w, https:\/\/bokeheditions.fi\/wp-content\/uploads\/2022\/10\/DSF8115-18x12.jpg 18w\" sizes=\"(max-width: 706px) 89vw, (max-width: 767px) 82vw, 740px\" \/><\/figure>\n\n\n\n<p><em>T\u00e4st\u00e4 el\u00e4m\u00e4st\u00e4. Omael\u00e4m\u00e4kerrallisia kirjoituksia<\/em><br>BOKEH#019<br>ISBN 978-952-7501-05-4<\/p>\n\n\n\n<p>Teksti Juhani Rekola<br>Toimittaneet Heimo Hatakka ja Antti Nyl\u00e9n<br>Graphic design Antti Nyl\u00e9n<\/p>\n\n\n\n<p>Liimasidottu kirja, 100 s.<br>Kansikartonki, kuvaliite 2 s.<br>Paperit Multicopy 100 g\/m<sup>2<\/sup>, Folia Tonpapier 130 g\/m<sup>2<\/sup>, G-Snow 250 g\/m<sup>2<\/sup><\/p>\n\n\n\n<p>190 x 200 x 8 mm<\/p>\n\n\n\n<p>Editio 250 kpl<\/p>\n\n\n\n<p>Juhani Rekola (1916\u20131986) oli pappi ja esseisti, joka 1970- ja 1980-luvuilla julkaisi poikkeuksellisen merkitt\u00e4v\u00e4n kirjallisen tuotannon. Kuvataiteita ja kirjallisuutta k\u00e4sitteleviss\u00e4 esseiss\u00e4\u00e4n h\u00e4n hahmotteli muutamia omintakeisia teologisia ja filosofisia teesej\u00e4\u00e4n ja ajatuskulkujaan, joiden ajankohtaisuus ja polttavuus on sittemmin vain kasvanut. H\u00e4n pohti ihmiskunnan ja ihmisten kohtaloita ja Jumalan osuutta ja paikkaa niiss\u00e4. Traagisen k\u00e4site oli h\u00e4nelle t\u00e4rke\u00e4, ja t\u00e4ss\u00e4 h\u00e4n sai ratkaisevat virikkeens\u00e4 saksalaiselta kirjailijalta Reinhold Schneiderilta (1903\u20131958). Uransa Rekola teki suomalaisen seurakunnan pappina Tukholmassa, etenkin vanki- ja alkoholistity\u00f6ss\u00e4.<\/p>\n\n\n\n<p><em>T\u00e4st\u00e4 el\u00e4m\u00e4st\u00e4<\/em> sis\u00e4lt\u00e4\u00e4 kuusi Rekolan kirjallisesta j\u00e4\u00e4mist\u00f6st\u00e4 valittua teksti\u00e4, joissa on omael\u00e4m\u00e4kerrallinen aihe ja sis\u00e4llys. Esseekirjoissaan h\u00e4n ei kertonut omasta el\u00e4m\u00e4st\u00e4\u00e4n juuri lainkaan, joten teos palvelee Rekolan lukijoita pienen\u00e4 biografisena tausta-aineistona.<\/p>\n\n\n\n<p>Kokoelmassa suurimman tilan vie 1980-luvun alussa, pian el\u00e4kkeelle j\u00e4\u00e4misen j\u00e4lkeen, kirjoitettu omael\u00e4m\u00e4kerran luonnos. Lis\u00e4ksi mukana on kaksi sodanaikaista teksti\u00e4. Muutenkin sotakokemusten kuvaaminen on valikoimassa t\u00e4rke\u00e4ss\u00e4 osassa; Rekola oli rintamalla sotilaspastorina. My\u00f6h\u00e4isin teksti on Rekolan kuolemaa edelt\u00e4v\u00e4lt\u00e4 vuodelta ja keskittyy er\u00e4\u00e4seen 1800-luvun lopun Ruotsissa tapahtuneeseen rikosoikeudenk\u00e4yntiin. Esseess\u00e4 pohditaan hyvin &#8220;rekolamaisin&#8221; painotuksin, mik\u00e4 on papin oikea asenne &#8220;t\u00e4m\u00e4n maailman h\u00e4d\u00e4n ja k\u00e4rsimyksen edess\u00e4&#8221;.<\/p>\n\n\n\n<p>Valikoiman ovat toimittaneet Heimo Hatakka ja Antti Nyl\u00e9n. Kuten suurin osa Bokeh-julkaisuista, <em>T\u00e4st\u00e4 el\u00e4m\u00e4st\u00e4<\/em> on tehty k\u00e4sity\u00f6n\u00e4. Rajoitettu, numeoitu editio on 250 kappaletta.<\/p>\n\n\n\n<p>[Loppuunmyyty.]<\/p>\n\n\n\n<div class=\"rl-gallery-container rl-loading\" id=\"rl-gallery-container-1\" data-gallery_id=\"1122\"> <div class=\"rl-gallery rl-basicmasonry-gallery edition\" id=\"rl-gallery-1\" data-gallery_no=\"1\"> <div class=\"rl-gutter-sizer\"><\/div><div class=\"rl-grid-sizer\"><\/div> <div class=\"rl-gallery-item rl-gallery-item-width-4\" > <div class=\"rl-gallery-item-content\"> <a href=\"https:\/\/bokeheditions.fi\/wp-content\/uploads\/2022\/10\/DSF8112.jpg\" title=\"\" data-rl_title=\"\" class=\"rl-gallery-link\" data-rl_caption=\"\" data-rel=\"lightbox-gallery-1\"><img src=\"https:\/\/bokeheditions.fi\/wp-content\/uploads\/2022\/10\/DSF8112-300x300.jpg\" width=\"300\" height=\"300\" \/><\/a> <\/div> <\/div> <div class=\"rl-gallery-item\" > <div class=\"rl-gallery-item-content\"> <a href=\"https:\/\/bokeheditions.fi\/wp-content\/uploads\/2022\/10\/DSF8113.jpg\" title=\"\" data-rl_title=\"\" class=\"rl-gallery-link\" data-rl_caption=\"\" data-rel=\"lightbox-gallery-1\"><img src=\"https:\/\/bokeheditions.fi\/wp-content\/uploads\/2022\/10\/DSF8113-300x300.jpg\" width=\"300\" height=\"300\" \/><\/a> <\/div> <\/div> <div class=\"rl-gallery-item\" > <div class=\"rl-gallery-item-content\"> <a href=\"https:\/\/bokeheditions.fi\/wp-content\/uploads\/2022\/10\/DSF8114.jpg\" title=\"\" data-rl_title=\"\" class=\"rl-gallery-link\" data-rl_caption=\"\" data-rel=\"lightbox-gallery-1\"><img src=\"https:\/\/bokeheditions.fi\/wp-content\/uploads\/2022\/10\/DSF8114-300x300.jpg\" width=\"300\" height=\"300\" \/><\/a> <\/div> <\/div> <div class=\"rl-gallery-item\" > <div class=\"rl-gallery-item-content\"> <a href=\"https:\/\/bokeheditions.fi\/wp-content\/uploads\/2022\/10\/DSF8119.jpg\" title=\"\" data-rl_title=\"\" class=\"rl-gallery-link\" data-rl_caption=\"\" data-rel=\"lightbox-gallery-1\"><img src=\"https:\/\/bokeheditions.fi\/wp-content\/uploads\/2022\/10\/DSF8119-300x300.jpg\" width=\"300\" height=\"300\" \/><\/a> <\/div> <\/div> <div class=\"rl-gallery-item\" > <div class=\"rl-gallery-item-content\"> <a href=\"https:\/\/bokeheditions.fi\/wp-content\/uploads\/2022\/10\/DSF8120.jpg\" title=\"\" data-rl_title=\"\" class=\"rl-gallery-link\" data-rl_caption=\"\" data-rel=\"lightbox-gallery-1\"><img src=\"https:\/\/bokeheditions.fi\/wp-content\/uploads\/2022\/10\/DSF8120-300x300.jpg\" width=\"300\" height=\"300\" \/><\/a> <\/div> <\/div> <div class=\"rl-gallery-item\" > <div class=\"rl-gallery-item-content\"> <a href=\"https:\/\/bokeheditions.fi\/wp-content\/uploads\/2022\/10\/DSF8122.jpg\" title=\"\" data-rl_title=\"\" class=\"rl-gallery-link\" data-rl_caption=\"\" data-rel=\"lightbox-gallery-1\"><img src=\"https:\/\/bokeheditions.fi\/wp-content\/uploads\/2022\/10\/DSF8122-300x300.jpg\" width=\"300\" height=\"300\" \/><\/a> <\/div> <\/div> <div class=\"rl-gallery-item\" > <div class=\"rl-gallery-item-content\"> <a href=\"https:\/\/bokeheditions.fi\/wp-content\/uploads\/2022\/10\/DSF8125.jpg\" title=\"\" data-rl_title=\"\" class=\"rl-gallery-link\" data-rl_caption=\"\" data-rel=\"lightbox-gallery-1\"><img src=\"https:\/\/bokeheditions.fi\/wp-content\/uploads\/2022\/10\/DSF8125-300x300.jpg\" width=\"300\" height=\"300\" \/><\/a> <\/div> <\/div> <div class=\"rl-gallery-item\" > <div class=\"rl-gallery-item-content\"> <a href=\"https:\/\/bokeheditions.fi\/wp-content\/uploads\/2022\/10\/DSF8124.jpg\" title=\"\" data-rl_title=\"\" class=\"rl-gallery-link\" data-rl_caption=\"\" data-rel=\"lightbox-gallery-1\"><img src=\"https:\/\/bokeheditions.fi\/wp-content\/uploads\/2022\/10\/DSF8124-300x300.jpg\" width=\"300\" height=\"300\" \/><\/a> <\/div> <\/div> <div class=\"rl-gallery-item\" > <div class=\"rl-gallery-item-content\"> <a href=\"https:\/\/bokeheditions.fi\/wp-content\/uploads\/2022\/10\/DSF8123.jpg\" title=\"\" data-rl_title=\"\" class=\"rl-gallery-link\" data-rl_caption=\"\" data-rel=\"lightbox-gallery-1\"><img src=\"https:\/\/bokeheditions.fi\/wp-content\/uploads\/2022\/10\/DSF8123-300x300.jpg\" width=\"300\" height=\"300\" \/><\/a> <\/div> <\/div> <div class=\"rl-gallery-item\" > <div class=\"rl-gallery-item-content\"> <a href=\"https:\/\/bokeheditions.fi\/wp-content\/uploads\/2022\/10\/DSF8127.jpg\" title=\"\" data-rl_title=\"\" class=\"rl-gallery-link\" data-rl_caption=\"\" data-rel=\"lightbox-gallery-1\"><img src=\"https:\/\/bokeheditions.fi\/wp-content\/uploads\/2022\/10\/DSF8127-300x300.jpg\" width=\"300\" height=\"300\" \/><\/a> <\/div> <\/div> <div class=\"rl-gallery-item\" > <div class=\"rl-gallery-item-content\"> <a href=\"https:\/\/bokeheditions.fi\/wp-content\/uploads\/2022\/10\/DSF8128.jpg\" title=\"\" data-rl_title=\"\" class=\"rl-gallery-link\" data-rl_caption=\"\" data-rel=\"lightbox-gallery-1\"><img src=\"https:\/\/bokeheditions.fi\/wp-content\/uploads\/2022\/10\/DSF8128-300x300.jpg\" width=\"300\" height=\"300\" \/><\/a> <\/div> <\/div> <div class=\"rl-gallery-item\" > <div class=\"rl-gallery-item-content\"> <a href=\"https:\/\/bokeheditions.fi\/wp-content\/uploads\/2022\/10\/DSF8130.jpg\" title=\"\" data-rl_title=\"\" class=\"rl-gallery-link\" data-rl_caption=\"\" data-rel=\"lightbox-gallery-1\"><img src=\"https:\/\/bokeheditions.fi\/wp-content\/uploads\/2022\/10\/DSF8130-300x300.jpg\" width=\"300\" height=\"300\" \/><\/a> <\/div> <\/div> <div class=\"rl-gallery-item\" > <div class=\"rl-gallery-item-content\"> <a href=\"https:\/\/bokeheditions.fi\/wp-content\/uploads\/2022\/10\/DSF8129.jpg\" title=\"\" data-rl_title=\"\" class=\"rl-gallery-link\" data-rl_caption=\"\" data-rel=\"lightbox-gallery-1\"><img src=\"https:\/\/bokeheditions.fi\/wp-content\/uploads\/2022\/10\/DSF8129-300x300.jpg\" width=\"300\" height=\"300\" \/><\/a> <\/div> <\/div> <div class=\"rl-gallery-item\" > <div class=\"rl-gallery-item-content\"> <a href=\"https:\/\/bokeheditions.fi\/wp-content\/uploads\/2022\/10\/DSF8116.jpg\" title=\"\" data-rl_title=\"\" class=\"rl-gallery-link\" data-rl_caption=\"\" data-rel=\"lightbox-gallery-1\"><img src=\"https:\/\/bokeheditions.fi\/wp-content\/uploads\/2022\/10\/DSF8116-300x300.jpg\" width=\"300\" height=\"300\" \/><\/a> <\/div> <\/div> <div class=\"rl-gallery-item\" > <div class=\"rl-gallery-item-content\"> <a href=\"https:\/\/bokeheditions.fi\/wp-content\/uploads\/2022\/10\/DSF8131.jpg\" title=\"\" data-rl_title=\"\" class=\"rl-gallery-link\" data-rl_caption=\"\" data-rel=\"lightbox-gallery-1\"><img src=\"https:\/\/bokeheditions.fi\/wp-content\/uploads\/2022\/10\/DSF8131-300x300.jpg\" width=\"300\" height=\"300\" \/><\/a> <\/div> <\/div> <\/div> <\/div>","protected":false},"excerpt":{"rendered":"<p>T\u00e4st\u00e4 el\u00e4m\u00e4st\u00e4. Omael\u00e4m\u00e4kerrallisia kirjoituksiaBOKEH#019ISBN 978-952-7501-05-4 Teksti Juhani RekolaToimittaneet Heimo Hatakka ja Antti Nyl\u00e9nGraafinen suunnittelu Antti Nyl\u00e9n Liimasidottu kirja, 100 s.Kansikartonki, kuvaliite 2 s.Paperit Multicopy 100 g\/m2, Folia Tonpapier 130 g\/m2, G-Snow 250 g\/m2 190 x 200 x 8 mm Editio 250 kpl Juhani Rekola (1916\u20131986) oli pappi ja esseisti, joka 1970- ja 1980-luvuilla julkaisi poikkeuksellisen &hellip; <\/p>\n<p class=\"link-more\"><a href=\"https:\/\/bokeheditions.fi\/en\/julkaisut\/tasta-elamasta\/\" class=\"more-link\">Continue reading<span class=\"screen-reader-text\"> &#8220;T\u00e4st\u00e4 el\u00e4m\u00e4st\u00e4&#8221;<\/span><\/a><\/p>","protected":false},"author":2,"featured_media":0,"parent":45,"menu_order":0,"comment_status":"closed","ping_status":"closed","template":"","meta":[],"_links":{"self":[{"href":"https:\/\/bokeheditions.fi\/en\/wp-json\/wp\/v2\/pages\/1120"}],"collection":[{"href":"https:\/\/bokeheditions.fi\/en\/wp-json\/wp\/v2\/pages"}],"about":[{"href":"https:\/\/bokeheditions.fi\/en\/wp-json\/wp\/v2\/types\/page"}],"author":[{"embeddable":true,"href":"https:\/\/bokeheditions.fi\/en\/wp-json\/wp\/v2\/users\/2"}],"replies":[{"embeddable":true,"href":"https:\/\/bokeheditions.fi\/en\/wp-json\/wp\/v2\/comments?post=1120"}],"version-history":[{"count":6,"href":"https:\/\/bokeheditions.fi\/en\/wp-json\/wp\/v2\/pages\/1120\/revisions"}],"predecessor-version":[{"id":1181,"href":"https:\/\/bokeheditions.fi\/en\/wp-json\/wp\/v2\/pages\/1120\/revisions\/1181"}],"up":[{"embeddable":true,"href":"https:\/\/bokeheditions.fi\/en\/wp-json\/wp\/v2\/pages\/45"}],"wp:attachment":[{"href":"https:\/\/bokeheditions.fi\/en\/wp-json\/wp\/v2\/media?parent=1120"}],"curies":[{"name":"wp","href":"https:\/\/api.w.org\/{rel}","templated":true}]}}