{"id":1154,"date":"2023-04-03T20:37:13","date_gmt":"2023-04-03T17:37:13","guid":{"rendered":"https:\/\/bokeheditions.fi\/?page_id=1154"},"modified":"2023-05-30T20:52:48","modified_gmt":"2023-05-30T17:52:48","slug":"lomostalgia","status":"publish","type":"page","link":"https:\/\/bokeheditions.fi\/en\/julkaisut\/lomostalgia\/","title":{"rendered":"Lomostalgia"},"content":{"rendered":"<figure class=\"wp-block-image size-large\"><img loading=\"lazy\" width=\"1024\" height=\"683\" src=\"https:\/\/bokeheditions.fi\/wp-content\/uploads\/2023\/04\/DSF8286__-1024x683.jpg\" alt=\"\" class=\"wp-image-1189\" srcset=\"https:\/\/bokeheditions.fi\/wp-content\/uploads\/2023\/04\/DSF8286__-1024x683.jpg 1024w, https:\/\/bokeheditions.fi\/wp-content\/uploads\/2023\/04\/DSF8286__-300x200.jpg 300w, https:\/\/bokeheditions.fi\/wp-content\/uploads\/2023\/04\/DSF8286__-768x512.jpg 768w, https:\/\/bokeheditions.fi\/wp-content\/uploads\/2023\/04\/DSF8286__-1536x1024.jpg 1536w, https:\/\/bokeheditions.fi\/wp-content\/uploads\/2023\/04\/DSF8286__-2048x1365.jpg 2048w, https:\/\/bokeheditions.fi\/wp-content\/uploads\/2023\/04\/DSF8286__-18x12.jpg 18w\" sizes=\"(max-width: 706px) 89vw, (max-width: 767px) 82vw, 740px\" \/><\/figure>\n\n\n\n<p><em>Lomostalgia<\/em><br>BOKEH#020<br>ISBN 978-952-7501-06-1<br>2023<\/p>\n\n\n\n<p>Valokuvat ja teksti Ville-Juhani Sutinen<br>Graphic design Antti Nyl\u00e9n<\/p>\n\n\n\n<p>Liimasidottu kirja, 84 s.<br>Hopeagelatiinivedos 135 x 85 cm<br>Paperit G-Print 150 g\/m<sup>2<\/sup>, Nautilus Classic 90 g\/m<sup>2<\/sup>, KraftPak 244 g\/m<sup>2<\/sup><\/p>\n\n\n\n<p>180 x 270 x 6 mm<\/p>\n\n\n\n<p>Edition of 200 copies<\/p>\n\n\n\n<p>Kirjailija ja suomentaja Ville-Juhani Sutisen <em>Lomostalgia<\/em> on tietokirjallisella esseell\u00e4 varustettu valokuvateos, tekij\u00e4ns\u00e4 ensimm\u00e4inen ensisijaisesti kuvataiteellinen julkaisu.<\/p>\n\n\n\n<p>Kirjan nimi, uudissana <em>Lomostalgia<\/em>, on yhdistelm\u00e4 sanoista <em>lomo<\/em> and <em>nostalgia.<\/em> Edellinen viittaa valokuvien estetiikkaan ja syntytapaan, j\u00e4lkimm\u00e4inen teoksen t\u00e4rkeimp\u00e4\u00e4n tutkimuskohteeseen ja aiheeseen. Kirjassa on valikoima kuvia, jotka on kaikki otettu viimeisen kymmenen vuoden aikana eri puolilla maailmaa vanhoilla neuvostoliittolaisilla &#8220;amat\u00f6\u00f6rikameroilla&#8221; tavallisille mustavalko- ja v\u00e4rifilmeille. Useimmat kuvat ovat joko Yhdysvalloista tai Ven\u00e4j\u00e4lt\u00e4, joissa nostalgia yksityisen\u00e4 ja yhteiskunnallisena ilmi\u00f6n\u00e4 on 2010-luvun mittaan noussut voimatekij\u00e4ksi.<\/p>\n\n\n\n<p>Sutisen edustama valokuvallinen ty\u00f6skentely on jo pitk\u00e4\u00e4n tunnettu &#8220;lomoiluna&#8221; tai &#8220;lomotyylin\u00e4&#8221; \u2013 viitaten Ven\u00e4j\u00e4ll\u00e4 jo sata vuotta toimineeseen kameratehtaaseen \u2013, ja sille ovat ominaisia erilaiset v\u00e4\u00e4ristym\u00e4t ja sattumanvaraisuudet, filmimateriaalille ja teknisesti yksinkertaisille kameroille annettu suuri &#8220;p\u00e4\u00e4t\u00e4nt\u00e4valta&#8221;. Sutinen argumentoi esseess\u00e4\u00e4n, ett\u00e4 ty\u00f6tavassa on se etu, ett\u00e4 manipulointi tulee vaikeaksi: ruutu on sellainen kuin se on, eik\u00e4 sit\u00e4 voi j\u00e4lkeenp\u00e4in juurikaan muokata \u2013 varsinkaan jos Sutisen tavoin kehitytt\u00e4\u00e4 filmins\u00e4 fotoliikkeiss\u00e4 paperikuviksi tai antaa liikkeen skannata negat digitaaliseen muotoon.<\/p>\n\n\n\n<p>Koska nostalgia liittyy usein tekniikkaan, <em>Lomostalgian<\/em> kuvat n\u00e4ytt\u00e4v\u00e4t viittaavan menneisyyteen ja romantisoivan sit\u00e4, vaikka ne esitt\u00e4v\u00e4t nykyaikaa. Sutinen on kuvannut l\u00e4hinn\u00e4 kaupunkeja, niiden reunoja ja katveita, mutta my\u00f6s keskustoja, paikkoja, joissa menneisyys on voimakkaasti l\u00e4sn\u00e4, mutta ei v\u00e4ltt\u00e4m\u00e4tt\u00e4 selv\u00e4sti sellaiseksi osoitettuna, kohotettuna. <em>Lomostalgian<\/em> suhde nostalgiaan on ristiriitainen: &#8220;Miten on mahdollista kuvata nostalgisilla kameroilla nostalgisia kohteita olematta nostalginen?&#8221; Vastaus j\u00e4\u00e4 osittain lukijan vastuulle.<\/p>\n\n\n\n<p>Teoksessa \u2013 sek\u00e4 kuvissa ett\u00e4 kirjan lopussa olevassa esseess\u00e4 \u2013 tekij\u00e4n kriittisen katseen kohteena on koko teollinen 1900-luku, joka yh\u00e4 mielikuvien ja toiveiden tasolla jatkuu monissa kehittyneiss\u00e4 maissa, vaikka kuluvan vuosisadan suuret ja polttavat kysymykset ovat aivan toisenlaisia kuin aikanaan sodanj\u00e4lkeisen optimismin v\u00e4ritt\u00e4m\u00e4ss\u00e4 maailmassa.<\/p>\n\n\n\n<p><em>Lomostalgian<\/em> sisus on tehty digipainossa, ja kirja on sidottu k\u00e4sin. Kannessa on k\u00e4ytetty seri- ja kohopainotekniikoita. Jokainen kappale sis\u00e4lt\u00e4\u00e4 vanhalle kuitupaperille vedostetun hopeagelatiinivedoksen, joka on numeroitu samalla numerolla kuin itse kirja. <em>Lomostalgian<\/em> editio on 200 kappaletta, ja kirja on myyt\u00e4v\u00e4n\u00e4 <a rel=\"noreferrer noopener\" href=\"https:\/\/holvi.com\/shop\/bokeh-kauppa\/product\/7712a83a09069dab133848184edde007\/\" target=\"_blank\">Bokeh-kaupassa.<\/a><\/p>\n\n\n\n<div class=\"rl-gallery-container rl-loading\" id=\"rl-gallery-container-1\" data-gallery_id=\"1184\"> <div class=\"rl-gallery rl-basicmasonry-gallery edition\" id=\"rl-gallery-1\" data-gallery_no=\"1\"> <div class=\"rl-gutter-sizer\"><\/div><div class=\"rl-grid-sizer\"><\/div> <div class=\"rl-gallery-item rl-gallery-item-width-4\" > <div class=\"rl-gallery-item-content\"> <a href=\"https:\/\/bokeheditions.fi\/wp-content\/uploads\/2023\/04\/DSF8282.jpg\" title=\"\" data-rl_title=\"\" class=\"rl-gallery-link\" data-rl_caption=\"\" data-rel=\"lightbox-gallery-1\"><img src=\"https:\/\/bokeheditions.fi\/wp-content\/uploads\/2023\/04\/DSF8282-300x300.jpg\" width=\"300\" height=\"300\" \/><\/a> <\/div> <\/div> <div class=\"rl-gallery-item\" > <div class=\"rl-gallery-item-content\"> <a href=\"https:\/\/bokeheditions.fi\/wp-content\/uploads\/2023\/04\/DSF8286.jpg\" title=\"\" data-rl_title=\"\" class=\"rl-gallery-link\" data-rl_caption=\"\" data-rel=\"lightbox-gallery-1\"><img src=\"https:\/\/bokeheditions.fi\/wp-content\/uploads\/2023\/04\/DSF8286-300x300.jpg\" width=\"300\" height=\"300\" \/><\/a> <\/div> <\/div> <div class=\"rl-gallery-item\" > <div class=\"rl-gallery-item-content\"> <a href=\"https:\/\/bokeheditions.fi\/wp-content\/uploads\/2023\/04\/DSF8289.jpg\" title=\"\" data-rl_title=\"\" class=\"rl-gallery-link\" data-rl_caption=\"\" data-rel=\"lightbox-gallery-1\"><img src=\"https:\/\/bokeheditions.fi\/wp-content\/uploads\/2023\/04\/DSF8289-300x300.jpg\" width=\"300\" height=\"300\" \/><\/a> <\/div> <\/div> <div class=\"rl-gallery-item\" > <div class=\"rl-gallery-item-content\"> <a href=\"https:\/\/bokeheditions.fi\/wp-content\/uploads\/2023\/04\/DSF8290.jpg\" title=\"\" data-rl_title=\"\" class=\"rl-gallery-link\" data-rl_caption=\"\" data-rel=\"lightbox-gallery-1\"><img src=\"https:\/\/bokeheditions.fi\/wp-content\/uploads\/2023\/04\/DSF8290-300x300.jpg\" width=\"300\" height=\"300\" \/><\/a> <\/div> <\/div> <div class=\"rl-gallery-item\" > <div class=\"rl-gallery-item-content\"> <a href=\"https:\/\/bokeheditions.fi\/wp-content\/uploads\/2023\/04\/DSF8291.jpg\" title=\"\" data-rl_title=\"\" class=\"rl-gallery-link\" data-rl_caption=\"\" data-rel=\"lightbox-gallery-1\"><img src=\"https:\/\/bokeheditions.fi\/wp-content\/uploads\/2023\/04\/DSF8291-300x300.jpg\" width=\"300\" height=\"300\" \/><\/a> <\/div> <\/div> <div class=\"rl-gallery-item\" > <div class=\"rl-gallery-item-content\"> <a href=\"https:\/\/bokeheditions.fi\/wp-content\/uploads\/2023\/04\/DSF8292.jpg\" title=\"\" data-rl_title=\"\" class=\"rl-gallery-link\" data-rl_caption=\"\" data-rel=\"lightbox-gallery-1\"><img src=\"https:\/\/bokeheditions.fi\/wp-content\/uploads\/2023\/04\/DSF8292-300x300.jpg\" width=\"300\" height=\"300\" \/><\/a> <\/div> <\/div> <div class=\"rl-gallery-item\" > <div class=\"rl-gallery-item-content\"> <a href=\"https:\/\/bokeheditions.fi\/wp-content\/uploads\/2023\/04\/DSF8293.jpg\" title=\"\" data-rl_title=\"\" class=\"rl-gallery-link\" data-rl_caption=\"\" data-rel=\"lightbox-gallery-1\"><img src=\"https:\/\/bokeheditions.fi\/wp-content\/uploads\/2023\/04\/DSF8293-300x300.jpg\" width=\"300\" height=\"300\" \/><\/a> <\/div> <\/div> <div class=\"rl-gallery-item\" > <div class=\"rl-gallery-item-content\"> <a href=\"https:\/\/bokeheditions.fi\/wp-content\/uploads\/2023\/04\/DSF8294.jpg\" title=\"\" data-rl_title=\"\" class=\"rl-gallery-link\" data-rl_caption=\"\" data-rel=\"lightbox-gallery-1\"><img src=\"https:\/\/bokeheditions.fi\/wp-content\/uploads\/2023\/04\/DSF8294-300x300.jpg\" width=\"300\" height=\"300\" \/><\/a> <\/div> <\/div> <div class=\"rl-gallery-item\" > <div class=\"rl-gallery-item-content\"> <a href=\"https:\/\/bokeheditions.fi\/wp-content\/uploads\/2023\/04\/DSF8295.jpg\" title=\"\" data-rl_title=\"\" class=\"rl-gallery-link\" data-rl_caption=\"\" data-rel=\"lightbox-gallery-1\"><img src=\"https:\/\/bokeheditions.fi\/wp-content\/uploads\/2023\/04\/DSF8295-300x300.jpg\" width=\"300\" height=\"300\" \/><\/a> <\/div> <\/div> <div class=\"rl-gallery-item\" > <div class=\"rl-gallery-item-content\"> <a href=\"https:\/\/bokeheditions.fi\/wp-content\/uploads\/2023\/04\/DSF8296.jpg\" title=\"\" data-rl_title=\"\" class=\"rl-gallery-link\" data-rl_caption=\"\" data-rel=\"lightbox-gallery-1\"><img src=\"https:\/\/bokeheditions.fi\/wp-content\/uploads\/2023\/04\/DSF8296-300x300.jpg\" width=\"300\" height=\"300\" \/><\/a> <\/div> <\/div> <div class=\"rl-gallery-item\" > <div class=\"rl-gallery-item-content\"> <a href=\"https:\/\/bokeheditions.fi\/wp-content\/uploads\/2023\/04\/DSF8297.jpg\" title=\"\" data-rl_title=\"\" class=\"rl-gallery-link\" data-rl_caption=\"\" data-rel=\"lightbox-gallery-1\"><img src=\"https:\/\/bokeheditions.fi\/wp-content\/uploads\/2023\/04\/DSF8297-300x300.jpg\" width=\"300\" height=\"300\" \/><\/a> <\/div> <\/div> <div class=\"rl-gallery-item\" > <div class=\"rl-gallery-item-content\"> <a href=\"https:\/\/bokeheditions.fi\/wp-content\/uploads\/2023\/04\/DSF8298.jpg\" title=\"\" data-rl_title=\"\" class=\"rl-gallery-link\" data-rl_caption=\"\" data-rel=\"lightbox-gallery-1\"><img src=\"https:\/\/bokeheditions.fi\/wp-content\/uploads\/2023\/04\/DSF8298-300x300.jpg\" width=\"300\" height=\"300\" \/><\/a> <\/div> <\/div> <div class=\"rl-gallery-item\" > <div class=\"rl-gallery-item-content\"> <a href=\"https:\/\/bokeheditions.fi\/wp-content\/uploads\/2023\/04\/DSF8306.jpg\" title=\"\" data-rl_title=\"\" class=\"rl-gallery-link\" data-rl_caption=\"\" data-rel=\"lightbox-gallery-1\"><img src=\"https:\/\/bokeheditions.fi\/wp-content\/uploads\/2023\/04\/DSF8306-300x300.jpg\" width=\"300\" height=\"300\" \/><\/a> <\/div> <\/div> <div class=\"rl-gallery-item\" > <div class=\"rl-gallery-item-content\"> <a href=\"https:\/\/bokeheditions.fi\/wp-content\/uploads\/2023\/04\/DSF8307.jpg\" title=\"\" data-rl_title=\"\" class=\"rl-gallery-link\" data-rl_caption=\"\" data-rel=\"lightbox-gallery-1\"><img src=\"https:\/\/bokeheditions.fi\/wp-content\/uploads\/2023\/04\/DSF8307-300x300.jpg\" width=\"300\" height=\"300\" \/><\/a> <\/div> <\/div> <div class=\"rl-gallery-item\" > <div class=\"rl-gallery-item-content\"> <a href=\"https:\/\/bokeheditions.fi\/wp-content\/uploads\/2023\/04\/DSF8305.jpg\" title=\"\" data-rl_title=\"\" class=\"rl-gallery-link\" data-rl_caption=\"\" data-rel=\"lightbox-gallery-1\"><img src=\"https:\/\/bokeheditions.fi\/wp-content\/uploads\/2023\/04\/DSF8305-300x300.jpg\" width=\"300\" height=\"300\" \/><\/a> <\/div> <\/div> <div class=\"rl-gallery-item\" > <div class=\"rl-gallery-item-content\"> <a href=\"https:\/\/bokeheditions.fi\/wp-content\/uploads\/2023\/04\/DSF8308.jpg\" title=\"\" data-rl_title=\"\" class=\"rl-gallery-link\" data-rl_caption=\"\" data-rel=\"lightbox-gallery-1\"><img src=\"https:\/\/bokeheditions.fi\/wp-content\/uploads\/2023\/04\/DSF8308-300x300.jpg\" width=\"300\" height=\"300\" \/><\/a> <\/div> <\/div> <div class=\"rl-gallery-item\" > <div class=\"rl-gallery-item-content\"> <a href=\"https:\/\/bokeheditions.fi\/wp-content\/uploads\/2023\/04\/DSF8309.jpg\" title=\"\" data-rl_title=\"\" class=\"rl-gallery-link\" data-rl_caption=\"\" data-rel=\"lightbox-gallery-1\"><img src=\"https:\/\/bokeheditions.fi\/wp-content\/uploads\/2023\/04\/DSF8309-300x300.jpg\" width=\"300\" height=\"300\" \/><\/a> <\/div> <\/div> <div class=\"rl-gallery-item\" > <div class=\"rl-gallery-item-content\"> <a href=\"https:\/\/bokeheditions.fi\/wp-content\/uploads\/2023\/04\/DSF8313.jpg\" title=\"\" data-rl_title=\"\" class=\"rl-gallery-link\" data-rl_caption=\"\" data-rel=\"lightbox-gallery-1\"><img src=\"https:\/\/bokeheditions.fi\/wp-content\/uploads\/2023\/04\/DSF8313-300x300.jpg\" width=\"300\" height=\"300\" \/><\/a> <\/div> <\/div> <\/div> <\/div>","protected":false},"excerpt":{"rendered":"<p>LomostalgiaBOKEH#020ISBN 978-952-7501-06-12023 Valokuvat ja teksti Ville-Juhani SutinenGraafinen suunnittelu Antti Nyl\u00e9n Liimasidottu kirja, 84 s.Hopeagelatiinivedos 135 x 85 cmPaperit G-Print 150 g\/m2, Nautilus Classic 90 g\/m2, KraftPak 244 g\/m2 180 x 270 x 6 mm Editio 200 kpl Kirjailija ja suomentaja Ville-Juhani Sutisen Lomostalgia on tietokirjallisella esseell\u00e4 varustettu valokuvateos, tekij\u00e4ns\u00e4 ensimm\u00e4inen ensisijaisesti kuvataiteellinen julkaisu. Kirjan nimi, &hellip; <\/p>\n<p class=\"link-more\"><a href=\"https:\/\/bokeheditions.fi\/en\/julkaisut\/lomostalgia\/\" class=\"more-link\">Continue reading<span class=\"screen-reader-text\"> &#8220;Lomostalgia&#8221;<\/span><\/a><\/p>","protected":false},"author":2,"featured_media":0,"parent":45,"menu_order":0,"comment_status":"closed","ping_status":"closed","template":"","meta":[],"_links":{"self":[{"href":"https:\/\/bokeheditions.fi\/en\/wp-json\/wp\/v2\/pages\/1154"}],"collection":[{"href":"https:\/\/bokeheditions.fi\/en\/wp-json\/wp\/v2\/pages"}],"about":[{"href":"https:\/\/bokeheditions.fi\/en\/wp-json\/wp\/v2\/types\/page"}],"author":[{"embeddable":true,"href":"https:\/\/bokeheditions.fi\/en\/wp-json\/wp\/v2\/users\/2"}],"replies":[{"embeddable":true,"href":"https:\/\/bokeheditions.fi\/en\/wp-json\/wp\/v2\/comments?post=1154"}],"version-history":[{"count":6,"href":"https:\/\/bokeheditions.fi\/en\/wp-json\/wp\/v2\/pages\/1154\/revisions"}],"predecessor-version":[{"id":1212,"href":"https:\/\/bokeheditions.fi\/en\/wp-json\/wp\/v2\/pages\/1154\/revisions\/1212"}],"up":[{"embeddable":true,"href":"https:\/\/bokeheditions.fi\/en\/wp-json\/wp\/v2\/pages\/45"}],"wp:attachment":[{"href":"https:\/\/bokeheditions.fi\/en\/wp-json\/wp\/v2\/media?parent=1154"}],"curies":[{"name":"wp","href":"https:\/\/api.w.org\/{rel}","templated":true}]}}