{"id":1211,"date":"2023-05-25T10:05:39","date_gmt":"2023-05-25T07:05:39","guid":{"rendered":"https:\/\/bokeheditions.fi\/?page_id=1211"},"modified":"2024-03-19T21:33:53","modified_gmt":"2024-03-19T19:33:53","slug":"tapetointi","status":"publish","type":"page","link":"https:\/\/bokeheditions.fi\/en\/julkaisut\/tapetointi\/","title":{"rendered":"Tapetointi"},"content":{"rendered":"<figure class=\"wp-block-image size-large\"><img loading=\"lazy\" width=\"1024\" height=\"683\" src=\"https:\/\/bokeheditions.fi\/wp-content\/uploads\/2023\/05\/DSF8406-1024x683.jpg\" alt=\"\" class=\"wp-image-1207\" srcset=\"https:\/\/bokeheditions.fi\/wp-content\/uploads\/2023\/05\/DSF8406-1024x683.jpg 1024w, https:\/\/bokeheditions.fi\/wp-content\/uploads\/2023\/05\/DSF8406-300x200.jpg 300w, https:\/\/bokeheditions.fi\/wp-content\/uploads\/2023\/05\/DSF8406-768x512.jpg 768w, https:\/\/bokeheditions.fi\/wp-content\/uploads\/2023\/05\/DSF8406-1536x1024.jpg 1536w, https:\/\/bokeheditions.fi\/wp-content\/uploads\/2023\/05\/DSF8406-2048x1365.jpg 2048w, https:\/\/bokeheditions.fi\/wp-content\/uploads\/2023\/05\/DSF8406-18x12.jpg 18w\" sizes=\"(max-width: 706px) 89vw, (max-width: 767px) 82vw, 740px\" \/><\/figure>\n\n\n\n<p><em>Tapetointi<\/em><br>BOKEH#021<br>ISBN 978-952-7501-07-8<br>2023<\/p>\n\n\n\n<p>Teksti Mikko Lehtonen<br>Graafinen suunnittelu, painoty\u00f6t ja sidonta Antti Nyl\u00e9n<\/p>\n\n\n\n<p>Liimasidottu kirja, 56 s.<br>Paperit Edixion Offset 70 g\/m<sup>2<\/sup>, Folia Tonpapier 130 g\/m<sup>2<\/sup>, eri tapetteja<\/p>\n\n\n\n<p>95 x 140 x 3 mm<\/p>\n\n\n\n<p>Edition of 200 copies<\/p>\n\n\n\n<p>Mikko Lehtosen kirjoittama <em>Tapetointi<\/em> on lajityypit\u00f6n proosateksti, jonka aiheena on sein\u00e4paperin kiinnitt\u00e4minen sein\u00e4\u00e4n, eik\u00e4 se n\u00e4enn\u00e4isesti muusta kerro.<\/p>\n\n\n\n<p>Novellin ja esseen v\u00e4limailla huojuvan pitk\u00e4virkkeisen tekstin p\u00e4\u00e4henkil\u00f6t ovat tapetojja ja asiakas. Heill\u00e4 ei ole muita ominaisuuksia, vain n\u00e4m\u00e4 aiheeseen suoraan kytkeytyv\u00e4t roolit. Toisella on halu saada sein\u00e4pinta sein\u00e4paperilla pinnoitetuksi, toisella kyky tehd\u00e4 t\u00e4m\u00e4. Syntyy yhteisty\u00f6kuvio. Tapetoinnin kaikki vaiheet kuvaillaan tekstiss\u00e4 huolellisesti aina siihen hetkeen saakka, kun ensimm\u00e4inen vuota on ripustettu sein\u00e4\u00e4n. Prosessin yksityiskohdat k\u00e4sitell\u00e4\u00e4n tarpeen mukaan. Tekstin arvot suhteessa aiheeseen ovat klassisia: tarkoituksenmukaisuus, tarkkuus, huolellisuus ja t\u00e4sm\u00e4llisyys. Teht\u00e4v\u00e4 on suoritettava niin hyvin kuin se voidaan suorittaa. Teknisist\u00e4 seikoista voidaan kiistell\u00e4, mutta kokemus ja tottumus kertovat niist\u00e4 totuuden. Ep\u00e4olennaisuuksiin ei hukata pohdintoja.<\/p>\n\n\n\n<p><em>Tapetointi<\/em> ei ole filosofinen teksti, ainakaan pinnalta. Lehtonen ei \u201dfilosofeeraa\u201d. Esimerkiksi tapetoinnin syit\u00e4 tai motiiveja h\u00e4n ei k\u00e4sittele lainkaan, ei pahemmin esteettisi\u00e4k\u00e4\u00e4n seikkoja. <em>Tapetointi<\/em> ei julista kirjoittajan omaa makua. Se on t\u00e4ss\u00e4 mieless\u00e4 hyvin vapaamielinen ja avoin kirjallisuusteos.<\/p>\n\n\n\n<p><em>Tapetoinnin<\/em> kerronta on v\u00e4list\u00e4 tietokirjallista ja tuo mieleen erilaisissa k\u00e4dent\u00f6iss\u00e4 ohjaavat opetustekstit, mutta se on sukua my\u00f6s pakinalle \u2013 sen sanonnassa on vanhan suomenkielisen proosan ilmeikkyytt\u00e4, kokemukseen ja toistuviin havaintoihin perustuvaa l\u00e4mp\u00f6\u00e4 ja huumoria, ei lainkaan pingotettua ironiaa. On kuin Veikko Huovinen ja Volter Kilpi t\u00f6rm\u00e4isiv\u00e4t rautakaupassa Antti Hyryyn. Erityisesti <em>T<\/em><em>apetointi<\/em> on luotettavien ja k\u00e4yt\u00f6ss\u00e4 kouliintuneiden ty\u00f6kalujen ylistys. V\u00e4lineet ja ty\u00f6kalut ovat tapetoijan hyvi\u00e4 yst\u00e4vi\u00e4. T\u00e4llaisiin \u201dk\u00e4den jatkeisiin\u201d perustuu hyvin suuri osa siit\u00e4, mik\u00e4 ihmiskulttuurissa on pysyv\u00e4\u00e4 ja arvokasta.<\/p>\n\n\n\n<p>Mikko Lehtonen (s. 1983) on \u2013 omien sanojensa mukaan \u2013 \u201del\u00e4kkeell\u00e4 oleva kokki, joka py\u00f6ritt\u00e4\u00e4 remonttifirmaa vasurilla harrastuksenaan ja toimii kaverinsa firmassa jokapaikanh\u00f6yl\u00e4n\u00e4\u201d. H\u00e4n on my\u00f6s aktiivinen ja ennakkoluuloton, vaikeasti \u201dluokiteltava\u201d somekirjoittaja. Lehtonen julkaisi vuonna 2022 romaanin <em>Hanska<\/em><em>t<\/em><em> tiskiss\u00e4<\/em> (Docendo 2022), joka kertoo saneerausalan yritt\u00e4j\u00e4n arjesta. Sek\u00e4 <em>Tapetointia<\/em> ett\u00e4 aiempaa romaania voisi luonnehtia 2020-luvun ty\u00f6l\u00e4is- tai ehk\u00e4 paremminkin yksinyritt\u00e4j\u00e4kirjallisuudeksi. T\u00e4llainen br\u00e4nd\u00e4ys olisi hiukan halpaa \u2013 mutta sen voi todeta, ett\u00e4 kysymyksess\u00e4 on kompleksiton suomenkielinen nykyproosa, joka ei yrit\u00e4 tehd\u00e4 vaikutusta \u201dkirjallisiin piireihin\u201d \u2013 se on kotoisin sielt\u00e4, mist\u00e4 kaikki voimakas ja vilpit\u00f6n aina: ulkopuolelta.<\/p>\n\n\n\n<p><em>Tapetointi<\/em> on liimaselk\u00e4inen kirjanen. Sen kansissa on k\u00e4ytetty erilaisia tapetteja, joista osa on varsin vanhoja, painettu vuosikymmeni\u00e4 sitten, vanhimmat 1950-luvulla. T\u00e4st\u00e4 syyst\u00e4 kappaleissa on n\u00e4kyvi\u00e4 laatueroja: osa etenkin vanhemmista sein\u00e4papereista murtuu helposti taitettaessa, ja joistakin irtoaa yh\u00e4 pigmentti\u00e4, toisiin taas otsikon foliointi ei tarttunut kunnolla. Vaihteleva ty\u00f6nj\u00e4lki on v\u00e4ist\u00e4m\u00e4t\u00f6n ja valmistusprosessissa t\u00e4ysin hyv\u00e4ksytty seuraus arvaamattomista materiaaleista, ja n\u00e4m\u00e4 piirteet kuuluvat t\u00e4m\u00e4n Bokeh-kirjahkon esineluonteeseen. Editio on 200 kappaletta.<\/p>\n\n\n\n<p>Alkuper\u00e4inen <em>Tapetointi<\/em> on loppuunmyyty, mutta alkuvuonna 2024 siit\u00e4 tehtiin rajoittamaton j\u00e4lkieditio, jota valmistetaan lis\u00e4\u00e4 tarvepainatuksen hengess\u00e4. J\u00e4lkieditio on saatavana <a href=\"https:\/\/holvi.com\/shop\/bokeh-kauppa\/product\/6cb357454c56e1a5b143d6149175e45a\/\">Bokehin verkkokaupassa<\/a>.<\/p>\n\n\n\n<div class=\"rl-gallery-container rl-loading\" id=\"rl-gallery-container-1\" data-gallery_id=\"1214\"> <div class=\"rl-gallery rl-basicmasonry-gallery edition\" id=\"rl-gallery-1\" data-gallery_no=\"1\"> <div class=\"rl-gutter-sizer\"><\/div><div class=\"rl-grid-sizer\"><\/div> <div class=\"rl-gallery-item rl-gallery-item-width-4\" > <div class=\"rl-gallery-item-content\"> <a href=\"https:\/\/bokeheditions.fi\/wp-content\/uploads\/2023\/05\/DSF8393.jpg\" title=\"\" data-rl_title=\"\" class=\"rl-gallery-link\" data-rl_caption=\"\" data-rel=\"lightbox-gallery-1\"><img src=\"https:\/\/bokeheditions.fi\/wp-content\/uploads\/2023\/05\/DSF8393-300x300.jpg\" width=\"300\" height=\"300\" \/><\/a> <\/div> <\/div> <div class=\"rl-gallery-item\" > <div class=\"rl-gallery-item-content\"> <a href=\"https:\/\/bokeheditions.fi\/wp-content\/uploads\/2023\/05\/DSF8401.jpg\" title=\"\" data-rl_title=\"\" class=\"rl-gallery-link\" data-rl_caption=\"\" data-rel=\"lightbox-gallery-1\"><img src=\"https:\/\/bokeheditions.fi\/wp-content\/uploads\/2023\/05\/DSF8401-300x300.jpg\" width=\"300\" height=\"300\" \/><\/a> <\/div> <\/div> <div class=\"rl-gallery-item\" > <div class=\"rl-gallery-item-content\"> <a href=\"https:\/\/bokeheditions.fi\/wp-content\/uploads\/2023\/05\/DSF8403.jpg\" title=\"\" data-rl_title=\"\" class=\"rl-gallery-link\" data-rl_caption=\"\" data-rel=\"lightbox-gallery-1\"><img src=\"https:\/\/bokeheditions.fi\/wp-content\/uploads\/2023\/05\/DSF8403-300x300.jpg\" width=\"300\" height=\"300\" \/><\/a> <\/div> <\/div> <div class=\"rl-gallery-item\" > <div class=\"rl-gallery-item-content\"> <a href=\"https:\/\/bokeheditions.fi\/wp-content\/uploads\/2023\/05\/DSF8423.jpg\" title=\"\" data-rl_title=\"\" class=\"rl-gallery-link\" data-rl_caption=\"\" data-rel=\"lightbox-gallery-1\"><img src=\"https:\/\/bokeheditions.fi\/wp-content\/uploads\/2023\/05\/DSF8423-300x300.jpg\" width=\"300\" height=\"300\" \/><\/a> <\/div> <\/div> <div class=\"rl-gallery-item\" > <div class=\"rl-gallery-item-content\"> <a href=\"https:\/\/bokeheditions.fi\/wp-content\/uploads\/2023\/05\/DSF8425.jpg\" title=\"\" data-rl_title=\"\" class=\"rl-gallery-link\" data-rl_caption=\"\" data-rel=\"lightbox-gallery-1\"><img src=\"https:\/\/bokeheditions.fi\/wp-content\/uploads\/2023\/05\/DSF8425-300x300.jpg\" width=\"300\" height=\"300\" \/><\/a> <\/div> <\/div> <div class=\"rl-gallery-item\" > <div class=\"rl-gallery-item-content\"> <a href=\"https:\/\/bokeheditions.fi\/wp-content\/uploads\/2023\/05\/DSF8420.jpg\" title=\"\" data-rl_title=\"\" class=\"rl-gallery-link\" data-rl_caption=\"\" data-rel=\"lightbox-gallery-1\"><img src=\"https:\/\/bokeheditions.fi\/wp-content\/uploads\/2023\/05\/DSF8420-300x300.jpg\" width=\"300\" height=\"300\" \/><\/a> <\/div> <\/div> <div class=\"rl-gallery-item\" > <div class=\"rl-gallery-item-content\"> <a href=\"https:\/\/bokeheditions.fi\/wp-content\/uploads\/2023\/05\/DSF8409.jpg\" title=\"\" data-rl_title=\"\" class=\"rl-gallery-link\" data-rl_caption=\"\" data-rel=\"lightbox-gallery-1\"><img src=\"https:\/\/bokeheditions.fi\/wp-content\/uploads\/2023\/05\/DSF8409-300x300.jpg\" width=\"300\" height=\"300\" \/><\/a> <\/div> <\/div> <div class=\"rl-gallery-item\" > <div class=\"rl-gallery-item-content\"> <a href=\"https:\/\/bokeheditions.fi\/wp-content\/uploads\/2023\/05\/DSF8407.jpg\" title=\"\" data-rl_title=\"\" class=\"rl-gallery-link\" data-rl_caption=\"\" data-rel=\"lightbox-gallery-1\"><img src=\"https:\/\/bokeheditions.fi\/wp-content\/uploads\/2023\/05\/DSF8407-300x300.jpg\" width=\"300\" height=\"300\" \/><\/a> <\/div> <\/div> <div class=\"rl-gallery-item\" > <div class=\"rl-gallery-item-content\"> <a href=\"https:\/\/bokeheditions.fi\/wp-content\/uploads\/2023\/05\/DSF8410.jpg\" title=\"\" data-rl_title=\"\" class=\"rl-gallery-link\" data-rl_caption=\"\" data-rel=\"lightbox-gallery-1\"><img src=\"https:\/\/bokeheditions.fi\/wp-content\/uploads\/2023\/05\/DSF8410-300x300.jpg\" width=\"300\" height=\"300\" \/><\/a> <\/div> <\/div> <div class=\"rl-gallery-item\" > <div class=\"rl-gallery-item-content\"> <a href=\"https:\/\/bokeheditions.fi\/wp-content\/uploads\/2023\/05\/DSF8412.jpg\" title=\"\" data-rl_title=\"\" class=\"rl-gallery-link\" data-rl_caption=\"\" data-rel=\"lightbox-gallery-1\"><img src=\"https:\/\/bokeheditions.fi\/wp-content\/uploads\/2023\/05\/DSF8412-300x300.jpg\" width=\"300\" height=\"300\" \/><\/a> <\/div> <\/div> <div class=\"rl-gallery-item\" > <div class=\"rl-gallery-item-content\"> <a href=\"https:\/\/bokeheditions.fi\/wp-content\/uploads\/2023\/05\/DSF8413.jpg\" title=\"\" data-rl_title=\"\" class=\"rl-gallery-link\" data-rl_caption=\"\" data-rel=\"lightbox-gallery-1\"><img src=\"https:\/\/bokeheditions.fi\/wp-content\/uploads\/2023\/05\/DSF8413-300x300.jpg\" width=\"300\" height=\"300\" \/><\/a> <\/div> <\/div> <div class=\"rl-gallery-item\" > <div class=\"rl-gallery-item-content\"> <a href=\"https:\/\/bokeheditions.fi\/wp-content\/uploads\/2023\/05\/DSF8414.jpg\" title=\"\" data-rl_title=\"\" class=\"rl-gallery-link\" data-rl_caption=\"\" data-rel=\"lightbox-gallery-1\"><img src=\"https:\/\/bokeheditions.fi\/wp-content\/uploads\/2023\/05\/DSF8414-300x300.jpg\" width=\"300\" height=\"300\" \/><\/a> <\/div> <\/div> <div class=\"rl-gallery-item\" > <div class=\"rl-gallery-item-content\"> <a href=\"https:\/\/bokeheditions.fi\/wp-content\/uploads\/2023\/05\/DSF8416.jpg\" title=\"\" data-rl_title=\"\" class=\"rl-gallery-link\" data-rl_caption=\"\" data-rel=\"lightbox-gallery-1\"><img src=\"https:\/\/bokeheditions.fi\/wp-content\/uploads\/2023\/05\/DSF8416-300x300.jpg\" width=\"300\" height=\"300\" \/><\/a> <\/div> <\/div> <div class=\"rl-gallery-item\" > <div class=\"rl-gallery-item-content\"> <a href=\"https:\/\/bokeheditions.fi\/wp-content\/uploads\/2023\/05\/DSF8418.jpg\" title=\"\" data-rl_title=\"\" class=\"rl-gallery-link\" data-rl_caption=\"\" data-rel=\"lightbox-gallery-1\"><img src=\"https:\/\/bokeheditions.fi\/wp-content\/uploads\/2023\/05\/DSF8418-300x300.jpg\" width=\"300\" height=\"300\" \/><\/a> <\/div> <\/div> <div class=\"rl-gallery-item\" > <div class=\"rl-gallery-item-content\"> <a href=\"https:\/\/bokeheditions.fi\/wp-content\/uploads\/2023\/05\/DSF8419.jpg\" title=\"\" data-rl_title=\"\" class=\"rl-gallery-link\" data-rl_caption=\"\" data-rel=\"lightbox-gallery-1\"><img src=\"https:\/\/bokeheditions.fi\/wp-content\/uploads\/2023\/05\/DSF8419-300x300.jpg\" width=\"300\" height=\"300\" \/><\/a> <\/div> <\/div> <\/div> <\/div>\n\n\n\n<p><\/p>","protected":false},"excerpt":{"rendered":"<p>TapetointiBOKEH#021ISBN 978-952-7501-07-82023 Teksti Mikko LehtonenGraafinen suunnittelu, painoty\u00f6t ja sidonta Antti Nyl\u00e9n Liimasidottu kirja, 56 s.Paperit Edixion Offset 70 g\/m2, Folia Tonpapier 130 g\/m2, eri tapetteja 95 x 140 x 3 mm Editio 200 kpl Mikko Lehtosen kirjoittama Tapetointi on lajityypit\u00f6n proosateksti, jonka aiheena on sein\u00e4paperin kiinnitt\u00e4minen sein\u00e4\u00e4n, eik\u00e4 se n\u00e4enn\u00e4isesti muusta kerro. Novellin ja esseen &hellip; <\/p>\n<p class=\"link-more\"><a href=\"https:\/\/bokeheditions.fi\/en\/julkaisut\/tapetointi\/\" class=\"more-link\">Continue reading<span class=\"screen-reader-text\"> &#8220;Tapetointi&#8221;<\/span><\/a><\/p>","protected":false},"author":2,"featured_media":0,"parent":45,"menu_order":0,"comment_status":"closed","ping_status":"closed","template":"","meta":[],"_links":{"self":[{"href":"https:\/\/bokeheditions.fi\/en\/wp-json\/wp\/v2\/pages\/1211"}],"collection":[{"href":"https:\/\/bokeheditions.fi\/en\/wp-json\/wp\/v2\/pages"}],"about":[{"href":"https:\/\/bokeheditions.fi\/en\/wp-json\/wp\/v2\/types\/page"}],"author":[{"embeddable":true,"href":"https:\/\/bokeheditions.fi\/en\/wp-json\/wp\/v2\/users\/2"}],"replies":[{"embeddable":true,"href":"https:\/\/bokeheditions.fi\/en\/wp-json\/wp\/v2\/comments?post=1211"}],"version-history":[{"count":8,"href":"https:\/\/bokeheditions.fi\/en\/wp-json\/wp\/v2\/pages\/1211\/revisions"}],"predecessor-version":[{"id":1467,"href":"https:\/\/bokeheditions.fi\/en\/wp-json\/wp\/v2\/pages\/1211\/revisions\/1467"}],"up":[{"embeddable":true,"href":"https:\/\/bokeheditions.fi\/en\/wp-json\/wp\/v2\/pages\/45"}],"wp:attachment":[{"href":"https:\/\/bokeheditions.fi\/en\/wp-json\/wp\/v2\/media?parent=1211"}],"curies":[{"name":"wp","href":"https:\/\/api.w.org\/{rel}","templated":true}]}}