{"id":1302,"date":"2023-08-22T10:56:36","date_gmt":"2023-08-22T07:56:36","guid":{"rendered":"https:\/\/bokeheditions.fi\/?page_id=1302"},"modified":"2023-08-22T10:58:31","modified_gmt":"2023-08-22T07:58:31","slug":"duh-nuh-huh","status":"publish","type":"page","link":"https:\/\/bokeheditions.fi\/en\/julkaisut\/duh-nuh-huh\/","title":{"rendered":"Duh nuh huh"},"content":{"rendered":"<figure class=\"wp-block-image size-large\"><img loading=\"lazy\" width=\"1024\" height=\"683\" src=\"https:\/\/bokeheditions.fi\/wp-content\/uploads\/2023\/05\/DSF8362-1024x683.jpg\" alt=\"\" class=\"wp-image-1256\" srcset=\"https:\/\/bokeheditions.fi\/wp-content\/uploads\/2023\/05\/DSF8362-1024x683.jpg 1024w, https:\/\/bokeheditions.fi\/wp-content\/uploads\/2023\/05\/DSF8362-300x200.jpg 300w, https:\/\/bokeheditions.fi\/wp-content\/uploads\/2023\/05\/DSF8362-768x512.jpg 768w, https:\/\/bokeheditions.fi\/wp-content\/uploads\/2023\/05\/DSF8362-1536x1024.jpg 1536w, https:\/\/bokeheditions.fi\/wp-content\/uploads\/2023\/05\/DSF8362-2048x1365.jpg 2048w, https:\/\/bokeheditions.fi\/wp-content\/uploads\/2023\/05\/DSF8362-18x12.jpg 18w\" sizes=\"(max-width: 706px) 89vw, (max-width: 767px) 82vw, 740px\" \/><\/figure>\n\n\n\n<p><em>Duh nuh huh<\/em><br>BOKEH#023<br>ISBN 978-952-7501-09-2<br>2023<\/p>\n\n\n\n<p class=\" translation-block\">Drawings and text Pentti Otto Koskinen<br>Graphic design Antti Nyl\u00e9n<\/p>\n\n\n\n<p>Thread-sewn booklet, 76 pages<br>Papers Nautilus Classic 70 g\/m<sup>2<\/sup>, Amber Graphic 90 g\/m<sup>2<\/sup>, recycled cardboard 220 g\/m<sup>2<\/sup><br>Inside pages printed by Luova.fi<br>Binding and cover printed by Bokeh<\/p>\n\n\n\n<p>218 x 310 mm<\/p>\n\n\n\n<p>Edition of 130 copies<\/p>\n\n\n\n<p class=\" translation-block\">Finnish visual artist Pentti Otto Koskinen (b. 1953), best known for his performance work, has been drawing for decades, an ongoing practice to this day. <em>Duh nuh huh<\/em> is a selection of his drawings made between 1993 and 2003. Some of the images reproduced on the pages lack any textual counterpart, others have short captions. These titles or accompanying texts are an integral part of Koskinen's artistic work. Persistent repetition, mantra-like word symbols and certain seemingly invariable figures of speech form a mystical \"grammar\" that is completely on its own, a spiritual world set apart.<\/p>\n\n\n\n<p class=\" translation-block\">Koskinen draws using a piece of paper, a pencil and an eraser, and is never fully conscious nor unaware about his aim. It is not until the work is finished that it reveals its meaning, or subject, and these may also change over time. The same drawings often get different new titles years after they were originally finished. <em>Duh nuh huh<\/em>, as well, contains some old drawings that are now recontextualized verbally.  Koskinen's drawing resembles prayer: it is not clear or even relevant what actually is being \"asked for\", or aimed at. The only important thing is the action itself, a persistent endeavour, the \"Perseveration\", to use one os Koskinen's own words. The relatively small-scale drawings have been reproduced on the book roughly in their original dimensions. They are like intermittent reports on a work that has no specific objective.<\/p>\n\n\n\n<div class=\"rl-gallery-container rl-loading\" id=\"rl-gallery-container-1\" data-gallery_id=\"1305\"> <div class=\"rl-gallery rl-basicmasonry-gallery edition\" id=\"rl-gallery-1\" data-gallery_no=\"1\"> <div class=\"rl-gutter-sizer\"><\/div><div class=\"rl-grid-sizer\"><\/div> <div class=\"rl-gallery-item rl-gallery-item-width-4\" > <div class=\"rl-gallery-item-content\"> <a href=\"https:\/\/bokeheditions.fi\/wp-content\/uploads\/2023\/05\/DSF8382.jpg\" title=\"\" data-rl_title=\"\" class=\"rl-gallery-link\" data-rl_caption=\"\" data-rel=\"lightbox-gallery-1\"><img src=\"https:\/\/bokeheditions.fi\/wp-content\/uploads\/2023\/05\/DSF8382-300x300.jpg\" width=\"300\" height=\"300\" \/><\/a> <\/div> <\/div> <div class=\"rl-gallery-item\" > <div class=\"rl-gallery-item-content\"> <a href=\"https:\/\/bokeheditions.fi\/wp-content\/uploads\/2023\/05\/DSF8358.jpg\" title=\"\" data-rl_title=\"\" class=\"rl-gallery-link\" data-rl_caption=\"\" data-rel=\"lightbox-gallery-1\"><img src=\"https:\/\/bokeheditions.fi\/wp-content\/uploads\/2023\/05\/DSF8358-300x300.jpg\" width=\"300\" height=\"300\" \/><\/a> <\/div> <\/div> <div class=\"rl-gallery-item\" > <div class=\"rl-gallery-item-content\"> <a href=\"https:\/\/bokeheditions.fi\/wp-content\/uploads\/2023\/05\/DSF8361.jpg\" title=\"\" data-rl_title=\"\" class=\"rl-gallery-link\" data-rl_caption=\"\" data-rel=\"lightbox-gallery-1\"><img src=\"https:\/\/bokeheditions.fi\/wp-content\/uploads\/2023\/05\/DSF8361-300x300.jpg\" width=\"300\" height=\"300\" \/><\/a> <\/div> <\/div> <div class=\"rl-gallery-item\" > <div class=\"rl-gallery-item-content\"> <a href=\"https:\/\/bokeheditions.fi\/wp-content\/uploads\/2023\/05\/DSF8363.jpg\" title=\"\" data-rl_title=\"\" class=\"rl-gallery-link\" data-rl_caption=\"\" data-rel=\"lightbox-gallery-1\"><img src=\"https:\/\/bokeheditions.fi\/wp-content\/uploads\/2023\/05\/DSF8363-300x300.jpg\" width=\"300\" height=\"300\" \/><\/a> <\/div> <\/div> <div class=\"rl-gallery-item\" > <div class=\"rl-gallery-item-content\"> <a href=\"https:\/\/bokeheditions.fi\/wp-content\/uploads\/2023\/05\/DSF8364.jpg\" title=\"\" data-rl_title=\"\" class=\"rl-gallery-link\" data-rl_caption=\"\" data-rel=\"lightbox-gallery-1\"><img src=\"https:\/\/bokeheditions.fi\/wp-content\/uploads\/2023\/05\/DSF8364-300x300.jpg\" width=\"300\" height=\"300\" \/><\/a> <\/div> <\/div> <div class=\"rl-gallery-item\" > <div class=\"rl-gallery-item-content\"> <a href=\"https:\/\/bokeheditions.fi\/wp-content\/uploads\/2023\/05\/DSF8366.jpg\" title=\"\" data-rl_title=\"\" class=\"rl-gallery-link\" data-rl_caption=\"\" data-rel=\"lightbox-gallery-1\"><img src=\"https:\/\/bokeheditions.fi\/wp-content\/uploads\/2023\/05\/DSF8366-300x300.jpg\" width=\"300\" height=\"300\" \/><\/a> <\/div> <\/div> <div class=\"rl-gallery-item\" > <div class=\"rl-gallery-item-content\"> <a href=\"https:\/\/bokeheditions.fi\/wp-content\/uploads\/2023\/05\/DSF8367.jpg\" title=\"\" data-rl_title=\"\" class=\"rl-gallery-link\" data-rl_caption=\"\" data-rel=\"lightbox-gallery-1\"><img src=\"https:\/\/bokeheditions.fi\/wp-content\/uploads\/2023\/05\/DSF8367-300x300.jpg\" width=\"300\" height=\"300\" \/><\/a> <\/div> <\/div> <div class=\"rl-gallery-item\" > <div class=\"rl-gallery-item-content\"> <a href=\"https:\/\/bokeheditions.fi\/wp-content\/uploads\/2023\/05\/DSF8371.jpg\" title=\"\" data-rl_title=\"\" class=\"rl-gallery-link\" data-rl_caption=\"\" data-rel=\"lightbox-gallery-1\"><img src=\"https:\/\/bokeheditions.fi\/wp-content\/uploads\/2023\/05\/DSF8371-300x300.jpg\" width=\"300\" height=\"300\" \/><\/a> <\/div> <\/div> <div class=\"rl-gallery-item\" > <div class=\"rl-gallery-item-content\"> <a href=\"https:\/\/bokeheditions.fi\/wp-content\/uploads\/2023\/05\/DSF8372.jpg\" title=\"\" data-rl_title=\"\" class=\"rl-gallery-link\" data-rl_caption=\"\" data-rel=\"lightbox-gallery-1\"><img src=\"https:\/\/bokeheditions.fi\/wp-content\/uploads\/2023\/05\/DSF8372-300x300.jpg\" width=\"300\" height=\"300\" \/><\/a> <\/div> <\/div> <div class=\"rl-gallery-item\" > <div class=\"rl-gallery-item-content\"> <a href=\"https:\/\/bokeheditions.fi\/wp-content\/uploads\/2023\/05\/DSF8374.jpg\" title=\"\" data-rl_title=\"\" class=\"rl-gallery-link\" data-rl_caption=\"\" data-rel=\"lightbox-gallery-1\"><img src=\"https:\/\/bokeheditions.fi\/wp-content\/uploads\/2023\/05\/DSF8374-300x300.jpg\" width=\"300\" height=\"300\" \/><\/a> <\/div> <\/div> <div class=\"rl-gallery-item\" > <div class=\"rl-gallery-item-content\"> <a href=\"https:\/\/bokeheditions.fi\/wp-content\/uploads\/2023\/05\/DSF8377.jpg\" title=\"\" data-rl_title=\"\" class=\"rl-gallery-link\" data-rl_caption=\"\" data-rel=\"lightbox-gallery-1\"><img src=\"https:\/\/bokeheditions.fi\/wp-content\/uploads\/2023\/05\/DSF8377-300x300.jpg\" width=\"300\" height=\"300\" \/><\/a> <\/div> <\/div> <div class=\"rl-gallery-item\" > <div class=\"rl-gallery-item-content\"> <a href=\"https:\/\/bokeheditions.fi\/wp-content\/uploads\/2023\/05\/DSF8378.jpg\" title=\"\" data-rl_title=\"\" class=\"rl-gallery-link\" data-rl_caption=\"\" data-rel=\"lightbox-gallery-1\"><img src=\"https:\/\/bokeheditions.fi\/wp-content\/uploads\/2023\/05\/DSF8378-300x300.jpg\" width=\"300\" height=\"300\" \/><\/a> <\/div> <\/div> <div class=\"rl-gallery-item\" > <div class=\"rl-gallery-item-content\"> <a href=\"https:\/\/bokeheditions.fi\/wp-content\/uploads\/2023\/05\/DSF8380.jpg\" title=\"\" data-rl_title=\"\" class=\"rl-gallery-link\" data-rl_caption=\"\" data-rel=\"lightbox-gallery-1\"><img src=\"https:\/\/bokeheditions.fi\/wp-content\/uploads\/2023\/05\/DSF8380-300x300.jpg\" width=\"300\" height=\"300\" \/><\/a> <\/div> <\/div> <div class=\"rl-gallery-item\" > <div class=\"rl-gallery-item-content\"> <a href=\"https:\/\/bokeheditions.fi\/wp-content\/uploads\/2023\/05\/DSF8384.jpg\" title=\"\" data-rl_title=\"\" class=\"rl-gallery-link\" data-rl_caption=\"\" data-rel=\"lightbox-gallery-1\"><img src=\"https:\/\/bokeheditions.fi\/wp-content\/uploads\/2023\/05\/DSF8384-300x300.jpg\" width=\"300\" height=\"300\" \/><\/a> <\/div> <\/div> <div class=\"rl-gallery-item\" > <div class=\"rl-gallery-item-content\"> <a href=\"https:\/\/bokeheditions.fi\/wp-content\/uploads\/2023\/05\/DSF8390.jpg\" title=\"\" data-rl_title=\"\" class=\"rl-gallery-link\" data-rl_caption=\"\" data-rel=\"lightbox-gallery-1\"><img src=\"https:\/\/bokeheditions.fi\/wp-content\/uploads\/2023\/05\/DSF8390-300x300.jpg\" width=\"300\" height=\"300\" \/><\/a> <\/div> <\/div> <\/div> <\/div>","protected":false},"excerpt":{"rendered":"<p>Duh nuh huhBOKEH#023ISBN 978-952-7501-09-22023 Piirrokset ja teksti Pentti Otto KoskinenGraafinen suunnittelu Antti Nyl\u00e9n Lankasidottu vihko 76 s.Paperit Nautilus Classic 70 g\/m2, Amber Graphic 90 g\/m2, kierr\u00e4tyskartonki 220 g\/m2Kuvasivut painanut Luova.fiMuut painoty\u00f6t ja sidonta Bokeh 218 x 310 mm Editio 130 kpl Suomalainen kuvataiteilija, performansseistaan tunnettu Pentti Otto Koskinen (s. 1952) on piirt\u00e4nyt vuosikymmeni\u00e4, ja ty\u00f6 &hellip; <\/p>\n<p class=\"link-more\"><a href=\"https:\/\/bokeheditions.fi\/en\/julkaisut\/duh-nuh-huh\/\" class=\"more-link\">Continue reading<span class=\"screen-reader-text\"> &#8220;Duh nuh huh&#8221;<\/span><\/a><\/p>","protected":false},"author":1,"featured_media":0,"parent":45,"menu_order":0,"comment_status":"closed","ping_status":"closed","template":"","meta":[],"_links":{"self":[{"href":"https:\/\/bokeheditions.fi\/en\/wp-json\/wp\/v2\/pages\/1302"}],"collection":[{"href":"https:\/\/bokeheditions.fi\/en\/wp-json\/wp\/v2\/pages"}],"about":[{"href":"https:\/\/bokeheditions.fi\/en\/wp-json\/wp\/v2\/types\/page"}],"author":[{"embeddable":true,"href":"https:\/\/bokeheditions.fi\/en\/wp-json\/wp\/v2\/users\/1"}],"replies":[{"embeddable":true,"href":"https:\/\/bokeheditions.fi\/en\/wp-json\/wp\/v2\/comments?post=1302"}],"version-history":[{"count":3,"href":"https:\/\/bokeheditions.fi\/en\/wp-json\/wp\/v2\/pages\/1302\/revisions"}],"predecessor-version":[{"id":1307,"href":"https:\/\/bokeheditions.fi\/en\/wp-json\/wp\/v2\/pages\/1302\/revisions\/1307"}],"up":[{"embeddable":true,"href":"https:\/\/bokeheditions.fi\/en\/wp-json\/wp\/v2\/pages\/45"}],"wp:attachment":[{"href":"https:\/\/bokeheditions.fi\/en\/wp-json\/wp\/v2\/media?parent=1302"}],"curies":[{"name":"wp","href":"https:\/\/api.w.org\/{rel}","templated":true}]}}