{"id":1335,"date":"2023-09-08T11:13:11","date_gmt":"2023-09-08T08:13:11","guid":{"rendered":"https:\/\/bokeheditions.fi\/?page_id=1335"},"modified":"2023-09-08T11:15:28","modified_gmt":"2023-09-08T08:15:28","slug":"en-begynnelse","status":"publish","type":"page","link":"https:\/\/bokeheditions.fi\/en\/julkaisut\/en-begynnelse\/","title":{"rendered":"En Begynnelse"},"content":{"rendered":"<figure class=\"wp-block-image size-large\"><img loading=\"lazy\" width=\"1024\" height=\"682\" src=\"https:\/\/bokeheditions.fi\/wp-content\/uploads\/2023\/09\/DSF8555-1024x682.jpg\" alt=\"\" class=\"wp-image-1334\" srcset=\"https:\/\/bokeheditions.fi\/wp-content\/uploads\/2023\/09\/DSF8555-1024x682.jpg 1024w, https:\/\/bokeheditions.fi\/wp-content\/uploads\/2023\/09\/DSF8555-300x200.jpg 300w, https:\/\/bokeheditions.fi\/wp-content\/uploads\/2023\/09\/DSF8555-768x512.jpg 768w, https:\/\/bokeheditions.fi\/wp-content\/uploads\/2023\/09\/DSF8555-1536x1023.jpg 1536w, https:\/\/bokeheditions.fi\/wp-content\/uploads\/2023\/09\/DSF8555-2048x1364.jpg 2048w, https:\/\/bokeheditions.fi\/wp-content\/uploads\/2023\/09\/DSF8555-18x12.jpg 18w\" sizes=\"(max-width: 706px) 89vw, (max-width: 767px) 82vw, 740px\" \/><\/figure>\n\n\n\n<p><em>En Begynnelse<\/em><br>BOKEH#024<br>ISBN 978-952-7501-11-5<br>2023<\/p>\n\n\n\n<p>Text J. O. Mallander<br>Graphic design Aleksi Salokannel \/ Sisin<\/p>\n\n\n\n<p>Stapled booklet, 40 pages<br>Papers Gmund Original Verg\u00e9 100 g\/m<sup>2<\/sup>, Fabriano Tiziano 160 g\/m<sup>2<\/sup><br>Printed and bound by Bokeh, Helsinki<\/p>\n\n\n\n<p>80 x 78 x 4 mm<\/p>\n\n\n\n<p>Edition of 200 copies<\/p>\n\n\n\n<p class=\" translation-block\"><em>En Begynnelse<\/em> by J. O. Mallander is a satirical, philosophical text in verse form, originally published in 1978. It describes a sequence of events where the human universe is created, in reverse order.<\/p>\n\n\n\n<p class=\" translation-block\">The author has stated that the text cannot be translated into any other language. Therefore it is now being re-edited in original Swedish. The translation problems are caused chiefly by the expressions <em>fatta beslut<\/em> and <em>fattades<\/em> and their overlapping, and it is precisely these ambiguities that turn the text into a confusing thought experiment. After 1978, the text has only been performed twice by the author, in front of a live audience.<\/p>\n\n\n\n<p class=\" translation-block\">The new edition, titled <em>En Begynnelse<\/em>, \u201cA Beginning\", has a complex relationship with poetry and 'regular' literature in general. Originally in 1978 the text was titled \u201cDiktsamling 1978\u201d, \"A Poetry Collection 1978\", although it only contained one single text. In his preface to the present edition, Mallander writes that during the 1970s he had an aspiration to act in the \"role\" of a poet, even though in fact he was something different. Conceptual art was only just beginning to take shape as a 'toolbox' for visual artists.<\/p>\n\n\n\n<p>The staple stitched little booklet has been designed by Aleksi Salokannel, and published as an edition of 200 numbered copies.<\/p>\n\n\n\n<hr class=\"wp-block-separator has-text-color has-background has-white-background-color has-white-color is-style-wide\"\/>\n\n\n\n<p class=\" translation-block\">Jan Olof Mallander (born 1944 in Helsinki) started working as an artist and art critic in 1968. The art magazine <em>Iiris<\/em>, which Mallander ran between 1968 and 1970, introduced the latest international avant-garde to the Finnish audience. He was also a founding member of the Finnish underground group The Sperm, which operated from 1967 to 1971. After that, Mallander was a driving force in the independent artists' group called Elonkorjaajat ('The Harvesters') and in the gallery Cheap Thrills (1971\u20131977), which was a platform for young local talents and international avant-garde artists. Through his roles as an artist, art critic, and gallerist, Mallander paved the way for new forms of visual art, such as conceptual art, minimalism, and video art, in Finland during the late 1960s and the 1970s. He had international connections with Fluxus artists, of whom he met Nam June Paik (1932\u20132006) and Dick Higgins (1938\u20131998), among others, on several occasions. Mallander's sound art piece <em>Extended Play<\/em> (1968) is an outstanding classic of Finnish conceptual art. He has also been engaged with visual poetry since the late 1960s. The landmarks of Mallander's 1980s production are the conceptual charcoal drawing series <em>WANG<\/em> and the brick sculpture installations titled <em>Kohti puhdasta maata<\/em> ('Towards the Pure Land'), both of which have their origins in Buddhism.<\/p>\n\n\n\n<div class=\"rl-gallery-container rl-loading\" id=\"rl-gallery-container-1\" data-gallery_id=\"1339\"> <div class=\"rl-gallery rl-basicmasonry-gallery edition\" id=\"rl-gallery-1\" data-gallery_no=\"1\"> <div class=\"rl-gutter-sizer\"><\/div><div class=\"rl-grid-sizer\"><\/div> <div class=\"rl-gallery-item rl-gallery-item-width-4\" > <div class=\"rl-gallery-item-content\"> <a href=\"https:\/\/bokeheditions.fi\/wp-content\/uploads\/2023\/09\/DSF8554_result.jpg\" title=\"\" data-rl_title=\"\" class=\"rl-gallery-link\" data-rl_caption=\"\" data-rel=\"lightbox-gallery-1\"><img src=\"https:\/\/bokeheditions.fi\/wp-content\/uploads\/2023\/09\/DSF8554_result-300x300.jpg\" width=\"300\" height=\"300\" \/><\/a> <\/div> <\/div> <div class=\"rl-gallery-item\" > <div class=\"rl-gallery-item-content\"> <a href=\"https:\/\/bokeheditions.fi\/wp-content\/uploads\/2023\/09\/DSF8559_result.jpg\" title=\"\" data-rl_title=\"\" class=\"rl-gallery-link\" data-rl_caption=\"\" data-rel=\"lightbox-gallery-1\"><img src=\"https:\/\/bokeheditions.fi\/wp-content\/uploads\/2023\/09\/DSF8559_result-300x300.jpg\" width=\"300\" height=\"300\" \/><\/a> <\/div> <\/div> <div class=\"rl-gallery-item\" > <div class=\"rl-gallery-item-content\"> <a href=\"https:\/\/bokeheditions.fi\/wp-content\/uploads\/2023\/09\/DSF8561_result.jpg\" title=\"\" data-rl_title=\"\" class=\"rl-gallery-link\" data-rl_caption=\"\" data-rel=\"lightbox-gallery-1\"><img src=\"https:\/\/bokeheditions.fi\/wp-content\/uploads\/2023\/09\/DSF8561_result-300x300.jpg\" width=\"300\" height=\"300\" \/><\/a> <\/div> <\/div> <div class=\"rl-gallery-item\" > <div class=\"rl-gallery-item-content\"> <a href=\"https:\/\/bokeheditions.fi\/wp-content\/uploads\/2023\/09\/DSF8562_result.jpg\" title=\"\" data-rl_title=\"\" class=\"rl-gallery-link\" data-rl_caption=\"\" data-rel=\"lightbox-gallery-1\"><img src=\"https:\/\/bokeheditions.fi\/wp-content\/uploads\/2023\/09\/DSF8562_result-300x300.jpg\" width=\"300\" height=\"300\" \/><\/a> <\/div> <\/div> <div class=\"rl-gallery-item\" > <div class=\"rl-gallery-item-content\"> <a href=\"https:\/\/bokeheditions.fi\/wp-content\/uploads\/2023\/09\/DSF8564_result.jpg\" title=\"\" data-rl_title=\"\" class=\"rl-gallery-link\" data-rl_caption=\"\" data-rel=\"lightbox-gallery-1\"><img src=\"https:\/\/bokeheditions.fi\/wp-content\/uploads\/2023\/09\/DSF8564_result-300x300.jpg\" width=\"300\" height=\"300\" \/><\/a> <\/div> <\/div> <div class=\"rl-gallery-item\" > <div class=\"rl-gallery-item-content\"> <a href=\"https:\/\/bokeheditions.fi\/wp-content\/uploads\/2023\/09\/DSF8563_result.jpg\" title=\"\" data-rl_title=\"\" class=\"rl-gallery-link\" data-rl_caption=\"\" data-rel=\"lightbox-gallery-1\"><img src=\"https:\/\/bokeheditions.fi\/wp-content\/uploads\/2023\/09\/DSF8563_result-300x300.jpg\" width=\"300\" height=\"300\" \/><\/a> <\/div> <\/div> <div class=\"rl-gallery-item\" > <div class=\"rl-gallery-item-content\"> <a href=\"https:\/\/bokeheditions.fi\/wp-content\/uploads\/2023\/09\/DSF8565_result.jpg\" title=\"\" data-rl_title=\"\" class=\"rl-gallery-link\" data-rl_caption=\"\" data-rel=\"lightbox-gallery-1\"><img src=\"https:\/\/bokeheditions.fi\/wp-content\/uploads\/2023\/09\/DSF8565_result-300x300.jpg\" width=\"300\" height=\"300\" \/><\/a> <\/div> <\/div> <div class=\"rl-gallery-item\" > <div class=\"rl-gallery-item-content\"> <a href=\"https:\/\/bokeheditions.fi\/wp-content\/uploads\/2023\/09\/DSF8566_result.jpg\" title=\"\" data-rl_title=\"\" class=\"rl-gallery-link\" data-rl_caption=\"\" data-rel=\"lightbox-gallery-1\"><img src=\"https:\/\/bokeheditions.fi\/wp-content\/uploads\/2023\/09\/DSF8566_result-300x300.jpg\" width=\"300\" height=\"300\" \/><\/a> <\/div> <\/div> <div class=\"rl-gallery-item\" > <div class=\"rl-gallery-item-content\"> <a href=\"https:\/\/bokeheditions.fi\/wp-content\/uploads\/2023\/09\/DSF8567_result.jpg\" title=\"\" data-rl_title=\"\" class=\"rl-gallery-link\" data-rl_caption=\"\" data-rel=\"lightbox-gallery-1\"><img src=\"https:\/\/bokeheditions.fi\/wp-content\/uploads\/2023\/09\/DSF8567_result-300x300.jpg\" width=\"300\" height=\"300\" \/><\/a> <\/div> <\/div> <div class=\"rl-gallery-item\" > <div class=\"rl-gallery-item-content\"> <a href=\"https:\/\/bokeheditions.fi\/wp-content\/uploads\/2023\/09\/DSF8568_result.jpg\" title=\"\" data-rl_title=\"\" class=\"rl-gallery-link\" data-rl_caption=\"\" data-rel=\"lightbox-gallery-1\"><img src=\"https:\/\/bokeheditions.fi\/wp-content\/uploads\/2023\/09\/DSF8568_result-300x300.jpg\" width=\"300\" height=\"300\" \/><\/a> <\/div> <\/div> <div class=\"rl-gallery-item\" > <div class=\"rl-gallery-item-content\"> <a href=\"https:\/\/bokeheditions.fi\/wp-content\/uploads\/2023\/09\/DSF8569_result.jpg\" title=\"\" data-rl_title=\"\" class=\"rl-gallery-link\" data-rl_caption=\"\" data-rel=\"lightbox-gallery-1\"><img src=\"https:\/\/bokeheditions.fi\/wp-content\/uploads\/2023\/09\/DSF8569_result-300x300.jpg\" width=\"300\" height=\"300\" \/><\/a> <\/div> <\/div> <div class=\"rl-gallery-item\" > <div class=\"rl-gallery-item-content\"> <a href=\"https:\/\/bokeheditions.fi\/wp-content\/uploads\/2023\/09\/DSF8573_result.jpg\" title=\"\" data-rl_title=\"\" class=\"rl-gallery-link\" data-rl_caption=\"\" data-rel=\"lightbox-gallery-1\"><img src=\"https:\/\/bokeheditions.fi\/wp-content\/uploads\/2023\/09\/DSF8573_result-300x300.jpg\" width=\"300\" height=\"300\" \/><\/a> <\/div> <\/div> <div class=\"rl-gallery-item\" > <div class=\"rl-gallery-item-content\"> <a href=\"https:\/\/bokeheditions.fi\/wp-content\/uploads\/2023\/09\/DSF8575_result.jpg\" title=\"\" data-rl_title=\"\" class=\"rl-gallery-link\" data-rl_caption=\"\" data-rel=\"lightbox-gallery-1\"><img src=\"https:\/\/bokeheditions.fi\/wp-content\/uploads\/2023\/09\/DSF8575_result-300x300.jpg\" width=\"300\" height=\"300\" \/><\/a> <\/div> <\/div> <div class=\"rl-gallery-item\" > <div class=\"rl-gallery-item-content\"> <a href=\"https:\/\/bokeheditions.fi\/wp-content\/uploads\/2023\/09\/DSF8576_result.jpg\" title=\"\" data-rl_title=\"\" class=\"rl-gallery-link\" data-rl_caption=\"\" data-rel=\"lightbox-gallery-1\"><img src=\"https:\/\/bokeheditions.fi\/wp-content\/uploads\/2023\/09\/DSF8576_result-300x300.jpg\" width=\"300\" height=\"300\" \/><\/a> <\/div> <\/div> <div class=\"rl-gallery-item\" > <div class=\"rl-gallery-item-content\"> <a href=\"https:\/\/bokeheditions.fi\/wp-content\/uploads\/2023\/09\/DSF8560_result.jpg\" title=\"\" data-rl_title=\"\" class=\"rl-gallery-link\" data-rl_caption=\"\" data-rel=\"lightbox-gallery-1\"><img src=\"https:\/\/bokeheditions.fi\/wp-content\/uploads\/2023\/09\/DSF8560_result-300x300.jpg\" width=\"300\" height=\"300\" \/><\/a> <\/div> <\/div> <\/div> <\/div>","protected":false},"excerpt":{"rendered":"<p>En BegynnelseBOKEH#024ISBN 978-952-7501-11-52023 Teksti J. O. MallanderGraafinen suunnittelu Aleksi Salokannel \/ Sisin Nidottu vihko, 40 s.Paperit Gmund Original Verg\u00e9 100 g\/m2, Fabriano Tiziano 160 g\/m2Painanut ja sitonut Bokeh, Helsinki 80 x 78 x 4 mm Editio 200 kpl J. O. Mallanderin En Begynnelse sis\u00e4lt\u00e4\u00e4 alun perin vuonna 1978 julkaistun satiirisen, filosofisen tekstin, jossa inhimillinen maailmankaikkeus &hellip; <\/p>\n<p class=\"link-more\"><a href=\"https:\/\/bokeheditions.fi\/en\/julkaisut\/en-begynnelse\/\" class=\"more-link\">Continue reading<span class=\"screen-reader-text\"> &#8220;En Begynnelse&#8221;<\/span><\/a><\/p>","protected":false},"author":1,"featured_media":0,"parent":45,"menu_order":0,"comment_status":"closed","ping_status":"closed","template":"","meta":[],"_links":{"self":[{"href":"https:\/\/bokeheditions.fi\/en\/wp-json\/wp\/v2\/pages\/1335"}],"collection":[{"href":"https:\/\/bokeheditions.fi\/en\/wp-json\/wp\/v2\/pages"}],"about":[{"href":"https:\/\/bokeheditions.fi\/en\/wp-json\/wp\/v2\/types\/page"}],"author":[{"embeddable":true,"href":"https:\/\/bokeheditions.fi\/en\/wp-json\/wp\/v2\/users\/1"}],"replies":[{"embeddable":true,"href":"https:\/\/bokeheditions.fi\/en\/wp-json\/wp\/v2\/comments?post=1335"}],"version-history":[{"count":4,"href":"https:\/\/bokeheditions.fi\/en\/wp-json\/wp\/v2\/pages\/1335\/revisions"}],"predecessor-version":[{"id":1341,"href":"https:\/\/bokeheditions.fi\/en\/wp-json\/wp\/v2\/pages\/1335\/revisions\/1341"}],"up":[{"embeddable":true,"href":"https:\/\/bokeheditions.fi\/en\/wp-json\/wp\/v2\/pages\/45"}],"wp:attachment":[{"href":"https:\/\/bokeheditions.fi\/en\/wp-json\/wp\/v2\/media?parent=1335"}],"curies":[{"name":"wp","href":"https:\/\/api.w.org\/{rel}","templated":true}]}}