{"id":1401,"date":"2024-03-19T18:40:52","date_gmt":"2024-03-19T16:40:52","guid":{"rendered":"https:\/\/bokeheditions.fi\/?page_id=1401"},"modified":"2024-03-19T19:17:33","modified_gmt":"2024-03-19T17:17:33","slug":"aanten-apokalypsi","status":"publish","type":"page","link":"https:\/\/bokeheditions.fi\/en\/julkaisut\/aanten-apokalypsi\/","title":{"rendered":"\u00c4\u00e4nten apokalypsi"},"content":{"rendered":"<figure class=\"wp-block-image size-large\"><img loading=\"lazy\" width=\"1024\" height=\"683\" src=\"https:\/\/bokeheditions.fi\/wp-content\/uploads\/2024\/03\/paakuva_aa-1024x683.jpg\" alt=\"\" class=\"wp-image-1399\" srcset=\"https:\/\/bokeheditions.fi\/wp-content\/uploads\/2024\/03\/paakuva_aa-1024x683.jpg 1024w, https:\/\/bokeheditions.fi\/wp-content\/uploads\/2024\/03\/paakuva_aa-300x200.jpg 300w, https:\/\/bokeheditions.fi\/wp-content\/uploads\/2024\/03\/paakuva_aa-768x512.jpg 768w, https:\/\/bokeheditions.fi\/wp-content\/uploads\/2024\/03\/paakuva_aa-1536x1024.jpg 1536w, https:\/\/bokeheditions.fi\/wp-content\/uploads\/2024\/03\/paakuva_aa-2048x1365.jpg 2048w, https:\/\/bokeheditions.fi\/wp-content\/uploads\/2024\/03\/paakuva_aa-18x12.jpg 18w\" sizes=\"(max-width: 706px) 89vw, (max-width: 767px) 82vw, 740px\" \/><\/figure>\n\n\n\n<p><em>\u00c4\u00e4nten apokalypsi<\/em><br>BOKEH#029<br>ISBN 978-952-7501-16-0<br>2024<\/p>\n\n\n\n<p>Teksti Tanja Tiekso<br>Kirjamuotoilu Antti Nyl\u00e9n<\/p>\n\n\n\n<p>Lankasidottu vihko, 44 s.<br>Printed and bound by Bokeh, Helsinki<\/p>\n\n\n\n<p>138 x 205 x 4 mm<\/p>\n\n\n\n<p>Edition of 200 copies<\/p>\n\n\n\n<p>Tanja Tiekson <em>\u00c4\u00e4nten apokalypsi,<\/em> alaotsikoltaan <em>Essee kuuntelemisesta<\/em>, on katkelmallinen mutta aiheeltaan t\u00e4sm\u00e4llisesti rajattu teksti, jossa etsit\u00e4\u00e4n tapoja ottaa maailman \u00e4\u00e4net vakavasti, kuunnella niit\u00e4 ja hankkia tietoa kuuntelemalla.<\/p>\n\n\n\n<p>Esseess\u00e4 on omael\u00e4m\u00e4kerrallinen kehys, joka liittyy yhdysvaltalaiseen s\u00e4velt\u00e4j\u00e4\u00e4n Pauline Oliverokseen (1932\u20132016) ja h\u00e4nen omaper\u00e4iseen ajatteluunsa. Musiikintutkijana ty\u00f6skennellyt Tiekso kertoo alkuhankaluuksistaan Oliveroksen kirjoitusten ja t\u00e4m\u00e4n &#8220;syv\u00e4kuunteluksi&#8221; nimetyn filosofian \u00e4\u00e4rell\u00e4: &#8220;Modernistisen rationalismihybrikseni vallassa olin ennakkoluuloinen Oliveroksen filosofiaa kohtaan, sill\u00e4 en ymm\u00e4rt\u00e4nyt kuuntelemista, monestakaan syyst\u00e4. \u2013 \u2013 En halunnut olla yksin ajatusteni kanssa. Pakenin itse\u00e4ni ja mielikuvitustani.&#8221;<\/p>\n\n\n\n<p>T\u00e4t\u00e4 jatkui &#8220;\u00e4\u00e4nten apokalypsiin&#8221; \u2013 eli paljastumiseen, &#8220;verhon&#8221; v\u00e4istymiseen \u2013 asti, ja esseess\u00e4\u00e4n Tiekso m\u00e4\u00e4rittelee kuuntelemisen taidon ja idean sellaisena kuin h\u00e4n sen nyky\u00e4\u00e4n k\u00e4sitt\u00e4\u00e4. Kuunteleminen on ep\u00e4selvien ja moninaisten viestien vastaanottamista ja tulkitsemista, mutta &#8220;oikoteit\u00e4 ei ole, kukaan ei kuuntele puolestani&#8221;.<\/p>\n\n\n\n<p>Pauline Oliveros on esseess\u00e4 ja Tiekson ajattelulle t\u00e4rke\u00e4 henkil\u00f6, mutta teksti ei varsinaisesti k\u00e4sittele h\u00e4nen ty\u00f6t\u00e4\u00e4n ja taidettaan. Pikemminkin <em>\u00c4\u00e4nten apokalypsi<\/em> on kehotus kuunnella, pys\u00e4hty\u00e4 \u00e4\u00e4nten vuoksi ja ottaa niit\u00e4 vastaan. Kuulo on alik\u00e4ytety aisti, v\u00e4itt\u00e4\u00e4 Tiekso: &#8220;Niin kauan kuin kulttuuri perustuu luettuun ja n\u00e4htyyn eik\u00e4 juuri kukaan kuuntele, etumatka on sill\u00e4, joka kuuntelee tai edes satunnaisesti ottaa \u00e4\u00e4net huomioon. H\u00e4n on koko ajan muita edell\u00e4: ymm\u00e4rryksess\u00e4, ongelmien ratkaisemisessa, l\u00e4sn\u00e4olon kyvyss\u00e4.&#8221;<\/p>\n\n\n\n<p><em>\u00c4\u00e4nten apokalypsi<\/em> on tarkkaan, pitk\u00e4\u00e4n ja hartaudella kirjoitettu teksti, jossa ei ole selittely\u00e4 tai turhaa vakuuttelua. Vaikutelmista, muistoista, tiedoista ja omakohtaisista kokemuksista rakentuu moniulotteinen esseekompositio, joka vaatii hitautta ja k\u00e4rsiv\u00e4llisyytt\u00e4 my\u00f6s lukijaltaan, aivan kuten maailman huomaamattomat \u00e4\u00e4netkin.<\/p>\n\n\n\n<p>\u00c4\u00e4nten apokalypsin editio on 200 kappaletta. Teos on myyt\u00e4v\u00e4n\u00e4 <a href=\"https:\/\/holvi.com\/shop\/bokeh-kauppa\/product\/d628354706921ead61f341307f1ff90e\/\" target=\"_blank\" rel=\"noreferrer noopener\">at the Bokeh Shop<\/a>.<\/p>\n\n\n\n<div class=\"rl-gallery-container rl-loading\" id=\"rl-gallery-container-1\" data-gallery_id=\"1403\"> <div class=\"rl-gallery rl-basicmasonry-gallery edition\" id=\"rl-gallery-1\" data-gallery_no=\"1\"> <div class=\"rl-gutter-sizer\"><\/div><div class=\"rl-grid-sizer\"><\/div> <div class=\"rl-gallery-item rl-gallery-item-width-4\" > <div class=\"rl-gallery-item-content\"> <a href=\"https:\/\/bokeheditions.fi\/wp-content\/uploads\/2024\/03\/DSF9168.jpg\" title=\"\" data-rl_title=\"\" class=\"rl-gallery-link\" data-rl_caption=\"\" data-rel=\"lightbox-gallery-1\"><img src=\"https:\/\/bokeheditions.fi\/wp-content\/uploads\/2024\/03\/DSF9168-300x300.jpg\" width=\"300\" height=\"300\" \/><\/a> <\/div> <\/div> <div class=\"rl-gallery-item\" > <div class=\"rl-gallery-item-content\"> <a href=\"https:\/\/bokeheditions.fi\/wp-content\/uploads\/2024\/03\/DSF9169.jpg\" title=\"\" data-rl_title=\"\" class=\"rl-gallery-link\" data-rl_caption=\"\" data-rel=\"lightbox-gallery-1\"><img src=\"https:\/\/bokeheditions.fi\/wp-content\/uploads\/2024\/03\/DSF9169-300x300.jpg\" width=\"300\" height=\"300\" \/><\/a> <\/div> <\/div> <div class=\"rl-gallery-item\" > <div class=\"rl-gallery-item-content\"> <a href=\"https:\/\/bokeheditions.fi\/wp-content\/uploads\/2024\/03\/DSF9200.jpg\" title=\"\" data-rl_title=\"\" class=\"rl-gallery-link\" data-rl_caption=\"\" data-rel=\"lightbox-gallery-1\"><img src=\"https:\/\/bokeheditions.fi\/wp-content\/uploads\/2024\/03\/DSF9200-300x300.jpg\" width=\"300\" height=\"300\" \/><\/a> <\/div> <\/div> <div class=\"rl-gallery-item\" > <div class=\"rl-gallery-item-content\"> <a href=\"https:\/\/bokeheditions.fi\/wp-content\/uploads\/2024\/03\/DSF9206.jpg\" title=\"\" data-rl_title=\"\" class=\"rl-gallery-link\" data-rl_caption=\"\" data-rel=\"lightbox-gallery-1\"><img src=\"https:\/\/bokeheditions.fi\/wp-content\/uploads\/2024\/03\/DSF9206-300x300.jpg\" width=\"300\" height=\"300\" \/><\/a> <\/div> <\/div> <div class=\"rl-gallery-item\" > <div class=\"rl-gallery-item-content\"> <a href=\"https:\/\/bokeheditions.fi\/wp-content\/uploads\/2024\/03\/DSF9177.jpg\" title=\"\" data-rl_title=\"\" class=\"rl-gallery-link\" data-rl_caption=\"\" data-rel=\"lightbox-gallery-1\"><img src=\"https:\/\/bokeheditions.fi\/wp-content\/uploads\/2024\/03\/DSF9177-300x300.jpg\" width=\"300\" height=\"300\" \/><\/a> <\/div> <\/div> <div class=\"rl-gallery-item\" > <div class=\"rl-gallery-item-content\"> <a href=\"https:\/\/bokeheditions.fi\/wp-content\/uploads\/2024\/03\/DSF9180.jpg\" title=\"\" data-rl_title=\"\" class=\"rl-gallery-link\" data-rl_caption=\"\" data-rel=\"lightbox-gallery-1\"><img src=\"https:\/\/bokeheditions.fi\/wp-content\/uploads\/2024\/03\/DSF9180-300x300.jpg\" width=\"300\" height=\"300\" \/><\/a> <\/div> <\/div> <div class=\"rl-gallery-item\" > <div class=\"rl-gallery-item-content\"> <a href=\"https:\/\/bokeheditions.fi\/wp-content\/uploads\/2024\/03\/DSF9179.jpg\" title=\"\" data-rl_title=\"\" class=\"rl-gallery-link\" data-rl_caption=\"\" data-rel=\"lightbox-gallery-1\"><img src=\"https:\/\/bokeheditions.fi\/wp-content\/uploads\/2024\/03\/DSF9179-300x300.jpg\" width=\"300\" height=\"300\" \/><\/a> <\/div> <\/div> <div class=\"rl-gallery-item\" > <div class=\"rl-gallery-item-content\"> <a href=\"https:\/\/bokeheditions.fi\/wp-content\/uploads\/2024\/03\/DSF9178.jpg\" title=\"\" data-rl_title=\"\" class=\"rl-gallery-link\" data-rl_caption=\"\" data-rel=\"lightbox-gallery-1\"><img src=\"https:\/\/bokeheditions.fi\/wp-content\/uploads\/2024\/03\/DSF9178-300x300.jpg\" width=\"300\" height=\"300\" \/><\/a> <\/div> <\/div> <div class=\"rl-gallery-item\" > <div class=\"rl-gallery-item-content\"> <a href=\"https:\/\/bokeheditions.fi\/wp-content\/uploads\/2024\/03\/DSF9183.jpg\" title=\"\" data-rl_title=\"\" class=\"rl-gallery-link\" data-rl_caption=\"\" data-rel=\"lightbox-gallery-1\"><img src=\"https:\/\/bokeheditions.fi\/wp-content\/uploads\/2024\/03\/DSF9183-300x300.jpg\" width=\"300\" height=\"300\" \/><\/a> <\/div> <\/div> <div class=\"rl-gallery-item\" > <div class=\"rl-gallery-item-content\"> <a href=\"https:\/\/bokeheditions.fi\/wp-content\/uploads\/2024\/03\/DSF9182.jpg\" title=\"\" data-rl_title=\"\" class=\"rl-gallery-link\" data-rl_caption=\"\" data-rel=\"lightbox-gallery-1\"><img src=\"https:\/\/bokeheditions.fi\/wp-content\/uploads\/2024\/03\/DSF9182-300x300.jpg\" width=\"300\" height=\"300\" \/><\/a> <\/div> <\/div> <div class=\"rl-gallery-item\" > <div class=\"rl-gallery-item-content\"> <a href=\"https:\/\/bokeheditions.fi\/wp-content\/uploads\/2024\/03\/DSF9185.jpg\" title=\"\" data-rl_title=\"\" class=\"rl-gallery-link\" data-rl_caption=\"\" data-rel=\"lightbox-gallery-1\"><img src=\"https:\/\/bokeheditions.fi\/wp-content\/uploads\/2024\/03\/DSF9185-300x300.jpg\" width=\"300\" height=\"300\" \/><\/a> <\/div> <\/div> <div class=\"rl-gallery-item\" > <div class=\"rl-gallery-item-content\"> <a href=\"https:\/\/bokeheditions.fi\/wp-content\/uploads\/2024\/03\/DSF9186.jpg\" title=\"\" data-rl_title=\"\" class=\"rl-gallery-link\" data-rl_caption=\"\" data-rel=\"lightbox-gallery-1\"><img src=\"https:\/\/bokeheditions.fi\/wp-content\/uploads\/2024\/03\/DSF9186-300x300.jpg\" width=\"300\" height=\"300\" \/><\/a> <\/div> <\/div> <div class=\"rl-gallery-item\" > <div class=\"rl-gallery-item-content\"> <a href=\"https:\/\/bokeheditions.fi\/wp-content\/uploads\/2024\/03\/DSF9188.jpg\" title=\"\" data-rl_title=\"\" class=\"rl-gallery-link\" data-rl_caption=\"\" data-rel=\"lightbox-gallery-1\"><img src=\"https:\/\/bokeheditions.fi\/wp-content\/uploads\/2024\/03\/DSF9188-300x300.jpg\" width=\"300\" height=\"300\" \/><\/a> <\/div> <\/div> <div class=\"rl-gallery-item\" > <div class=\"rl-gallery-item-content\"> <a href=\"https:\/\/bokeheditions.fi\/wp-content\/uploads\/2024\/03\/DSF9189.jpg\" title=\"\" data-rl_title=\"\" class=\"rl-gallery-link\" data-rl_caption=\"\" data-rel=\"lightbox-gallery-1\"><img src=\"https:\/\/bokeheditions.fi\/wp-content\/uploads\/2024\/03\/DSF9189-300x300.jpg\" width=\"300\" height=\"300\" \/><\/a> <\/div> <\/div> <\/div> <\/div>","protected":false},"excerpt":{"rendered":"<p>\u00c4\u00e4nten apokalypsiBOKEH#029ISBN 978-952-7501-16-02024 Teksti Tanja TieksoKirjamuotoilu Antti Nyl\u00e9n Lankasidottu vihko, 44 s.Painanut ja sitonut Bokeh, Helsinki 138 x 205 x 4 mm Editio 200 kpl Tanja Tiekson \u00c4\u00e4nten apokalypsi, alaotsikoltaan Essee kuuntelemisesta, on katkelmallinen mutta aiheeltaan t\u00e4sm\u00e4llisesti rajattu teksti, jossa etsit\u00e4\u00e4n tapoja ottaa maailman \u00e4\u00e4net vakavasti, kuunnella niit\u00e4 ja hankkia tietoa kuuntelemalla. Esseess\u00e4 on omael\u00e4m\u00e4kerrallinen &hellip; <\/p>\n<p class=\"link-more\"><a href=\"https:\/\/bokeheditions.fi\/en\/julkaisut\/aanten-apokalypsi\/\" class=\"more-link\">Continue reading<span class=\"screen-reader-text\"> &#8220;\u00c4\u00e4nten apokalypsi&#8221;<\/span><\/a><\/p>","protected":false},"author":2,"featured_media":0,"parent":45,"menu_order":0,"comment_status":"closed","ping_status":"closed","template":"","meta":[],"_links":{"self":[{"href":"https:\/\/bokeheditions.fi\/en\/wp-json\/wp\/v2\/pages\/1401"}],"collection":[{"href":"https:\/\/bokeheditions.fi\/en\/wp-json\/wp\/v2\/pages"}],"about":[{"href":"https:\/\/bokeheditions.fi\/en\/wp-json\/wp\/v2\/types\/page"}],"author":[{"embeddable":true,"href":"https:\/\/bokeheditions.fi\/en\/wp-json\/wp\/v2\/users\/2"}],"replies":[{"embeddable":true,"href":"https:\/\/bokeheditions.fi\/en\/wp-json\/wp\/v2\/comments?post=1401"}],"version-history":[{"count":3,"href":"https:\/\/bokeheditions.fi\/en\/wp-json\/wp\/v2\/pages\/1401\/revisions"}],"predecessor-version":[{"id":1409,"href":"https:\/\/bokeheditions.fi\/en\/wp-json\/wp\/v2\/pages\/1401\/revisions\/1409"}],"up":[{"embeddable":true,"href":"https:\/\/bokeheditions.fi\/en\/wp-json\/wp\/v2\/pages\/45"}],"wp:attachment":[{"href":"https:\/\/bokeheditions.fi\/en\/wp-json\/wp\/v2\/media?parent=1401"}],"curies":[{"name":"wp","href":"https:\/\/api.w.org\/{rel}","templated":true}]}}