{"id":141,"date":"2021-03-10T19:40:43","date_gmt":"2021-03-10T17:40:43","guid":{"rendered":"https:\/\/bokeheditions.fi\/?page_id=141"},"modified":"2021-04-05T15:23:19","modified_gmt":"2021-04-05T12:23:19","slug":"samurai-x4-0-quintuple-exposures","status":"publish","type":"page","link":"https:\/\/bokeheditions.fi\/en\/julkaisut\/samurai-x4-0-quintuple-exposures\/","title":{"rendered":"Samurai X4.0 Quintuple Exposures"},"content":{"rendered":"<figure class=\"wp-block-image size-large\"><img loading=\"lazy\" width=\"1024\" height=\"683\" src=\"https:\/\/bokeheditions.fi\/wp-content\/uploads\/2021\/04\/samurai6-1024x683.jpg\" alt=\"\" class=\"wp-image-436\" srcset=\"https:\/\/bokeheditions.fi\/wp-content\/uploads\/2021\/04\/samurai6-1024x683.jpg 1024w, https:\/\/bokeheditions.fi\/wp-content\/uploads\/2021\/04\/samurai6-300x200.jpg 300w, https:\/\/bokeheditions.fi\/wp-content\/uploads\/2021\/04\/samurai6-768x512.jpg 768w, https:\/\/bokeheditions.fi\/wp-content\/uploads\/2021\/04\/samurai6-1536x1024.jpg 1536w, https:\/\/bokeheditions.fi\/wp-content\/uploads\/2021\/04\/samurai6-2048x1365.jpg 2048w, https:\/\/bokeheditions.fi\/wp-content\/uploads\/2021\/04\/samurai6-16x12.jpg 16w\" sizes=\"(max-width: 706px) 89vw, (max-width: 767px) 82vw, 740px\" \/><\/figure>\n\n\n\n<p><em>Samurai X4.0 Quintuple Exposures<\/em><br>BOKEH#005<br>2020<\/p>\n\n\n\n<p>Kuvat, teksti, graafinen suunnittelu ja sidonta Antti Nyl\u00e9n<\/p>\n\n\n\n<p>Lankasidottu vihko, 28 + 8 s.<br>Sisus kuultopaperi 100 g\/m<sup>2<\/sup>, Svenskt Arkiv 80 g\/m<sup>2<\/sup>, Fabriano Accademia 120 g\/m<sup>2<\/sup><br>Kannet kluuttia<br>Hopeagelatiinivedos 53 x 40 mm<br>Negatiiviruutu 17 x 28 mm<br>280 x 200 x 3 mm<br><br>Editio 20 kpl<\/p>\n\n\n\n<p>\u201dYashica Samurai -kameroita valmistettiin 1980-luvun lopussa nelj\u00e4\u00e4 eri mallia, joista Samurai X4.0 oli hieman \u2019edistyneempi\u2019 kuin alkuper\u00e4inen X3.0. Kaikki Samurait olivat videokameran muotoisia ja n\u00e4k\u00f6isi\u00e4, mutta toimivat kuin t\u00e4ysautomaattiset pokkarit. T\u00e4m\u00e4n lis\u00e4ksi ne olivat aitoja SLR-peilikameroita, eli etsimest\u00e4 n\u00e4ki linssin l\u00e4pi t\u00e4sm\u00e4lleen sen mit\u00e4 filmille valottui.<\/p>\n\n\n\n<p>\u201dNegatiivikoko on aikakaudelle harvinaisesti puolikino, eli 36 ruudun filmille pystyy kuvaamaan 72 kuvaa. Filmi kulkee kamerassa pystysuunnassa, joten kehitetty negatiivi n\u00e4ytt\u00e4\u00e4 35 mm:n elokuvafilmilt\u00e4. Samurait ovat valokuvaustekniikan l\u00e4hihistorian kuriositeetteja, teknisesti kunnianhimoisia kameroita, jotka eiv\u00e4t kuitenkaan saavuttaneet sanottavaa menestyst\u00e4.<\/p>\n\n\n\n<p>\u201dSamurai X4.0:ssa on merkillinen p\u00e4\u00e4llekk\u00e4isvalotusohjelma \u2019Quintuple Exposure\u2019, jossa kamera valottaa saman ruudun viidesti ja laukaisee salaman viimeisell\u00e4 kerralla. Ideana on, ett\u00e4 nopeasti liikkuvien kohteiden liikeradan saa n\u00e4kyviin. Mutta jos liikuttaa kameraa sen sijaan, ett\u00e4 kohde liikkuisi, voi tulos olla yht\u00e4 mielenkiintoinen. N\u00e4in olen tehnyt t\u00e4m\u00e4n julkaisun kuvissa.<\/p>\n\n\n\n<p>\u201dLiitteen\u00e4 julkaisussa on yksi esitt\u00e4v\u00e4 esimerkkiruutu, hopeagelatiinivedos, joka korvaa alkuper\u00e4isess\u00e4 ohjekirjassa olleen, niin ik\u00e4\u00e4n kissa-aiheisen kuvan. Lis\u00e4ksi teos sis\u00e4lt\u00e4\u00e4 yhden sattumanvaraisen alkuper\u00e4isruudun samoista negatiiveista, joista kuvat on vedostettu.<\/p>\n\n\n\n<p>\u201d<em>Samurai X4.0 Quintuple Exposures<\/em> -taiteilijakirjan aiheena on mets\u00e4 (Helsingin Keskuspuisto) pimeimp\u00e4\u00e4n vuodenaikaan. Kuvat on ensin vedostettu optis-kemiallisesti pimi\u00f6ss\u00e4 ja sitten j\u00e4ljennetty mustavalkoisella valokopiokoneella edelleen muokaten.<\/p>\n\n\n\n<p>\u201dKirjan kuvat eiv\u00e4t ole symbolisia. Ne pyrkiv\u00e4t \u00e4\u00e4rimm\u00e4iseen realismiin, esitt\u00e4m\u00e4\u00e4n Etel\u00e4-Suomen talven sellaisena kuin se ilmeisesti nyky\u00e4\u00e4n on, loka\u2013helmikuisen luonnon. Mit\u00e4\u00e4n erityisen \u2019kokeellista\u2019 ei kuvissa my\u00f6sk\u00e4\u00e4n ole. Kuva-aines on Yashica Samurai X4.0:n tekniikan tuottamaa, joskin tietysti v\u00e4liss\u00e4 on kaksi vedostuskertaa, ensin suurennuskoneella ja valokuvauskemioilla, sitten kopiokoneen lasertekniikalla toteutettuna.\u201d<\/p>\n\n\n\n<p>Antti Nyl\u00e9n<\/p>\n\n\n\n<p>Osta taiteilijakirja <a rel=\"noreferrer noopener\" href=\"https:\/\/holvi.com\/shop\/bokeh-kauppa\/product\/b3d73354ff8e326320f70482239323c1\/\" target=\"_blank\">Bokeh-kaupasta<\/a>.<\/p>\n\n\n\n<div class=\"rl-gallery-container rl-loading\" id=\"rl-gallery-container-1\" data-gallery_id=\"478\"> <div class=\"rl-gallery rl-basicmasonry-gallery edition\" id=\"rl-gallery-1\" data-gallery_no=\"1\"> <div class=\"rl-gutter-sizer\"><\/div><div class=\"rl-grid-sizer\"><\/div> <div class=\"rl-gallery-item rl-gallery-item-width-4\" > <div class=\"rl-gallery-item-content\"> <a href=\"https:\/\/bokeheditions.fi\/wp-content\/uploads\/2021\/04\/samurai1.jpg\" title=\"\" data-rl_title=\"\" class=\"rl-gallery-link\" data-rl_caption=\"\" data-rel=\"lightbox-gallery-1\"><img src=\"https:\/\/bokeheditions.fi\/wp-content\/uploads\/2021\/04\/samurai1-300x300.jpg\" width=\"300\" height=\"300\" \/><\/a> <\/div> <\/div> <div class=\"rl-gallery-item\" > <div class=\"rl-gallery-item-content\"> <a href=\"https:\/\/bokeheditions.fi\/wp-content\/uploads\/2021\/04\/samurai4.jpg\" title=\"\" data-rl_title=\"\" class=\"rl-gallery-link\" data-rl_caption=\"\" data-rel=\"lightbox-gallery-1\"><img src=\"https:\/\/bokeheditions.fi\/wp-content\/uploads\/2021\/04\/samurai4-300x300.jpg\" width=\"300\" height=\"300\" \/><\/a> <\/div> <\/div> <div class=\"rl-gallery-item\" > <div class=\"rl-gallery-item-content\"> <a href=\"https:\/\/bokeheditions.fi\/wp-content\/uploads\/2021\/04\/samurai7.jpg\" title=\"\" data-rl_title=\"\" class=\"rl-gallery-link\" data-rl_caption=\"\" data-rel=\"lightbox-gallery-1\"><img src=\"https:\/\/bokeheditions.fi\/wp-content\/uploads\/2021\/04\/samurai7-300x300.jpg\" width=\"300\" height=\"300\" \/><\/a> <\/div> <\/div> <div class=\"rl-gallery-item\" > <div class=\"rl-gallery-item-content\"> <a href=\"https:\/\/bokeheditions.fi\/wp-content\/uploads\/2021\/04\/samurai3.jpg\" title=\"\" data-rl_title=\"\" class=\"rl-gallery-link\" data-rl_caption=\"\" data-rel=\"lightbox-gallery-1\"><img src=\"https:\/\/bokeheditions.fi\/wp-content\/uploads\/2021\/04\/samurai3-300x300.jpg\" width=\"300\" height=\"300\" \/><\/a> <\/div> <\/div> <div class=\"rl-gallery-item\" > <div class=\"rl-gallery-item-content\"> <a href=\"https:\/\/bokeheditions.fi\/wp-content\/uploads\/2021\/04\/samurai2.jpg\" title=\"\" data-rl_title=\"\" class=\"rl-gallery-link\" data-rl_caption=\"\" data-rel=\"lightbox-gallery-1\"><img src=\"https:\/\/bokeheditions.fi\/wp-content\/uploads\/2021\/04\/samurai2-300x300.jpg\" width=\"300\" height=\"300\" \/><\/a> <\/div> <\/div> <div class=\"rl-gallery-item\" > <div class=\"rl-gallery-item-content\"> <a href=\"https:\/\/bokeheditions.fi\/wp-content\/uploads\/2021\/04\/samurai5.jpg\" title=\"\" data-rl_title=\"\" class=\"rl-gallery-link\" data-rl_caption=\"\" data-rel=\"lightbox-gallery-1\"><img src=\"https:\/\/bokeheditions.fi\/wp-content\/uploads\/2021\/04\/samurai5-300x300.jpg\" width=\"300\" height=\"300\" \/><\/a> <\/div> <\/div> <\/div> <\/div>","protected":false},"excerpt":{"rendered":"<p>Samurai X4.0 Quintuple ExposuresBOKEH#0052020 Kuvat, teksti, graafinen suunnittelu ja sidonta Antti Nyl\u00e9n Lankasidottu vihko, 28 + 8 s.Sisus kuultopaperi 100 g\/m2, Svenskt Arkiv 80 g\/m2, Fabriano Accademia 120 g\/m2Kannet kluuttiaHopeagelatiinivedos 53 x 40 mmNegatiiviruutu 17 x 28 mm280 x 200 x 3 mm Editio 20 kpl \u201dYashica Samurai -kameroita valmistettiin 1980-luvun lopussa nelj\u00e4\u00e4 eri mallia, &hellip; <\/p>\n<p class=\"link-more\"><a href=\"https:\/\/bokeheditions.fi\/en\/julkaisut\/samurai-x4-0-quintuple-exposures\/\" class=\"more-link\">Continue reading<span class=\"screen-reader-text\"> &#8220;Samurai X4.0 Quintuple Exposures&#8221;<\/span><\/a><\/p>","protected":false},"author":1,"featured_media":0,"parent":45,"menu_order":0,"comment_status":"closed","ping_status":"closed","template":"","meta":[],"_links":{"self":[{"href":"https:\/\/bokeheditions.fi\/en\/wp-json\/wp\/v2\/pages\/141"}],"collection":[{"href":"https:\/\/bokeheditions.fi\/en\/wp-json\/wp\/v2\/pages"}],"about":[{"href":"https:\/\/bokeheditions.fi\/en\/wp-json\/wp\/v2\/types\/page"}],"author":[{"embeddable":true,"href":"https:\/\/bokeheditions.fi\/en\/wp-json\/wp\/v2\/users\/1"}],"replies":[{"embeddable":true,"href":"https:\/\/bokeheditions.fi\/en\/wp-json\/wp\/v2\/comments?post=141"}],"version-history":[{"count":8,"href":"https:\/\/bokeheditions.fi\/en\/wp-json\/wp\/v2\/pages\/141\/revisions"}],"predecessor-version":[{"id":600,"href":"https:\/\/bokeheditions.fi\/en\/wp-json\/wp\/v2\/pages\/141\/revisions\/600"}],"up":[{"embeddable":true,"href":"https:\/\/bokeheditions.fi\/en\/wp-json\/wp\/v2\/pages\/45"}],"wp:attachment":[{"href":"https:\/\/bokeheditions.fi\/en\/wp-json\/wp\/v2\/media?parent=141"}],"curies":[{"name":"wp","href":"https:\/\/api.w.org\/{rel}","templated":true}]}}