{"id":154,"date":"2021-03-10T20:22:06","date_gmt":"2021-03-10T18:22:06","guid":{"rendered":"https:\/\/bokeheditions.fi\/?page_id=154"},"modified":"2022-10-06T16:17:21","modified_gmt":"2022-10-06T13:17:21","slug":"lapi","status":"publish","type":"page","link":"https:\/\/bokeheditions.fi\/en\/julkaisut\/lapi\/","title":{"rendered":"L\u00e4pi"},"content":{"rendered":"<figure class=\"wp-block-image size-large\"><img loading=\"lazy\" width=\"1024\" height=\"683\" src=\"https:\/\/bokeheditions.fi\/wp-content\/uploads\/2021\/04\/lapi7-1024x683.jpg\" alt=\"\" class=\"wp-image-402\" srcset=\"https:\/\/bokeheditions.fi\/wp-content\/uploads\/2021\/04\/lapi7-1024x683.jpg 1024w, https:\/\/bokeheditions.fi\/wp-content\/uploads\/2021\/04\/lapi7-300x200.jpg 300w, https:\/\/bokeheditions.fi\/wp-content\/uploads\/2021\/04\/lapi7-768x512.jpg 768w, https:\/\/bokeheditions.fi\/wp-content\/uploads\/2021\/04\/lapi7-1536x1024.jpg 1536w, https:\/\/bokeheditions.fi\/wp-content\/uploads\/2021\/04\/lapi7-2048x1365.jpg 2048w, https:\/\/bokeheditions.fi\/wp-content\/uploads\/2021\/04\/lapi7-16x12.jpg 16w\" sizes=\"(max-width: 706px) 89vw, (max-width: 767px) 82vw, 740px\" \/><\/figure>\n\n\n\n<p><em>L\u00e4pi<\/em><br>BOKEH#004<br>2020<\/p>\n\n\n\n<p>Musiikki Olavi Uusivirta<br>Video Antti Nyl\u00e9n<br>Kotelon suunnittelu ja sidonta Antti Nyl\u00e9n<br><br>Levykotelon kannet 1 mm konepahvia<br>Lankasidottu sisus, 8 s.<br>Folia-v\u00e4ripaperi 130 g\/m<sup>2<\/sup>, kuultopaperi 100 g\/m<sup>2<\/sup><br>Hopeagelatiinivedos (RC) 8 x 12 cm<br>Dvd-levy<br>Videon kesto 5 min 8 s<br>180 x 145 x 4 mm<br><br>Edition of 200 copies<\/p>\n\n\n\n<p><em>L\u00e4pi<\/em>&nbsp;on Olavi Uusivirran aiemmin julkaisematon kappale. Dvd-single sis\u00e4lt\u00e4\u00e4 sit\u00e4 varten tehdyn musiikkivideon.<\/p>\n\n\n\n<p><em>L\u00e4pi<\/em>&nbsp;kuvattiin joulukuussa 2019 ja kes\u00e4kuussa 2020 Kodakin 16 mm elokuvafilmeille, jotka olivat vanhentuneet 1960- ja 1970-lukujen vaihteessa. Filmit kehitettiin kylpyhuonepimi\u00f6ss\u00e4 mustavalkonegatiiveiksi. Parhaiten oli s\u00e4ilynyt k\u00e4\u00e4nt\u00f6filmi Plus-X Reversal 7276, jota k\u00e4ytettiin t\u00e4rkeimmiss\u00e4 kuvissa. Yhteens\u00e4 filmi\u00e4 valotettiin 150 metri\u00e4. Kamerana oli Bolex Paillard H16.<\/p>\n\n\n\n<p>Dvd-single-julkaisu sis\u00e4lt\u00e4\u00e4 suoraan alkuper\u00e4isen kameranegatiivin yhdest\u00e4 ruudusta kemiallisesti vedostetun ja numeroidun hopeagelatiinivedoksen.<\/p>\n\n\n\n<p>Kokonaan k\u00e4sity\u00f6n\u00e4 tehdyn \u201dtaiteilijakirja-dvd:n\u201d editio on 200 kappaletta (loppuunmyyty).<\/p>\n\n\n\n<p>Katso video <a href=\"https:\/\/youtu.be\/Hyc_JIllpJA\" target=\"_blank\" rel=\"noreferrer noopener\">YouTubessa<\/a>.<\/p>\n\n\n\n<p>T\u00e4ydelliset tekij\u00e4tiedot<\/p>\n\n\n\n<p><em>DVD-JULKAISU:<\/em><\/p>\n\n\n\n<p>Levykotelon graa\ufb01nen suunnittelu ja sidonta: Antti Nyl\u00e9n<br>Kannen valokuva: Saima Sorsa<\/p>\n\n\n\n<p><em>VIDEO:<\/em><\/p>\n\n\n\n<p>Esiintyj\u00e4t: Olavi Uusivirta, Aino Sorsa, Ilon Nopsa<br>Ohjaus, k\u00e4sikirjoitus, kuvaus ja \ufb01lmien kehitys: Antti Nyl\u00e9n<br>Leikkaus: Mika Taanila<br>Tuotanto: Velvet Untergang Oy<\/p>\n\n\n\n<p><em>MUSIIKKI:<\/em><\/p>\n\n\n\n<p>S\u00e4v. ja san. Olavi Uusivirta<br>Sov. Timo K\u00e4m\u00e4r\u00e4inen<br>Kust. Velvet Untergang Oy<br>Olavi Uusivirta \u2013 laulu<br>Olli Krogerus \u2013 rummut<br>Jaakko K\u00e4m\u00e4r\u00e4inen \u2013 basso<br>Timo K\u00e4m\u00e4r\u00e4inen \u2013 kitara, kosketinsoittimet ja taustalaulu<br>Tuotanto, \u00e4\u00e4nitys ja miksaus Timo K\u00e4m\u00e4r\u00e4inen<br>Masterointi Svante Forsb\u00e4ck \/ Chartmakers<\/p>\n\n\n\n<div class=\"rl-gallery-container rl-loading\" id=\"rl-gallery-container-1\" data-gallery_id=\"471\"> <div class=\"rl-gallery rl-basicmasonry-gallery edition\" id=\"rl-gallery-1\" data-gallery_no=\"1\"> <div class=\"rl-gutter-sizer\"><\/div><div class=\"rl-grid-sizer\"><\/div> <div class=\"rl-gallery-item rl-gallery-item-width-4\" > <div class=\"rl-gallery-item-content\"> <a href=\"https:\/\/bokeheditions.fi\/wp-content\/uploads\/2021\/04\/lapi4.jpg\" title=\"\" data-rl_title=\"\" class=\"rl-gallery-link\" data-rl_caption=\"\" data-rel=\"lightbox-gallery-1\"><img src=\"https:\/\/bokeheditions.fi\/wp-content\/uploads\/2021\/04\/lapi4-300x300.jpg\" width=\"300\" height=\"300\" \/><\/a> <\/div> <\/div> <div class=\"rl-gallery-item\" > <div class=\"rl-gallery-item-content\"> <a href=\"https:\/\/bokeheditions.fi\/wp-content\/uploads\/2021\/04\/lapi5.jpg\" title=\"\" data-rl_title=\"\" class=\"rl-gallery-link\" data-rl_caption=\"\" data-rel=\"lightbox-gallery-1\"><img src=\"https:\/\/bokeheditions.fi\/wp-content\/uploads\/2021\/04\/lapi5-300x300.jpg\" width=\"300\" height=\"300\" \/><\/a> <\/div> <\/div> <div class=\"rl-gallery-item\" > <div class=\"rl-gallery-item-content\"> <a href=\"https:\/\/bokeheditions.fi\/wp-content\/uploads\/2021\/04\/lapi2.jpg\" title=\"\" data-rl_title=\"\" class=\"rl-gallery-link\" data-rl_caption=\"\" data-rel=\"lightbox-gallery-1\"><img src=\"https:\/\/bokeheditions.fi\/wp-content\/uploads\/2021\/04\/lapi2-300x300.jpg\" width=\"300\" height=\"300\" \/><\/a> <\/div> <\/div> <div class=\"rl-gallery-item\" > <div class=\"rl-gallery-item-content\"> <a href=\"https:\/\/bokeheditions.fi\/wp-content\/uploads\/2021\/04\/lapi3.jpg\" title=\"\" data-rl_title=\"\" class=\"rl-gallery-link\" data-rl_caption=\"\" data-rel=\"lightbox-gallery-1\"><img src=\"https:\/\/bokeheditions.fi\/wp-content\/uploads\/2021\/04\/lapi3-300x300.jpg\" width=\"300\" height=\"300\" \/><\/a> <\/div> <\/div> <div class=\"rl-gallery-item\" > <div class=\"rl-gallery-item-content\"> <a href=\"https:\/\/bokeheditions.fi\/wp-content\/uploads\/2021\/04\/lapi1.jpg\" title=\"\" data-rl_title=\"\" class=\"rl-gallery-link\" data-rl_caption=\"\" data-rel=\"lightbox-gallery-1\"><img src=\"https:\/\/bokeheditions.fi\/wp-content\/uploads\/2021\/04\/lapi1-300x300.jpg\" width=\"300\" height=\"300\" \/><\/a> <\/div> <\/div> <div class=\"rl-gallery-item\" > <div class=\"rl-gallery-item-content\"> <a href=\"https:\/\/bokeheditions.fi\/wp-content\/uploads\/2021\/04\/lapi6.jpg\" title=\"\" data-rl_title=\"\" class=\"rl-gallery-link\" data-rl_caption=\"\" data-rel=\"lightbox-gallery-1\"><img src=\"https:\/\/bokeheditions.fi\/wp-content\/uploads\/2021\/04\/lapi6-300x300.jpg\" width=\"300\" height=\"300\" \/><\/a> <\/div> <\/div> <\/div> <\/div>","protected":false},"excerpt":{"rendered":"<p>L\u00e4piBOKEH#0042020 Musiikki Olavi UusivirtaVideo Antti Nyl\u00e9nKotelon suunnittelu ja sidonta Antti Nyl\u00e9n Levykotelon kannet 1 mm konepahviaLankasidottu sisus, 8 s.Folia-v\u00e4ripaperi 130 g\/m2, kuultopaperi 100 g\/m2Hopeagelatiinivedos (RC) 8 x 12 cmDvd-levyVideon kesto 5 min 8 s180 x 145 x 4 mm Editio 200 kpl L\u00e4pi&nbsp;on Olavi Uusivirran aiemmin julkaisematon kappale. Dvd-single sis\u00e4lt\u00e4\u00e4 sit\u00e4 varten tehdyn musiikkivideon. L\u00e4pi&nbsp;kuvattiin &hellip; <\/p>\n<p class=\"link-more\"><a href=\"https:\/\/bokeheditions.fi\/en\/julkaisut\/lapi\/\" class=\"more-link\">Continue reading<span class=\"screen-reader-text\"> &#8220;L\u00e4pi&#8221;<\/span><\/a><\/p>","protected":false},"author":1,"featured_media":0,"parent":45,"menu_order":0,"comment_status":"closed","ping_status":"closed","template":"","meta":[],"_links":{"self":[{"href":"https:\/\/bokeheditions.fi\/en\/wp-json\/wp\/v2\/pages\/154"}],"collection":[{"href":"https:\/\/bokeheditions.fi\/en\/wp-json\/wp\/v2\/pages"}],"about":[{"href":"https:\/\/bokeheditions.fi\/en\/wp-json\/wp\/v2\/types\/page"}],"author":[{"embeddable":true,"href":"https:\/\/bokeheditions.fi\/en\/wp-json\/wp\/v2\/users\/1"}],"replies":[{"embeddable":true,"href":"https:\/\/bokeheditions.fi\/en\/wp-json\/wp\/v2\/comments?post=154"}],"version-history":[{"count":7,"href":"https:\/\/bokeheditions.fi\/en\/wp-json\/wp\/v2\/pages\/154\/revisions"}],"predecessor-version":[{"id":1111,"href":"https:\/\/bokeheditions.fi\/en\/wp-json\/wp\/v2\/pages\/154\/revisions\/1111"}],"up":[{"embeddable":true,"href":"https:\/\/bokeheditions.fi\/en\/wp-json\/wp\/v2\/pages\/45"}],"wp:attachment":[{"href":"https:\/\/bokeheditions.fi\/en\/wp-json\/wp\/v2\/media?parent=154"}],"curies":[{"name":"wp","href":"https:\/\/api.w.org\/{rel}","templated":true}]}}