{"id":1548,"date":"2024-06-10T14:56:45","date_gmt":"2024-06-10T11:56:45","guid":{"rendered":"https:\/\/bokeheditions.fi\/?page_id=1548"},"modified":"2024-07-24T09:39:16","modified_gmt":"2024-07-24T06:39:16","slug":"te-absolvo","status":"publish","type":"page","link":"https:\/\/bokeheditions.fi\/en\/julkaisut\/te-absolvo\/","title":{"rendered":"Te absolvo"},"content":{"rendered":"<figure class=\"wp-block-image size-large\"><img loading=\"lazy\" width=\"1024\" height=\"683\" src=\"https:\/\/bokeheditions.fi\/wp-content\/uploads\/2024\/06\/DSF9305-1024x683.jpg\" alt=\"\" class=\"wp-image-1547\" srcset=\"https:\/\/bokeheditions.fi\/wp-content\/uploads\/2024\/06\/DSF9305-1024x683.jpg 1024w, https:\/\/bokeheditions.fi\/wp-content\/uploads\/2024\/06\/DSF9305-300x200.jpg 300w, https:\/\/bokeheditions.fi\/wp-content\/uploads\/2024\/06\/DSF9305-768x512.jpg 768w, https:\/\/bokeheditions.fi\/wp-content\/uploads\/2024\/06\/DSF9305-1536x1024.jpg 1536w, https:\/\/bokeheditions.fi\/wp-content\/uploads\/2024\/06\/DSF9305-2048x1365.jpg 2048w, https:\/\/bokeheditions.fi\/wp-content\/uploads\/2024\/06\/DSF9305-18x12.jpg 18w\" sizes=\"(max-width: 706px) 89vw, (max-width: 767px) 82vw, 740px\" \/><\/figure>\n\n\n\n<p><em>Te absolvo<\/em><br>BOKEH#032<br>ISBN 978-952-7501-19-1<br>2024<\/p>\n\n\n\n<p>Valokuvat Jaana Sepp\u00e4nen<br>Graphic design Antti Nyl\u00e9n<\/p>\n\n\n\n<p>Liimasidottu kirja, 38 s.<br>Digi- ja kohopaino<br>Sisuspaperi MultiDesign Natural 130 g\/m<sup>2<\/sup><br>Printed and bound by Bokeh, Helsinki<\/p>\n\n\n\n<p>9 x 12 cm<\/p>\n\n\n\n<p>Edition of 200 copies<\/p>\n\n\n\n<p>Esseisti, kirjailija Jaana Sepp\u00e4sen valokuvakirja <em>Te absolvo<\/em> on katsaus l\u00e4nsieurooppalaisten kirkkojen rippikoppien nuhjuisiin yksityiskohtiin ja h\u00e4m\u00e4riin, hieman uhkaaviin tunnelmiin.<\/p>\n\n\n\n<p>Kuvat on otettu k\u00e4nnykk\u00e4kameralla Belgian ja Ranskan kirkoissa muutaman viime vuoden aikana.<\/p>\n\n\n\n<p>Tekij\u00e4n utelias mutta suorasukainen suhtautuminen kohteeseensa kasvaa paitsi kirkollisen estetiikan dokumentoinniksi, my\u00f6s yleisemm\u00e4ksi pohdiskeluksi synnin pysyvyydest\u00e4, pinnallisuudesta ja arkisuudesta. Dramaattisten syntien tunnustaminen rippituolissa ristikon l\u00e4pi papille on populaarikulttuurissa, etenkin tv-sarjoissa ja elokuvissa, usein romantisoitu tilanne. Todellisuudessa uskovien synnit lienev\u00e4t sekavia, pieni\u00e4 ja latteita.<\/p>\n\n\n\n<p>Sepp\u00e4sen kuvissa rippikopit ovat tyhji\u00e4: ei n\u00e4y pappia eik\u00e4 tunnustajaa, ja syntikin on poissa. Sen j\u00e4ljet kyll\u00e4 n\u00e4kyv\u00e4t. <em>Te absolvo<\/em> on t\u00e4ynn\u00e4 my\u00f6t\u00e4tuntoa &#8220;tavallisia ihmisi\u00e4&#8221; ja heid\u00e4n murheitaan kohtaan. N\u00e4ihin nurkkauksiin ihmiset ovat vuosikymmenien ajan ker\u00e4\u00e4ntyneet p\u00e4\u00e4st\u00e4kseen eroon pahasta olostaan.<\/p>\n\n\n\n<p>Kirjassa ei ole lainkaan tekstisis\u00e4lt\u00f6\u00e4. Otsikko ja julkaisutiedot on painettu latinaksi. Nimell\u00e4\u00e4n kirja tahtoo sanoa: &#8220;Min\u00e4 otan pois taakkasi, mene rauhassa.&#8221;<\/p>\n\n\n\n<p>Pieni k\u00e4sin sidottu teos on tehty kokonaan Bokeh-pajalla Helsingin Maunulassa. Sisus on digipainettu ja kannet tehty kohopainolla. 200 kappaleen numeroitu editio.<\/p>\n\n\n\n<p>You can purchase the book online <a href=\"https:\/\/holvi.com\/shop\/bokeh-kauppa\/product\/d5f798a7c466b5b1a25551714612c2b6\/\" data-type=\"URL\" data-id=\"https:\/\/holvi.com\/shop\/bokeh-kauppa\/product\/d5f798a7c466b5b1a25551714612c2b6\/\">at the Bokeh Shop<\/a> hintaan 11 euroa (+ postitus).<\/p>\n\n\n\n<div class=\"rl-gallery-container rl-loading\" id=\"rl-gallery-container-1\" data-gallery_id=\"1551\"> <div class=\"rl-gallery rl-basicmasonry-gallery edition\" id=\"rl-gallery-1\" data-gallery_no=\"1\"> <div class=\"rl-gutter-sizer\"><\/div><div class=\"rl-grid-sizer\"><\/div> <div class=\"rl-gallery-item rl-gallery-item-width-4\" > <div class=\"rl-gallery-item-content\"> <a href=\"https:\/\/bokeheditions.fi\/wp-content\/uploads\/2024\/06\/DSF9303.jpg\" title=\"\" data-rl_title=\"\" class=\"rl-gallery-link\" data-rl_caption=\"\" data-rel=\"lightbox-gallery-1\"><img src=\"https:\/\/bokeheditions.fi\/wp-content\/uploads\/2024\/06\/DSF9303-300x300.jpg\" width=\"300\" height=\"300\" \/><\/a> <\/div> <\/div> <div class=\"rl-gallery-item\" > <div class=\"rl-gallery-item-content\"> <a href=\"https:\/\/bokeheditions.fi\/wp-content\/uploads\/2024\/06\/DSF9306.jpg\" title=\"\" data-rl_title=\"\" class=\"rl-gallery-link\" data-rl_caption=\"\" data-rel=\"lightbox-gallery-1\"><img src=\"https:\/\/bokeheditions.fi\/wp-content\/uploads\/2024\/06\/DSF9306-300x300.jpg\" width=\"300\" height=\"300\" \/><\/a> <\/div> <\/div> <div class=\"rl-gallery-item\" > <div class=\"rl-gallery-item-content\"> <a href=\"https:\/\/bokeheditions.fi\/wp-content\/uploads\/2024\/06\/DSF9307.jpg\" title=\"\" data-rl_title=\"\" class=\"rl-gallery-link\" data-rl_caption=\"\" data-rel=\"lightbox-gallery-1\"><img src=\"https:\/\/bokeheditions.fi\/wp-content\/uploads\/2024\/06\/DSF9307-300x300.jpg\" width=\"300\" height=\"300\" \/><\/a> <\/div> <\/div> <div class=\"rl-gallery-item\" > <div class=\"rl-gallery-item-content\"> <a href=\"https:\/\/bokeheditions.fi\/wp-content\/uploads\/2024\/06\/DSF9311.jpg\" title=\"\" data-rl_title=\"\" class=\"rl-gallery-link\" data-rl_caption=\"\" data-rel=\"lightbox-gallery-1\"><img src=\"https:\/\/bokeheditions.fi\/wp-content\/uploads\/2024\/06\/DSF9311-300x300.jpg\" width=\"300\" height=\"300\" \/><\/a> <\/div> <\/div> <div class=\"rl-gallery-item\" > <div class=\"rl-gallery-item-content\"> <a href=\"https:\/\/bokeheditions.fi\/wp-content\/uploads\/2024\/06\/DSF9314.jpg\" title=\"\" data-rl_title=\"\" class=\"rl-gallery-link\" data-rl_caption=\"\" data-rel=\"lightbox-gallery-1\"><img src=\"https:\/\/bokeheditions.fi\/wp-content\/uploads\/2024\/06\/DSF9314-300x300.jpg\" width=\"300\" height=\"300\" \/><\/a> <\/div> <\/div> <div class=\"rl-gallery-item\" > <div class=\"rl-gallery-item-content\"> <a href=\"https:\/\/bokeheditions.fi\/wp-content\/uploads\/2024\/06\/DSF9316.jpg\" title=\"\" data-rl_title=\"\" class=\"rl-gallery-link\" data-rl_caption=\"\" data-rel=\"lightbox-gallery-1\"><img src=\"https:\/\/bokeheditions.fi\/wp-content\/uploads\/2024\/06\/DSF9316-300x300.jpg\" width=\"300\" height=\"300\" \/><\/a> <\/div> <\/div> <div class=\"rl-gallery-item\" > <div class=\"rl-gallery-item-content\"> <a href=\"https:\/\/bokeheditions.fi\/wp-content\/uploads\/2024\/06\/DSF9318.jpg\" title=\"\" data-rl_title=\"\" class=\"rl-gallery-link\" data-rl_caption=\"\" data-rel=\"lightbox-gallery-1\"><img src=\"https:\/\/bokeheditions.fi\/wp-content\/uploads\/2024\/06\/DSF9318-300x300.jpg\" width=\"300\" height=\"300\" \/><\/a> <\/div> <\/div> <div class=\"rl-gallery-item\" > <div class=\"rl-gallery-item-content\"> <a href=\"https:\/\/bokeheditions.fi\/wp-content\/uploads\/2024\/06\/DSF9322.jpg\" title=\"\" data-rl_title=\"\" class=\"rl-gallery-link\" data-rl_caption=\"\" data-rel=\"lightbox-gallery-1\"><img src=\"https:\/\/bokeheditions.fi\/wp-content\/uploads\/2024\/06\/DSF9322-300x300.jpg\" width=\"300\" height=\"300\" \/><\/a> <\/div> <\/div> <div class=\"rl-gallery-item\" > <div class=\"rl-gallery-item-content\"> <a href=\"https:\/\/bokeheditions.fi\/wp-content\/uploads\/2024\/06\/DSF9325.jpg\" title=\"\" data-rl_title=\"\" class=\"rl-gallery-link\" data-rl_caption=\"\" data-rel=\"lightbox-gallery-1\"><img src=\"https:\/\/bokeheditions.fi\/wp-content\/uploads\/2024\/06\/DSF9325-300x300.jpg\" width=\"300\" height=\"300\" \/><\/a> <\/div> <\/div> <div class=\"rl-gallery-item\" > <div class=\"rl-gallery-item-content\"> <a href=\"https:\/\/bokeheditions.fi\/wp-content\/uploads\/2024\/06\/DSF9326.jpg\" title=\"\" data-rl_title=\"\" class=\"rl-gallery-link\" data-rl_caption=\"\" data-rel=\"lightbox-gallery-1\"><img src=\"https:\/\/bokeheditions.fi\/wp-content\/uploads\/2024\/06\/DSF9326-300x300.jpg\" width=\"300\" height=\"300\" \/><\/a> <\/div> <\/div> <div class=\"rl-gallery-item\" > <div class=\"rl-gallery-item-content\"> <a href=\"https:\/\/bokeheditions.fi\/wp-content\/uploads\/2024\/06\/DSF9330.jpg\" title=\"\" data-rl_title=\"\" class=\"rl-gallery-link\" data-rl_caption=\"\" data-rel=\"lightbox-gallery-1\"><img src=\"https:\/\/bokeheditions.fi\/wp-content\/uploads\/2024\/06\/DSF9330-300x300.jpg\" width=\"300\" height=\"300\" \/><\/a> <\/div> <\/div> <div class=\"rl-gallery-item\" > <div class=\"rl-gallery-item-content\"> <a href=\"https:\/\/bokeheditions.fi\/wp-content\/uploads\/2024\/06\/DSF9331.jpg\" title=\"\" data-rl_title=\"\" class=\"rl-gallery-link\" data-rl_caption=\"\" data-rel=\"lightbox-gallery-1\"><img src=\"https:\/\/bokeheditions.fi\/wp-content\/uploads\/2024\/06\/DSF9331-300x300.jpg\" width=\"300\" height=\"300\" \/><\/a> <\/div> <\/div> <div class=\"rl-gallery-item\" > <div class=\"rl-gallery-item-content\"> <a href=\"https:\/\/bokeheditions.fi\/wp-content\/uploads\/2024\/06\/DSF9332.jpg\" title=\"\" data-rl_title=\"\" class=\"rl-gallery-link\" data-rl_caption=\"\" data-rel=\"lightbox-gallery-1\"><img src=\"https:\/\/bokeheditions.fi\/wp-content\/uploads\/2024\/06\/DSF9332-300x300.jpg\" width=\"300\" height=\"300\" \/><\/a> <\/div> <\/div> <\/div> <\/div>","protected":false},"excerpt":{"rendered":"<p>Te absolvoBOKEH#032ISBN 978-952-7501-19-12024 Valokuvat Jaana Sepp\u00e4nenGraafinen suunnittelu Antti Nyl\u00e9n Liimasidottu kirja, 38 s.Digi- ja kohopainoSisuspaperi MultiDesign Natural 130 g\/m2Painanut ja sitonut Bokeh, Helsinki 9 x 12 cm Editio 200 kpl Esseisti, kirjailija Jaana Sepp\u00e4sen valokuvakirja Te absolvo on katsaus l\u00e4nsieurooppalaisten kirkkojen rippikoppien nuhjuisiin yksityiskohtiin ja h\u00e4m\u00e4riin, hieman uhkaaviin tunnelmiin. Kuvat on otettu k\u00e4nnykk\u00e4kameralla Belgian ja &hellip; <\/p>\n<p class=\"link-more\"><a href=\"https:\/\/bokeheditions.fi\/en\/julkaisut\/te-absolvo\/\" class=\"more-link\">Continue reading<span class=\"screen-reader-text\"> &#8220;Te absolvo&#8221;<\/span><\/a><\/p>","protected":false},"author":2,"featured_media":0,"parent":45,"menu_order":0,"comment_status":"closed","ping_status":"closed","template":"","meta":[],"_links":{"self":[{"href":"https:\/\/bokeheditions.fi\/en\/wp-json\/wp\/v2\/pages\/1548"}],"collection":[{"href":"https:\/\/bokeheditions.fi\/en\/wp-json\/wp\/v2\/pages"}],"about":[{"href":"https:\/\/bokeheditions.fi\/en\/wp-json\/wp\/v2\/types\/page"}],"author":[{"embeddable":true,"href":"https:\/\/bokeheditions.fi\/en\/wp-json\/wp\/v2\/users\/2"}],"replies":[{"embeddable":true,"href":"https:\/\/bokeheditions.fi\/en\/wp-json\/wp\/v2\/comments?post=1548"}],"version-history":[{"count":3,"href":"https:\/\/bokeheditions.fi\/en\/wp-json\/wp\/v2\/pages\/1548\/revisions"}],"predecessor-version":[{"id":1557,"href":"https:\/\/bokeheditions.fi\/en\/wp-json\/wp\/v2\/pages\/1548\/revisions\/1557"}],"up":[{"embeddable":true,"href":"https:\/\/bokeheditions.fi\/en\/wp-json\/wp\/v2\/pages\/45"}],"wp:attachment":[{"href":"https:\/\/bokeheditions.fi\/en\/wp-json\/wp\/v2\/media?parent=1548"}],"curies":[{"name":"wp","href":"https:\/\/api.w.org\/{rel}","templated":true}]}}