{"id":157,"date":"2021-03-11T19:11:22","date_gmt":"2021-03-11T17:11:22","guid":{"rendered":"https:\/\/bokeheditions.fi\/?page_id=157"},"modified":"2021-04-26T14:28:36","modified_gmt":"2021-04-26T11:28:36","slug":"mika-sua-vaivaa-patricia-lee","status":"publish","type":"page","link":"https:\/\/bokeheditions.fi\/en\/julkaisut\/mika-sua-vaivaa-patricia-lee\/","title":{"rendered":"Mik\u00e4 sua vaivaa, Patricia Lee?"},"content":{"rendered":"<figure class=\"wp-block-image size-large\"><img loading=\"lazy\" width=\"1024\" height=\"683\" src=\"https:\/\/bokeheditions.fi\/wp-content\/uploads\/2021\/04\/mikasuavaivaa7-1024x683.jpg\" alt=\"\" class=\"wp-image-430\" srcset=\"https:\/\/bokeheditions.fi\/wp-content\/uploads\/2021\/04\/mikasuavaivaa7-1024x683.jpg 1024w, https:\/\/bokeheditions.fi\/wp-content\/uploads\/2021\/04\/mikasuavaivaa7-300x200.jpg 300w, https:\/\/bokeheditions.fi\/wp-content\/uploads\/2021\/04\/mikasuavaivaa7-768x512.jpg 768w, https:\/\/bokeheditions.fi\/wp-content\/uploads\/2021\/04\/mikasuavaivaa7-1536x1024.jpg 1536w, https:\/\/bokeheditions.fi\/wp-content\/uploads\/2021\/04\/mikasuavaivaa7-2048x1365.jpg 2048w, https:\/\/bokeheditions.fi\/wp-content\/uploads\/2021\/04\/mikasuavaivaa7-16x12.jpg 16w\" sizes=\"(max-width: 706px) 89vw, (max-width: 767px) 82vw, 740px\" \/><\/figure>\n\n\n\n<p><em>Mik\u00e4 sua vaivaa, Patricia Lee?<\/em><br>BOKEH#003<br>ISBN 978-952-69504-0-2<br>2020<\/p>\n\n\n\n<p>Essee, graafinen suunnittelu ja sidonta Antti Nyl\u00e9n<br><br>Lankasidottu vihko, 48 s.<br>Kannet voimakartonkia 300 g\/m<sup>2<\/sup>, sisus tulostuspaperia 80 g\/m<sup>2<\/sup><br>Esilehdet Folia 130 g\/m<sup>2<\/sup><br>100 x 140 x 5 mm<br><br>Editio 170 kpl<\/p>\n\n\n\n<p>\u201d<em>Mik\u00e4 sua vaivaa, Patricia Lee?<\/em> on kriittinen essee, jossa pyrit\u00e4\u00e4n n\u00e4kem\u00e4\u00e4n taiteilija Patti Smithin julkisen ikonistatuksen l\u00e4vitse ja tekem\u00e4\u00e4n selkoa edes joistakin h\u00e4nen taiteensa ja henkil\u00f6ns\u00e4 ominaispiirteist\u00e4.<\/p>\n\n\n\n<p>\u201dAjatukset ovat kasautuneet niin\u00e4 satoina tunteina, jotka olen k\u00e4ytt\u00e4nyt Smithin proosateosten suomentamiseen viimeksi kuluneen vuosikymmenen aikana.<\/p>\n\n\n\n<p>\u201dTeksti on kirjoitettu kes\u00e4kuussa 2020 Smithin <em>Apinan vuosi<\/em>&nbsp;-teoksen suomennoksen valmistuttua. T\u00e4m\u00e4n pienjulkaisun lis\u00e4ksi \u2019Mik\u00e4 sua vaivaa, Patrcicia Lee?\u2019 ilmestyy samaan aikaan julkaistavassa \u00e4\u00e4nikirjassani <em>Valitut esseet<\/em> (Siltala).\u201d<\/p>\n\n\n\n<p>Antti Nyl\u00e9n<\/p>\n\n\n\n<p>[Editio loppuunmyyty.]<\/p>\n\n\n\n<div class=\"rl-gallery-container rl-loading\" id=\"rl-gallery-container-1\" data-gallery_id=\"468\"> <div class=\"rl-gallery rl-basicmasonry-gallery edition\" id=\"rl-gallery-1\" data-gallery_no=\"1\"> <div class=\"rl-gutter-sizer\"><\/div><div class=\"rl-grid-sizer\"><\/div> <div class=\"rl-gallery-item rl-gallery-item-width-4\" > <div class=\"rl-gallery-item-content\"> <a href=\"https:\/\/bokeheditions.fi\/wp-content\/uploads\/2021\/04\/mikasuavaivaa1.jpg\" title=\"\" data-rl_title=\"\" class=\"rl-gallery-link\" data-rl_caption=\"\" data-rel=\"lightbox-gallery-1\"><img src=\"https:\/\/bokeheditions.fi\/wp-content\/uploads\/2021\/04\/mikasuavaivaa1-300x300.jpg\" width=\"300\" height=\"300\" \/><\/a> <\/div> <\/div> <div class=\"rl-gallery-item\" > <div class=\"rl-gallery-item-content\"> <a href=\"https:\/\/bokeheditions.fi\/wp-content\/uploads\/2021\/04\/mikasuavaivaa3.jpg\" title=\"\" data-rl_title=\"\" class=\"rl-gallery-link\" data-rl_caption=\"\" data-rel=\"lightbox-gallery-1\"><img src=\"https:\/\/bokeheditions.fi\/wp-content\/uploads\/2021\/04\/mikasuavaivaa3-300x300.jpg\" width=\"300\" height=\"300\" \/><\/a> <\/div> <\/div> <div class=\"rl-gallery-item\" > <div class=\"rl-gallery-item-content\"> <a href=\"https:\/\/bokeheditions.fi\/wp-content\/uploads\/2021\/04\/mikasuavaivaa6.jpg\" title=\"\" data-rl_title=\"\" class=\"rl-gallery-link\" data-rl_caption=\"\" data-rel=\"lightbox-gallery-1\"><img src=\"https:\/\/bokeheditions.fi\/wp-content\/uploads\/2021\/04\/mikasuavaivaa6-300x300.jpg\" width=\"300\" height=\"300\" \/><\/a> <\/div> <\/div> <div class=\"rl-gallery-item\" > <div class=\"rl-gallery-item-content\"> <a href=\"https:\/\/bokeheditions.fi\/wp-content\/uploads\/2021\/04\/mikasuavaivaa5.jpg\" title=\"\" data-rl_title=\"\" class=\"rl-gallery-link\" data-rl_caption=\"\" data-rel=\"lightbox-gallery-1\"><img src=\"https:\/\/bokeheditions.fi\/wp-content\/uploads\/2021\/04\/mikasuavaivaa5-300x300.jpg\" width=\"300\" height=\"300\" \/><\/a> <\/div> <\/div> <div class=\"rl-gallery-item\" > <div class=\"rl-gallery-item-content\"> <a href=\"https:\/\/bokeheditions.fi\/wp-content\/uploads\/2021\/04\/mikasuavaivaa4.jpg\" title=\"\" data-rl_title=\"\" class=\"rl-gallery-link\" data-rl_caption=\"\" data-rel=\"lightbox-gallery-1\"><img src=\"https:\/\/bokeheditions.fi\/wp-content\/uploads\/2021\/04\/mikasuavaivaa4-300x300.jpg\" width=\"300\" height=\"300\" \/><\/a> <\/div> <\/div> <div class=\"rl-gallery-item\" > <div class=\"rl-gallery-item-content\"> <a href=\"https:\/\/bokeheditions.fi\/wp-content\/uploads\/2021\/04\/mikasuavaivaa2.jpg\" title=\"\" data-rl_title=\"\" class=\"rl-gallery-link\" data-rl_caption=\"\" data-rel=\"lightbox-gallery-1\"><img src=\"https:\/\/bokeheditions.fi\/wp-content\/uploads\/2021\/04\/mikasuavaivaa2-300x300.jpg\" width=\"300\" height=\"300\" \/><\/a> <\/div> <\/div> <\/div> <\/div>","protected":false},"excerpt":{"rendered":"<p>Mik\u00e4 sua vaivaa, Patricia Lee?BOKEH#003ISBN 978-952-69504-0-22020 Essee, graafinen suunnittelu ja sidonta Antti Nyl\u00e9n Lankasidottu vihko, 48 s.Kannet voimakartonkia 300 g\/m2, sisus tulostuspaperia 80 g\/m2Esilehdet Folia 130 g\/m2100 x 140 x 5 mm Editio 170 kpl \u201dMik\u00e4 sua vaivaa, Patricia Lee? on kriittinen essee, jossa pyrit\u00e4\u00e4n n\u00e4kem\u00e4\u00e4n taiteilija Patti Smithin julkisen ikonistatuksen l\u00e4vitse ja tekem\u00e4\u00e4n selkoa &hellip; <\/p>\n<p class=\"link-more\"><a href=\"https:\/\/bokeheditions.fi\/en\/julkaisut\/mika-sua-vaivaa-patricia-lee\/\" class=\"more-link\">Continue reading<span class=\"screen-reader-text\"> &#8220;Mik\u00e4 sua vaivaa, Patricia Lee?&#8221;<\/span><\/a><\/p>","protected":false},"author":1,"featured_media":0,"parent":45,"menu_order":0,"comment_status":"closed","ping_status":"closed","template":"","meta":[],"_links":{"self":[{"href":"https:\/\/bokeheditions.fi\/en\/wp-json\/wp\/v2\/pages\/157"}],"collection":[{"href":"https:\/\/bokeheditions.fi\/en\/wp-json\/wp\/v2\/pages"}],"about":[{"href":"https:\/\/bokeheditions.fi\/en\/wp-json\/wp\/v2\/types\/page"}],"author":[{"embeddable":true,"href":"https:\/\/bokeheditions.fi\/en\/wp-json\/wp\/v2\/users\/1"}],"replies":[{"embeddable":true,"href":"https:\/\/bokeheditions.fi\/en\/wp-json\/wp\/v2\/comments?post=157"}],"version-history":[{"count":8,"href":"https:\/\/bokeheditions.fi\/en\/wp-json\/wp\/v2\/pages\/157\/revisions"}],"predecessor-version":[{"id":640,"href":"https:\/\/bokeheditions.fi\/en\/wp-json\/wp\/v2\/pages\/157\/revisions\/640"}],"up":[{"embeddable":true,"href":"https:\/\/bokeheditions.fi\/en\/wp-json\/wp\/v2\/pages\/45"}],"wp:attachment":[{"href":"https:\/\/bokeheditions.fi\/en\/wp-json\/wp\/v2\/media?parent=157"}],"curies":[{"name":"wp","href":"https:\/\/api.w.org\/{rel}","templated":true}]}}