{"id":159,"date":"2021-03-11T19:11:36","date_gmt":"2021-03-11T17:11:36","guid":{"rendered":"https:\/\/bokeheditions.fi\/?page_id=159"},"modified":"2021-04-05T16:13:39","modified_gmt":"2021-04-05T13:13:39","slug":"kaikki-nimet","status":"publish","type":"page","link":"https:\/\/bokeheditions.fi\/en\/julkaisut\/kaikki-nimet\/","title":{"rendered":"The Complete Names"},"content":{"rendered":"<figure class=\"wp-block-image size-large\"><img loading=\"lazy\" width=\"1024\" height=\"683\" src=\"https:\/\/bokeheditions.fi\/wp-content\/uploads\/2021\/04\/kaikkinimet6-1024x683.jpg\" alt=\"\" class=\"wp-image-408\" srcset=\"https:\/\/bokeheditions.fi\/wp-content\/uploads\/2021\/04\/kaikkinimet6-1024x683.jpg 1024w, https:\/\/bokeheditions.fi\/wp-content\/uploads\/2021\/04\/kaikkinimet6-300x200.jpg 300w, https:\/\/bokeheditions.fi\/wp-content\/uploads\/2021\/04\/kaikkinimet6-768x512.jpg 768w, https:\/\/bokeheditions.fi\/wp-content\/uploads\/2021\/04\/kaikkinimet6-1536x1024.jpg 1536w, https:\/\/bokeheditions.fi\/wp-content\/uploads\/2021\/04\/kaikkinimet6-2048x1365.jpg 2048w, https:\/\/bokeheditions.fi\/wp-content\/uploads\/2021\/04\/kaikkinimet6-16x12.jpg 16w\" sizes=\"(max-width: 706px) 89vw, (max-width: 767px) 82vw, 740px\" \/><\/figure>\n\n\n\n<p><em>The Complete Names<\/em><br>BOKEH#002<br>2020<\/p>\n\n\n\n<p>Graafinen suunnittelu ja sidonta Antti Nyl\u00e9n<br><br>Lankasidottu vihko, 32 s.<br>Kannet Canson Iris Vivaldi 260 g\/m<sup>2<\/sup>, sisus Svenskt Arkiv 80 g\/m<sup>2<\/sup><br>70 x 105 x 3 mm<br><br>Editio 30 kpl<\/p>\n\n\n\n<p>\u201dJarvis eli vuosina 2003\u20132015 ja oli merkitt\u00e4v\u00e4 kissa. Sukupuolestaan huolimatta h\u00e4net nimettiin er\u00e4\u00e4n miespuolisen englantilaisen poplyyrikon mukaan.<\/p>\n\n\n\n<p><em>\u201dKaikki nimet<\/em>&nbsp;sis\u00e4lt\u00e4\u00e4 Jarviksen kaikki perhepiiriss\u00e4 k\u00e4ytetyt lempinimet. Niiden lukum\u00e4\u00e4r\u00e4 on 42.<\/p>\n\n\n\n<p>\u201dPieni taiteilijakirjani on velkaa Jacques Derridan \u2019el\u00e4inkirjoituksille\u2019, jotka ilmestyiv\u00e4t syksyll\u00e4 2019 Anna Tuomikosken tarkkana ja kauniina suomennoksena ja joita lueskelin talven 2019\u20132020 yli. Samoin ajattelin kirjaa tehdess\u00e4ni T.S. Eliotin kissarunoja, jotka puolestaan ilmestyiv\u00e4t pari vuotta sitten Jaakko Yli-Juonikkaan taitavasti suomeksi sommittelemina.<\/p>\n\n\n\n<p>\u201dLemmikkikissojen tiedossa olevat, vaikkakin lukuisat nimet ovat vain pieni n\u00e4kyv\u00e4 osa heid\u00e4n koko henkil\u00f6st\u00e4\u00e4n.\u201d<\/p>\n\n\n\n<p>Antti Nyl\u00e9n<\/p>\n\n\n\n<div class=\"rl-gallery-container rl-loading\" id=\"rl-gallery-container-1\" data-gallery_id=\"475\"> <div class=\"rl-gallery rl-basicmasonry-gallery edition\" id=\"rl-gallery-1\" data-gallery_no=\"1\"> <div class=\"rl-gutter-sizer\"><\/div><div class=\"rl-grid-sizer\"><\/div> <div class=\"rl-gallery-item rl-gallery-item-width-4\" > <div class=\"rl-gallery-item-content\"> <a href=\"https:\/\/bokeheditions.fi\/wp-content\/uploads\/2021\/04\/kaikkinimet7.jpg\" title=\"\" data-rl_title=\"\" class=\"rl-gallery-link\" data-rl_caption=\"\" data-rel=\"lightbox-gallery-1\"><img src=\"https:\/\/bokeheditions.fi\/wp-content\/uploads\/2021\/04\/kaikkinimet7-300x300.jpg\" width=\"300\" height=\"300\" \/><\/a> <\/div> <\/div> <div class=\"rl-gallery-item\" > <div class=\"rl-gallery-item-content\"> <a href=\"https:\/\/bokeheditions.fi\/wp-content\/uploads\/2021\/04\/kaikkinimet4.jpg\" title=\"\" data-rl_title=\"\" class=\"rl-gallery-link\" data-rl_caption=\"\" data-rel=\"lightbox-gallery-1\"><img src=\"https:\/\/bokeheditions.fi\/wp-content\/uploads\/2021\/04\/kaikkinimet4-300x300.jpg\" width=\"300\" height=\"300\" \/><\/a> <\/div> <\/div> <div class=\"rl-gallery-item\" > <div class=\"rl-gallery-item-content\"> <a href=\"https:\/\/bokeheditions.fi\/wp-content\/uploads\/2021\/04\/kaikkinimet1.jpg\" title=\"\" data-rl_title=\"\" class=\"rl-gallery-link\" data-rl_caption=\"\" data-rel=\"lightbox-gallery-1\"><img src=\"https:\/\/bokeheditions.fi\/wp-content\/uploads\/2021\/04\/kaikkinimet1-300x300.jpg\" width=\"300\" height=\"300\" \/><\/a> <\/div> <\/div> <div class=\"rl-gallery-item\" > <div class=\"rl-gallery-item-content\"> <a href=\"https:\/\/bokeheditions.fi\/wp-content\/uploads\/2021\/04\/kaikkinimet5.jpg\" title=\"\" data-rl_title=\"\" class=\"rl-gallery-link\" data-rl_caption=\"\" data-rel=\"lightbox-gallery-1\"><img src=\"https:\/\/bokeheditions.fi\/wp-content\/uploads\/2021\/04\/kaikkinimet5-300x300.jpg\" width=\"300\" height=\"300\" \/><\/a> <\/div> <\/div> <div class=\"rl-gallery-item\" > <div class=\"rl-gallery-item-content\"> <a href=\"https:\/\/bokeheditions.fi\/wp-content\/uploads\/2021\/04\/kaikkinimet3.jpg\" title=\"\" data-rl_title=\"\" class=\"rl-gallery-link\" data-rl_caption=\"\" data-rel=\"lightbox-gallery-1\"><img src=\"https:\/\/bokeheditions.fi\/wp-content\/uploads\/2021\/04\/kaikkinimet3-300x300.jpg\" width=\"300\" height=\"300\" \/><\/a> <\/div> <\/div> <div class=\"rl-gallery-item\" > <div class=\"rl-gallery-item-content\"> <a href=\"https:\/\/bokeheditions.fi\/wp-content\/uploads\/2021\/04\/kaikkinimet2.jpg\" title=\"\" data-rl_title=\"\" class=\"rl-gallery-link\" data-rl_caption=\"\" data-rel=\"lightbox-gallery-1\"><img src=\"https:\/\/bokeheditions.fi\/wp-content\/uploads\/2021\/04\/kaikkinimet2-300x300.jpg\" width=\"300\" height=\"300\" \/><\/a> <\/div> <\/div> <\/div> <\/div>","protected":false},"excerpt":{"rendered":"<p>Kaikki nimetBOKEH#0022020 Graafinen suunnittelu ja sidonta Antti Nyl\u00e9n Lankasidottu vihko, 32 s.Kannet Canson Iris Vivaldi 260 g\/m2, sisus Svenskt Arkiv 80 g\/m270 x 105 x 3 mm Editio 30 kpl \u201dJarvis eli vuosina 2003\u20132015 ja oli merkitt\u00e4v\u00e4 kissa. Sukupuolestaan huolimatta h\u00e4net nimettiin er\u00e4\u00e4n miespuolisen englantilaisen poplyyrikon mukaan. \u201dKaikki nimet&nbsp;sis\u00e4lt\u00e4\u00e4 Jarviksen kaikki perhepiiriss\u00e4 k\u00e4ytetyt lempinimet. Niiden &hellip; <\/p>\n<p class=\"link-more\"><a href=\"https:\/\/bokeheditions.fi\/en\/julkaisut\/kaikki-nimet\/\" class=\"more-link\">Continue reading<span class=\"screen-reader-text\"> &#8220;Kaikki nimet&#8221;<\/span><\/a><\/p>","protected":false},"author":1,"featured_media":0,"parent":45,"menu_order":0,"comment_status":"closed","ping_status":"closed","template":"","meta":[],"_links":{"self":[{"href":"https:\/\/bokeheditions.fi\/en\/wp-json\/wp\/v2\/pages\/159"}],"collection":[{"href":"https:\/\/bokeheditions.fi\/en\/wp-json\/wp\/v2\/pages"}],"about":[{"href":"https:\/\/bokeheditions.fi\/en\/wp-json\/wp\/v2\/types\/page"}],"author":[{"embeddable":true,"href":"https:\/\/bokeheditions.fi\/en\/wp-json\/wp\/v2\/users\/1"}],"replies":[{"embeddable":true,"href":"https:\/\/bokeheditions.fi\/en\/wp-json\/wp\/v2\/comments?post=159"}],"version-history":[{"count":46,"href":"https:\/\/bokeheditions.fi\/en\/wp-json\/wp\/v2\/pages\/159\/revisions"}],"predecessor-version":[{"id":614,"href":"https:\/\/bokeheditions.fi\/en\/wp-json\/wp\/v2\/pages\/159\/revisions\/614"}],"up":[{"embeddable":true,"href":"https:\/\/bokeheditions.fi\/en\/wp-json\/wp\/v2\/pages\/45"}],"wp:attachment":[{"href":"https:\/\/bokeheditions.fi\/en\/wp-json\/wp\/v2\/media?parent=159"}],"curies":[{"name":"wp","href":"https:\/\/api.w.org\/{rel}","templated":true}]}}