{"id":161,"date":"2021-03-11T19:11:54","date_gmt":"2021-03-11T17:11:54","guid":{"rendered":"https:\/\/bokeheditions.fi\/?page_id=161"},"modified":"2022-10-06T16:18:47","modified_gmt":"2022-10-06T13:18:47","slug":"sekalaisia-kokeita","status":"publish","type":"page","link":"https:\/\/bokeheditions.fi\/en\/julkaisut\/sekalaisia-kokeita\/","title":{"rendered":"Sekalaisia kokeita"},"content":{"rendered":"<figure class=\"wp-block-image size-large\"><img loading=\"lazy\" width=\"1024\" height=\"683\" src=\"https:\/\/bokeheditions.fi\/wp-content\/uploads\/2021\/04\/sekalaisia7-1024x683.jpg\" alt=\"\" class=\"wp-image-416\" srcset=\"https:\/\/bokeheditions.fi\/wp-content\/uploads\/2021\/04\/sekalaisia7-1024x683.jpg 1024w, https:\/\/bokeheditions.fi\/wp-content\/uploads\/2021\/04\/sekalaisia7-300x200.jpg 300w, https:\/\/bokeheditions.fi\/wp-content\/uploads\/2021\/04\/sekalaisia7-768x512.jpg 768w, https:\/\/bokeheditions.fi\/wp-content\/uploads\/2021\/04\/sekalaisia7-1536x1024.jpg 1536w, https:\/\/bokeheditions.fi\/wp-content\/uploads\/2021\/04\/sekalaisia7-2048x1365.jpg 2048w, https:\/\/bokeheditions.fi\/wp-content\/uploads\/2021\/04\/sekalaisia7-16x12.jpg 16w\" sizes=\"(max-width: 706px) 89vw, (max-width: 767px) 82vw, 740px\" \/><\/figure>\n\n\n\n<p><em>Sekalaisia kokeita<\/em><br>BOKEH#001<br>2020<\/p>\n\n\n\n<p>Kuvamateriaali Sakari P\u00e4lsi<br>Graafinen suunnittelu ja sidonta Antti Nyl\u00e9n<br><br>Lankasidottu vihko 32 + 4 s.<br>15 mustavalkoista kopiokoneella tehty\u00e4 kuvaj\u00e4ljenn\u00f6st\u00e4<br>Digitaalinen v\u00e4rivedos (RA-4) 10 x 10 cm<br>Hopeagelatiinivedos 10 x 10 cm<br>Kannet Munken Pure 240 g\/m<sup>2<\/sup>, sisus Svenskt Arkiv 80 g\/m<sup>2<\/sup><br>210 x 297 x 3 mm<br><br>Editio 12 kpl (loppuunmyyty)<\/p>\n\n\n\n<p>\u201dKehitin huhtikuussa 2020 arkeologi, kirjailija, valokuvaaja ja kansatieteilij\u00e4 Sakari P\u00e4lsin (1882\u20131965) oletettavasti 1950-luvun lopulla tai viimeist\u00e4\u00e4n 1960-luvun alussa valottaman filmin, jonka olin reilua vuotta aikaisemmin saanut tuttavaltani.<\/p>\n\n\n\n<p>\u201d127-formaatin filmi oli k\u00e4\u00e4ritty paperinpalaan, johon P\u00e4lsi oli kirjoittanut otsikon <em>Sekalaisia kokeita<\/em>.<\/p>\n\n\n\n<p>\u201dP\u00e4lsi oli dokumentaarisen valokuvauksen ja katukuvauksen varhainen harrastaja ja puolestapuhuja. Millaisia \u2019kokeita\u2019 h\u00e4n olisi el\u00e4m\u00e4ns\u00e4 lopulla kameralla tehnyt? Ja miksei h\u00e4n kehitt\u00e4nyt filmi\u00e4\u00e4n?<\/p>\n\n\n\n<p>\u201dKehitetty\u00e4ni P\u00e4lsin salaper\u00e4isen filmin n\u00e4in heti, ett\u00e4 se oli pahasti hunnuttunut tai ylivalottunut. Mutta kun vedostin kovalla jyrkkyyssuodatuksella ja pitkill\u00e4 ajoilla, sain jonkinlaisia kuvia aikaiseksi.<\/p>\n\n\n\n<p>\u201dVedostin filmin suurin piirtein koko pituudeltaan identtisin valotusarvoin ja sain viisitoista neli\u00f6n muotoista kuvaa. Osa&nbsp; niist\u00e4 on t\u00e4ysin abstrakteja, mutta monissa erottuu aiheita. N\u00e4ytt\u00e4\u00e4 silt\u00e4, ett\u00e4 on tehty p\u00e4\u00e4llekk\u00e4isvalotuksia.<\/p>\n\n\n\n<p>\u201dTaiteilijakirja sis\u00e4lt\u00e4\u00e4 tekemieni paperivedosten j\u00e4ljenn\u00f6kset. Tein ne kopiokoneella, koska se sopi jyrkkien vedosten estetiikkaan. Lis\u00e4ksi teos sis\u00e4lt\u00e4\u00e4 hopeavedoksen filmin toisessa p\u00e4\u00e4ss\u00e4 olleesta huonekasvitutkielmasta.\u201d<\/p>\n\n\n\n<p>Antti Nyl\u00e9n<\/p>\n\n\n\n<div class=\"rl-gallery-container rl-loading\" id=\"rl-gallery-container-1\" data-gallery_id=\"465\"> <div class=\"rl-gallery rl-basicmasonry-gallery edition\" id=\"rl-gallery-1\" data-gallery_no=\"1\"> <div class=\"rl-gutter-sizer\"><\/div><div class=\"rl-grid-sizer\"><\/div> <div class=\"rl-gallery-item rl-gallery-item-width-4\" > <div class=\"rl-gallery-item-content\"> <a href=\"https:\/\/bokeheditions.fi\/wp-content\/uploads\/2021\/04\/sekalaisia6.jpg\" title=\"\" data-rl_title=\"\" class=\"rl-gallery-link\" data-rl_caption=\"\" data-rel=\"lightbox-gallery-1\"><img src=\"https:\/\/bokeheditions.fi\/wp-content\/uploads\/2021\/04\/sekalaisia6-300x300.jpg\" width=\"300\" height=\"300\" \/><\/a> <\/div> <\/div> <div class=\"rl-gallery-item\" > <div class=\"rl-gallery-item-content\"> <a href=\"https:\/\/bokeheditions.fi\/wp-content\/uploads\/2021\/04\/sekalaisia5.jpg\" title=\"\" data-rl_title=\"\" class=\"rl-gallery-link\" data-rl_caption=\"\" data-rel=\"lightbox-gallery-1\"><img src=\"https:\/\/bokeheditions.fi\/wp-content\/uploads\/2021\/04\/sekalaisia5-300x300.jpg\" width=\"300\" height=\"300\" \/><\/a> <\/div> <\/div> <div class=\"rl-gallery-item\" > <div class=\"rl-gallery-item-content\"> <a href=\"https:\/\/bokeheditions.fi\/wp-content\/uploads\/2021\/04\/sekalaisia4.jpg\" title=\"\" data-rl_title=\"\" class=\"rl-gallery-link\" data-rl_caption=\"\" data-rel=\"lightbox-gallery-1\"><img src=\"https:\/\/bokeheditions.fi\/wp-content\/uploads\/2021\/04\/sekalaisia4-300x300.jpg\" width=\"300\" height=\"300\" \/><\/a> <\/div> <\/div> <div class=\"rl-gallery-item\" > <div class=\"rl-gallery-item-content\"> <a href=\"https:\/\/bokeheditions.fi\/wp-content\/uploads\/2021\/04\/sekalaisia3.jpg\" title=\"\" data-rl_title=\"\" class=\"rl-gallery-link\" data-rl_caption=\"\" data-rel=\"lightbox-gallery-1\"><img src=\"https:\/\/bokeheditions.fi\/wp-content\/uploads\/2021\/04\/sekalaisia3-300x300.jpg\" width=\"300\" height=\"300\" \/><\/a> <\/div> <\/div> <div class=\"rl-gallery-item\" > <div class=\"rl-gallery-item-content\"> <a href=\"https:\/\/bokeheditions.fi\/wp-content\/uploads\/2021\/04\/sekalaisia2.jpg\" title=\"\" data-rl_title=\"\" class=\"rl-gallery-link\" data-rl_caption=\"\" data-rel=\"lightbox-gallery-1\"><img src=\"https:\/\/bokeheditions.fi\/wp-content\/uploads\/2021\/04\/sekalaisia2-300x300.jpg\" width=\"300\" height=\"300\" \/><\/a> <\/div> <\/div> <div class=\"rl-gallery-item\" > <div class=\"rl-gallery-item-content\"> <a href=\"https:\/\/bokeheditions.fi\/wp-content\/uploads\/2021\/04\/sekalaisia1.jpg\" title=\"\" data-rl_title=\"\" class=\"rl-gallery-link\" data-rl_caption=\"\" data-rel=\"lightbox-gallery-1\"><img src=\"https:\/\/bokeheditions.fi\/wp-content\/uploads\/2021\/04\/sekalaisia1-300x300.jpg\" width=\"300\" height=\"300\" \/><\/a> <\/div> <\/div> <\/div> <\/div>","protected":false},"excerpt":{"rendered":"<p>Sekalaisia kokeitaBOKEH#0012020 Kuvamateriaali Sakari P\u00e4lsiGraafinen suunnittelu ja sidonta Antti Nyl\u00e9n Lankasidottu vihko 32 + 4 s.15 mustavalkoista kopiokoneella tehty\u00e4 kuvaj\u00e4ljenn\u00f6st\u00e4Digitaalinen v\u00e4rivedos (RA-4) 10 x 10 cmHopeagelatiinivedos 10 x 10 cmKannet Munken Pure 240 g\/m2, sisus Svenskt Arkiv 80 g\/m2210 x 297 x 3 mm Editio 12 kpl (loppuunmyyty) \u201dKehitin huhtikuussa 2020 arkeologi, kirjailija, valokuvaaja ja &hellip; <\/p>\n<p class=\"link-more\"><a href=\"https:\/\/bokeheditions.fi\/en\/julkaisut\/sekalaisia-kokeita\/\" class=\"more-link\">Continue reading<span class=\"screen-reader-text\"> &#8220;Sekalaisia kokeita&#8221;<\/span><\/a><\/p>","protected":false},"author":1,"featured_media":0,"parent":45,"menu_order":0,"comment_status":"closed","ping_status":"closed","template":"","meta":[],"_links":{"self":[{"href":"https:\/\/bokeheditions.fi\/en\/wp-json\/wp\/v2\/pages\/161"}],"collection":[{"href":"https:\/\/bokeheditions.fi\/en\/wp-json\/wp\/v2\/pages"}],"about":[{"href":"https:\/\/bokeheditions.fi\/en\/wp-json\/wp\/v2\/types\/page"}],"author":[{"embeddable":true,"href":"https:\/\/bokeheditions.fi\/en\/wp-json\/wp\/v2\/users\/1"}],"replies":[{"embeddable":true,"href":"https:\/\/bokeheditions.fi\/en\/wp-json\/wp\/v2\/comments?post=161"}],"version-history":[{"count":10,"href":"https:\/\/bokeheditions.fi\/en\/wp-json\/wp\/v2\/pages\/161\/revisions"}],"predecessor-version":[{"id":1113,"href":"https:\/\/bokeheditions.fi\/en\/wp-json\/wp\/v2\/pages\/161\/revisions\/1113"}],"up":[{"embeddable":true,"href":"https:\/\/bokeheditions.fi\/en\/wp-json\/wp\/v2\/pages\/45"}],"wp:attachment":[{"href":"https:\/\/bokeheditions.fi\/en\/wp-json\/wp\/v2\/media?parent=161"}],"curies":[{"name":"wp","href":"https:\/\/api.w.org\/{rel}","templated":true}]}}