{"id":1632,"date":"2024-09-19T10:34:10","date_gmt":"2024-09-19T07:34:10","guid":{"rendered":"https:\/\/bokeheditions.fi\/?page_id=1632"},"modified":"2024-09-19T11:27:16","modified_gmt":"2024-09-19T08:27:16","slug":"tyomaa-bygge","status":"publish","type":"page","link":"https:\/\/bokeheditions.fi\/en\/julkaisut\/tyomaa-bygge\/","title":{"rendered":"Ty\u00f6maa = Bygge"},"content":{"rendered":"<figure class=\"wp-block-image size-large\"><img loading=\"lazy\" width=\"1024\" height=\"683\" src=\"https:\/\/bokeheditions.fi\/wp-content\/uploads\/2024\/08\/DSF9390-1024x683.jpg\" alt=\"\" class=\"wp-image-1581\" srcset=\"https:\/\/bokeheditions.fi\/wp-content\/uploads\/2024\/08\/DSF9390-1024x683.jpg 1024w, https:\/\/bokeheditions.fi\/wp-content\/uploads\/2024\/08\/DSF9390-300x200.jpg 300w, https:\/\/bokeheditions.fi\/wp-content\/uploads\/2024\/08\/DSF9390-768x512.jpg 768w, https:\/\/bokeheditions.fi\/wp-content\/uploads\/2024\/08\/DSF9390-1536x1024.jpg 1536w, https:\/\/bokeheditions.fi\/wp-content\/uploads\/2024\/08\/DSF9390-2048x1365.jpg 2048w, https:\/\/bokeheditions.fi\/wp-content\/uploads\/2024\/08\/DSF9390-18x12.jpg 18w\" sizes=\"(max-width: 706px) 89vw, (max-width: 767px) 82vw, 740px\" \/><\/figure>\n\n\n\n<p><em>Ty\u00f6maa = Bygge<\/em><br>BOKEH#033<br>ISBN 978-952-7501-20-7<br>2024<\/p>\n\n\n\n<p>Valokuvat ja alkulause Sami Haapavaara<br>J\u00e4lkisanat Helmi Kajaste<br>Ruotsinnokset Magnus Strandberg<br>Graphic design Antti Nyl\u00e9n<\/p>\n\n\n\n<p>Nidottu vihko, pahvikannet, kansipaperi, 76 s.<br>Paperit Edixion Offset 70 g\/m<sup>2<\/sup>, Munken Print Cream 90 g\/m<sup>2<\/sup>, G-Print 150 g\/m<sup>2<\/sup><br>Sisuksen painanut Helsinki Bofori, Helsinki<br>Muut painoty\u00f6t (seri- ja kohopaino) ja sidonta Bokeh<\/p>\n\n\n\n<p>180 x 275 x 8 mm<\/p>\n\n\n\n<p>Editio 150 kpl<\/p>\n\n\n\n<p><em>Ty\u00f6maa<\/em>, ruotsinkieliselt\u00e4 rinnakkaisnimelt\u00e4\u00e4n <em>Bygge<\/em>, on valokuvaaja Sami Haapavaaran (s. 1973) valokuvakirja. Se koostuu ruuduista, jotka h\u00e4n on kuvannut hitsaajan-ty\u00f6ns\u00e4 ohessa muutaman viime vuoden aikana p\u00e4\u00e4kaupunkiseudun suurilla rakennusty\u00f6mailla. <\/p>\n\n\n\n<p>Laajasta kuva-aineistosta editoitussa kokonaisuudessa korostuvat esteettiset, jopa formaalit piirteet, kuten suorat, riste\u00e4v\u00e4t ja kuvapintoja jakavat linjat ja muut geometriset elementit. Teos on dokumentaarinen vain pinnalta. Kirjalliset ja kertovat piirteet j\u00e4\u00e4v\u00e4t niin ik\u00e4\u00e4n v\u00e4hiin. Varsinainen sis\u00e4lt\u00f6 on puhtaasti kuvataiteellinen.<\/p>\n\n\n\n<p>Valokuvaaja usein k\u00e4sitet\u00e4\u00e4n henkil\u00f6ksi, joka ei osallistu kuvaamiinsa tapahtumiin vaan on ulkopuolinen niihin n\u00e4hden. <em>Ty\u00f6maassa<\/em> tilanne on toisenlainen. Haapavaara on opiskellut valokuvausta Lontoossa 1990-luvulla, mutta <em>Ty\u00f6maassa<\/em> h\u00e4n on valokuvaajanakin ennen kaikkea hitsaaja.<\/p>\n\n\n\n<p>Kuvat on painettu l\u00e4pikuultavalle paperille, ja osa sivuista on pystyreunasta kavennettuja. K\u00e4sin sidottu kirja on sidontatavaltaan vihko, mutta kannet ovat kovat. Niiden p\u00e4\u00e4ll\u00e4 on lis\u00e4ksi kohopainettu kansipaperi. Sis\u00e4kannet on tehty seripainolla varsin kokeellisissa oloissa, joten yksil\u00f6lliset erot kirjakappaleiden v\u00e4lill\u00e4 ovat suuria.<\/p>\n\n\n\n<p>Haapavaaran omien alkusanojen lis\u00e4ksi teoksessa on arkkitehti ja taiteilija Helmi Kajasteen j\u00e4lkilause. H\u00e4n kertoo siin\u00e4 rakennussuunnittelijan ty\u00f6st\u00e4\u00e4n ja suhteestaan ty\u00f6maihin. Teksti tuo kuvasarjan rinnalle toisen kokemuksen ja havainnollistaa sit\u00e4, miten talo rakennetaan ensin arkkitehdin mieless\u00e4 ja piirustuksissa, sitten vasta maastossa, eik\u00e4 n\u00e4iden kahden luomisty\u00f6n \u2013 kahden eri kulttuurin \u2013 v\u00e4lill\u00e4 ole varsinaista yhteytt\u00e4. Kuitenkaan niit\u00e4 ei voi erottaa toisistaan.<\/p>\n\n\n\n<p>Teoksessa kaikki tekstit ovat my\u00f6s ruotsinkielisin\u00e4 k\u00e4\u00e4nn\u00f6ksin\u00e4.<\/p>\n\n\n\n<p>Kirja on myyt\u00e4v\u00e4n\u00e4 <a href=\"https:\/\/holvi.com\/shop\/bokeh-kauppa\/product\/a4b57ee38f6808d5ac93b536f3cba86d\/\" target=\"_blank\" rel=\"noreferrer noopener\">at the Bokeh Shop<\/a>.<\/p>\n\n\n\n<div class=\"rl-gallery-container rl-loading\" id=\"rl-gallery-container-1\" data-gallery_id=\"1644\"> <div class=\"rl-gallery rl-basicmasonry-gallery edition\" id=\"rl-gallery-1\" data-gallery_no=\"1\"> <div class=\"rl-gutter-sizer\"><\/div><div class=\"rl-grid-sizer\"><\/div> <div class=\"rl-gallery-item rl-gallery-item-width-4\" > <div class=\"rl-gallery-item-content\"> <a href=\"https:\/\/bokeheditions.fi\/wp-content\/uploads\/2024\/08\/DSF9363.jpg\" title=\"\" data-rl_title=\"\" class=\"rl-gallery-link\" data-rl_caption=\"\" data-rel=\"lightbox-gallery-1\"><img src=\"https:\/\/bokeheditions.fi\/wp-content\/uploads\/2024\/08\/DSF9363-300x300.jpg\" width=\"300\" height=\"300\" \/><\/a> <\/div> <\/div> <div class=\"rl-gallery-item\" > <div class=\"rl-gallery-item-content\"> <a href=\"https:\/\/bokeheditions.fi\/wp-content\/uploads\/2024\/08\/DSF9364.jpg\" title=\"\" data-rl_title=\"\" class=\"rl-gallery-link\" data-rl_caption=\"\" data-rel=\"lightbox-gallery-1\"><img src=\"https:\/\/bokeheditions.fi\/wp-content\/uploads\/2024\/08\/DSF9364-300x300.jpg\" width=\"300\" height=\"300\" \/><\/a> <\/div> <\/div> <div class=\"rl-gallery-item\" > <div class=\"rl-gallery-item-content\"> <a href=\"https:\/\/bokeheditions.fi\/wp-content\/uploads\/2024\/08\/DSF9366.jpg\" title=\"\" data-rl_title=\"\" class=\"rl-gallery-link\" data-rl_caption=\"\" data-rel=\"lightbox-gallery-1\"><img src=\"https:\/\/bokeheditions.fi\/wp-content\/uploads\/2024\/08\/DSF9366-300x300.jpg\" width=\"300\" height=\"300\" \/><\/a> <\/div> <\/div> <div class=\"rl-gallery-item\" > <div class=\"rl-gallery-item-content\"> <a href=\"https:\/\/bokeheditions.fi\/wp-content\/uploads\/2024\/08\/DSF9387.jpg\" title=\"\" data-rl_title=\"\" class=\"rl-gallery-link\" data-rl_caption=\"\" data-rel=\"lightbox-gallery-1\"><img src=\"https:\/\/bokeheditions.fi\/wp-content\/uploads\/2024\/08\/DSF9387-300x300.jpg\" width=\"300\" height=\"300\" \/><\/a> <\/div> <\/div> <div class=\"rl-gallery-item\" > <div class=\"rl-gallery-item-content\"> <a href=\"https:\/\/bokeheditions.fi\/wp-content\/uploads\/2024\/08\/DSF9388.jpg\" title=\"\" data-rl_title=\"\" class=\"rl-gallery-link\" data-rl_caption=\"\" data-rel=\"lightbox-gallery-1\"><img src=\"https:\/\/bokeheditions.fi\/wp-content\/uploads\/2024\/08\/DSF9388-300x300.jpg\" width=\"300\" height=\"300\" \/><\/a> <\/div> <\/div> <div class=\"rl-gallery-item\" > <div class=\"rl-gallery-item-content\"> <a href=\"https:\/\/bokeheditions.fi\/wp-content\/uploads\/2024\/08\/DSF9367.jpg\" title=\"\" data-rl_title=\"\" class=\"rl-gallery-link\" data-rl_caption=\"\" data-rel=\"lightbox-gallery-1\"><img src=\"https:\/\/bokeheditions.fi\/wp-content\/uploads\/2024\/08\/DSF9367-300x300.jpg\" width=\"300\" height=\"300\" \/><\/a> <\/div> <\/div> <div class=\"rl-gallery-item\" > <div class=\"rl-gallery-item-content\"> <a href=\"https:\/\/bokeheditions.fi\/wp-content\/uploads\/2024\/08\/DSF9370.jpg\" title=\"\" data-rl_title=\"\" class=\"rl-gallery-link\" data-rl_caption=\"\" data-rel=\"lightbox-gallery-1\"><img src=\"https:\/\/bokeheditions.fi\/wp-content\/uploads\/2024\/08\/DSF9370-300x300.jpg\" width=\"300\" height=\"300\" \/><\/a> <\/div> <\/div> <div class=\"rl-gallery-item\" > <div class=\"rl-gallery-item-content\"> <a href=\"https:\/\/bokeheditions.fi\/wp-content\/uploads\/2024\/08\/DSF9371.jpg\" title=\"\" data-rl_title=\"\" class=\"rl-gallery-link\" data-rl_caption=\"\" data-rel=\"lightbox-gallery-1\"><img src=\"https:\/\/bokeheditions.fi\/wp-content\/uploads\/2024\/08\/DSF9371-300x300.jpg\" width=\"300\" height=\"300\" \/><\/a> <\/div> <\/div> <div class=\"rl-gallery-item\" > <div class=\"rl-gallery-item-content\"> <a href=\"https:\/\/bokeheditions.fi\/wp-content\/uploads\/2024\/08\/DSF9372.jpg\" title=\"\" data-rl_title=\"\" class=\"rl-gallery-link\" data-rl_caption=\"\" data-rel=\"lightbox-gallery-1\"><img src=\"https:\/\/bokeheditions.fi\/wp-content\/uploads\/2024\/08\/DSF9372-300x300.jpg\" width=\"300\" height=\"300\" \/><\/a> <\/div> <\/div> <div class=\"rl-gallery-item\" > <div class=\"rl-gallery-item-content\"> <a href=\"https:\/\/bokeheditions.fi\/wp-content\/uploads\/2024\/08\/DSF9374.jpg\" title=\"\" data-rl_title=\"\" class=\"rl-gallery-link\" data-rl_caption=\"\" data-rel=\"lightbox-gallery-1\"><img src=\"https:\/\/bokeheditions.fi\/wp-content\/uploads\/2024\/08\/DSF9374-300x300.jpg\" width=\"300\" height=\"300\" \/><\/a> <\/div> <\/div> <div class=\"rl-gallery-item\" > <div class=\"rl-gallery-item-content\"> <a href=\"https:\/\/bokeheditions.fi\/wp-content\/uploads\/2024\/08\/DSF9379.jpg\" title=\"\" data-rl_title=\"\" class=\"rl-gallery-link\" data-rl_caption=\"\" data-rel=\"lightbox-gallery-1\"><img src=\"https:\/\/bokeheditions.fi\/wp-content\/uploads\/2024\/08\/DSF9379-300x300.jpg\" width=\"300\" height=\"300\" \/><\/a> <\/div> <\/div> <div class=\"rl-gallery-item\" > <div class=\"rl-gallery-item-content\"> <a href=\"https:\/\/bokeheditions.fi\/wp-content\/uploads\/2024\/08\/DSF9382.jpg\" title=\"\" data-rl_title=\"\" class=\"rl-gallery-link\" data-rl_caption=\"\" data-rel=\"lightbox-gallery-1\"><img src=\"https:\/\/bokeheditions.fi\/wp-content\/uploads\/2024\/08\/DSF9382-300x300.jpg\" width=\"300\" height=\"300\" \/><\/a> <\/div> <\/div> <div class=\"rl-gallery-item\" > <div class=\"rl-gallery-item-content\"> <a href=\"https:\/\/bokeheditions.fi\/wp-content\/uploads\/2024\/08\/DSF9383.jpg\" title=\"\" data-rl_title=\"\" class=\"rl-gallery-link\" data-rl_caption=\"\" data-rel=\"lightbox-gallery-1\"><img src=\"https:\/\/bokeheditions.fi\/wp-content\/uploads\/2024\/08\/DSF9383-300x300.jpg\" width=\"300\" height=\"300\" \/><\/a> <\/div> <\/div> <div class=\"rl-gallery-item\" > <div class=\"rl-gallery-item-content\"> <a href=\"https:\/\/bokeheditions.fi\/wp-content\/uploads\/2024\/08\/DSF9384.jpg\" title=\"\" data-rl_title=\"\" class=\"rl-gallery-link\" data-rl_caption=\"\" data-rel=\"lightbox-gallery-1\"><img src=\"https:\/\/bokeheditions.fi\/wp-content\/uploads\/2024\/08\/DSF9384-300x300.jpg\" width=\"300\" height=\"300\" \/><\/a> <\/div> <\/div> <div class=\"rl-gallery-item\" > <div class=\"rl-gallery-item-content\"> <a href=\"https:\/\/bokeheditions.fi\/wp-content\/uploads\/2024\/08\/DSF9392.jpg\" title=\"\" data-rl_title=\"\" class=\"rl-gallery-link\" data-rl_caption=\"\" data-rel=\"lightbox-gallery-1\"><img src=\"https:\/\/bokeheditions.fi\/wp-content\/uploads\/2024\/08\/DSF9392-300x300.jpg\" width=\"300\" height=\"300\" \/><\/a> <\/div> <\/div> <\/div> <\/div>","protected":false},"excerpt":{"rendered":"<p>Ty\u00f6maa = ByggeBOKEH#033ISBN 978-952-7501-20-72024 Valokuvat ja alkulause Sami HaapavaaraJ\u00e4lkisanat Helmi KajasteRuotsinnokset Magnus StrandbergGraafinen suunnittelu Antti Nyl\u00e9n Nidottu vihko, pahvikannet, kansipaperi, 76 s.Paperit Edixion Offset 70 g\/m2, Munken Print Cream 90 g\/m2, G-Print 150 g\/m2Sisuksen painanut Helsinki Bofori, HelsinkiMuut painoty\u00f6t (seri- ja kohopaino) ja sidonta Bokeh 180 x 275 x 8 mm Editio 150 kpl Ty\u00f6maa, &hellip; <\/p>\n<p class=\"link-more\"><a href=\"https:\/\/bokeheditions.fi\/en\/julkaisut\/tyomaa-bygge\/\" class=\"more-link\">Continue reading<span class=\"screen-reader-text\"> &#8220;Ty\u00f6maa = Bygge&#8221;<\/span><\/a><\/p>","protected":false},"author":2,"featured_media":0,"parent":45,"menu_order":0,"comment_status":"closed","ping_status":"closed","template":"","meta":[],"_links":{"self":[{"href":"https:\/\/bokeheditions.fi\/en\/wp-json\/wp\/v2\/pages\/1632"}],"collection":[{"href":"https:\/\/bokeheditions.fi\/en\/wp-json\/wp\/v2\/pages"}],"about":[{"href":"https:\/\/bokeheditions.fi\/en\/wp-json\/wp\/v2\/types\/page"}],"author":[{"embeddable":true,"href":"https:\/\/bokeheditions.fi\/en\/wp-json\/wp\/v2\/users\/2"}],"replies":[{"embeddable":true,"href":"https:\/\/bokeheditions.fi\/en\/wp-json\/wp\/v2\/comments?post=1632"}],"version-history":[{"count":4,"href":"https:\/\/bokeheditions.fi\/en\/wp-json\/wp\/v2\/pages\/1632\/revisions"}],"predecessor-version":[{"id":1661,"href":"https:\/\/bokeheditions.fi\/en\/wp-json\/wp\/v2\/pages\/1632\/revisions\/1661"}],"up":[{"embeddable":true,"href":"https:\/\/bokeheditions.fi\/en\/wp-json\/wp\/v2\/pages\/45"}],"wp:attachment":[{"href":"https:\/\/bokeheditions.fi\/en\/wp-json\/wp\/v2\/media?parent=1632"}],"curies":[{"name":"wp","href":"https:\/\/api.w.org\/{rel}","templated":true}]}}