{"id":1650,"date":"2024-09-19T11:19:14","date_gmt":"2024-09-19T08:19:14","guid":{"rendered":"https:\/\/bokeheditions.fi\/?page_id=1650"},"modified":"2024-09-19T11:26:26","modified_gmt":"2024-09-19T08:26:26","slug":"kahdeksan-vuodenaikaa","status":"publish","type":"page","link":"https:\/\/bokeheditions.fi\/en\/julkaisut\/kahdeksan-vuodenaikaa\/","title":{"rendered":"Kahdeksan vuodenaikaa"},"content":{"rendered":"<figure class=\"wp-block-image size-large\"><img loading=\"lazy\" width=\"1024\" height=\"682\" src=\"https:\/\/bokeheditions.fi\/wp-content\/uploads\/2024\/09\/paakuva8va-1024x682.jpg\" alt=\"\" class=\"wp-image-1604\" srcset=\"https:\/\/bokeheditions.fi\/wp-content\/uploads\/2024\/09\/paakuva8va-1024x682.jpg 1024w, https:\/\/bokeheditions.fi\/wp-content\/uploads\/2024\/09\/paakuva8va-300x200.jpg 300w, https:\/\/bokeheditions.fi\/wp-content\/uploads\/2024\/09\/paakuva8va-768x512.jpg 768w, https:\/\/bokeheditions.fi\/wp-content\/uploads\/2024\/09\/paakuva8va-1536x1023.jpg 1536w, https:\/\/bokeheditions.fi\/wp-content\/uploads\/2024\/09\/paakuva8va-2048x1364.jpg 2048w, https:\/\/bokeheditions.fi\/wp-content\/uploads\/2024\/09\/paakuva8va-18x12.jpg 18w\" sizes=\"(max-width: 706px) 89vw, (max-width: 767px) 82vw, 740px\" \/><\/figure>\n\n\n\n<p><em>Kahdeksan vuodenaikaa<\/em><br>BOKEH#034<br>ISBN 978-952-7501-24-5<br>2024<\/p>\n\n\n\n<p>Valokuvat ja teksti Jarmo Lehtinen<br>Graafinen suunnittelu ja kuvank\u00e4sittely Antti Nyl\u00e9n<br>J\u00e4ljenn\u00f6skuvaus Jari H\u00e4rk\u00f6nen<\/p>\n\n\n\n<p>Nidottu vihko, kartonkip\u00e4\u00e4llinen, 40 s.<br>Paperit Munken Print White 115 g\/m<sup>2<\/sup>, Performa Brilliance 240 g\/m<sup>2<\/sup><br>Sisuksen painanut Vallilan risopaja, Helsinki<br>Kannen painanut Luova.fi<br>Sitonut Bokeh, Helsinki<\/p>\n\n\n\n<p>185 x 250 x 5 mm<\/p>\n\n\n\n<p>Editio 240 kpl<\/p>\n\n\n\n<p>Valokuvaaja ja kirjailija Jarmo Lehtisen <em>Kahdeksan vuodenaikaa<\/em> on kirjallinen valokuvaessee, joka keskittyy tarkkailemaan muuttuvaa ymp\u00e4rist\u00f6\u00e4mme, l\u00e4hiluontoa ja vuodenaikojen vaihtelua.<\/p>\n\n\n\n<p>Taustalla on ilmastonmuutos ja sen monet vaikutukset ajatteluumme ja el\u00e4m\u00e4\u00e4mme, mutta Lehtisen suhtautuminen meneill\u00e4\u00e4n olevaan ymp\u00e4rist\u00f6katastrofiin ei ole sen suuremmin tunteellinen kuin tieteellinenk\u00e4\u00e4n. Tyyli on rauhallisesti argumentoivaa ja havainnoivaa.<\/p>\n\n\n\n<p>Taustalla on toimittajana ty\u00f6uransa tehneen Lehtisen pitk\u00e4aikainen valokuvausharrastus ja etenkin mustavalkofilmin valottaminen eri-ik\u00e4isill\u00e4 kameroilla sek\u00e4 pimi\u00f6ty\u00f6skentely. Teoksen valokuvat on j\u00e4ljennetty Lehtisen vedostamista (usein kuitupaperille tehdyist\u00e4) hopeagelatiinivedoksista. Kirjaan ne on painettu mustalla painov\u00e4rill\u00e4 Risograph-tekniikalla.<\/p>\n\n\n\n<p>Perinteisen mustavalkoprosessin ty\u00f6l\u00e4ys on teoksessa merkityst\u00e4 luova elementti. N\u00e4m\u00e4 kuvat ovat tulleet t\u00e4rkeiksi jo siksi, ett\u00e4 niiden parissa on vietetty paljon aikaa.<\/p>\n\n\n\n<p><em>Kahdeksassa vuodenajassa<\/em> tulee hyvin esiin valokuvausharrastuksen t\u00e4rke\u00e4 piirre: se suorastaan edellytt\u00e4\u00e4 sit\u00e4, ett\u00e4 kamerank\u00e4ytt\u00e4j\u00e4 on kiinnostunut ulkomaailmasta. T\u00e4ss\u00e4 lienee terapeuttinenkin puolensa. Asiat n\u00e4ytt\u00e4ytyv\u00e4t valokuvissa sellaisina kuin ne todella ovat, ainakin periaatteessa. Lehtinen kohdentaa katseensa ja objektiivinsa <em>ulos<\/em>, v\u00e4litt\u00f6m\u00e4n ymp\u00e4rist\u00f6n outoihin tai toisaalta hyvin tuttuihin kohteisiin.<\/p>\n\n\n\n<p>Kuvakerrontaa rytmitt\u00e4v\u00e4t tekstinp\u00e4tk\u00e4t, joista jotkut muistuttavat pieni\u00e4 esseit\u00e4, toiset muistiinpanoja. Lehtinen pohtii vuodenaikojen vaihtelua ja niiden nimi\u00e4. H\u00e4n toteaa, ett\u00e4 monimutkaistuvien ilmasto-olojen aikakaudella olisi otettava k\u00e4ytt\u00f6\u00f6n uusia vuodenaikojen nimi\u00e4 \u2013 tuiski, sulava, kyps\u00f6, harma \u2013 onhan suomen kieless\u00e4 kahdeksan ilmausta my\u00f6s ilmansuunnille.<\/p>\n\n\n\n<p>&#8220;Nelj\u00e4 vuodenaikaa eiv\u00e4t ole niin puhuttelevia ja her\u00e4ttelevi\u00e4 kuin kahdeksan. Jos jonain vuonna tuntuu silt\u00e4, ett\u00e4 koko vuosi on yht\u00e4 syksy\u00e4, on paljon dramaattisempaa, ett\u00e4 menet\u00e4mme seitsem\u00e4n vuodenaikaa kolmen sijaan.&#8221;<\/p>\n\n\n\n<p>Kahdeksan vuodenaikaa on saatavana <a href=\"https:\/\/holvi.com\/shop\/bokeh-kauppa\/product\/b52d20ce8fe77edd131f09ce7baa10d3\/\" target=\"_blank\" rel=\"noreferrer noopener\">Bokehin nettikaupassa<\/a>.<\/p>\n\n\n\n<div class=\"rl-gallery-container rl-loading\" id=\"rl-gallery-container-1\" data-gallery_id=\"1654\"> <div class=\"rl-gallery rl-basicmasonry-gallery edition\" id=\"rl-gallery-1\" data-gallery_no=\"1\"> <div class=\"rl-gutter-sizer\"><\/div><div class=\"rl-grid-sizer\"><\/div> <div class=\"rl-gallery-item rl-gallery-item-width-4\" > <div class=\"rl-gallery-item-content\"> <a href=\"https:\/\/bokeheditions.fi\/wp-content\/uploads\/2024\/09\/DSF9483.jpg\" title=\"\" data-rl_title=\"\" class=\"rl-gallery-link\" data-rl_caption=\"\" data-rel=\"lightbox-gallery-1\"><img src=\"https:\/\/bokeheditions.fi\/wp-content\/uploads\/2024\/09\/DSF9483-300x300.jpg\" width=\"300\" height=\"300\" \/><\/a> <\/div> <\/div> <div class=\"rl-gallery-item\" > <div class=\"rl-gallery-item-content\"> <a href=\"https:\/\/bokeheditions.fi\/wp-content\/uploads\/2024\/09\/DSF9450.jpg\" title=\"\" data-rl_title=\"\" class=\"rl-gallery-link\" data-rl_caption=\"\" data-rel=\"lightbox-gallery-1\"><img src=\"https:\/\/bokeheditions.fi\/wp-content\/uploads\/2024\/09\/DSF9450-300x300.jpg\" width=\"300\" height=\"300\" \/><\/a> <\/div> <\/div> <div class=\"rl-gallery-item\" > <div class=\"rl-gallery-item-content\"> <a href=\"https:\/\/bokeheditions.fi\/wp-content\/uploads\/2024\/09\/DSF9451.jpg\" title=\"\" data-rl_title=\"\" class=\"rl-gallery-link\" data-rl_caption=\"\" data-rel=\"lightbox-gallery-1\"><img src=\"https:\/\/bokeheditions.fi\/wp-content\/uploads\/2024\/09\/DSF9451-300x300.jpg\" width=\"300\" height=\"300\" \/><\/a> <\/div> <\/div> <div class=\"rl-gallery-item\" > <div class=\"rl-gallery-item-content\"> <a href=\"https:\/\/bokeheditions.fi\/wp-content\/uploads\/2024\/09\/DSF9452.jpg\" title=\"\" data-rl_title=\"\" class=\"rl-gallery-link\" data-rl_caption=\"\" data-rel=\"lightbox-gallery-1\"><img src=\"https:\/\/bokeheditions.fi\/wp-content\/uploads\/2024\/09\/DSF9452-300x300.jpg\" width=\"300\" height=\"300\" \/><\/a> <\/div> <\/div> <div class=\"rl-gallery-item\" > <div class=\"rl-gallery-item-content\"> <a href=\"https:\/\/bokeheditions.fi\/wp-content\/uploads\/2024\/09\/DSF9453.jpg\" title=\"\" data-rl_title=\"\" class=\"rl-gallery-link\" data-rl_caption=\"\" data-rel=\"lightbox-gallery-1\"><img src=\"https:\/\/bokeheditions.fi\/wp-content\/uploads\/2024\/09\/DSF9453-300x300.jpg\" width=\"300\" height=\"300\" \/><\/a> <\/div> <\/div> <div class=\"rl-gallery-item\" > <div class=\"rl-gallery-item-content\"> <a href=\"https:\/\/bokeheditions.fi\/wp-content\/uploads\/2024\/09\/DSF9454.jpg\" title=\"\" data-rl_title=\"\" class=\"rl-gallery-link\" data-rl_caption=\"\" data-rel=\"lightbox-gallery-1\"><img src=\"https:\/\/bokeheditions.fi\/wp-content\/uploads\/2024\/09\/DSF9454-300x300.jpg\" width=\"300\" height=\"300\" \/><\/a> <\/div> <\/div> <div class=\"rl-gallery-item\" > <div class=\"rl-gallery-item-content\"> <a href=\"https:\/\/bokeheditions.fi\/wp-content\/uploads\/2024\/09\/DSF9459.jpg\" title=\"\" data-rl_title=\"\" class=\"rl-gallery-link\" data-rl_caption=\"\" data-rel=\"lightbox-gallery-1\"><img src=\"https:\/\/bokeheditions.fi\/wp-content\/uploads\/2024\/09\/DSF9459-300x300.jpg\" width=\"300\" height=\"300\" \/><\/a> <\/div> <\/div> <div class=\"rl-gallery-item\" > <div class=\"rl-gallery-item-content\"> <a href=\"https:\/\/bokeheditions.fi\/wp-content\/uploads\/2024\/09\/DSF9460.jpg\" title=\"\" data-rl_title=\"\" class=\"rl-gallery-link\" data-rl_caption=\"\" data-rel=\"lightbox-gallery-1\"><img src=\"https:\/\/bokeheditions.fi\/wp-content\/uploads\/2024\/09\/DSF9460-300x300.jpg\" width=\"300\" height=\"300\" \/><\/a> <\/div> <\/div> <div class=\"rl-gallery-item\" > <div class=\"rl-gallery-item-content\"> <a href=\"https:\/\/bokeheditions.fi\/wp-content\/uploads\/2024\/09\/DSF9465.jpg\" title=\"\" data-rl_title=\"\" class=\"rl-gallery-link\" data-rl_caption=\"\" data-rel=\"lightbox-gallery-1\"><img src=\"https:\/\/bokeheditions.fi\/wp-content\/uploads\/2024\/09\/DSF9465-300x300.jpg\" width=\"300\" height=\"300\" \/><\/a> <\/div> <\/div> <div class=\"rl-gallery-item\" > <div class=\"rl-gallery-item-content\"> <a href=\"https:\/\/bokeheditions.fi\/wp-content\/uploads\/2024\/09\/DSF9470.jpg\" title=\"\" data-rl_title=\"\" class=\"rl-gallery-link\" data-rl_caption=\"\" data-rel=\"lightbox-gallery-1\"><img src=\"https:\/\/bokeheditions.fi\/wp-content\/uploads\/2024\/09\/DSF9470-300x300.jpg\" width=\"300\" height=\"300\" \/><\/a> <\/div> <\/div> <div class=\"rl-gallery-item\" > <div class=\"rl-gallery-item-content\"> <a href=\"https:\/\/bokeheditions.fi\/wp-content\/uploads\/2024\/09\/DSF9472.jpg\" title=\"\" data-rl_title=\"\" class=\"rl-gallery-link\" data-rl_caption=\"\" data-rel=\"lightbox-gallery-1\"><img src=\"https:\/\/bokeheditions.fi\/wp-content\/uploads\/2024\/09\/DSF9472-300x300.jpg\" width=\"300\" height=\"300\" \/><\/a> <\/div> <\/div> <div class=\"rl-gallery-item\" > <div class=\"rl-gallery-item-content\"> <a href=\"https:\/\/bokeheditions.fi\/wp-content\/uploads\/2024\/09\/DSF9482.jpg\" title=\"\" data-rl_title=\"\" class=\"rl-gallery-link\" data-rl_caption=\"\" data-rel=\"lightbox-gallery-1\"><img src=\"https:\/\/bokeheditions.fi\/wp-content\/uploads\/2024\/09\/DSF9482-300x300.jpg\" width=\"300\" height=\"300\" \/><\/a> <\/div> <\/div> <\/div> <\/div>","protected":false},"excerpt":{"rendered":"<p>Kahdeksan vuodenaikaaBOKEH#034ISBN 978-952-7501-24-52024 Valokuvat ja teksti Jarmo LehtinenGraafinen suunnittelu ja kuvank\u00e4sittely Antti Nyl\u00e9nJ\u00e4ljenn\u00f6skuvaus Jari H\u00e4rk\u00f6nen Nidottu vihko, kartonkip\u00e4\u00e4llinen, 40 s.Paperit Munken Print White 115 g\/m2, Performa Brilliance 240 g\/m2Sisuksen painanut Vallilan risopaja, HelsinkiKannen painanut Luova.fiSitonut Bokeh, Helsinki 185 x 250 x 5 mm Editio 240 kpl Valokuvaaja ja kirjailija Jarmo Lehtisen Kahdeksan vuodenaikaa on kirjallinen &hellip; <\/p>\n<p class=\"link-more\"><a href=\"https:\/\/bokeheditions.fi\/en\/julkaisut\/kahdeksan-vuodenaikaa\/\" class=\"more-link\">Continue reading<span class=\"screen-reader-text\"> &#8220;Kahdeksan vuodenaikaa&#8221;<\/span><\/a><\/p>","protected":false},"author":2,"featured_media":0,"parent":45,"menu_order":0,"comment_status":"closed","ping_status":"closed","template":"","meta":[],"_links":{"self":[{"href":"https:\/\/bokeheditions.fi\/en\/wp-json\/wp\/v2\/pages\/1650"}],"collection":[{"href":"https:\/\/bokeheditions.fi\/en\/wp-json\/wp\/v2\/pages"}],"about":[{"href":"https:\/\/bokeheditions.fi\/en\/wp-json\/wp\/v2\/types\/page"}],"author":[{"embeddable":true,"href":"https:\/\/bokeheditions.fi\/en\/wp-json\/wp\/v2\/users\/2"}],"replies":[{"embeddable":true,"href":"https:\/\/bokeheditions.fi\/en\/wp-json\/wp\/v2\/comments?post=1650"}],"version-history":[{"count":4,"href":"https:\/\/bokeheditions.fi\/en\/wp-json\/wp\/v2\/pages\/1650\/revisions"}],"predecessor-version":[{"id":1660,"href":"https:\/\/bokeheditions.fi\/en\/wp-json\/wp\/v2\/pages\/1650\/revisions\/1660"}],"up":[{"embeddable":true,"href":"https:\/\/bokeheditions.fi\/en\/wp-json\/wp\/v2\/pages\/45"}],"wp:attachment":[{"href":"https:\/\/bokeheditions.fi\/en\/wp-json\/wp\/v2\/media?parent=1650"}],"curies":[{"name":"wp","href":"https:\/\/api.w.org\/{rel}","templated":true}]}}