{"id":1663,"date":"2024-09-19T13:02:40","date_gmt":"2024-09-19T10:02:40","guid":{"rendered":"https:\/\/bokeheditions.fi\/?page_id=1663"},"modified":"2024-10-11T13:22:30","modified_gmt":"2024-10-11T10:22:30","slug":"ajan-rajalla","status":"publish","type":"page","link":"https:\/\/bokeheditions.fi\/en\/julkaisut\/ajan-rajalla\/","title":{"rendered":"Ajan rajalla"},"content":{"rendered":"<figure class=\"wp-block-image size-large\"><img loading=\"lazy\" width=\"1024\" height=\"683\" src=\"https:\/\/bokeheditions.fi\/wp-content\/uploads\/2024\/09\/paakuva_ajanrajalla-1024x683.jpg\" alt=\"\" class=\"wp-image-1667\" srcset=\"https:\/\/bokeheditions.fi\/wp-content\/uploads\/2024\/09\/paakuva_ajanrajalla-1024x683.jpg 1024w, https:\/\/bokeheditions.fi\/wp-content\/uploads\/2024\/09\/paakuva_ajanrajalla-300x200.jpg 300w, https:\/\/bokeheditions.fi\/wp-content\/uploads\/2024\/09\/paakuva_ajanrajalla-768x512.jpg 768w, https:\/\/bokeheditions.fi\/wp-content\/uploads\/2024\/09\/paakuva_ajanrajalla-1536x1024.jpg 1536w, https:\/\/bokeheditions.fi\/wp-content\/uploads\/2024\/09\/paakuva_ajanrajalla-2048x1365.jpg 2048w, https:\/\/bokeheditions.fi\/wp-content\/uploads\/2024\/09\/paakuva_ajanrajalla-18x12.jpg 18w\" sizes=\"(max-width: 706px) 89vw, (max-width: 767px) 82vw, 740px\" \/><\/figure>\n\n\n\n<p><em>Ajan rajalla<\/em><br>BOKEH#035<br>ISBN 978-952-7501-23-8<br>2024<\/p>\n\n\n\n<p>Teksti E. L. Karhu<br>Kuvat ja tekstaus Hanneriina Moisseinen<br>Kirjamuotoilu Antti Nyl\u00e9n ja Hanneriina Moisseinen<br>Teoskuvat Hanna Koikkalainen<br>Kuvank\u00e4sittely Hans Nissen<\/p>\n\n\n\n<p>Offset-painettu kovakantinen kirja, 144 s.<br>Sisuspaperi Munken Lynx 120 g\/m<sup>2<\/sup><br>Painanut ja sitonut Jelgavas tipogr\u0101fija, Jelgava, Latvia<\/p>\n\n\n\n<p>200 x 285 x 16 mm<\/p>\n\n\n\n<p>Editio 500 kpl<\/p>\n\n\n\n<p><em>Ajan rajalla<\/em> perustuu dramaturgi, kirjailija E. L. Karhun n\u00e4ytelm\u00e4\u00e4n <em>kuka tahansa meist\u00e4 \u2013 dokumentti<\/em> (2011), joka esitettiin ensimm\u00e4isen kerran vuonna 2013. Sarjakuvataiteilija Hanneriina Moisseisen yksityiskohtaiset tekstiility\u00f6t rakentavat tekstille visuaalisen maiseman ja kerronnallisen struktuurin. Kokonaisuus on loppuvuonna 2024 esill\u00e4 <a rel=\"noreferrer noopener\" href=\"https:\/\/www.poikilo.fi\/nayttelyt\/hanneriina-moisseinen-ja-e-l-karhu-ajan-rajalla\/\" target=\"_blank\">Kouvolan taidemuseossa<\/a>.<\/p>\n\n\n\n<p>Kirjamuodossa kerronnallinen muoto korostuu. Kokeellisesta sarjakuvasta puuttuvat tunnistettavat, nimetyt henkil\u00f6- ja ihmishahmot, mutta tarina siin\u00e4 hahmottuu: joku joutuu &#8220;ajan ulkopuolelle&#8221;, suistuu pois tutusta ja ymm\u00e4rrett\u00e4v\u00e4st\u00e4 maailmasta. Teos kuvaa kosmista yksin\u00e4isyytt\u00e4, mielensis\u00e4isi\u00e4 n\u00e4kyj\u00e4 ja todellisuudentajun horjahtelua, jonkinlaista apokalypsia, paljastumista, ehk\u00e4 jopa tuonpuoleista, helvetti\u00e4, &#8220;kauhun autiomaata&#8221;. Maailma ja sen esineet ja tapahtumat, kuten kev\u00e4t ja vappujuhlinta, ovat l\u00e4sn\u00e4, mutta yhteydet asioiden v\u00e4lill\u00e4 ovat hauraita. Jonkinlaisesta matkasta on kysymys.<\/p>\n\n\n\n<p>Lukijalta <em>Ajan rajalla<\/em> abstrakteine kuvineen ja raskaine aiheineen vaatii paljon. Mutta voi sen lukea huolettomastikin tai pikkuhiljaa tunnustellen.<\/p>\n\n\n\n<p>Mist\u00e4 oikein on kysymys? Mist\u00e4 t\u00e4ss\u00e4 kaikessa oikein on kysymys? T\u00e4llaisia voi teoksen \u00e4\u00e4rell\u00e4 kysell\u00e4.<\/p>\n\n\n\n<p>Moisseisen ommeltujen tekstiiliplanssien ja esinekoosteiden merkit ovat avoimia ja helposti l\u00e4hestytt\u00e4vi\u00e4. Kuvien tummuudessa on paljon my\u00f6s lohdullisuutta. Karhun teksti taas on muistiinpanomaista, tutkiskelevaa, ja puhekuplat ja sivujen k\u00e4\u00e4ntely rytmitt\u00e4v\u00e4t sit\u00e4 samaan tapaan kuin n\u00e4yttelij\u00e4nty\u00f6 n\u00e4ytt\u00e4m\u00f6ll\u00e4. Kuvien ja tekstien v\u00e4lill\u00e4 on yhteyksi\u00e4, joita voi etsi\u00e4.<\/p>\n\n\n\n<p>Lopussa matka p\u00e4\u00e4ttyy. Menn\u00e4\u00e4n &#8220;ulos&#8221;.<\/p>\n\n\n\n<p>Teos on saatavana <a rel=\"noreferrer noopener\" href=\"https:\/\/holvi.com\/shop\/bokeh-kauppa\/product\/fa992410c927b372971f80b5fd847312\/\" target=\"_blank\">Bokehin nettikaupassa<\/a>.<\/p>\n\n\n\n<hr class=\"wp-block-separator\"\/>\n\n\n\n<p>Lataa pressikuvapaketti oheisesta linkist\u00e4. Kuvaajien nimet mainittava k\u00e4ytett\u00e4ess\u00e4.<\/p>\n\n\n\n<div class=\"wp-block-file\"><a id=\"wp-block-file--media-4c61e00b-afe5-4a6d-a859-88d85a9f1ef2\" href=\"https:\/\/bokeheditions.fi\/wp-content\/uploads\/2024\/10\/E_L_Karhu_Hanneriina_Moisseinen_Ajan_rajalla_kuvia_q85.zip\">Ajan rajalla \/ pressikuvia \/ 300 &amp; 72 dpi<\/a><a href=\"https:\/\/bokeheditions.fi\/wp-content\/uploads\/2024\/10\/E_L_Karhu_Hanneriina_Moisseinen_Ajan_rajalla_kuvia_q85.zip\" class=\"wp-block-file__button\" download aria-describedby=\"wp-block-file--media-4c61e00b-afe5-4a6d-a859-88d85a9f1ef2\">Lataa<\/a><\/div>\n\n\n\n<div class=\"rl-gallery-container rl-loading\" id=\"rl-gallery-container-1\" data-gallery_id=\"1704\"> <div class=\"rl-gallery rl-basicmasonry-gallery edition\" id=\"rl-gallery-1\" data-gallery_no=\"1\"> <div class=\"rl-gutter-sizer\"><\/div><div class=\"rl-grid-sizer\"><\/div> <div class=\"rl-gallery-item rl-gallery-item-width-4\" > <div class=\"rl-gallery-item-content\"> <a href=\"https:\/\/bokeheditions.fi\/wp-content\/uploads\/2024\/09\/DSF9485.jpg\" title=\"\" data-rl_title=\"\" class=\"rl-gallery-link\" data-rl_caption=\"\" data-rel=\"lightbox-gallery-1\"><img src=\"https:\/\/bokeheditions.fi\/wp-content\/uploads\/2024\/09\/DSF9485-300x300.jpg\" width=\"300\" height=\"300\" \/><\/a> <\/div> <\/div> <div class=\"rl-gallery-item\" > <div class=\"rl-gallery-item-content\"> <a href=\"https:\/\/bokeheditions.fi\/wp-content\/uploads\/2024\/09\/DSF9494.jpg\" title=\"\" data-rl_title=\"\" class=\"rl-gallery-link\" data-rl_caption=\"\" data-rel=\"lightbox-gallery-1\"><img src=\"https:\/\/bokeheditions.fi\/wp-content\/uploads\/2024\/09\/DSF9494-300x300.jpg\" width=\"300\" height=\"300\" \/><\/a> <\/div> <\/div> <div class=\"rl-gallery-item\" > <div class=\"rl-gallery-item-content\"> <a href=\"https:\/\/bokeheditions.fi\/wp-content\/uploads\/2024\/09\/DSF9490.jpg\" title=\"\" data-rl_title=\"\" class=\"rl-gallery-link\" data-rl_caption=\"\" data-rel=\"lightbox-gallery-1\"><img src=\"https:\/\/bokeheditions.fi\/wp-content\/uploads\/2024\/09\/DSF9490-300x300.jpg\" width=\"300\" height=\"300\" \/><\/a> <\/div> <\/div> <div class=\"rl-gallery-item\" > <div class=\"rl-gallery-item-content\"> <a href=\"https:\/\/bokeheditions.fi\/wp-content\/uploads\/2024\/09\/DSF9542.jpg\" title=\"\" data-rl_title=\"\" class=\"rl-gallery-link\" data-rl_caption=\"\" data-rel=\"lightbox-gallery-1\"><img src=\"https:\/\/bokeheditions.fi\/wp-content\/uploads\/2024\/09\/DSF9542-300x300.jpg\" width=\"300\" height=\"300\" \/><\/a> <\/div> <\/div> <div class=\"rl-gallery-item\" > <div class=\"rl-gallery-item-content\"> <a href=\"https:\/\/bokeheditions.fi\/wp-content\/uploads\/2024\/09\/DSF9541.jpg\" title=\"\" data-rl_title=\"\" class=\"rl-gallery-link\" data-rl_caption=\"\" data-rel=\"lightbox-gallery-1\"><img src=\"https:\/\/bokeheditions.fi\/wp-content\/uploads\/2024\/09\/DSF9541-300x300.jpg\" width=\"300\" height=\"300\" \/><\/a> <\/div> <\/div> <div class=\"rl-gallery-item\" > <div class=\"rl-gallery-item-content\"> <a href=\"https:\/\/bokeheditions.fi\/wp-content\/uploads\/2024\/09\/DSF9540.jpg\" title=\"\" data-rl_title=\"\" class=\"rl-gallery-link\" data-rl_caption=\"\" data-rel=\"lightbox-gallery-1\"><img src=\"https:\/\/bokeheditions.fi\/wp-content\/uploads\/2024\/09\/DSF9540-300x300.jpg\" width=\"300\" height=\"300\" \/><\/a> <\/div> <\/div> <div class=\"rl-gallery-item\" > <div class=\"rl-gallery-item-content\"> <a href=\"https:\/\/bokeheditions.fi\/wp-content\/uploads\/2024\/09\/DSF9498.jpg\" title=\"\" data-rl_title=\"\" class=\"rl-gallery-link\" data-rl_caption=\"\" data-rel=\"lightbox-gallery-1\"><img src=\"https:\/\/bokeheditions.fi\/wp-content\/uploads\/2024\/09\/DSF9498-300x300.jpg\" width=\"300\" height=\"300\" \/><\/a> <\/div> <\/div> <div class=\"rl-gallery-item\" > <div class=\"rl-gallery-item-content\"> <a href=\"https:\/\/bokeheditions.fi\/wp-content\/uploads\/2024\/09\/DSF9537.jpg\" title=\"\" data-rl_title=\"\" class=\"rl-gallery-link\" data-rl_caption=\"\" data-rel=\"lightbox-gallery-1\"><img src=\"https:\/\/bokeheditions.fi\/wp-content\/uploads\/2024\/09\/DSF9537-300x300.jpg\" width=\"300\" height=\"300\" \/><\/a> <\/div> <\/div> <div class=\"rl-gallery-item\" > <div class=\"rl-gallery-item-content\"> <a href=\"https:\/\/bokeheditions.fi\/wp-content\/uploads\/2024\/09\/DSF9534.jpg\" title=\"\" data-rl_title=\"\" class=\"rl-gallery-link\" data-rl_caption=\"\" data-rel=\"lightbox-gallery-1\"><img src=\"https:\/\/bokeheditions.fi\/wp-content\/uploads\/2024\/09\/DSF9534-300x300.jpg\" width=\"300\" height=\"300\" \/><\/a> <\/div> <\/div> <div class=\"rl-gallery-item\" > <div class=\"rl-gallery-item-content\"> <a href=\"https:\/\/bokeheditions.fi\/wp-content\/uploads\/2024\/09\/DSF9499.jpg\" title=\"\" data-rl_title=\"\" class=\"rl-gallery-link\" data-rl_caption=\"\" data-rel=\"lightbox-gallery-1\"><img src=\"https:\/\/bokeheditions.fi\/wp-content\/uploads\/2024\/09\/DSF9499-300x300.jpg\" width=\"300\" height=\"300\" \/><\/a> <\/div> <\/div> <div class=\"rl-gallery-item\" > <div class=\"rl-gallery-item-content\"> <a href=\"https:\/\/bokeheditions.fi\/wp-content\/uploads\/2024\/09\/DSF9500.jpg\" title=\"\" data-rl_title=\"\" class=\"rl-gallery-link\" data-rl_caption=\"\" data-rel=\"lightbox-gallery-1\"><img src=\"https:\/\/bokeheditions.fi\/wp-content\/uploads\/2024\/09\/DSF9500-300x300.jpg\" width=\"300\" height=\"300\" \/><\/a> <\/div> <\/div> <div class=\"rl-gallery-item\" > <div class=\"rl-gallery-item-content\"> <a href=\"https:\/\/bokeheditions.fi\/wp-content\/uploads\/2024\/09\/DSF9533.jpg\" title=\"\" data-rl_title=\"\" class=\"rl-gallery-link\" data-rl_caption=\"\" data-rel=\"lightbox-gallery-1\"><img src=\"https:\/\/bokeheditions.fi\/wp-content\/uploads\/2024\/09\/DSF9533-300x300.jpg\" width=\"300\" height=\"300\" \/><\/a> <\/div> <\/div> <div class=\"rl-gallery-item\" > <div class=\"rl-gallery-item-content\"> <a href=\"https:\/\/bokeheditions.fi\/wp-content\/uploads\/2024\/09\/DSF9505.jpg\" title=\"\" data-rl_title=\"\" class=\"rl-gallery-link\" data-rl_caption=\"\" data-rel=\"lightbox-gallery-1\"><img src=\"https:\/\/bokeheditions.fi\/wp-content\/uploads\/2024\/09\/DSF9505-300x300.jpg\" width=\"300\" height=\"300\" \/><\/a> <\/div> <\/div> <div class=\"rl-gallery-item\" > <div class=\"rl-gallery-item-content\"> <a href=\"https:\/\/bokeheditions.fi\/wp-content\/uploads\/2024\/09\/DSF9536.jpg\" title=\"\" data-rl_title=\"\" class=\"rl-gallery-link\" data-rl_caption=\"\" data-rel=\"lightbox-gallery-1\"><img src=\"https:\/\/bokeheditions.fi\/wp-content\/uploads\/2024\/09\/DSF9536-300x300.jpg\" width=\"300\" height=\"300\" \/><\/a> <\/div> <\/div> <div class=\"rl-gallery-item\" > <div class=\"rl-gallery-item-content\"> <a href=\"https:\/\/bokeheditions.fi\/wp-content\/uploads\/2024\/09\/DSF9527.jpg\" title=\"\" data-rl_title=\"\" class=\"rl-gallery-link\" data-rl_caption=\"\" data-rel=\"lightbox-gallery-1\"><img src=\"https:\/\/bokeheditions.fi\/wp-content\/uploads\/2024\/09\/DSF9527-300x300.jpg\" width=\"300\" height=\"300\" \/><\/a> <\/div> <\/div> <div class=\"rl-gallery-item\" > <div class=\"rl-gallery-item-content\"> <a href=\"https:\/\/bokeheditions.fi\/wp-content\/uploads\/2024\/09\/DSF9539.jpg\" title=\"\" data-rl_title=\"\" class=\"rl-gallery-link\" data-rl_caption=\"\" data-rel=\"lightbox-gallery-1\"><img src=\"https:\/\/bokeheditions.fi\/wp-content\/uploads\/2024\/09\/DSF9539-300x300.jpg\" width=\"300\" height=\"300\" \/><\/a> <\/div> <\/div> <div class=\"rl-gallery-item\" > <div class=\"rl-gallery-item-content\"> <a href=\"https:\/\/bokeheditions.fi\/wp-content\/uploads\/2024\/09\/DSF9512.jpg\" title=\"\" data-rl_title=\"\" class=\"rl-gallery-link\" data-rl_caption=\"\" data-rel=\"lightbox-gallery-1\"><img src=\"https:\/\/bokeheditions.fi\/wp-content\/uploads\/2024\/09\/DSF9512-300x300.jpg\" width=\"300\" height=\"300\" \/><\/a> <\/div> <\/div> <div class=\"rl-gallery-item\" > <div class=\"rl-gallery-item-content\"> <a href=\"https:\/\/bokeheditions.fi\/wp-content\/uploads\/2024\/09\/DSF9514.jpg\" title=\"\" data-rl_title=\"\" class=\"rl-gallery-link\" data-rl_caption=\"\" data-rel=\"lightbox-gallery-1\"><img src=\"https:\/\/bokeheditions.fi\/wp-content\/uploads\/2024\/09\/DSF9514-300x300.jpg\" width=\"300\" height=\"300\" \/><\/a> <\/div> <\/div> <\/div> <\/div>","protected":false},"excerpt":{"rendered":"<p>Ajan rajallaBOKEH#035ISBN 978-952-7501-23-82024 Teksti E. L. KarhuKuvat ja tekstaus Hanneriina MoisseinenKirjamuotoilu Antti Nyl\u00e9n ja Hanneriina MoisseinenTeoskuvat Hanna KoikkalainenKuvank\u00e4sittely Hans Nissen Offset-painettu kovakantinen kirja, 144 s.Sisuspaperi Munken Lynx 120 g\/m2Painanut ja sitonut Jelgavas tipogr\u0101fija, Jelgava, Latvia 200 x 285 x 16 mm Editio 500 kpl Ajan rajalla perustuu dramaturgi, kirjailija E. L. Karhun n\u00e4ytelm\u00e4\u00e4n kuka tahansa &hellip; <\/p>\n<p class=\"link-more\"><a href=\"https:\/\/bokeheditions.fi\/en\/julkaisut\/ajan-rajalla\/\" class=\"more-link\">Continue reading<span class=\"screen-reader-text\"> &#8220;Ajan rajalla&#8221;<\/span><\/a><\/p>","protected":false},"author":2,"featured_media":0,"parent":45,"menu_order":0,"comment_status":"closed","ping_status":"closed","template":"","meta":[],"_links":{"self":[{"href":"https:\/\/bokeheditions.fi\/en\/wp-json\/wp\/v2\/pages\/1663"}],"collection":[{"href":"https:\/\/bokeheditions.fi\/en\/wp-json\/wp\/v2\/pages"}],"about":[{"href":"https:\/\/bokeheditions.fi\/en\/wp-json\/wp\/v2\/types\/page"}],"author":[{"embeddable":true,"href":"https:\/\/bokeheditions.fi\/en\/wp-json\/wp\/v2\/users\/2"}],"replies":[{"embeddable":true,"href":"https:\/\/bokeheditions.fi\/en\/wp-json\/wp\/v2\/comments?post=1663"}],"version-history":[{"count":9,"href":"https:\/\/bokeheditions.fi\/en\/wp-json\/wp\/v2\/pages\/1663\/revisions"}],"predecessor-version":[{"id":1737,"href":"https:\/\/bokeheditions.fi\/en\/wp-json\/wp\/v2\/pages\/1663\/revisions\/1737"}],"up":[{"embeddable":true,"href":"https:\/\/bokeheditions.fi\/en\/wp-json\/wp\/v2\/pages\/45"}],"wp:attachment":[{"href":"https:\/\/bokeheditions.fi\/en\/wp-json\/wp\/v2\/media?parent=1663"}],"curies":[{"name":"wp","href":"https:\/\/api.w.org\/{rel}","templated":true}]}}