{"id":480,"date":"2021-04-01T13:27:36","date_gmt":"2021-04-01T10:27:36","guid":{"rendered":"https:\/\/bokeheditions.fi\/?page_id=480"},"modified":"2022-10-06T16:18:13","modified_gmt":"2022-10-06T13:18:13","slug":"makitorpantie","status":"publish","type":"page","link":"https:\/\/bokeheditions.fi\/en\/julkaisut\/makitorpantie\/","title":{"rendered":"M\u00e4kitorpantie"},"content":{"rendered":"<figure class=\"wp-block-image size-large\"><img loading=\"lazy\" width=\"1024\" height=\"683\" src=\"https:\/\/bokeheditions.fi\/wp-content\/uploads\/2021\/04\/makitorppa7-1024x683.jpg\" alt=\"\" class=\"wp-image-444\" srcset=\"https:\/\/bokeheditions.fi\/wp-content\/uploads\/2021\/04\/makitorppa7-1024x683.jpg 1024w, https:\/\/bokeheditions.fi\/wp-content\/uploads\/2021\/04\/makitorppa7-300x200.jpg 300w, https:\/\/bokeheditions.fi\/wp-content\/uploads\/2021\/04\/makitorppa7-768x512.jpg 768w, https:\/\/bokeheditions.fi\/wp-content\/uploads\/2021\/04\/makitorppa7-1536x1024.jpg 1536w, https:\/\/bokeheditions.fi\/wp-content\/uploads\/2021\/04\/makitorppa7-2048x1365.jpg 2048w, https:\/\/bokeheditions.fi\/wp-content\/uploads\/2021\/04\/makitorppa7-16x12.jpg 16w\" sizes=\"(max-width: 706px) 89vw, (max-width: 767px) 82vw, 740px\" \/><\/figure>\n\n\n\n<p><em>M\u00e4kitorpantie : Postikortteja kauppareissulta<\/em><br>BOKEH#007<br>ISBN 978-952-69504-2-6<br>2021<\/p>\n\n\n\n<p>Valokuvat Tomi Hyttinen<br>Graafinen suunnittelu ja sidonta Antti Nyl\u00e9n<\/p>\n\n\n\n<p>Nidottu, 50 s.<br>Kartonkisuojus, karttalehti 40 x 20 cm<br>23 digipainettua valokuvaa<br>Kuvasivujen tulostus Luova.fi, Helsinki<br>Sisus Munken Lynx 170 g\/m<sup>2<\/sup><br>100 x 200 x 10 mm<\/p>\n\n\n\n<p>Editio 60 kpl<\/p>\n\n\n\n<p>Tomi Hyttisen valokuvakirja <em>M\u00e4kitorpantie<\/em> on maantieteellisesti motivoitu 23 kuvan sarja Helsingin Oulunkyl\u00e4st\u00e4, nimenomaan seudun p\u00e4\u00e4v\u00e4yl\u00e4lt\u00e4 M\u00e4kitorpantielt\u00e4 sek\u00e4 sen liepeilt\u00e4. Kuvat on otettu 2020-luvun vaihteessa kinokoon j\u00e4rjestelm\u00e4kameroilla v\u00e4rifilmeille ja teetetty fotoliikkeess\u00e4 perinteisiksi \u201dkymppikuviksi\u201d. Kirja perustuu n\u00e4ihin vedoksiin. Se kunnioittaa alkuper\u00e4isten paperikuvien rajauksia, kokoa ja kuvasuhdetta.<\/p>\n\n\n\n<p>Teos, alaotsikoltaan <em>Postikortteja kauppareissulta<\/em>, on er\u00e4\u00e4nlainen p\u00e4ivitt\u00e4isen el\u00e4m\u00e4n sivutuote. Kuvia ei ole etsitty, vaan valokuvaaminen on sopeutunut arkiel\u00e4m\u00e4n ehtoihin. Hyttisen kuvat vaativat pitki\u00e4 katseluaikoja. Niist\u00e4 puuttuu ilmeinen \u201dhavainto\u201d tai \u201defekti\u201d. Sommitelmat ovat l\u00e4hes formalistisia, viivojen ja pintojen varaan rakennettuja.<\/p>\n\n\n\n<p>Kuitenkaan Hyttisen kuvat eiv\u00e4t ole aiheettomia. Valokuvaajan linssi on usein kohdistunut asioihin, joita luultavasti kahdenkymmenen vuoden kuluttua ei en\u00e4\u00e4 ole: julkisen kaupunkitilan esineisiin ja kiinteisiin rakenteisiin, joissa ajankulu ja rapistuminen on silmiinpist\u00e4v\u00e4sti n\u00e4kyviss\u00e4. Kysymys on 1900-luvun j\u00e4lkipuoliskolla rakennetun helsinkil\u00e4isen esikaupunkirakenteen rippeist\u00e4.<\/p>\n\n\n\n<p>Autojen ja toisaalta my\u00f6s talvisten ja pimeiden vuodenaikojen poissaolo antaa teokselle lempe\u00e4n ja levollisen yleiss\u00e4vyn. Ihmisi\u00e4k\u00e4\u00e4n kuvissa ei juuri tavata.<\/p>\n\n\n\n<p>Tomi Hyttinen (s. 1978) on helsinkil\u00e4inen kuvataiteilija, joka on erikoistunut taideryijyjen ja taiteilijakirjojen tekoon. H\u00e4n on valmistunut Taidekoulu Maasta vuonna 2014 ja osallistunut useisiin ryhm\u00e4n\u00e4yttelyihin Suomessa. Valokuvaa, erityisesti paperivedoksia, h\u00e4n k\u00e4ytt\u00e4\u00e4 ennemmin materiaalina kuin itseisarvoisena ilmaisuv\u00e4lineen\u00e4. <em>M\u00e4kitorpantie<\/em> on h\u00e4nen ensimm\u00e4inen valokuvakirjansa.<\/p>\n\n\n\n<p>[Loppuunmyyty.]<\/p>\n\n\n\n<div class=\"rl-gallery-container rl-loading\" id=\"rl-gallery-container-1\" data-gallery_id=\"486\"> <div class=\"rl-gallery rl-basicmasonry-gallery edition\" id=\"rl-gallery-1\" data-gallery_no=\"1\"> <div class=\"rl-gutter-sizer\"><\/div><div class=\"rl-grid-sizer\"><\/div> <div class=\"rl-gallery-item rl-gallery-item-width-4\" > <div class=\"rl-gallery-item-content\"> <a href=\"https:\/\/bokeheditions.fi\/wp-content\/uploads\/2021\/04\/makitorppa2.jpg\" title=\"\" data-rl_title=\"\" class=\"rl-gallery-link\" data-rl_caption=\"\" data-rel=\"lightbox-gallery-1\"><img src=\"https:\/\/bokeheditions.fi\/wp-content\/uploads\/2021\/04\/makitorppa2-300x300.jpg\" width=\"300\" height=\"300\" \/><\/a> <\/div> <\/div> <div class=\"rl-gallery-item\" > <div class=\"rl-gallery-item-content\"> <a href=\"https:\/\/bokeheditions.fi\/wp-content\/uploads\/2021\/04\/makitorppa1.jpg\" title=\"\" data-rl_title=\"\" class=\"rl-gallery-link\" data-rl_caption=\"\" data-rel=\"lightbox-gallery-1\"><img src=\"https:\/\/bokeheditions.fi\/wp-content\/uploads\/2021\/04\/makitorppa1-300x300.jpg\" width=\"300\" height=\"300\" \/><\/a> <\/div> <\/div> <div class=\"rl-gallery-item\" > <div class=\"rl-gallery-item-content\"> <a href=\"https:\/\/bokeheditions.fi\/wp-content\/uploads\/2021\/04\/makitorppa6.jpg\" title=\"\" data-rl_title=\"\" class=\"rl-gallery-link\" data-rl_caption=\"\" data-rel=\"lightbox-gallery-1\"><img src=\"https:\/\/bokeheditions.fi\/wp-content\/uploads\/2021\/04\/makitorppa6-300x300.jpg\" width=\"300\" height=\"300\" \/><\/a> <\/div> <\/div> <div class=\"rl-gallery-item\" > <div class=\"rl-gallery-item-content\"> <a href=\"https:\/\/bokeheditions.fi\/wp-content\/uploads\/2021\/04\/makitorppa5.jpg\" title=\"\" data-rl_title=\"\" class=\"rl-gallery-link\" data-rl_caption=\"\" data-rel=\"lightbox-gallery-1\"><img src=\"https:\/\/bokeheditions.fi\/wp-content\/uploads\/2021\/04\/makitorppa5-300x300.jpg\" width=\"300\" height=\"300\" \/><\/a> <\/div> <\/div> <div class=\"rl-gallery-item\" > <div class=\"rl-gallery-item-content\"> <a href=\"https:\/\/bokeheditions.fi\/wp-content\/uploads\/2021\/04\/makitorppa4.jpg\" title=\"\" data-rl_title=\"\" class=\"rl-gallery-link\" data-rl_caption=\"\" data-rel=\"lightbox-gallery-1\"><img src=\"https:\/\/bokeheditions.fi\/wp-content\/uploads\/2021\/04\/makitorppa4-300x300.jpg\" width=\"300\" height=\"300\" \/><\/a> <\/div> <\/div> <div class=\"rl-gallery-item\" > <div class=\"rl-gallery-item-content\"> <a href=\"https:\/\/bokeheditions.fi\/wp-content\/uploads\/2021\/04\/makitorppa3.jpg\" title=\"\" data-rl_title=\"\" class=\"rl-gallery-link\" data-rl_caption=\"\" data-rel=\"lightbox-gallery-1\"><img src=\"https:\/\/bokeheditions.fi\/wp-content\/uploads\/2021\/04\/makitorppa3-300x300.jpg\" width=\"300\" height=\"300\" \/><\/a> <\/div> <\/div> <\/div> <\/div>","protected":false},"excerpt":{"rendered":"<p>M\u00e4kitorpantie : Postikortteja kauppareissultaBOKEH#007ISBN 978-952-69504-2-62021 Valokuvat Tomi HyttinenGraafinen suunnittelu ja sidonta Antti Nyl\u00e9n Nidottu, 50 s.Kartonkisuojus, karttalehti 40 x 20 cm23 digipainettua valokuvaaKuvasivujen tulostus Luova.fi, HelsinkiSisus Munken Lynx 170 g\/m2100 x 200 x 10 mm Editio 60 kpl Tomi Hyttisen valokuvakirja M\u00e4kitorpantie on maantieteellisesti motivoitu 23 kuvan sarja Helsingin Oulunkyl\u00e4st\u00e4, nimenomaan seudun p\u00e4\u00e4v\u00e4yl\u00e4lt\u00e4 M\u00e4kitorpantielt\u00e4 sek\u00e4 &hellip; <\/p>\n<p class=\"link-more\"><a href=\"https:\/\/bokeheditions.fi\/en\/julkaisut\/makitorpantie\/\" class=\"more-link\">Continue reading<span class=\"screen-reader-text\"> &#8220;M\u00e4kitorpantie&#8221;<\/span><\/a><\/p>","protected":false},"author":1,"featured_media":0,"parent":45,"menu_order":0,"comment_status":"closed","ping_status":"closed","template":"","meta":[],"_links":{"self":[{"href":"https:\/\/bokeheditions.fi\/en\/wp-json\/wp\/v2\/pages\/480"}],"collection":[{"href":"https:\/\/bokeheditions.fi\/en\/wp-json\/wp\/v2\/pages"}],"about":[{"href":"https:\/\/bokeheditions.fi\/en\/wp-json\/wp\/v2\/types\/page"}],"author":[{"embeddable":true,"href":"https:\/\/bokeheditions.fi\/en\/wp-json\/wp\/v2\/users\/1"}],"replies":[{"embeddable":true,"href":"https:\/\/bokeheditions.fi\/en\/wp-json\/wp\/v2\/comments?post=480"}],"version-history":[{"count":4,"href":"https:\/\/bokeheditions.fi\/en\/wp-json\/wp\/v2\/pages\/480\/revisions"}],"predecessor-version":[{"id":1112,"href":"https:\/\/bokeheditions.fi\/en\/wp-json\/wp\/v2\/pages\/480\/revisions\/1112"}],"up":[{"embeddable":true,"href":"https:\/\/bokeheditions.fi\/en\/wp-json\/wp\/v2\/pages\/45"}],"wp:attachment":[{"href":"https:\/\/bokeheditions.fi\/en\/wp-json\/wp\/v2\/media?parent=480"}],"curies":[{"name":"wp","href":"https:\/\/api.w.org\/{rel}","templated":true}]}}