{"id":482,"date":"2021-04-01T13:29:02","date_gmt":"2021-04-01T10:29:02","guid":{"rendered":"https:\/\/bokeheditions.fi\/?page_id=482"},"modified":"2022-10-06T16:16:35","modified_gmt":"2022-10-06T13:16:35","slug":"kirjoitettu-luettavaksi","status":"publish","type":"page","link":"https:\/\/bokeheditions.fi\/en\/julkaisut\/kirjoitettu-luettavaksi\/","title":{"rendered":"Kirjoitettu luettavaksi"},"content":{"rendered":"<figure class=\"wp-block-image size-large\"><img loading=\"lazy\" width=\"1024\" height=\"683\" src=\"https:\/\/bokeheditions.fi\/wp-content\/uploads\/2021\/04\/kirjoitettu7-1024x683.jpg\" alt=\"\" class=\"wp-image-417\" srcset=\"https:\/\/bokeheditions.fi\/wp-content\/uploads\/2021\/04\/kirjoitettu7-1024x683.jpg 1024w, https:\/\/bokeheditions.fi\/wp-content\/uploads\/2021\/04\/kirjoitettu7-300x200.jpg 300w, https:\/\/bokeheditions.fi\/wp-content\/uploads\/2021\/04\/kirjoitettu7-768x512.jpg 768w, https:\/\/bokeheditions.fi\/wp-content\/uploads\/2021\/04\/kirjoitettu7-1536x1024.jpg 1536w, https:\/\/bokeheditions.fi\/wp-content\/uploads\/2021\/04\/kirjoitettu7-2048x1365.jpg 2048w, https:\/\/bokeheditions.fi\/wp-content\/uploads\/2021\/04\/kirjoitettu7-16x12.jpg 16w\" sizes=\"(max-width: 706px) 89vw, (max-width: 767px) 82vw, 740px\" \/><\/figure>\n\n\n\n<p><em>Kirjoitettu luettavaksi<\/em><br>BOKEH#008<br>ISBN 978-952-69504-3-3<br>2021<\/p>\n\n\n\n<p>Essee Laura Lindstedt<br>Graafinen suunnittelu ja sidonta Antti Nyl\u00e9n<\/p>\n\n\n\n<p>Lankasidottu vihko, 52 s.<br>Sisus Multicopy 100 g\/m<sup>2<\/sup>, p\u00e4\u00e4llys Munken Lynx 170 g\/m<sup>2<\/sup><br>100 x 140 x 5 mm<\/p>\n\n\n\n<p>Editio 170 kpl<\/p>\n\n\n\n<p><em>Kirjoitettu luettavaksi<\/em> on Laura Lindstedtin pitk\u00e4 essee, jossa k\u00e4yd\u00e4\u00e4n l\u00e4pi lukemisen ja \u00e4\u00e4neen lukemisen historiaa ja m\u00e4\u00e4ritell\u00e4\u00e4n kirjallisuuden piirteit\u00e4 taiteenlajina.<\/p>\n\n\n\n<p>Lis\u00e4ksi Lindstedt pohtii \u00e4\u00e4nikirjoja tarjoavien \u201dkuunteluaikapalveluiden\u201d todellista luonnetta sek\u00e4 vaikutusta sanataiteisiin yleens\u00e4. Mit\u00e4 lukeminen on? Onko \u00e4\u00e4nikirjan kuunteleminen lukemista? Onko kirjallisuuden erityispiirteen\u00e4 nimenomaan se, ett\u00e4 se otetaan vastaan lukemalla? Vai onko kirjallisuus vain \u201dtarinoita\u201d, jotka voidaan aivan hyvin kuunnellakin, miksei my\u00f6s kertoa edelleen hieman toisessa sanamuodossa?<\/p>\n\n\n\n<p>Esseen pohjana on puheenvuoro, jonka <em>Helsingin Sanomat<\/em> julkaisi loppuvuonna 2019. Teksti her\u00e4tti voimakkaita reaktioita, ik\u00e4\u00e4n kuin Lindstedt olisi \u201dvastustanut\u201d \u00e4\u00e4nikirjoja tai arvostellut ihmisi\u00e4, jotka mielell\u00e4\u00e4n niit\u00e4 kuuntelevat. P\u00e4\u00e4argumentti oli kuitenkin yksinkertainen: kirja ja \u00e4\u00e4nikirja ovat <em>eri asioita \u2013<\/em> kirja on merkkej\u00e4 paperilla, \u00e4\u00e4nikirja \u00e4\u00e4nitetty\u00e4 puhetta, esitystaidetta. Jos t\u00e4t\u00e4 ilmeist\u00e4 eroa ei voida hyv\u00e4ksy\u00e4, muuttuu keskustelu kirja-alaa parhaillaan muokkaavasta teknisest\u00e4 k\u00e4\u00e4nteest\u00e4 mahdottomaksi.<\/p>\n\n\n\n<p>Nyt Bokeh-esseevihkona julkaistava teksti on huomattavasti laajennettu ja syvennetty versio HS:n esseest\u00e4. Lindstedt k\u00e4y huolellisesti l\u00e4pi viimeaikaista keskustelua ja ehdottaa my\u00f6s ratkaisua tilanteeseen, joka on johtamassa siihen, ett\u00e4 kirjallisuuskin siirtyy \u201dalustatalouden\u201d toimintamalliin.<\/p>\n\n\n\n<p>K\u00e4sity\u00f6n\u00e4 sidotun, numeroidun julkaisun editio on rajoitettu 170 kappaleeseen.<\/p>\n\n\n\n<p>HUOM. Esseevihko on loppuunmyyty, mutta lokakuussa 2021 teos julkaistiin pdf-muotoisena s\u00e4hk\u00f6kirjana, jonka <a rel=\"noreferrer noopener\" href=\"https:\/\/holvi.com\/shop\/bokeh-kauppa\/product\/552b845e0ea6d0ae02d7426ac0749f5d\/\" target=\"_blank\">voi ladata ilmaiseksi Bokeh-kaupasta<\/a>. S\u00e4hk\u00f6inen julkaisu on tekstisis\u00e4ll\u00f6lt\u00e4\u00e4n (ja sivunumeroinniltaan) identtinen painetun kanssa, mutta sill\u00e4 on oma ISBN-numero.<\/p>\n\n\n\n<div class=\"rl-gallery-container rl-loading\" id=\"rl-gallery-container-1\" data-gallery_id=\"484\"> <div class=\"rl-gallery rl-basicmasonry-gallery edition\" id=\"rl-gallery-1\" data-gallery_no=\"1\"> <div class=\"rl-gutter-sizer\"><\/div><div class=\"rl-grid-sizer\"><\/div> <div class=\"rl-gallery-item rl-gallery-item-width-4\" > <div class=\"rl-gallery-item-content\"> <a href=\"https:\/\/bokeheditions.fi\/wp-content\/uploads\/2021\/04\/kirjoitettu6.jpg\" title=\"\" data-rl_title=\"\" class=\"rl-gallery-link\" data-rl_caption=\"\" data-rel=\"lightbox-gallery-1\"><img src=\"https:\/\/bokeheditions.fi\/wp-content\/uploads\/2021\/04\/kirjoitettu6-300x300.jpg\" width=\"300\" height=\"300\" \/><\/a> <\/div> <\/div> <div class=\"rl-gallery-item\" > <div class=\"rl-gallery-item-content\"> <a href=\"https:\/\/bokeheditions.fi\/wp-content\/uploads\/2021\/04\/kirjoitettu1.jpg\" title=\"\" data-rl_title=\"\" class=\"rl-gallery-link\" data-rl_caption=\"\" data-rel=\"lightbox-gallery-1\"><img src=\"https:\/\/bokeheditions.fi\/wp-content\/uploads\/2021\/04\/kirjoitettu1-300x300.jpg\" width=\"300\" height=\"300\" \/><\/a> <\/div> <\/div> <div class=\"rl-gallery-item\" > <div class=\"rl-gallery-item-content\"> <a href=\"https:\/\/bokeheditions.fi\/wp-content\/uploads\/2021\/04\/kirjoitettu5.jpg\" title=\"\" data-rl_title=\"\" class=\"rl-gallery-link\" data-rl_caption=\"\" data-rel=\"lightbox-gallery-1\"><img src=\"https:\/\/bokeheditions.fi\/wp-content\/uploads\/2021\/04\/kirjoitettu5-300x300.jpg\" width=\"300\" height=\"300\" \/><\/a> <\/div> <\/div> <div class=\"rl-gallery-item\" > <div class=\"rl-gallery-item-content\"> <a href=\"https:\/\/bokeheditions.fi\/wp-content\/uploads\/2021\/04\/kirjoitettu4.jpg\" title=\"\" data-rl_title=\"\" class=\"rl-gallery-link\" data-rl_caption=\"\" data-rel=\"lightbox-gallery-1\"><img src=\"https:\/\/bokeheditions.fi\/wp-content\/uploads\/2021\/04\/kirjoitettu4-300x300.jpg\" width=\"300\" height=\"300\" \/><\/a> <\/div> <\/div> <div class=\"rl-gallery-item\" > <div class=\"rl-gallery-item-content\"> <a href=\"https:\/\/bokeheditions.fi\/wp-content\/uploads\/2021\/04\/kirjoitettu3.jpg\" title=\"\" data-rl_title=\"\" class=\"rl-gallery-link\" data-rl_caption=\"\" data-rel=\"lightbox-gallery-1\"><img src=\"https:\/\/bokeheditions.fi\/wp-content\/uploads\/2021\/04\/kirjoitettu3-300x300.jpg\" width=\"300\" height=\"300\" \/><\/a> <\/div> <\/div> <div class=\"rl-gallery-item\" > <div class=\"rl-gallery-item-content\"> <a href=\"https:\/\/bokeheditions.fi\/wp-content\/uploads\/2021\/04\/kirjoitettu2.jpg\" title=\"\" data-rl_title=\"\" class=\"rl-gallery-link\" data-rl_caption=\"\" data-rel=\"lightbox-gallery-1\"><img src=\"https:\/\/bokeheditions.fi\/wp-content\/uploads\/2021\/04\/kirjoitettu2-300x300.jpg\" width=\"300\" height=\"300\" \/><\/a> <\/div> <\/div> <\/div> <\/div>","protected":false},"excerpt":{"rendered":"<p>Kirjoitettu luettavaksiBOKEH#008ISBN 978-952-69504-3-32021 Essee Laura LindstedtGraafinen suunnittelu ja sidonta Antti Nyl\u00e9n Lankasidottu vihko, 52 s.Sisus Multicopy 100 g\/m2, p\u00e4\u00e4llys Munken Lynx 170 g\/m2100 x 140 x 5 mm Editio 170 kpl Kirjoitettu luettavaksi on Laura Lindstedtin pitk\u00e4 essee, jossa k\u00e4yd\u00e4\u00e4n l\u00e4pi lukemisen ja \u00e4\u00e4neen lukemisen historiaa ja m\u00e4\u00e4ritell\u00e4\u00e4n kirjallisuuden piirteit\u00e4 taiteenlajina. Lis\u00e4ksi Lindstedt pohtii \u00e4\u00e4nikirjoja &hellip; <\/p>\n<p class=\"link-more\"><a href=\"https:\/\/bokeheditions.fi\/en\/julkaisut\/kirjoitettu-luettavaksi\/\" class=\"more-link\">Continue reading<span class=\"screen-reader-text\"> &#8220;Kirjoitettu luettavaksi&#8221;<\/span><\/a><\/p>","protected":false},"author":1,"featured_media":0,"parent":45,"menu_order":0,"comment_status":"closed","ping_status":"closed","template":"","meta":[],"_links":{"self":[{"href":"https:\/\/bokeheditions.fi\/en\/wp-json\/wp\/v2\/pages\/482"}],"collection":[{"href":"https:\/\/bokeheditions.fi\/en\/wp-json\/wp\/v2\/pages"}],"about":[{"href":"https:\/\/bokeheditions.fi\/en\/wp-json\/wp\/v2\/types\/page"}],"author":[{"embeddable":true,"href":"https:\/\/bokeheditions.fi\/en\/wp-json\/wp\/v2\/users\/1"}],"replies":[{"embeddable":true,"href":"https:\/\/bokeheditions.fi\/en\/wp-json\/wp\/v2\/comments?post=482"}],"version-history":[{"count":6,"href":"https:\/\/bokeheditions.fi\/en\/wp-json\/wp\/v2\/pages\/482\/revisions"}],"predecessor-version":[{"id":798,"href":"https:\/\/bokeheditions.fi\/en\/wp-json\/wp\/v2\/pages\/482\/revisions\/798"}],"up":[{"embeddable":true,"href":"https:\/\/bokeheditions.fi\/en\/wp-json\/wp\/v2\/pages\/45"}],"wp:attachment":[{"href":"https:\/\/bokeheditions.fi\/en\/wp-json\/wp\/v2\/media?parent=482"}],"curies":[{"name":"wp","href":"https:\/\/api.w.org\/{rel}","templated":true}]}}