{"id":667,"date":"2021-05-14T16:42:48","date_gmt":"2021-05-14T13:42:48","guid":{"rendered":"https:\/\/bokeheditions.fi\/?page_id=667"},"modified":"2022-10-06T16:16:58","modified_gmt":"2022-10-06T13:16:58","slug":"kuoriutumattomat","status":"publish","type":"page","link":"https:\/\/bokeheditions.fi\/en\/julkaisut\/kuoriutumattomat\/","title":{"rendered":"Kuoriutumattomat"},"content":{"rendered":"<figure class=\"wp-block-image size-large\"><img loading=\"lazy\" width=\"1024\" height=\"683\" src=\"https:\/\/bokeheditions.fi\/wp-content\/uploads\/2021\/05\/DSCF7218-1024x683.jpg\" alt=\"\" class=\"wp-image-675\" srcset=\"https:\/\/bokeheditions.fi\/wp-content\/uploads\/2021\/05\/DSCF7218-1024x683.jpg 1024w, https:\/\/bokeheditions.fi\/wp-content\/uploads\/2021\/05\/DSCF7218-300x200.jpg 300w, https:\/\/bokeheditions.fi\/wp-content\/uploads\/2021\/05\/DSCF7218-768x512.jpg 768w, https:\/\/bokeheditions.fi\/wp-content\/uploads\/2021\/05\/DSCF7218-1536x1024.jpg 1536w, https:\/\/bokeheditions.fi\/wp-content\/uploads\/2021\/05\/DSCF7218-2048x1365.jpg 2048w, https:\/\/bokeheditions.fi\/wp-content\/uploads\/2021\/05\/DSCF7218-16x12.jpg 16w\" sizes=\"(max-width: 706px) 89vw, (max-width: 767px) 82vw, 740px\" \/><\/figure>\n\n\n\n<p><em>Kuoriutumattomat<\/em><br>BOKEH#006<br>ISBN 978-952-69504-1-9<br>2021<\/p>\n\n\n\n<p>Teksti Antti Nyl\u00e9n<br>Kuvat Martti J\u00e4ms\u00e4<br>Graafinen suunnittelu ja sidonta Antti Nyl\u00e9n ja Martti J\u00e4ms\u00e4<\/p>\n\n\n\n<p>Lankasidottu vihko, 48 s.<br>Sisus Munken Lynx 170 g\/m<sup>2<\/sup>, kuultopaperi 112 g\/m<sup>2<\/sup><br>Kansi Munken Pure 240 g\/m<sup>2<\/sup><br>Esilehdet olkipaperia<br>Suojap\u00e4\u00e4llinen Munken Lynx 300 g\/m<sup>2<\/sup><\/p>\n\n\n\n<p>Sisus ja p\u00e4\u00e4llinen lasertulostettu<br>Kaksitoista pigmenttivedosta, Hahnem\u00fchle FineArt Rice Paper 100 g\/m<sup>2<\/sup><br><br>250 x 200 x 10 mm<\/p>\n\n\n\n<p>Edition of 100 copies<\/p>\n\n\n\n<p><em>Kuoriutumattomat<\/em> on kahden tekij\u00e4n kirjamuotoinen teos, jossa ei ole p\u00e4\u00e4asiaa. Teos sis\u00e4lt\u00e4\u00e4 teksti\u00e4 \u2013 lyhytproosaa, runoutta, esseistiikkaa, muistiinpanoja \u2013 ja kuvia \u2013 kaksitoista pigmenttivedosta kuvista, joissa on linnunmunia Forssan luontomuseon vanhasta oologisesta kokoelmasta.<\/p>\n\n\n\n<p>Martti J\u00e4ms\u00e4 ja Antti Nyl\u00e9n ovat tehneet kirjaa viiden vuoden ajan, ja projekti on n\u00e4hnyt monia vaiheita. Alun perin Jorma Hinkan piti suunnitella teos, ja se piti painaa ja sitoa digipainossa, mutta koska kirjan koko hahmo alkoi radikaalisti irtautua alkuper\u00e4isest\u00e4 ideasta ja suunnitelmasta, p\u00e4\u00e4tettiin kirja tehd\u00e4 ilman graafista suunnittelijaa. J\u00e4ms\u00e4 ja Nyl\u00e9n ovat sek\u00e4 suunnitelleet ett\u00e4 sitoneet k\u00e4sill\u00e4 olevan kirjan. Kuitenkin Hinkan aikanaan jo pitk\u00e4lle viem\u00e4 suunnittelu tuntuu vahvana my\u00f6s julkaisun nykyhahmossa.<\/p>\n\n\n\n<p><em>Kuoriutumattomat<\/em> on ep\u00e4ilem\u00e4tt\u00e4 taiteilijakirja, mutta se on my\u00f6s tarkoitettu luettavaksi ja selattavaksi, tutkittavaksi. Ennen kaikkea <em>Kuoriutumattomat<\/em> on lintukirja, mutta itse lintu j\u00e4\u00e4 lukijan vastuulle; teoksesta se on poissa.<\/p>\n\n\n\n<p>Nyl\u00e9nin teksti sis\u00e4lt\u00e4\u00e4 runsaan joukon aiheita, joista muodostuu orgaaninen kokonaisuus. Lajina on l\u00e4hinn\u00e4 <em>muistiinpano<\/em>. Tekstilaji itsess\u00e4\u00e4n vertautuu munaan, joka pit\u00e4\u00e4 sis\u00e4ll\u00e4\u00e4n jonkin laajemman olion potentiaalin. J\u00e4ms\u00e4n kuvat s\u00e4ilytt\u00e4v\u00e4t vanhoihin hauraisiin objekteihin hienotunteisen fotograafisen et\u00e4isyyden ja pyrkiv\u00e4t kunnioittamaan niiden itseisarvoa tieteellisten mutta my\u00f6s esteettisten arvostusten ohitse. <\/p>\n\n\n\n<p>Julkaisun editio on 100 kappaletta. Kappaleet on numeroitu, ja jokainen kirja sis\u00e4lt\u00e4\u00e4 yhden h\u00f6yhenen tai sulan. Suurin osa niist\u00e4 on ker\u00e4tty Helsingin kaduilta ja puistoista niiden vuosien aikana, kun kirja oli tekeill\u00e4. (H\u00f6yhenet on k\u00e4sitelty pakastamalla.)<\/p>\n\n\n\n<p>[Loppuunmyyty.]<\/p>\n\n\n\n<div class=\"rl-gallery-container rl-loading\" id=\"rl-gallery-container-1\" data-gallery_id=\"681\"> <div class=\"rl-gallery rl-basicmasonry-gallery edition\" id=\"rl-gallery-1\" data-gallery_no=\"1\"> <div class=\"rl-gutter-sizer\"><\/div><div class=\"rl-grid-sizer\"><\/div> <div class=\"rl-gallery-item rl-gallery-item-width-4\" > <div class=\"rl-gallery-item-content\"> <a href=\"https:\/\/bokeheditions.fi\/wp-content\/uploads\/2021\/05\/DSCF7211.jpg\" title=\"\" data-rl_title=\"\" class=\"rl-gallery-link\" data-rl_caption=\"\" data-rel=\"lightbox-gallery-1\"><img src=\"https:\/\/bokeheditions.fi\/wp-content\/uploads\/2021\/05\/DSCF7211-300x300.jpg\" width=\"300\" height=\"300\" \/><\/a> <\/div> <\/div> <div class=\"rl-gallery-item\" > <div class=\"rl-gallery-item-content\"> <a href=\"https:\/\/bokeheditions.fi\/wp-content\/uploads\/2021\/05\/DSCF7217.jpg\" title=\"\" data-rl_title=\"\" class=\"rl-gallery-link\" data-rl_caption=\"\" data-rel=\"lightbox-gallery-1\"><img src=\"https:\/\/bokeheditions.fi\/wp-content\/uploads\/2021\/05\/DSCF7217-300x300.jpg\" width=\"300\" height=\"300\" \/><\/a> <\/div> <\/div> <div class=\"rl-gallery-item\" > <div class=\"rl-gallery-item-content\"> <a href=\"https:\/\/bokeheditions.fi\/wp-content\/uploads\/2021\/05\/DSCF7220.jpg\" title=\"\" data-rl_title=\"\" class=\"rl-gallery-link\" data-rl_caption=\"\" data-rel=\"lightbox-gallery-1\"><img src=\"https:\/\/bokeheditions.fi\/wp-content\/uploads\/2021\/05\/DSCF7220-300x300.jpg\" width=\"300\" height=\"300\" \/><\/a> <\/div> <\/div> <div class=\"rl-gallery-item\" > <div class=\"rl-gallery-item-content\"> <a href=\"https:\/\/bokeheditions.fi\/wp-content\/uploads\/2021\/05\/DSCF7223.jpg\" title=\"\" data-rl_title=\"\" class=\"rl-gallery-link\" data-rl_caption=\"\" data-rel=\"lightbox-gallery-1\"><img src=\"https:\/\/bokeheditions.fi\/wp-content\/uploads\/2021\/05\/DSCF7223-300x300.jpg\" width=\"300\" height=\"300\" \/><\/a> <\/div> <\/div> <div class=\"rl-gallery-item\" > <div class=\"rl-gallery-item-content\"> <a href=\"https:\/\/bokeheditions.fi\/wp-content\/uploads\/2021\/05\/DSCF7222.jpg\" title=\"\" data-rl_title=\"\" class=\"rl-gallery-link\" data-rl_caption=\"\" data-rel=\"lightbox-gallery-1\"><img src=\"https:\/\/bokeheditions.fi\/wp-content\/uploads\/2021\/05\/DSCF7222-300x300.jpg\" width=\"300\" height=\"300\" \/><\/a> <\/div> <\/div> <div class=\"rl-gallery-item\" > <div class=\"rl-gallery-item-content\"> <a href=\"https:\/\/bokeheditions.fi\/wp-content\/uploads\/2021\/05\/DSCF7225.jpg\" title=\"\" data-rl_title=\"\" class=\"rl-gallery-link\" data-rl_caption=\"\" data-rel=\"lightbox-gallery-1\"><img src=\"https:\/\/bokeheditions.fi\/wp-content\/uploads\/2021\/05\/DSCF7225-300x300.jpg\" width=\"300\" height=\"300\" \/><\/a> <\/div> <\/div> <div class=\"rl-gallery-item\" > <div class=\"rl-gallery-item-content\"> <a href=\"https:\/\/bokeheditions.fi\/wp-content\/uploads\/2021\/05\/DSCF7227.jpg\" title=\"\" data-rl_title=\"\" class=\"rl-gallery-link\" data-rl_caption=\"\" data-rel=\"lightbox-gallery-1\"><img src=\"https:\/\/bokeheditions.fi\/wp-content\/uploads\/2021\/05\/DSCF7227-300x300.jpg\" width=\"300\" height=\"300\" \/><\/a> <\/div> <\/div> <div class=\"rl-gallery-item\" > <div class=\"rl-gallery-item-content\"> <a href=\"https:\/\/bokeheditions.fi\/wp-content\/uploads\/2021\/05\/DSCF7229.jpg\" title=\"\" data-rl_title=\"\" class=\"rl-gallery-link\" data-rl_caption=\"\" data-rel=\"lightbox-gallery-1\"><img src=\"https:\/\/bokeheditions.fi\/wp-content\/uploads\/2021\/05\/DSCF7229-300x300.jpg\" width=\"300\" height=\"300\" \/><\/a> <\/div> <\/div> <div class=\"rl-gallery-item\" > <div class=\"rl-gallery-item-content\"> <a href=\"https:\/\/bokeheditions.fi\/wp-content\/uploads\/2021\/05\/DSCF7212.jpg\" title=\"\" data-rl_title=\"\" class=\"rl-gallery-link\" data-rl_caption=\"\" data-rel=\"lightbox-gallery-1\"><img src=\"https:\/\/bokeheditions.fi\/wp-content\/uploads\/2021\/05\/DSCF7212-300x300.jpg\" width=\"300\" height=\"300\" \/><\/a> <\/div> <\/div> <\/div> <\/div>","protected":false},"excerpt":{"rendered":"<p>KuoriutumattomatBOKEH#006ISBN 978-952-69504-1-92021 Teksti Antti Nyl\u00e9nKuvat Martti J\u00e4ms\u00e4Graafinen suunnittelu ja sidonta Antti Nyl\u00e9n ja Martti J\u00e4ms\u00e4 Lankasidottu vihko, 48 s.Sisus Munken Lynx 170 g\/m2, kuultopaperi 112 g\/m2Kansi Munken Pure 240 g\/m2Esilehdet olkipaperiaSuojap\u00e4\u00e4llinen Munken Lynx 300 g\/m2 Sisus ja p\u00e4\u00e4llinen lasertulostettuKaksitoista pigmenttivedosta, Hahnem\u00fchle FineArt Rice Paper 100 g\/m2 250 x 200 x 10 mm Editio 100 kpl &hellip; <\/p>\n<p class=\"link-more\"><a href=\"https:\/\/bokeheditions.fi\/en\/julkaisut\/kuoriutumattomat\/\" class=\"more-link\">Continue reading<span class=\"screen-reader-text\"> &#8220;Kuoriutumattomat&#8221;<\/span><\/a><\/p>","protected":false},"author":2,"featured_media":0,"parent":45,"menu_order":0,"comment_status":"closed","ping_status":"closed","template":"","meta":[],"_links":{"self":[{"href":"https:\/\/bokeheditions.fi\/en\/wp-json\/wp\/v2\/pages\/667"}],"collection":[{"href":"https:\/\/bokeheditions.fi\/en\/wp-json\/wp\/v2\/pages"}],"about":[{"href":"https:\/\/bokeheditions.fi\/en\/wp-json\/wp\/v2\/types\/page"}],"author":[{"embeddable":true,"href":"https:\/\/bokeheditions.fi\/en\/wp-json\/wp\/v2\/users\/2"}],"replies":[{"embeddable":true,"href":"https:\/\/bokeheditions.fi\/en\/wp-json\/wp\/v2\/comments?post=667"}],"version-history":[{"count":11,"href":"https:\/\/bokeheditions.fi\/en\/wp-json\/wp\/v2\/pages\/667\/revisions"}],"predecessor-version":[{"id":1110,"href":"https:\/\/bokeheditions.fi\/en\/wp-json\/wp\/v2\/pages\/667\/revisions\/1110"}],"up":[{"embeddable":true,"href":"https:\/\/bokeheditions.fi\/en\/wp-json\/wp\/v2\/pages\/45"}],"wp:attachment":[{"href":"https:\/\/bokeheditions.fi\/en\/wp-json\/wp\/v2\/media?parent=667"}],"curies":[{"name":"wp","href":"https:\/\/api.w.org\/{rel}","templated":true}]}}