{"id":724,"date":"2021-06-22T10:26:05","date_gmt":"2021-06-22T07:26:05","guid":{"rendered":"https:\/\/bokeheditions.fi\/?page_id=724"},"modified":"2021-06-22T16:07:12","modified_gmt":"2021-06-22T13:07:12","slug":"my-silence","status":"publish","type":"page","link":"https:\/\/bokeheditions.fi\/en\/julkaisut\/my-silence\/","title":{"rendered":"My Silence"},"content":{"rendered":"<figure class=\"wp-block-image size-large\"><img loading=\"lazy\" width=\"1024\" height=\"683\" src=\"https:\/\/bokeheditions.fi\/wp-content\/uploads\/2021\/06\/DSCF7365-1-1024x683.jpg\" alt=\"\" class=\"wp-image-736\" srcset=\"https:\/\/bokeheditions.fi\/wp-content\/uploads\/2021\/06\/DSCF7365-1-1024x683.jpg 1024w, https:\/\/bokeheditions.fi\/wp-content\/uploads\/2021\/06\/DSCF7365-1-300x200.jpg 300w, https:\/\/bokeheditions.fi\/wp-content\/uploads\/2021\/06\/DSCF7365-1-768x512.jpg 768w, https:\/\/bokeheditions.fi\/wp-content\/uploads\/2021\/06\/DSCF7365-1-1536x1024.jpg 1536w, https:\/\/bokeheditions.fi\/wp-content\/uploads\/2021\/06\/DSCF7365-1-2048x1365.jpg 2048w, https:\/\/bokeheditions.fi\/wp-content\/uploads\/2021\/06\/DSCF7365-1-16x12.jpg 16w\" sizes=\"(max-width: 706px) 89vw, (max-width: 767px) 82vw, 740px\" \/><\/figure>\n\n\n\n<p><em>My Silence<\/em><br>BOKEH#009<br>ISBN 978-952-69504-4-0<br>2021<\/p>\n\n\n\n<p class=\" translation-block\">Author Mika Taanila<br>Graphic design Antti Nyl\u00e9n and Mika Taanila<br>Printed and bound by  Antti Nyl\u00e9n<\/p>\n\n\n\n<p>Perfect binding, 104 pages<br>Inside pages Multicopy 160 g\/m<sup>2<\/sup>, Folia tonpapier 130 g\/m<sup>2<\/sup><br>Cover Performa Brilliance 200 g\/m<sup>2<\/sup><\/p>\n\n\n\n<p>140 x 206 x 11 mm<\/p>\n\n\n\n<p>Edition of 100 copies<\/p>\n\n\n\n<p class=\" translation-block\"><em>My Silence<\/em> is a work by Mika Taanila, in a book form, based on the script of Louis Malle's 1981 film <em>My Dinner with Andr\u00e9<\/em>, as published in a paperback format. <em>My Silence<\/em> is precedented by two other pieces by Taanila, <em>My Silence<\/em>, a single-channel video installation (2013), and a 'grid' composed of 97 A4 sheets tied on gallery wall, titled <em>My Silence (on paper)<\/em> (2015).<\/p>\n\n\n\n<p class=\" translation-block\">The video and sound piece is a experimental, \"reductionist\" work, made by cutting out all bits of the film <em>My Dinner with Andr\u00e9<\/em> that have spoken word on the soundtrack, and the film has quite a lot of that: in the history of cinema, Malle's feature film is known most of all for its multi-layered dialogue\/monologue, written by Wallace Shawn and Andr\u00e9 Gregory. The duration of the film is 106 minutes, whereas Taanila's piece only lasts 12 minutes and 45 seconds.<\/p>\n\n\n\n<p>What actually happens when you take out the most important element from a specific film?<\/p>\n\n\n\n<p class=\" translation-block\">The book, likewise titled <em>My Silence<\/em> and published by Bokeh, is a variant of the paper installation: the original screenplay is reproduced page by page, but all dialogue is systematically erased. Remaining are only some sentences describing action and character names before lines. At the installation these photocopied sheets were hanged on the wall, now they constitute a regular book. Page count is the same as in the original paperback (<em>My Dinner with Andr\u00e9: A Screenplay by Wallace Shawn and Andr\u00e9 Gregory.<\/em> An Evergreen Book. Grove Weidenfeld: New York 1981).<\/p>\n\n\n\n<p>The book contains a link to watch the video online.<\/p>\n\n\n\n<p>The edition of the glue bound, handmade book is 100 copies.<\/p>\n\n\n\n<p>You can purchase the book online <a href=\"https:\/\/holvi.com\/shop\/bokeh-kauppa\/product\/efc95d333c7b2e4b7bdbcc9ea398c57c\/\" target=\"_blank\" rel=\"noreferrer noopener\">at the Bokeh Shop<\/a>.<\/p>\n\n\n\n<div class=\"rl-gallery-container rl-loading\" id=\"rl-gallery-container-1\" data-gallery_id=\"728\"> <div class=\"rl-gallery rl-basicmasonry-gallery edition\" id=\"rl-gallery-1\" data-gallery_no=\"1\"> <div class=\"rl-gutter-sizer\"><\/div><div class=\"rl-grid-sizer\"><\/div> <div class=\"rl-gallery-item rl-gallery-item-width-4\" > <div class=\"rl-gallery-item-content\"> <a href=\"https:\/\/bokeheditions.fi\/wp-content\/uploads\/2021\/06\/DSCF7344.jpg\" title=\"\" data-rl_title=\"\" class=\"rl-gallery-link\" data-rl_caption=\"\" data-rel=\"lightbox-gallery-1\"><img src=\"https:\/\/bokeheditions.fi\/wp-content\/uploads\/2021\/06\/DSCF7344-300x300.jpg\" width=\"300\" height=\"300\" \/><\/a> <\/div> <\/div> <div class=\"rl-gallery-item\" > <div class=\"rl-gallery-item-content\"> <a href=\"https:\/\/bokeheditions.fi\/wp-content\/uploads\/2021\/06\/DSCF7345.jpg\" title=\"\" data-rl_title=\"\" class=\"rl-gallery-link\" data-rl_caption=\"\" data-rel=\"lightbox-gallery-1\"><img src=\"https:\/\/bokeheditions.fi\/wp-content\/uploads\/2021\/06\/DSCF7345-300x300.jpg\" width=\"300\" height=\"300\" \/><\/a> <\/div> <\/div> <div class=\"rl-gallery-item\" > <div class=\"rl-gallery-item-content\"> <a href=\"https:\/\/bokeheditions.fi\/wp-content\/uploads\/2021\/06\/DSCF7346.jpg\" title=\"\" data-rl_title=\"\" class=\"rl-gallery-link\" data-rl_caption=\"\" data-rel=\"lightbox-gallery-1\"><img src=\"https:\/\/bokeheditions.fi\/wp-content\/uploads\/2021\/06\/DSCF7346-300x300.jpg\" width=\"300\" height=\"300\" \/><\/a> <\/div> <\/div> <div class=\"rl-gallery-item\" > <div class=\"rl-gallery-item-content\"> <a href=\"https:\/\/bokeheditions.fi\/wp-content\/uploads\/2021\/06\/DSCF7348.jpg\" title=\"\" data-rl_title=\"\" class=\"rl-gallery-link\" data-rl_caption=\"\" data-rel=\"lightbox-gallery-1\"><img src=\"https:\/\/bokeheditions.fi\/wp-content\/uploads\/2021\/06\/DSCF7348-300x300.jpg\" width=\"300\" height=\"300\" \/><\/a> <\/div> <\/div> <div class=\"rl-gallery-item\" > <div class=\"rl-gallery-item-content\"> <a href=\"https:\/\/bokeheditions.fi\/wp-content\/uploads\/2021\/06\/DSCF7309.jpg\" title=\"\" data-rl_title=\"\" class=\"rl-gallery-link\" data-rl_caption=\"\" data-rel=\"lightbox-gallery-1\"><img src=\"https:\/\/bokeheditions.fi\/wp-content\/uploads\/2021\/06\/DSCF7309-300x300.jpg\" width=\"300\" height=\"300\" \/><\/a> <\/div> <\/div> <div class=\"rl-gallery-item\" > <div class=\"rl-gallery-item-content\"> <a href=\"https:\/\/bokeheditions.fi\/wp-content\/uploads\/2021\/06\/DSCF7340.jpg\" title=\"\" data-rl_title=\"\" class=\"rl-gallery-link\" data-rl_caption=\"\" data-rel=\"lightbox-gallery-1\"><img src=\"https:\/\/bokeheditions.fi\/wp-content\/uploads\/2021\/06\/DSCF7340-300x300.jpg\" width=\"300\" height=\"300\" \/><\/a> <\/div> <\/div> <div class=\"rl-gallery-item\" > <div class=\"rl-gallery-item-content\"> <a href=\"https:\/\/bokeheditions.fi\/wp-content\/uploads\/2021\/06\/DSCF7351.jpg\" title=\"\" data-rl_title=\"\" class=\"rl-gallery-link\" data-rl_caption=\"\" data-rel=\"lightbox-gallery-1\"><img src=\"https:\/\/bokeheditions.fi\/wp-content\/uploads\/2021\/06\/DSCF7351-300x300.jpg\" width=\"300\" height=\"300\" \/><\/a> <\/div> <\/div> <div class=\"rl-gallery-item\" > <div class=\"rl-gallery-item-content\"> <a href=\"https:\/\/bokeheditions.fi\/wp-content\/uploads\/2021\/06\/DSCF7353.jpg\" title=\"\" data-rl_title=\"\" class=\"rl-gallery-link\" data-rl_caption=\"\" data-rel=\"lightbox-gallery-1\"><img src=\"https:\/\/bokeheditions.fi\/wp-content\/uploads\/2021\/06\/DSCF7353-300x300.jpg\" width=\"300\" height=\"300\" \/><\/a> <\/div> <\/div> <div class=\"rl-gallery-item\" > <div class=\"rl-gallery-item-content\"> <a href=\"https:\/\/bokeheditions.fi\/wp-content\/uploads\/2021\/06\/DSCF7354.jpg\" title=\"\" data-rl_title=\"\" class=\"rl-gallery-link\" data-rl_caption=\"\" data-rel=\"lightbox-gallery-1\"><img src=\"https:\/\/bokeheditions.fi\/wp-content\/uploads\/2021\/06\/DSCF7354-300x300.jpg\" width=\"300\" height=\"300\" \/><\/a> <\/div> <\/div> <\/div> <\/div>","protected":false},"excerpt":{"rendered":"<p>My SilenceBOKEH#009ISBN 978-952-69504-4-02021 Tekij\u00e4 Mika TaanilaGraafinen suunnittelu Antti Nyl\u00e9n ja Mika TaanilaTulostus ja sidonta Antti Nyl\u00e9n Liimasidottu kirja, 104 s.Sisus Multicopy 160 g\/m2, Folia tonpapier 130 g\/m2Kansi Performa Brilliance 200 g\/m2 140 x 206 x 11 mm Editio 100 kpl My Silence on Mika Taanilan kirjamuotoinen teos, joka perustuu Louis Mallen elokuvan My Dinner with &hellip; <\/p>\n<p class=\"link-more\"><a href=\"https:\/\/bokeheditions.fi\/en\/julkaisut\/my-silence\/\" class=\"more-link\">Continue reading<span class=\"screen-reader-text\"> &#8220;My Silence&#8221;<\/span><\/a><\/p>","protected":false},"author":2,"featured_media":0,"parent":45,"menu_order":0,"comment_status":"closed","ping_status":"closed","template":"","meta":[],"_links":{"self":[{"href":"https:\/\/bokeheditions.fi\/en\/wp-json\/wp\/v2\/pages\/724"}],"collection":[{"href":"https:\/\/bokeheditions.fi\/en\/wp-json\/wp\/v2\/pages"}],"about":[{"href":"https:\/\/bokeheditions.fi\/en\/wp-json\/wp\/v2\/types\/page"}],"author":[{"embeddable":true,"href":"https:\/\/bokeheditions.fi\/en\/wp-json\/wp\/v2\/users\/2"}],"replies":[{"embeddable":true,"href":"https:\/\/bokeheditions.fi\/en\/wp-json\/wp\/v2\/comments?post=724"}],"version-history":[{"count":9,"href":"https:\/\/bokeheditions.fi\/en\/wp-json\/wp\/v2\/pages\/724\/revisions"}],"predecessor-version":[{"id":743,"href":"https:\/\/bokeheditions.fi\/en\/wp-json\/wp\/v2\/pages\/724\/revisions\/743"}],"up":[{"embeddable":true,"href":"https:\/\/bokeheditions.fi\/en\/wp-json\/wp\/v2\/pages\/45"}],"wp:attachment":[{"href":"https:\/\/bokeheditions.fi\/en\/wp-json\/wp\/v2\/media?parent=724"}],"curies":[{"name":"wp","href":"https:\/\/api.w.org\/{rel}","templated":true}]}}