{"id":781,"date":"2021-07-18T22:18:13","date_gmt":"2021-07-18T19:18:13","guid":{"rendered":"https:\/\/bokeheditions.fi\/?page_id=781"},"modified":"2022-10-06T16:15:32","modified_gmt":"2022-10-06T13:15:32","slug":"ihmisten-aanet-ihmisen-aani","status":"publish","type":"page","link":"https:\/\/bokeheditions.fi\/en\/julkaisut\/ihmisten-aanet-ihmisen-aani\/","title":{"rendered":"Ihmisten \u00e4\u00e4net \/ Ihmisen \u00e4\u00e4ni"},"content":{"rendered":"<figure class=\"wp-block-image size-large\"><img loading=\"lazy\" width=\"1024\" height=\"683\" src=\"https:\/\/bokeheditions.fi\/wp-content\/uploads\/2021\/07\/DSCF737ff2-1024x683.jpg\" alt=\"\" class=\"wp-image-779\" srcset=\"https:\/\/bokeheditions.fi\/wp-content\/uploads\/2021\/07\/DSCF737ff2-1024x683.jpg 1024w, https:\/\/bokeheditions.fi\/wp-content\/uploads\/2021\/07\/DSCF737ff2-300x200.jpg 300w, https:\/\/bokeheditions.fi\/wp-content\/uploads\/2021\/07\/DSCF737ff2-768x512.jpg 768w, https:\/\/bokeheditions.fi\/wp-content\/uploads\/2021\/07\/DSCF737ff2-1536x1024.jpg 1536w, https:\/\/bokeheditions.fi\/wp-content\/uploads\/2021\/07\/DSCF737ff2-2048x1365.jpg 2048w, https:\/\/bokeheditions.fi\/wp-content\/uploads\/2021\/07\/DSCF737ff2-16x12.jpg 16w\" sizes=\"(max-width: 706px) 89vw, (max-width: 767px) 82vw, 740px\" \/><\/figure>\n\n\n\n<p><em>Ihmisten \u00e4\u00e4net \/ Ihmisen \u00e4\u00e4ni<\/em><br>BOKEH#010<br>ISBN 978-952-69504-5-7<br>2021<\/p>\n\n\n\n<p>Tekstit Antti Hurskainen<br>Graafinen suunnittelu, painoty\u00f6t ja sidonta Antti Nyl\u00e9n<\/p>\n\n\n\n<p>Kaksi nidottua vihkoa ja liimasidottu kirja, 36 + 24 + 48 s.<br>Hopeagelatiinivedos 9 x 12 cm<br>Paperit MultiArt Silk 90 g\/m<sup>2<\/sup>, Uusiopaperi 100 g\/m<sup>2<\/sup>, Munken Pure 150 &amp; 240 g\/m<sup>2<\/sup><br>Kotelo Performa Brilliance 200 g\/m<sup>2<\/sup><\/p>\n\n\n\n<p>140 x 200 x 10 mm<\/p>\n\n\n\n<p>Editio 150 kpl<\/p>\n\n\n\n<p><em>Ihmisten \u00e4\u00e4net \/ Ihmisen \u00e4\u00e4ni<\/em> on prosaisti Antti Hurskaisen kolmiosainen esseeteos. Kokonaisuus perustuu WSOY:n vuosina 1976\u20131983 julkaisemalle Ihmisen \u00e4\u00e4ni -teossarjalle, jossa aikakauden kirjailijat ja muut tunnetut henkil\u00f6t kirjoittivat vapaasti ja omakohtaisesti ihmisel\u00e4m\u00e4n \u201dsuurista\u201d kysymyksist\u00e4. Konseptin oli luonut kustantamon silloinen johtaja Hannu Tarmio, joka tilasi sarjaan teokset mm. Paavo Haavikolta, Tito Collianderilta ja Eeva Kilvelt\u00e4. Yhteens\u00e4 n\u00e4it\u00e4 suosittuja julkaisuja kertyi 29 kappaletta, joukossa my\u00f6s kaksi ulkomaista k\u00e4\u00e4nn\u00f6steosta. Vuosituhannen vaihduttua sarjaa jatkettiin viel\u00e4 noin kymmenen uuden teoksen verran.<\/p>\n\n\n\n<p>Kev\u00e4\u00e4ll\u00e4 2021 Antti Hurskainen hankki k\u00e4siins\u00e4 ja luki kaikki alkuper\u00e4iset Ihmisen \u00e4\u00e4net. Antikvaarinen luku-urakka synnytti kirjallisuusesseen sek\u00e4 vanhojen kirjojen jatkoksi viel\u00e4 yhden Ihmisen \u00e4\u00e4nen.<\/p>\n\n\n\n<p>N\u00e4m\u00e4 kaksi teksti\u00e4, \u201dIhmisten \u00e4\u00e4net\u201d ja \u201dIhmisen \u00e4\u00e4ni\u201d, sis\u00e4ltyv\u00e4t nyt k\u00e4sill\u00e4 olevaan Bokeh-julkaisuun erikseen sidottuina vihkoina. Julkaisun kolmas irrallinen osa on kollaasi, vihko, joka sis\u00e4lt\u00e4\u00e4 yhden sivusitaatin jokaisesta 1970- ja 80-luvulla ilmestyneest\u00e4 Ihmisen \u00e4\u00e4nest\u00e4.<\/p>\n\n\n\n<p>\u201dIhmisten \u00e4\u00e4net\u201d erittelee sekalaista tekstimassaa paneutuneesti ja tarkkuuteen pyrkien, mutta vailla turhaa kunnioitusta. N\u00e4k\u00f6kulma ei ole niink\u00e4\u00e4n kirjallisuushistoriallinen, pikemminkin aikalaiskriittinen, sill\u00e4 kirjasarjan k\u00f6mpel\u00f6n tunnustukselliset ja pateettiset mutta my\u00f6s suorapuheiset tekstit n\u00e4ytt\u00e4v\u00e4t \u201dsomeaikakautemme\u201d virtaviivaisessa kirjallisuuskulttuurissa yht\u00e4\u00e4lt\u00e4 noloilta ja nukkavieruilta, toisaalta rohkeilta ja vapailta. Kirjakasasta l\u00f6ytyy v\u00e4h\u00e4n \u201dnielt\u00e4v\u00e4\u00e4\u201d \u2013 \u201dlusikallinen Haavikkoa, toinen Kilpe\u00e4\u201d \u2013 mutta konseptissa on silti \u201dpaljon sankarillista ja nykykulttuurille tavoittamatonta\u201d. Lienee selv\u00e4\u00e4, ettei vastaavalla hankkeella olisi en\u00e4\u00e4 kasvupohjaa.<\/p>\n\n\n\n<p>Hurskaisen oma tunnustusteos koostuu proosajaksoista, jotka on Tarmion alkuper\u00e4isen konseptin hengess\u00e4 otsikoitu abstraktein substantiivein: V\u00e4kivalta, Kirjallisuus, Masennus, Onnellisuus\u2026 Havainnot ovat tyyni\u00e4 ja asiallisia. Tyylin ja ajatuksen tarkkuus on t\u00e4ss\u00e4kin tekstiss\u00e4 Hurskaisen t\u00e4rkeimpi\u00e4 kirjallisia arvoja.<\/p>\n\n\n\n<p>Sitaattivihko toimii kirjallisuusesseen kepe\u00e4n\u00e4 oheislukemistona. Sivun laajuisissa otteissa n\u00e4ytt\u00e4ytyy Ihmisen \u00e4\u00e4nten suuri tyylikirjo, mutta my\u00f6s teossarjan alkuper\u00e4inen graafinen ja typografinen ilme kuvituksineen ja v\u00e4liotsikoineen.<\/p>\n\n\n\n<p>\u201dIhmisen \u00e4\u00e4nen\u201d liitteen\u00e4, frontispiisin\u00e4 kansiliepeen alla, on tekij\u00e4n muotokuva, joka on kuvattu t\u00e4m\u00e4n synnyinvuonna (1986) vanhentuneelle mustavalkofilmille ja vedostettu kokonaan kemiallisessa prosessissa. Vedokset on numeroitu. Sama numerointi yksil\u00f6i koko kolmiosaisen julkaisun. K\u00e4sity\u00f6n\u00e4 sidotun teoksen editio on 150 kappaletta.<\/p>\n\n\n\n<p>[Loppuunmyyty.]<\/p>","protected":false},"excerpt":{"rendered":"<p>Ihmisten \u00e4\u00e4net \/ Ihmisen \u00e4\u00e4niBOKEH#010ISBN 978-952-69504-5-72021 Tekstit Antti HurskainenGraafinen suunnittelu, painoty\u00f6t ja sidonta Antti Nyl\u00e9n Kaksi nidottua vihkoa ja liimasidottu kirja, 36 + 24 + 48 s.Hopeagelatiinivedos 9 x 12 cmPaperit MultiArt Silk 90 g\/m2, Uusiopaperi 100 g\/m2, Munken Pure 150 &amp; 240 g\/m2Kotelo Performa Brilliance 200 g\/m2 140 x 200 x 10 mm Editio &hellip; <\/p>\n<p class=\"link-more\"><a href=\"https:\/\/bokeheditions.fi\/en\/julkaisut\/ihmisten-aanet-ihmisen-aani\/\" class=\"more-link\">Continue reading<span class=\"screen-reader-text\"> &#8220;Ihmisten \u00e4\u00e4net \/ Ihmisen \u00e4\u00e4ni&#8221;<\/span><\/a><\/p>","protected":false},"author":2,"featured_media":0,"parent":45,"menu_order":0,"comment_status":"closed","ping_status":"closed","template":"","meta":[],"_links":{"self":[{"href":"https:\/\/bokeheditions.fi\/en\/wp-json\/wp\/v2\/pages\/781"}],"collection":[{"href":"https:\/\/bokeheditions.fi\/en\/wp-json\/wp\/v2\/pages"}],"about":[{"href":"https:\/\/bokeheditions.fi\/en\/wp-json\/wp\/v2\/types\/page"}],"author":[{"embeddable":true,"href":"https:\/\/bokeheditions.fi\/en\/wp-json\/wp\/v2\/users\/2"}],"replies":[{"embeddable":true,"href":"https:\/\/bokeheditions.fi\/en\/wp-json\/wp\/v2\/comments?post=781"}],"version-history":[{"count":8,"href":"https:\/\/bokeheditions.fi\/en\/wp-json\/wp\/v2\/pages\/781\/revisions"}],"predecessor-version":[{"id":1108,"href":"https:\/\/bokeheditions.fi\/en\/wp-json\/wp\/v2\/pages\/781\/revisions\/1108"}],"up":[{"embeddable":true,"href":"https:\/\/bokeheditions.fi\/en\/wp-json\/wp\/v2\/pages\/45"}],"wp:attachment":[{"href":"https:\/\/bokeheditions.fi\/en\/wp-json\/wp\/v2\/media?parent=781"}],"curies":[{"name":"wp","href":"https:\/\/api.w.org\/{rel}","templated":true}]}}