{"id":830,"date":"2021-11-25T11:06:37","date_gmt":"2021-11-25T09:06:37","guid":{"rendered":"https:\/\/bokeheditions.fi\/?page_id=830"},"modified":"2021-11-25T12:35:25","modified_gmt":"2021-11-25T10:35:25","slug":"vapaa-valuma","status":"publish","type":"page","link":"https:\/\/bokeheditions.fi\/en\/julkaisut\/vapaa-valuma\/","title":{"rendered":"Vapaa valuma"},"content":{"rendered":"<figure class=\"wp-block-image size-large\"><img loading=\"lazy\" width=\"1024\" height=\"683\" src=\"https:\/\/bokeheditions.fi\/wp-content\/uploads\/2021\/11\/DSCF7483-1024x683.jpg\" alt=\"\" class=\"wp-image-831\" srcset=\"https:\/\/bokeheditions.fi\/wp-content\/uploads\/2021\/11\/DSCF7483-1024x683.jpg 1024w, https:\/\/bokeheditions.fi\/wp-content\/uploads\/2021\/11\/DSCF7483-300x200.jpg 300w, https:\/\/bokeheditions.fi\/wp-content\/uploads\/2021\/11\/DSCF7483-768x512.jpg 768w, https:\/\/bokeheditions.fi\/wp-content\/uploads\/2021\/11\/DSCF7483-1536x1024.jpg 1536w, https:\/\/bokeheditions.fi\/wp-content\/uploads\/2021\/11\/DSCF7483-2048x1365.jpg 2048w, https:\/\/bokeheditions.fi\/wp-content\/uploads\/2021\/11\/DSCF7483-16x12.jpg 16w\" sizes=\"(max-width: 706px) 89vw, (max-width: 767px) 82vw, 740px\" \/><\/figure>\n\n\n\n<p><em>Vapaa valuma<\/em><br>BOKEH#012A<br>ISBN 978-952-69504-6-4<br>2021<\/p>\n\n\n\n<p>Valokuvat Martti J\u00e4ms\u00e4<br>Teksti Kaija Rantakari<br>Graafinen suunnittelu ja sidonta Martti J\u00e4ms\u00e4 ja Antti Nyl\u00e9n<\/p>\n\n\n\n<p>Kaksipuoleinen k\u00e4\u00e4r\u00f6, pahviputki<br>K\u00e4\u00e4r\u00f6 Munken Lynx 200 g\/m<sup>2<\/sup>, etiketti Fabriano Accademia 120 g\/m<sup>2<\/sup><\/p>\n\n\n\n<p>185 x 1020 mm<\/p>\n\n\n\n<p>Editio 150 kpl<\/p>\n\n\n\n<p><em>Vapaa valuma<\/em> on k\u00e4\u00e4r\u00f6muotoinen kirja, joka koostuu kahdesta elementist\u00e4.<\/p>\n\n\n\n<p>Digipainetun k\u00e4\u00e4r\u00f6n toisella puolella on valokuvataiteilija Martti J\u00e4ms\u00e4n kuvasarja, yhdeks\u00e4n seleenitoonattua hopeagelatiinivedosta, jotka on digitaalisesti reprottu. Valokuvat on tehty ilman kameraa, eli ns. cameraless-tekniikalla, ainoastaan valoherkki\u00e4 papereita ja pimi\u00f6kemikaaleja k\u00e4ytt\u00e4en. T\u00e4ss\u00e4 tapauksessa sek\u00e4 paperit ett\u00e4 kemiat ovat lis\u00e4ksi olleet pahoin vanhentuneita. Orgaaniset visuaaliset vaikutelmat ovat syntyneet sakkautuneen kemian ja valotetun emulsion kohtaamisista kehitealtaassa. Tekniikka mahdollistaa hallinnan ja esteettisen tavoitteellisuuden, mutta vain johonkin rajaan asti.<\/p>\n\n\n\n<p>J\u00e4ms\u00e4n tummanpuhuvat, sovinnaisesti tulkiten &#8220;synk\u00e4t&#8221; kuvat sis\u00e4lt\u00e4v\u00e4t kuitenkin my\u00f6s arvoituksellisia valokohtia, paperin kohoumia, joihin kehite ei ole ylt\u00e4nyt, samoin yll\u00e4tt\u00e4vi\u00e4 syvyysvaikutelmia, struktuureja, joiden sis\u00e4ll\u00e4 tai takana voi aavistella jotakin. Abstrakti kuva panee kohdetta hakevan katseen liikkeeseen. Eik\u00f6 t\u00e4lt\u00e4 n\u00e4yt\u00e4 maisema, kun sit\u00e4 katsoo olohuoneen ikkunasta marraskuussa \u2013 eik\u00f6 t\u00e4m\u00e4 ole ankaraa realismia siin\u00e4 kohdassa vuotta, jossa valo tuntuu katoavan olemattomiin? Eik\u00f6 tummuudessa ole oma levollisuutensa ja lohtunsa?<\/p>\n\n\n\n<p>Rantakarin teksti nostaa nestem\u00e4isesti huojuvien kuvien pohjalta esiin aistimuksia ja tuntemuksia, jotka eiv\u00e4t liikaa perustu n\u00e4kemiseen. S\u00e4keiss\u00e4 ollaan liikkeess\u00e4, tavoitellaan jotakin, ajatusta tai ehk\u00e4 kosketusta, tapahtumia, joita pimeys lohdullisesti ymp\u00e4r\u00f6i; &#8220;sormien v\u00e4liss\u00e4&#8221; on sanoja, ja &#8220;eteisiss\u00e4 aika lakkaa kuulumasta viisareille&#8221;. Pintojen alla on uusia pintoja. P\u00e4ihtymyst\u00e4, halua, ajatusten aiheuttamia katkoksia&#8230;<\/p>\n\n\n\n<p>Vaikka kuvat olivat ensin ja sanat tulivat sitten, ovat kuvat ja teksti <em>Vapaassa valumassa<\/em> tasa-arvoisia. K\u00e4\u00e4r\u00f6n toinen puoli on varattu sanoille, toinen kuville; ne ovat toinen toisensa k\u00e4\u00e4nt\u00f6puoli eiv\u00e4tk\u00e4 selit\u00e4 toisiaan, vaan muodostavat jonkinlaisen h\u00e4m\u00e4r\u00e4n liiton.<\/p>\n\n\n\n<p><em>Vapaan valuman<\/em> editio on 150 kappaletta. Samaan aikaan julkaistaan teoksen englanninkielinen rinnakkaiseditio, <em>Free Runoff<\/em>. Rantakarin tekstin on k\u00e4\u00e4nt\u00e4nyt Kasper Salonen.<\/p>\n\n\n\n<p>Molemmat kieliversiot ovat myyt\u00e4v\u00e4n\u00e4 <a rel=\"noreferrer noopener\" href=\"https:\/\/holvi.com\/shop\/bokeh-kauppa\/\" target=\"_blank\">at the Bokeh Shop<\/a>.<\/p>\n\n\n\n<div class=\"rl-gallery-container rl-loading\" id=\"rl-gallery-container-1\" data-gallery_id=\"838\"> <div class=\"rl-gallery rl-basicmasonry-gallery edition\" id=\"rl-gallery-1\" data-gallery_no=\"1\"> <div class=\"rl-gutter-sizer\"><\/div><div class=\"rl-grid-sizer\"><\/div> <div class=\"rl-gallery-item rl-gallery-item-width-4\" > <div class=\"rl-gallery-item-content\"> <a href=\"https:\/\/bokeheditions.fi\/wp-content\/uploads\/2021\/11\/DSCF7466.jpg\" title=\"\" data-rl_title=\"\" class=\"rl-gallery-link\" data-rl_caption=\"\" data-rel=\"lightbox-gallery-1\"><img src=\"https:\/\/bokeheditions.fi\/wp-content\/uploads\/2021\/11\/DSCF7466-300x300.jpg\" width=\"300\" height=\"300\" \/><\/a> <\/div> <\/div> <div class=\"rl-gallery-item\" > <div class=\"rl-gallery-item-content\"> <a href=\"https:\/\/bokeheditions.fi\/wp-content\/uploads\/2021\/11\/DSCF7467.jpg\" title=\"\" data-rl_title=\"\" class=\"rl-gallery-link\" data-rl_caption=\"\" data-rel=\"lightbox-gallery-1\"><img src=\"https:\/\/bokeheditions.fi\/wp-content\/uploads\/2021\/11\/DSCF7467-300x300.jpg\" width=\"300\" height=\"300\" \/><\/a> <\/div> <\/div> <div class=\"rl-gallery-item\" > <div class=\"rl-gallery-item-content\"> <a href=\"https:\/\/bokeheditions.fi\/wp-content\/uploads\/2021\/11\/DSCF7469.jpg\" title=\"\" data-rl_title=\"\" class=\"rl-gallery-link\" data-rl_caption=\"\" data-rel=\"lightbox-gallery-1\"><img src=\"https:\/\/bokeheditions.fi\/wp-content\/uploads\/2021\/11\/DSCF7469-300x300.jpg\" width=\"300\" height=\"300\" \/><\/a> <\/div> <\/div> <div class=\"rl-gallery-item\" > <div class=\"rl-gallery-item-content\"> <a href=\"https:\/\/bokeheditions.fi\/wp-content\/uploads\/2021\/11\/DSCF7480.jpg\" title=\"\" data-rl_title=\"\" class=\"rl-gallery-link\" data-rl_caption=\"\" data-rel=\"lightbox-gallery-1\"><img src=\"https:\/\/bokeheditions.fi\/wp-content\/uploads\/2021\/11\/DSCF7480-300x300.jpg\" width=\"300\" height=\"300\" \/><\/a> <\/div> <\/div> <div class=\"rl-gallery-item\" > <div class=\"rl-gallery-item-content\"> <a href=\"https:\/\/bokeheditions.fi\/wp-content\/uploads\/2021\/11\/DSCF7484.jpg\" title=\"\" data-rl_title=\"\" class=\"rl-gallery-link\" data-rl_caption=\"\" data-rel=\"lightbox-gallery-1\"><img src=\"https:\/\/bokeheditions.fi\/wp-content\/uploads\/2021\/11\/DSCF7484-300x300.jpg\" width=\"300\" height=\"300\" \/><\/a> <\/div> <\/div> <div class=\"rl-gallery-item\" > <div class=\"rl-gallery-item-content\"> <a href=\"https:\/\/bokeheditions.fi\/wp-content\/uploads\/2021\/11\/DSCF7488.jpg\" title=\"\" data-rl_title=\"\" class=\"rl-gallery-link\" data-rl_caption=\"\" data-rel=\"lightbox-gallery-1\"><img src=\"https:\/\/bokeheditions.fi\/wp-content\/uploads\/2021\/11\/DSCF7488-300x300.jpg\" width=\"300\" height=\"300\" \/><\/a> <\/div> <\/div> <div class=\"rl-gallery-item\" > <div class=\"rl-gallery-item-content\"> <a href=\"https:\/\/bokeheditions.fi\/wp-content\/uploads\/2021\/11\/DSCF7489.jpg\" title=\"\" data-rl_title=\"\" class=\"rl-gallery-link\" data-rl_caption=\"\" data-rel=\"lightbox-gallery-1\"><img src=\"https:\/\/bokeheditions.fi\/wp-content\/uploads\/2021\/11\/DSCF7489-300x300.jpg\" width=\"300\" height=\"300\" \/><\/a> <\/div> <\/div> <div class=\"rl-gallery-item\" > <div class=\"rl-gallery-item-content\"> <a href=\"https:\/\/bokeheditions.fi\/wp-content\/uploads\/2021\/11\/DSCF7493.jpg\" title=\"\" data-rl_title=\"\" class=\"rl-gallery-link\" data-rl_caption=\"\" data-rel=\"lightbox-gallery-1\"><img src=\"https:\/\/bokeheditions.fi\/wp-content\/uploads\/2021\/11\/DSCF7493-300x300.jpg\" width=\"300\" height=\"300\" \/><\/a> <\/div> <\/div> <div class=\"rl-gallery-item\" > <div class=\"rl-gallery-item-content\"> <a href=\"https:\/\/bokeheditions.fi\/wp-content\/uploads\/2021\/11\/DSCF7496.jpg\" title=\"\" data-rl_title=\"\" class=\"rl-gallery-link\" data-rl_caption=\"\" data-rel=\"lightbox-gallery-1\"><img src=\"https:\/\/bokeheditions.fi\/wp-content\/uploads\/2021\/11\/DSCF7496-300x300.jpg\" width=\"300\" height=\"300\" \/><\/a> <\/div> <\/div> <div class=\"rl-gallery-item\" > <div class=\"rl-gallery-item-content\"> <a href=\"https:\/\/bokeheditions.fi\/wp-content\/uploads\/2021\/11\/DSCF7551.jpg\" title=\"\" data-rl_title=\"\" class=\"rl-gallery-link\" data-rl_caption=\"\" data-rel=\"lightbox-gallery-1\"><img src=\"https:\/\/bokeheditions.fi\/wp-content\/uploads\/2021\/11\/DSCF7551-300x300.jpg\" width=\"300\" height=\"300\" \/><\/a> <\/div> <\/div> <div class=\"rl-gallery-item\" > <div class=\"rl-gallery-item-content\"> <a href=\"https:\/\/bokeheditions.fi\/wp-content\/uploads\/2021\/11\/DSCF7547.jpg\" title=\"\" data-rl_title=\"\" class=\"rl-gallery-link\" data-rl_caption=\"\" data-rel=\"lightbox-gallery-1\"><img src=\"https:\/\/bokeheditions.fi\/wp-content\/uploads\/2021\/11\/DSCF7547-300x300.jpg\" width=\"300\" height=\"300\" \/><\/a> <\/div> <\/div> <div class=\"rl-gallery-item\" > <div class=\"rl-gallery-item-content\"> <a href=\"https:\/\/bokeheditions.fi\/wp-content\/uploads\/2021\/11\/DSCF7507.jpg\" title=\"\" data-rl_title=\"\" class=\"rl-gallery-link\" data-rl_caption=\"\" data-rel=\"lightbox-gallery-1\"><img src=\"https:\/\/bokeheditions.fi\/wp-content\/uploads\/2021\/11\/DSCF7507-300x300.jpg\" width=\"300\" height=\"300\" \/><\/a> <\/div> <\/div> <\/div> <\/div>","protected":false},"excerpt":{"rendered":"<p>Vapaa valumaBOKEH#012AISBN 978-952-69504-6-42021 Valokuvat Martti J\u00e4ms\u00e4Teksti Kaija RantakariGraafinen suunnittelu ja sidonta Martti J\u00e4ms\u00e4 ja Antti Nyl\u00e9n Kaksipuoleinen k\u00e4\u00e4r\u00f6, pahviputkiK\u00e4\u00e4r\u00f6 Munken Lynx 200 g\/m2, etiketti Fabriano Accademia 120 g\/m2 185 x 1020 mm Editio 150 kpl Vapaa valuma on k\u00e4\u00e4r\u00f6muotoinen kirja, joka koostuu kahdesta elementist\u00e4. Digipainetun k\u00e4\u00e4r\u00f6n toisella puolella on valokuvataiteilija Martti J\u00e4ms\u00e4n kuvasarja, yhdeks\u00e4n seleenitoonattua &hellip; <\/p>\n<p class=\"link-more\"><a href=\"https:\/\/bokeheditions.fi\/en\/julkaisut\/vapaa-valuma\/\" class=\"more-link\">Continue reading<span class=\"screen-reader-text\"> &#8220;Vapaa valuma&#8221;<\/span><\/a><\/p>","protected":false},"author":2,"featured_media":0,"parent":45,"menu_order":0,"comment_status":"closed","ping_status":"closed","template":"","meta":[],"_links":{"self":[{"href":"https:\/\/bokeheditions.fi\/en\/wp-json\/wp\/v2\/pages\/830"}],"collection":[{"href":"https:\/\/bokeheditions.fi\/en\/wp-json\/wp\/v2\/pages"}],"about":[{"href":"https:\/\/bokeheditions.fi\/en\/wp-json\/wp\/v2\/types\/page"}],"author":[{"embeddable":true,"href":"https:\/\/bokeheditions.fi\/en\/wp-json\/wp\/v2\/users\/2"}],"replies":[{"embeddable":true,"href":"https:\/\/bokeheditions.fi\/en\/wp-json\/wp\/v2\/comments?post=830"}],"version-history":[{"count":4,"href":"https:\/\/bokeheditions.fi\/en\/wp-json\/wp\/v2\/pages\/830\/revisions"}],"predecessor-version":[{"id":864,"href":"https:\/\/bokeheditions.fi\/en\/wp-json\/wp\/v2\/pages\/830\/revisions\/864"}],"up":[{"embeddable":true,"href":"https:\/\/bokeheditions.fi\/en\/wp-json\/wp\/v2\/pages\/45"}],"wp:attachment":[{"href":"https:\/\/bokeheditions.fi\/en\/wp-json\/wp\/v2\/media?parent=830"}],"curies":[{"name":"wp","href":"https:\/\/api.w.org\/{rel}","templated":true}]}}