{"id":863,"date":"2021-11-25T12:51:07","date_gmt":"2021-11-25T10:51:07","guid":{"rendered":"https:\/\/bokeheditions.fi\/?page_id=863"},"modified":"2021-11-25T13:00:19","modified_gmt":"2021-11-25T11:00:19","slug":"free-runoff","status":"publish","type":"page","link":"https:\/\/bokeheditions.fi\/en\/julkaisut\/free-runoff\/","title":{"rendered":"Free Runoff"},"content":{"rendered":"<figure class=\"wp-block-image size-large\"><img loading=\"lazy\" width=\"1024\" height=\"683\" src=\"https:\/\/bokeheditions.fi\/wp-content\/uploads\/2021\/11\/DSCF7498-1024x683.jpg\" alt=\"\" class=\"wp-image-832\" srcset=\"https:\/\/bokeheditions.fi\/wp-content\/uploads\/2021\/11\/DSCF7498-1024x683.jpg 1024w, https:\/\/bokeheditions.fi\/wp-content\/uploads\/2021\/11\/DSCF7498-300x200.jpg 300w, https:\/\/bokeheditions.fi\/wp-content\/uploads\/2021\/11\/DSCF7498-768x512.jpg 768w, https:\/\/bokeheditions.fi\/wp-content\/uploads\/2021\/11\/DSCF7498-1536x1024.jpg 1536w, https:\/\/bokeheditions.fi\/wp-content\/uploads\/2021\/11\/DSCF7498-2048x1365.jpg 2048w, https:\/\/bokeheditions.fi\/wp-content\/uploads\/2021\/11\/DSCF7498-16x12.jpg 16w\" sizes=\"(max-width: 706px) 89vw, (max-width: 767px) 82vw, 740px\" \/><\/figure>\n\n\n\n<p><em>Free Runoff<\/em><br>BOKEH#012B<br>ISBN 978-952-69504-7-1<br>2021<\/p>\n\n\n\n<p>Photography Martti J\u00e4ms\u00e4<br>Poetry Kaija Rantakari<br>Graphic design and binding Martti J\u00e4ms\u00e4 and Antti Nyl\u00e9n<\/p>\n\n\n\n<p>Two-sided roll, cardboard tube<br>Munken Lynx 200 g\/m<sup>2<\/sup> (roll), Fabriano Accademia 120 g\/m<sup>2<\/sup> (label)<\/p>\n\n\n\n<p>185 x 1020 mm<\/p>\n\n\n\n<p>Edition of 50 copies<\/p>\n\n\n\n<p><em>Free Runoff<\/em> is a book in a roll format, consisting of two independent elements.<\/p>\n\n\n\n<p>Martti J\u00e4ms\u00e4&#8217;s photographs, nine selenium toned silver gelatin prints, are digitally reproduced on one side of the paper strip. These images are produced by a &#8220;cameraless&#8221; technique, made solely by means of photographic paper and darkroom chemicals. In this case, both the papers and the developer were badly expired and deteriorated. The organic impressions are a result of the contact between clogged developer and the exposed emulsion in a developer tray. This method allows for a certain degree of control and artistic determination.<\/p>\n\n\n\n<p>For a contrast, these moody, seemingly &#8220;dark&#8221; images include mysterious bright areas, points of paper surface where the developer has not reached, structures where one can apprehend something deeper. The abstract image makes the eye to search for an object. Is not this a typical landscape from the livingroom window in November? Isn&#8217;t this realism in the extreme? And is there not a certain peace and comfort in the density of darkness?<\/p>\n\n\n\n<p>From the fluidity of this imagery, Rantakari&#8217;s text formulates sensations and feelings that do not rely too much on eyesight. The subject in the verse is on the move, searching for something, probably for a precise thought, or a touch, an encounter; there are &#8220;word between fingers&#8221;, and &#8220;time stops belonging to the clock hands&#8221;. Under surfaces there are other surfaces. Intoxication, desire, interruptions caused by thinking&#8230;<\/p>\n\n\n\n<p>Even though the images precedented the words, in <em>Free Runoff<\/em> these two elements are equal. The other side of the roll is occupied by text, the other by images; both are, in turn, the other&#8217;s reverse. They are mysteriously unified, not explaining each other.<\/p>\n\n\n\n<p><em>Free Runoff<\/em> is a parallel publication of <em>Vapaa valuma<\/em>, translated into English by Kasper Salonen. Otherwise, the content and design are  identical.<\/p>\n\n\n\n<p>Numbered edition of 50 copies.<\/p>\n\n\n\n<p>Both versions, the original Finnish and the English translation, are on sale at <a rel=\"noreferrer noopener\" href=\"https:\/\/holvi.com\/shop\/bokeh-kauppa\/\" target=\"_blank\">Bokeh-kauppa<\/a>.<\/p>\n\n\n\n<div class=\"rl-gallery-container rl-loading\" id=\"rl-gallery-container-1\" data-gallery_id=\"866\"> <div class=\"rl-gallery rl-basicmasonry-gallery edition\" id=\"rl-gallery-1\" data-gallery_no=\"1\"> <div class=\"rl-gutter-sizer\"><\/div><div class=\"rl-grid-sizer\"><\/div> <div class=\"rl-gallery-item rl-gallery-item-width-4\" > <div class=\"rl-gallery-item-content\"> <a href=\"https:\/\/bokeheditions.fi\/wp-content\/uploads\/2021\/11\/DSCF7474.jpg\" title=\"\" data-rl_title=\"\" class=\"rl-gallery-link\" data-rl_caption=\"\" data-rel=\"lightbox-gallery-1\"><img src=\"https:\/\/bokeheditions.fi\/wp-content\/uploads\/2021\/11\/DSCF7474-300x300.jpg\" width=\"300\" height=\"300\" \/><\/a> <\/div> <\/div> <div class=\"rl-gallery-item\" > <div class=\"rl-gallery-item-content\"> <a href=\"https:\/\/bokeheditions.fi\/wp-content\/uploads\/2021\/11\/DSCF7476.jpg\" title=\"\" data-rl_title=\"\" class=\"rl-gallery-link\" data-rl_caption=\"\" data-rel=\"lightbox-gallery-1\"><img src=\"https:\/\/bokeheditions.fi\/wp-content\/uploads\/2021\/11\/DSCF7476-300x300.jpg\" width=\"300\" height=\"300\" \/><\/a> <\/div> <\/div> <div class=\"rl-gallery-item\" > <div class=\"rl-gallery-item-content\"> <a href=\"https:\/\/bokeheditions.fi\/wp-content\/uploads\/2021\/11\/DSCF7477.jpg\" title=\"\" data-rl_title=\"\" class=\"rl-gallery-link\" data-rl_caption=\"\" data-rel=\"lightbox-gallery-1\"><img src=\"https:\/\/bokeheditions.fi\/wp-content\/uploads\/2021\/11\/DSCF7477-300x300.jpg\" width=\"300\" height=\"300\" \/><\/a> <\/div> <\/div> <div class=\"rl-gallery-item\" > <div class=\"rl-gallery-item-content\"> <a href=\"https:\/\/bokeheditions.fi\/wp-content\/uploads\/2021\/11\/DSCF7497.jpg\" title=\"\" data-rl_title=\"\" class=\"rl-gallery-link\" data-rl_caption=\"\" data-rel=\"lightbox-gallery-1\"><img src=\"https:\/\/bokeheditions.fi\/wp-content\/uploads\/2021\/11\/DSCF7497-300x300.jpg\" width=\"300\" height=\"300\" \/><\/a> <\/div> <\/div> <div class=\"rl-gallery-item\" > <div class=\"rl-gallery-item-content\"> <a href=\"https:\/\/bokeheditions.fi\/wp-content\/uploads\/2021\/11\/DSCF7500.jpg\" title=\"\" data-rl_title=\"\" class=\"rl-gallery-link\" data-rl_caption=\"\" data-rel=\"lightbox-gallery-1\"><img src=\"https:\/\/bokeheditions.fi\/wp-content\/uploads\/2021\/11\/DSCF7500-300x300.jpg\" width=\"300\" height=\"300\" \/><\/a> <\/div> <\/div> <div class=\"rl-gallery-item\" > <div class=\"rl-gallery-item-content\"> <a href=\"https:\/\/bokeheditions.fi\/wp-content\/uploads\/2021\/11\/DSCF7501.jpg\" title=\"\" data-rl_title=\"\" class=\"rl-gallery-link\" data-rl_caption=\"\" data-rel=\"lightbox-gallery-1\"><img src=\"https:\/\/bokeheditions.fi\/wp-content\/uploads\/2021\/11\/DSCF7501-300x300.jpg\" width=\"300\" height=\"300\" \/><\/a> <\/div> <\/div> <div class=\"rl-gallery-item\" > <div class=\"rl-gallery-item-content\"> <a href=\"https:\/\/bokeheditions.fi\/wp-content\/uploads\/2021\/11\/DSCF7502.jpg\" title=\"\" data-rl_title=\"\" class=\"rl-gallery-link\" data-rl_caption=\"\" data-rel=\"lightbox-gallery-1\"><img src=\"https:\/\/bokeheditions.fi\/wp-content\/uploads\/2021\/11\/DSCF7502-300x300.jpg\" width=\"300\" height=\"300\" \/><\/a> <\/div> <\/div> <div class=\"rl-gallery-item\" > <div class=\"rl-gallery-item-content\"> <a href=\"https:\/\/bokeheditions.fi\/wp-content\/uploads\/2021\/11\/DSCF7505.jpg\" title=\"\" data-rl_title=\"\" class=\"rl-gallery-link\" data-rl_caption=\"\" data-rel=\"lightbox-gallery-1\"><img src=\"https:\/\/bokeheditions.fi\/wp-content\/uploads\/2021\/11\/DSCF7505-300x300.jpg\" width=\"300\" height=\"300\" \/><\/a> <\/div> <\/div> <div class=\"rl-gallery-item\" > <div class=\"rl-gallery-item-content\"> <a href=\"https:\/\/bokeheditions.fi\/wp-content\/uploads\/2021\/11\/DSCF7547.jpg\" title=\"\" data-rl_title=\"\" class=\"rl-gallery-link\" data-rl_caption=\"\" data-rel=\"lightbox-gallery-1\"><img src=\"https:\/\/bokeheditions.fi\/wp-content\/uploads\/2021\/11\/DSCF7547-300x300.jpg\" width=\"300\" height=\"300\" \/><\/a> <\/div> <\/div> <div class=\"rl-gallery-item\" > <div class=\"rl-gallery-item-content\"> <a href=\"https:\/\/bokeheditions.fi\/wp-content\/uploads\/2021\/11\/DSCF7548.jpg\" title=\"\" data-rl_title=\"\" class=\"rl-gallery-link\" data-rl_caption=\"\" data-rel=\"lightbox-gallery-1\"><img src=\"https:\/\/bokeheditions.fi\/wp-content\/uploads\/2021\/11\/DSCF7548-300x300.jpg\" width=\"300\" height=\"300\" \/><\/a> <\/div> <\/div> <div class=\"rl-gallery-item\" > <div class=\"rl-gallery-item-content\"> <a href=\"https:\/\/bokeheditions.fi\/wp-content\/uploads\/2021\/11\/DSCF7503.jpg\" title=\"\" data-rl_title=\"\" class=\"rl-gallery-link\" data-rl_caption=\"\" data-rel=\"lightbox-gallery-1\"><img src=\"https:\/\/bokeheditions.fi\/wp-content\/uploads\/2021\/11\/DSCF7503-300x300.jpg\" width=\"300\" height=\"300\" \/><\/a> <\/div> <\/div> <div class=\"rl-gallery-item\" > <div class=\"rl-gallery-item-content\"> <a href=\"https:\/\/bokeheditions.fi\/wp-content\/uploads\/2021\/11\/DSCF7512.jpg\" title=\"\" data-rl_title=\"\" class=\"rl-gallery-link\" data-rl_caption=\"\" data-rel=\"lightbox-gallery-1\"><img src=\"https:\/\/bokeheditions.fi\/wp-content\/uploads\/2021\/11\/DSCF7512-300x300.jpg\" width=\"300\" height=\"300\" \/><\/a> <\/div> <\/div> <\/div> <\/div>","protected":false},"excerpt":{"rendered":"<p>Free RunoffBOKEH#012BISBN 978-952-69504-7-12021 Photography Martti J\u00e4ms\u00e4Poetry Kaija RantakariGraphic design and binding Martti J\u00e4ms\u00e4 and Antti Nyl\u00e9n Two-sided roll, cardboard tubeMunken Lynx 200 g\/m2 (roll), Fabriano Accademia 120 g\/m2 (label) 185 x 1020 mm Edition of 50 copies Free Runoff is a book in a roll format, consisting of two independent elements. Martti J\u00e4ms\u00e4&#8217;s photographs, nine &hellip; <\/p>\n<p class=\"link-more\"><a href=\"https:\/\/bokeheditions.fi\/en\/julkaisut\/free-runoff\/\" class=\"more-link\">Continue reading<span class=\"screen-reader-text\"> &#8220;Free Runoff&#8221;<\/span><\/a><\/p>","protected":false},"author":2,"featured_media":0,"parent":45,"menu_order":0,"comment_status":"closed","ping_status":"closed","template":"","meta":[],"_links":{"self":[{"href":"https:\/\/bokeheditions.fi\/en\/wp-json\/wp\/v2\/pages\/863"}],"collection":[{"href":"https:\/\/bokeheditions.fi\/en\/wp-json\/wp\/v2\/pages"}],"about":[{"href":"https:\/\/bokeheditions.fi\/en\/wp-json\/wp\/v2\/types\/page"}],"author":[{"embeddable":true,"href":"https:\/\/bokeheditions.fi\/en\/wp-json\/wp\/v2\/users\/2"}],"replies":[{"embeddable":true,"href":"https:\/\/bokeheditions.fi\/en\/wp-json\/wp\/v2\/comments?post=863"}],"version-history":[{"count":3,"href":"https:\/\/bokeheditions.fi\/en\/wp-json\/wp\/v2\/pages\/863\/revisions"}],"predecessor-version":[{"id":871,"href":"https:\/\/bokeheditions.fi\/en\/wp-json\/wp\/v2\/pages\/863\/revisions\/871"}],"up":[{"embeddable":true,"href":"https:\/\/bokeheditions.fi\/en\/wp-json\/wp\/v2\/pages\/45"}],"wp:attachment":[{"href":"https:\/\/bokeheditions.fi\/en\/wp-json\/wp\/v2\/media?parent=863"}],"curies":[{"name":"wp","href":"https:\/\/api.w.org\/{rel}","templated":true}]}}