{"id":919,"date":"2022-05-26T21:07:46","date_gmt":"2022-05-26T18:07:46","guid":{"rendered":"https:\/\/bokeheditions.fi\/?page_id=919"},"modified":"2022-05-26T21:18:45","modified_gmt":"2022-05-26T18:18:45","slug":"2222-2","status":"publish","type":"page","link":"https:\/\/bokeheditions.fi\/en\/julkaisut\/2222-2\/","title":{"rendered":"2222"},"content":{"rendered":"<figure class=\"wp-block-image size-large\"><img loading=\"lazy\" width=\"1024\" height=\"682\" src=\"https:\/\/bokeheditions.fi\/wp-content\/uploads\/2022\/05\/DSF7747-1024x682.jpg\" alt=\"\" class=\"wp-image-922\" srcset=\"https:\/\/bokeheditions.fi\/wp-content\/uploads\/2022\/05\/DSF7747-1024x682.jpg 1024w, https:\/\/bokeheditions.fi\/wp-content\/uploads\/2022\/05\/DSF7747-300x200.jpg 300w, https:\/\/bokeheditions.fi\/wp-content\/uploads\/2022\/05\/DSF7747-768x512.jpg 768w, https:\/\/bokeheditions.fi\/wp-content\/uploads\/2022\/05\/DSF7747-1536x1023.jpg 1536w, https:\/\/bokeheditions.fi\/wp-content\/uploads\/2022\/05\/DSF7747-2048x1364.jpg 2048w, https:\/\/bokeheditions.fi\/wp-content\/uploads\/2022\/05\/DSF7747-18x12.jpg 18w\" sizes=\"(max-width: 706px) 89vw, (max-width: 767px) 82vw, 740px\" \/><\/figure>\n\n\n\n<p><em>2222<\/em><br>BOKEH#016<br>ISBN 978-952-7501-02-3<br>2022<\/p>\n\n\n\n<p>Teksti Timo Kelaranta<br>Tekij\u00e4n muotokuva Jari H\u00e4rk\u00f6nen<br>Graafinen suunnittelu, painoty\u00f6t ja sidonta Antti Nyl\u00e9n<\/p>\n\n\n\n<p>Liimasidottu kirja, 90 s.<br>Mustesuihkuvedos, 10 x 15 cm<br>Paperit Amber Graphic 90 g\/m<sup>2<\/sup>, Performa Brilliance 200 g\/m<sup>2<\/sup>, Folia Tonpapier 130 g\/m<sup>2<\/sup><\/p>\n\n\n\n<p>125 x 180 x 6 mm<\/p>\n\n\n\n<p>Edition of 200 copies<\/p>\n\n\n\n<p>Valokuvataiteilija Timo Kelarannan (s. 1951) esseekirja <em>2222<\/em> sis\u00e4lt\u00e4\u00e4 yhdeks\u00e4n esseet\u00e4, joista vain yksi, taiteilija Mox M\u00e4kel\u00e4n METAMATKA-n\u00e4yttelyn (1994) esittely, perustuu aiemmin julkaistuun tekstiin. Sit\u00e4kin on uudistettu ja muokattu huomattavasti \u2013 alun perin 1990-luvulla <em>Valokuva<\/em>-lehdess\u00e4 julkaistu teksti oli l\u00e4hinn\u00e4 n\u00e4yttelykritiikki. T\u00e4m\u00e4 vanha teksti oli samalla er\u00e4\u00e4nlainen alkupiste koko teokselle: sen muokkaaminen esseemuotoon k\u00e4ynnisti teosprosessin ja synnytti uusia aiheita, uusia tekstej\u00e4, kunnes \u201dkaikki tarpeellinen oli sanottu\u201d.<\/p>\n\n\n\n<p>Kirjan nimi \u2013 ja samalla kokoelman viimeisen tekstin otsikko \u2013 on vuosiluku. Vuonna 2222 ei ole j\u00e4ljell\u00e4 en\u00e4\u00e4 mit\u00e4\u00e4n aktiivista linkki\u00e4 siihen ihmiskuntaan, joka maapallolla t\u00e4ll\u00e4 hetkell\u00e4 touhuaa \u2013 \u201dniin kuin ei meill\u00e4k\u00e4\u00e4n ole l\u00e4heist\u00e4 suhdetta vuoden 1822 sukulaisiimme, jos edes tied\u00e4mme keit\u00e4 he olivat\u201d. Silti luonnonkierto ja maailmanhistoria ovat katkeamattomia prosesseja \u2013 jotain aina my\u00f6s s\u00e4ilyy, mutta sill\u00e4 jollakin ei ole sanoja.<\/p>\n\n\n\n<p>Kelarannan kirja \u2013 sanoineen p\u00e4ivineen, sama pieni Bokeh-pajalla tehty kirjahko! \u2013 tosin saattaa viel\u00e4 silloinkin olla saatavana. Ainakin se nyt talletetaan Suomen Kansalliskirjastoon \u2013 ja juuri siksi, ett\u00e4 t\u00e4llainen mahdollisuus olisi. Emme tied\u00e4 miten k\u00e4y.<\/p>\n\n\n\n<p>\u201d2222:ta\u201d edelt\u00e4v\u00e4t tekstit on jaettu kolmeen osastoon ja k\u00e4sittelev\u00e4t Ven\u00e4j\u00e4\u00e4, sen historiaa, mutta my\u00f6s t\u00e4m\u00e4nhetkist\u00e4 sota-Ven\u00e4j\u00e4\u00e4, Helsinki\u00e4 ja suomettumista, valokuvataidetta ja muitakin kuvataiteen lajeja, Haitin vuoden 2010 maanj\u00e4ristyst\u00e4 ja l\u00e4heisen kuolemaa. Keskimm\u00e4isess\u00e4 osastossa Kelaranta kirjoittaa suomalaisista valokuvataiteilijoista, joita h\u00e4n on aikoinaan Taikin kursseilla opettanut \u2013 Elina Botheruksesta ja Noora Sandgrenista sek\u00e4 er\u00e4\u00e4st\u00e4 Laura B\u00f6\u00f6kin ja Tatjana Moutchnikin videoteoksesta. Kelarannan teksti tuntuu kauttaaltaan hyvin suoralta ja pakottomalta \u2013 h\u00e4n ei yrit\u00e4 sanoa enemm\u00e4n kuin tarkoittaa vaan juuri sen verran.<\/p>\n\n\n\n<p>Esseekokoelman editio on 200 kappaletta. Kansipapereita on kymment\u00e4 eri v\u00e4ri\u00e4, jokaista kaksikymment\u00e4. Sisus on digipainettu lukuun ottamatta tekij\u00e4n muotokuvaa, joka on mustesuihkuvedos, ja kannen \u201dsokeanpainatusta\u201d, joka on tehty kohopainaen samalla kertaa kansipaperiin ja kansikartonkiin. Nide on liimasidottu.<\/p>\n\n\n\n<p>Teos julkaistiin 24. toukokuuta 2022 Kelarannan <em>Muusikoita, matkatovereita<\/em> -n\u00e4yttelyn avajaisissa valokuvagalleria Hippolyten Korjaamon-tilassa.<\/p>\n\n\n\n<p><em>2222<\/em> on myyt\u00e4v\u00e4n\u00e4 <a rel=\"noreferrer noopener\" href=\"https:\/\/holvi.com\/shop\/bokeh-kauppa\/product\/fcb5000f6160e5471c36eb290696316b\/\" target=\"_blank\">at the Bokeh Shop<\/a> hintaan 22 euroa (+ postikulut).<\/p>\n\n\n\n<div class=\"rl-gallery-container rl-loading\" id=\"rl-gallery-container-1\" data-gallery_id=\"934\"> <div class=\"rl-gallery rl-basicmasonry-gallery edition\" id=\"rl-gallery-1\" data-gallery_no=\"1\"> <div class=\"rl-gutter-sizer\"><\/div><div class=\"rl-grid-sizer\"><\/div> <div class=\"rl-gallery-item rl-gallery-item-width-4\" > <div class=\"rl-gallery-item-content\"> <a href=\"https:\/\/bokeheditions.fi\/wp-content\/uploads\/2022\/05\/DSF7734.jpg\" title=\"\" data-rl_title=\"\" class=\"rl-gallery-link\" data-rl_caption=\"\" data-rel=\"lightbox-gallery-1\"><img src=\"https:\/\/bokeheditions.fi\/wp-content\/uploads\/2022\/05\/DSF7734-300x300.jpg\" width=\"300\" height=\"300\" \/><\/a> <\/div> <\/div> <div class=\"rl-gallery-item\" > <div class=\"rl-gallery-item-content\"> <a href=\"https:\/\/bokeheditions.fi\/wp-content\/uploads\/2022\/05\/DSF7738.jpg\" title=\"\" data-rl_title=\"\" class=\"rl-gallery-link\" data-rl_caption=\"\" data-rel=\"lightbox-gallery-1\"><img src=\"https:\/\/bokeheditions.fi\/wp-content\/uploads\/2022\/05\/DSF7738-300x300.jpg\" width=\"300\" height=\"300\" \/><\/a> <\/div> <\/div> <div class=\"rl-gallery-item\" > <div class=\"rl-gallery-item-content\"> <a href=\"https:\/\/bokeheditions.fi\/wp-content\/uploads\/2022\/05\/DSF7739.jpg\" title=\"\" data-rl_title=\"\" class=\"rl-gallery-link\" data-rl_caption=\"\" data-rel=\"lightbox-gallery-1\"><img src=\"https:\/\/bokeheditions.fi\/wp-content\/uploads\/2022\/05\/DSF7739-300x300.jpg\" width=\"300\" height=\"300\" \/><\/a> <\/div> <\/div> <div class=\"rl-gallery-item\" > <div class=\"rl-gallery-item-content\"> <a href=\"https:\/\/bokeheditions.fi\/wp-content\/uploads\/2022\/05\/DSF7741.jpg\" title=\"\" data-rl_title=\"\" class=\"rl-gallery-link\" data-rl_caption=\"\" data-rel=\"lightbox-gallery-1\"><img src=\"https:\/\/bokeheditions.fi\/wp-content\/uploads\/2022\/05\/DSF7741-300x300.jpg\" width=\"300\" height=\"300\" \/><\/a> <\/div> <\/div> <div class=\"rl-gallery-item\" > <div class=\"rl-gallery-item-content\"> <a href=\"https:\/\/bokeheditions.fi\/wp-content\/uploads\/2022\/05\/DSF7743.jpg\" title=\"\" data-rl_title=\"\" class=\"rl-gallery-link\" data-rl_caption=\"\" data-rel=\"lightbox-gallery-1\"><img src=\"https:\/\/bokeheditions.fi\/wp-content\/uploads\/2022\/05\/DSF7743-300x300.jpg\" width=\"300\" height=\"300\" \/><\/a> <\/div> <\/div> <div class=\"rl-gallery-item\" > <div class=\"rl-gallery-item-content\"> <a href=\"https:\/\/bokeheditions.fi\/wp-content\/uploads\/2022\/05\/DSF7717.jpg\" title=\"\" data-rl_title=\"\" class=\"rl-gallery-link\" data-rl_caption=\"\" data-rel=\"lightbox-gallery-1\"><img src=\"https:\/\/bokeheditions.fi\/wp-content\/uploads\/2022\/05\/DSF7717-300x300.jpg\" width=\"300\" height=\"300\" \/><\/a> <\/div> <\/div> <div class=\"rl-gallery-item\" > <div class=\"rl-gallery-item-content\"> <a href=\"https:\/\/bokeheditions.fi\/wp-content\/uploads\/2022\/05\/DSF7745.jpg\" title=\"\" data-rl_title=\"\" class=\"rl-gallery-link\" data-rl_caption=\"\" data-rel=\"lightbox-gallery-1\"><img src=\"https:\/\/bokeheditions.fi\/wp-content\/uploads\/2022\/05\/DSF7745-300x300.jpg\" width=\"300\" height=\"300\" \/><\/a> <\/div> <\/div> <div class=\"rl-gallery-item\" > <div class=\"rl-gallery-item-content\"> <a href=\"https:\/\/bokeheditions.fi\/wp-content\/uploads\/2022\/05\/ii.jpg\" title=\"\" data-rl_title=\"\" class=\"rl-gallery-link\" data-rl_caption=\"\" data-rel=\"lightbox-gallery-1\"><img src=\"https:\/\/bokeheditions.fi\/wp-content\/uploads\/2022\/05\/ii-300x300.jpg\" width=\"300\" height=\"300\" \/><\/a> <\/div> <\/div> <div class=\"rl-gallery-item\" > <div class=\"rl-gallery-item-content\"> <a href=\"https:\/\/bokeheditions.fi\/wp-content\/uploads\/2022\/05\/DSF7728.jpg\" title=\"\" data-rl_title=\"\" class=\"rl-gallery-link\" data-rl_caption=\"\" data-rel=\"lightbox-gallery-1\"><img src=\"https:\/\/bokeheditions.fi\/wp-content\/uploads\/2022\/05\/DSF7728-300x300.jpg\" width=\"300\" height=\"300\" \/><\/a> <\/div> <\/div> <\/div> <\/div>","protected":false},"excerpt":{"rendered":"<p>2222BOKEH#016ISBN 978-952-7501-02-32022 Teksti Timo KelarantaTekij\u00e4n muotokuva Jari H\u00e4rk\u00f6nenGraafinen suunnittelu, painoty\u00f6t ja sidonta Antti Nyl\u00e9n Liimasidottu kirja, 90 s.Mustesuihkuvedos, 10 x 15 cmPaperit Amber Graphic 90 g\/m2, Performa Brilliance 200 g\/m2, Folia Tonpapier 130 g\/m2 125 x 180 x 6 mm Editio 200 kpl Valokuvataiteilija Timo Kelarannan (s. 1951) esseekirja 2222 sis\u00e4lt\u00e4\u00e4 yhdeks\u00e4n esseet\u00e4, joista vain &hellip; <\/p>\n<p class=\"link-more\"><a href=\"https:\/\/bokeheditions.fi\/en\/julkaisut\/2222-2\/\" class=\"more-link\">Continue reading<span class=\"screen-reader-text\"> &#8220;2222&#8221;<\/span><\/a><\/p>","protected":false},"author":2,"featured_media":0,"parent":45,"menu_order":0,"comment_status":"closed","ping_status":"closed","template":"","meta":[],"_links":{"self":[{"href":"https:\/\/bokeheditions.fi\/en\/wp-json\/wp\/v2\/pages\/919"}],"collection":[{"href":"https:\/\/bokeheditions.fi\/en\/wp-json\/wp\/v2\/pages"}],"about":[{"href":"https:\/\/bokeheditions.fi\/en\/wp-json\/wp\/v2\/types\/page"}],"author":[{"embeddable":true,"href":"https:\/\/bokeheditions.fi\/en\/wp-json\/wp\/v2\/users\/2"}],"replies":[{"embeddable":true,"href":"https:\/\/bokeheditions.fi\/en\/wp-json\/wp\/v2\/comments?post=919"}],"version-history":[{"count":6,"href":"https:\/\/bokeheditions.fi\/en\/wp-json\/wp\/v2\/pages\/919\/revisions"}],"predecessor-version":[{"id":939,"href":"https:\/\/bokeheditions.fi\/en\/wp-json\/wp\/v2\/pages\/919\/revisions\/939"}],"up":[{"embeddable":true,"href":"https:\/\/bokeheditions.fi\/en\/wp-json\/wp\/v2\/pages\/45"}],"wp:attachment":[{"href":"https:\/\/bokeheditions.fi\/en\/wp-json\/wp\/v2\/media?parent=919"}],"curies":[{"name":"wp","href":"https:\/\/api.w.org\/{rel}","templated":true}]}}