{"id":961,"date":"2022-06-23T15:12:54","date_gmt":"2022-06-23T12:12:54","guid":{"rendered":"https:\/\/bokeheditions.fi\/?page_id=961"},"modified":"2022-10-06T16:16:20","modified_gmt":"2022-10-06T13:16:20","slug":"kerran","status":"publish","type":"page","link":"https:\/\/bokeheditions.fi\/en\/julkaisut\/kerran\/","title":{"rendered":"Kerran"},"content":{"rendered":"<figure class=\"wp-block-image size-large\"><img loading=\"lazy\" width=\"1024\" height=\"683\" src=\"https:\/\/bokeheditions.fi\/wp-content\/uploads\/2022\/06\/DSF7877-1024x683.jpg\" alt=\"\" class=\"wp-image-943\" srcset=\"https:\/\/bokeheditions.fi\/wp-content\/uploads\/2022\/06\/DSF7877-1024x683.jpg 1024w, https:\/\/bokeheditions.fi\/wp-content\/uploads\/2022\/06\/DSF7877-300x200.jpg 300w, https:\/\/bokeheditions.fi\/wp-content\/uploads\/2022\/06\/DSF7877-768x512.jpg 768w, https:\/\/bokeheditions.fi\/wp-content\/uploads\/2022\/06\/DSF7877-1536x1024.jpg 1536w, https:\/\/bokeheditions.fi\/wp-content\/uploads\/2022\/06\/DSF7877-2048x1365.jpg 2048w, https:\/\/bokeheditions.fi\/wp-content\/uploads\/2022\/06\/DSF7877-18x12.jpg 18w\" sizes=\"(max-width: 706px) 89vw, (max-width: 767px) 82vw, 740px\" \/><\/figure>\n\n\n\n<p><em>Kerran<\/em><br>BOKEH#015<br>ISBN 978-952-7501-00-9<br>2022<\/p>\n\n\n\n<p>Valokuvat Nelli Palom\u00e4ki<br>Tekstit Olavi Uusivirta<br>Graafinen suunnittelu ja editointi Nelli Palom\u00e4ki ja Antti Nyl\u00e9n<br>Painoty\u00f6t ja sidonta Antti Nyl\u00e9n<\/p>\n\n\n\n<p>Digipainettu, nidottu ja liimasidottu kirja, 42 s.<br>Kaksi kymppikuvaa<br>Paperit Munken Pure 120 g\/m<sup>2<\/sup>, Folia Tonpapier 130 g\/m<sup>2<\/sup>, Folia Fotokarton 300 g\/m<sup>2<\/sup><\/p>\n\n\n\n<p>205 x 245 x 7 mm<\/p>\n\n\n\n<p>Edition of 200 copies<\/p>\n\n\n\n<p><em>Kerran<\/em> koostuu kahdesta tasavertaisesta elementist\u00e4: valokuvataiteilija Nelli Palom\u00e4en &#8220;perhealbumikuvista&#8221; ja lauluntekij\u00e4, n\u00e4yttelij\u00e4 Olavi Uusivirran niin ik\u00e4\u00e4n henkil\u00f6kohtaisisa proosakatkelmista. Kuvissa elet\u00e4\u00e4n 2010- ja 2020-lukua, teksteiss\u00e4 1990-lukua. Paitsi lapsuuden ja kasvun teema, tekstej\u00e4 ja kuvia yhdist\u00e4\u00e4 milj\u00f6\u00f6, etel\u00e4suomalainen pikkukaupunki, jonka voi muutamien vihjeiden perusteella tunnistaa Karkkilaksi.<\/p>\n\n\n\n<p>Palom\u00e4en kuvat on kaikki kuvattu niin sanotuilla kertak\u00e4ytt\u00f6kameroilla ja kehitetty valokuvausliikkeess\u00e4 ns. kymppikuviksi. N\u00e4m\u00e4 paperivedokset on j\u00e4ljennetty kirjaan suoraan kopiokoneen lasilta, negatiiveihin koskematta ja ilman digitaalista kuvans\u00e4\u00e4t\u00f6\u00e4, tavoitteena vain mahdollisimman hyv\u00e4 s\u00e4vyntoisto. Kannessa on fofoliikkeess\u00e4 tehty mustavalkovedos niin ik\u00e4\u00e4n kertak\u00e4ytt\u00f6kameralla kuvatusta ruudusta. Lis\u00e4ksi sisukseen on piilotettu yksi samanlainen &#8220;aito valokuva&#8221;, j\u00e4ljenn\u00f6ksens\u00e4 p\u00e4\u00e4lle. Uusivirran omael\u00e4m\u00e4kerralliset, lyhyet katkelmat on editoitu kokoelmaksi kirjaa varten ja sommiteltu kokonaisuudeksi kuvien rinnalle.<\/p>\n\n\n\n<p>Kaikki kirjan 21 lehte\u00e4 on sidottu &#8220;taskuiksi&#8221;, joissa aluksi vain tekstipuoli on esill\u00e4. Kuvat ovat taitteiden sis\u00e4ll\u00e4, ja sivut on tarkoitus avata pystysuoria perforointilinjoja pitkin.<\/p>\n\n\n\n<p><em>Kerran<\/em> antaa \u00e4\u00e4nen ja n\u00e4ytt\u00e4m\u00f6n lapsille, lapsuudelle. Aikuisen n\u00e4k\u00f6kulma j\u00e4\u00e4 aina toiseksi, ja kaikki tuntuu mahdolliselta. Maailma ei ole viel\u00e4 valmis eik\u00e4 pys\u00e4htynyt. Yksityiskohtien, v\u00e4rien ja vaikutelmien runsaus, outouden ja tuttuuden, arjen ja juhlan tihe\u00e4 vaihtelu, h\u00e4mmennys, murhe ja tylsyys, toisaalta j\u00e4nnitys, uhma ja vauhti muodostavat tunnistettavan kuvan, joka kaikesta sekasortoisuudestaan huolimatta on iloinen, ehe\u00e4 ja t\u00e4ynn\u00e4 merkityst\u00e4 \u2013 ja hillitt\u00f6m\u00e4n hauska!<\/p>\n\n\n\n<p>Kirja k\u00e4sittelee my\u00f6s muistojen ja valokuvan suhdetta. <em>&#8220;Kerran<\/em> puolustaa lavastamatonta albumikuvaa, jota yh\u00e4 rakastan&#8221;, kirjoittaa Palom\u00e4ki alkusanoissaan.<\/p>\n\n\n\n<p>Teos julkistettiin Karkkilassa 15. kes\u00e4kuuta 2022. <em>Karkkilalainen<\/em>-lehden juttu julkkareista on luettavissa <a rel=\"noreferrer noopener\" href=\"https:\/\/karkkilalainen.fi\/ajankohtaista\/olavi-uusivirralta-ja-nelli-palomaelta-yhteinen-kirja\/\" target=\"_blank\">t\u00e4\u00e4ll\u00e4<\/a>.<\/p>\n\n\n\n<p>K\u00e4sin sidotun kirjan editio on 200 kappaletta.<\/p>\n\n\n\n<p><em>Kerran<\/em> on myyt\u00e4v\u00e4n\u00e4 <a rel=\"noreferrer noopener\" href=\"https:\/\/holvi.com\/shop\/bokeh-kauppa\/product\/52de76ccd081928944125da9d6a1977c\/\" target=\"_blank\">at the Bokeh Shop<\/a> hintaan 42 euroa (+ toimituskulut).<\/p>\n\n\n\n<div class=\"rl-gallery-container rl-loading\" id=\"rl-gallery-container-1\" data-gallery_id=\"965\"> <div class=\"rl-gallery rl-basicmasonry-gallery edition\" id=\"rl-gallery-1\" data-gallery_no=\"1\"> <div class=\"rl-gutter-sizer\"><\/div><div class=\"rl-grid-sizer\"><\/div> <div class=\"rl-gallery-item rl-gallery-item-width-4\" > <div class=\"rl-gallery-item-content\"> <a href=\"https:\/\/bokeheditions.fi\/wp-content\/uploads\/2022\/06\/DSF7873.jpg\" title=\"\" data-rl_title=\"\" class=\"rl-gallery-link\" data-rl_caption=\"\" data-rel=\"lightbox-gallery-1\"><img src=\"https:\/\/bokeheditions.fi\/wp-content\/uploads\/2022\/06\/DSF7873-300x300.jpg\" width=\"300\" height=\"300\" \/><\/a> <\/div> <\/div> <div class=\"rl-gallery-item\" > <div class=\"rl-gallery-item-content\"> <a href=\"https:\/\/bokeheditions.fi\/wp-content\/uploads\/2022\/06\/DSF7879.jpg\" title=\"\" data-rl_title=\"\" class=\"rl-gallery-link\" data-rl_caption=\"\" data-rel=\"lightbox-gallery-1\"><img src=\"https:\/\/bokeheditions.fi\/wp-content\/uploads\/2022\/06\/DSF7879-300x300.jpg\" width=\"300\" height=\"300\" \/><\/a> <\/div> <\/div> <div class=\"rl-gallery-item\" > <div class=\"rl-gallery-item-content\"> <a href=\"https:\/\/bokeheditions.fi\/wp-content\/uploads\/2022\/06\/DSF7881.jpg\" title=\"\" data-rl_title=\"\" class=\"rl-gallery-link\" data-rl_caption=\"\" data-rel=\"lightbox-gallery-1\"><img src=\"https:\/\/bokeheditions.fi\/wp-content\/uploads\/2022\/06\/DSF7881-300x300.jpg\" width=\"300\" height=\"300\" \/><\/a> <\/div> <\/div> <div class=\"rl-gallery-item\" > <div class=\"rl-gallery-item-content\"> <a href=\"https:\/\/bokeheditions.fi\/wp-content\/uploads\/2022\/06\/DSF7907.jpg\" title=\"\" data-rl_title=\"\" class=\"rl-gallery-link\" data-rl_caption=\"\" data-rel=\"lightbox-gallery-1\"><img src=\"https:\/\/bokeheditions.fi\/wp-content\/uploads\/2022\/06\/DSF7907-300x300.jpg\" width=\"300\" height=\"300\" \/><\/a> <\/div> <\/div> <div class=\"rl-gallery-item\" > <div class=\"rl-gallery-item-content\"> <a href=\"https:\/\/bokeheditions.fi\/wp-content\/uploads\/2022\/06\/DSF7885.jpg\" title=\"\" data-rl_title=\"\" class=\"rl-gallery-link\" data-rl_caption=\"\" data-rel=\"lightbox-gallery-1\"><img src=\"https:\/\/bokeheditions.fi\/wp-content\/uploads\/2022\/06\/DSF7885-300x300.jpg\" width=\"300\" height=\"300\" \/><\/a> <\/div> <\/div> <div class=\"rl-gallery-item\" > <div class=\"rl-gallery-item-content\"> <a href=\"https:\/\/bokeheditions.fi\/wp-content\/uploads\/2022\/06\/DSF7886.jpg\" title=\"\" data-rl_title=\"\" class=\"rl-gallery-link\" data-rl_caption=\"\" data-rel=\"lightbox-gallery-1\"><img src=\"https:\/\/bokeheditions.fi\/wp-content\/uploads\/2022\/06\/DSF7886-300x300.jpg\" width=\"300\" height=\"300\" \/><\/a> <\/div> <\/div> <div class=\"rl-gallery-item\" > <div class=\"rl-gallery-item-content\"> <a href=\"https:\/\/bokeheditions.fi\/wp-content\/uploads\/2022\/06\/DSF7889.jpg\" title=\"\" data-rl_title=\"\" class=\"rl-gallery-link\" data-rl_caption=\"\" data-rel=\"lightbox-gallery-1\"><img src=\"https:\/\/bokeheditions.fi\/wp-content\/uploads\/2022\/06\/DSF7889-300x300.jpg\" width=\"300\" height=\"300\" \/><\/a> <\/div> <\/div> <div class=\"rl-gallery-item\" > <div class=\"rl-gallery-item-content\"> <a href=\"https:\/\/bokeheditions.fi\/wp-content\/uploads\/2022\/06\/DSF7894.jpg\" title=\"\" data-rl_title=\"\" class=\"rl-gallery-link\" data-rl_caption=\"\" data-rel=\"lightbox-gallery-1\"><img src=\"https:\/\/bokeheditions.fi\/wp-content\/uploads\/2022\/06\/DSF7894-300x300.jpg\" width=\"300\" height=\"300\" \/><\/a> <\/div> <\/div> <div class=\"rl-gallery-item\" > <div class=\"rl-gallery-item-content\"> <a href=\"https:\/\/bokeheditions.fi\/wp-content\/uploads\/2022\/06\/DSF7898.jpg\" title=\"\" data-rl_title=\"\" class=\"rl-gallery-link\" data-rl_caption=\"\" data-rel=\"lightbox-gallery-1\"><img src=\"https:\/\/bokeheditions.fi\/wp-content\/uploads\/2022\/06\/DSF7898-300x300.jpg\" width=\"300\" height=\"300\" \/><\/a> <\/div> <\/div> <div class=\"rl-gallery-item\" > <div class=\"rl-gallery-item-content\"> <a href=\"https:\/\/bokeheditions.fi\/wp-content\/uploads\/2022\/06\/DSF7899.jpg\" title=\"\" data-rl_title=\"\" class=\"rl-gallery-link\" data-rl_caption=\"\" data-rel=\"lightbox-gallery-1\"><img src=\"https:\/\/bokeheditions.fi\/wp-content\/uploads\/2022\/06\/DSF7899-300x300.jpg\" width=\"300\" height=\"300\" \/><\/a> <\/div> <\/div> <div class=\"rl-gallery-item\" > <div class=\"rl-gallery-item-content\"> <a href=\"https:\/\/bokeheditions.fi\/wp-content\/uploads\/2022\/06\/DSF7900.jpg\" title=\"\" data-rl_title=\"\" class=\"rl-gallery-link\" data-rl_caption=\"\" data-rel=\"lightbox-gallery-1\"><img src=\"https:\/\/bokeheditions.fi\/wp-content\/uploads\/2022\/06\/DSF7900-300x300.jpg\" width=\"300\" height=\"300\" \/><\/a> <\/div> <\/div> <div class=\"rl-gallery-item\" > <div class=\"rl-gallery-item-content\"> <a href=\"https:\/\/bokeheditions.fi\/wp-content\/uploads\/2022\/06\/DSF7901.jpg\" title=\"\" data-rl_title=\"\" class=\"rl-gallery-link\" data-rl_caption=\"\" data-rel=\"lightbox-gallery-1\"><img src=\"https:\/\/bokeheditions.fi\/wp-content\/uploads\/2022\/06\/DSF7901-300x300.jpg\" width=\"300\" height=\"300\" \/><\/a> <\/div> <\/div> <div class=\"rl-gallery-item\" > <div class=\"rl-gallery-item-content\"> <a href=\"https:\/\/bokeheditions.fi\/wp-content\/uploads\/2022\/06\/DSF7903.jpg\" title=\"\" data-rl_title=\"\" class=\"rl-gallery-link\" data-rl_caption=\"\" data-rel=\"lightbox-gallery-1\"><img src=\"https:\/\/bokeheditions.fi\/wp-content\/uploads\/2022\/06\/DSF7903-300x300.jpg\" width=\"300\" height=\"300\" \/><\/a> <\/div> <\/div> <div class=\"rl-gallery-item\" > <div class=\"rl-gallery-item-content\"> <a href=\"https:\/\/bokeheditions.fi\/wp-content\/uploads\/2022\/06\/DSF7908.jpg\" title=\"\" data-rl_title=\"\" class=\"rl-gallery-link\" data-rl_caption=\"\" data-rel=\"lightbox-gallery-1\"><img src=\"https:\/\/bokeheditions.fi\/wp-content\/uploads\/2022\/06\/DSF7908-300x300.jpg\" width=\"300\" height=\"300\" \/><\/a> <\/div> <\/div> <div class=\"rl-gallery-item\" > <div class=\"rl-gallery-item-content\"> <a href=\"https:\/\/bokeheditions.fi\/wp-content\/uploads\/2022\/06\/DSF7893.jpg\" title=\"\" data-rl_title=\"\" class=\"rl-gallery-link\" data-rl_caption=\"\" data-rel=\"lightbox-gallery-1\"><img src=\"https:\/\/bokeheditions.fi\/wp-content\/uploads\/2022\/06\/DSF7893-300x300.jpg\" width=\"300\" height=\"300\" \/><\/a> <\/div> <\/div> <\/div> <\/div>","protected":false},"excerpt":{"rendered":"<p>KerranBOKEH#015ISBN 978-952-7501-00-92022 Valokuvat Nelli Palom\u00e4kiTekstit Olavi UusivirtaGraafinen suunnittelu ja editointi Nelli Palom\u00e4ki ja Antti Nyl\u00e9nPainoty\u00f6t ja sidonta Antti Nyl\u00e9n Digipainettu, nidottu ja liimasidottu kirja, 42 s.Kaksi kymppikuvaaPaperit Munken Pure 120 g\/m2, Folia Tonpapier 130 g\/m2, Folia Fotokarton 300 g\/m2 205 x 245 x 7 mm Editio 200 kpl Kerran koostuu kahdesta tasavertaisesta elementist\u00e4: valokuvataiteilija Nelli &hellip; <\/p>\n<p class=\"link-more\"><a href=\"https:\/\/bokeheditions.fi\/en\/julkaisut\/kerran\/\" class=\"more-link\">Continue reading<span class=\"screen-reader-text\"> &#8220;Kerran&#8221;<\/span><\/a><\/p>","protected":false},"author":2,"featured_media":0,"parent":45,"menu_order":0,"comment_status":"closed","ping_status":"closed","template":"","meta":[],"_links":{"self":[{"href":"https:\/\/bokeheditions.fi\/en\/wp-json\/wp\/v2\/pages\/961"}],"collection":[{"href":"https:\/\/bokeheditions.fi\/en\/wp-json\/wp\/v2\/pages"}],"about":[{"href":"https:\/\/bokeheditions.fi\/en\/wp-json\/wp\/v2\/types\/page"}],"author":[{"embeddable":true,"href":"https:\/\/bokeheditions.fi\/en\/wp-json\/wp\/v2\/users\/2"}],"replies":[{"embeddable":true,"href":"https:\/\/bokeheditions.fi\/en\/wp-json\/wp\/v2\/comments?post=961"}],"version-history":[{"count":8,"href":"https:\/\/bokeheditions.fi\/en\/wp-json\/wp\/v2\/pages\/961\/revisions"}],"predecessor-version":[{"id":1109,"href":"https:\/\/bokeheditions.fi\/en\/wp-json\/wp\/v2\/pages\/961\/revisions\/1109"}],"up":[{"embeddable":true,"href":"https:\/\/bokeheditions.fi\/en\/wp-json\/wp\/v2\/pages\/45"}],"wp:attachment":[{"href":"https:\/\/bokeheditions.fi\/en\/wp-json\/wp\/v2\/media?parent=961"}],"curies":[{"name":"wp","href":"https:\/\/api.w.org\/{rel}","templated":true}]}}