{"id":994,"date":"2022-07-20T15:04:01","date_gmt":"2022-07-20T12:04:01","guid":{"rendered":"https:\/\/bokeheditions.fi\/?page_id=994"},"modified":"2022-10-06T16:14:27","modified_gmt":"2022-10-06T13:14:27","slug":"angel-tape","status":"publish","type":"page","link":"https:\/\/bokeheditions.fi\/en\/julkaisut\/angel-tape\/","title":{"rendered":"Angel Tape"},"content":{"rendered":"<figure class=\"wp-block-image size-large\"><img loading=\"lazy\" width=\"1024\" height=\"683\" src=\"https:\/\/bokeheditions.fi\/wp-content\/uploads\/2022\/07\/pk-1024x683.jpg\" alt=\"\" class=\"wp-image-998\" srcset=\"https:\/\/bokeheditions.fi\/wp-content\/uploads\/2022\/07\/pk-1024x683.jpg 1024w, https:\/\/bokeheditions.fi\/wp-content\/uploads\/2022\/07\/pk-300x200.jpg 300w, https:\/\/bokeheditions.fi\/wp-content\/uploads\/2022\/07\/pk-768x512.jpg 768w, https:\/\/bokeheditions.fi\/wp-content\/uploads\/2022\/07\/pk-1536x1024.jpg 1536w, https:\/\/bokeheditions.fi\/wp-content\/uploads\/2022\/07\/pk-2048x1365.jpg 2048w, https:\/\/bokeheditions.fi\/wp-content\/uploads\/2022\/07\/pk-18x12.jpg 18w\" sizes=\"(max-width: 706px) 89vw, (max-width: 767px) 82vw, 740px\" \/><\/figure>\n\n\n\n<p>Angel Tape<br>BOKEH#013<br>ISBN 978-952-69504-9-5<br>2022<\/p>\n\n\n\n<p>Images Merja Kokkonen<br>Graphic design Antti Nyl\u00e9n<br>Inside pages printed by Luova.fi<br>Additional printing and binding Antti Nyl\u00e9n<\/p>\n\n\n\n<p class=\" translation-block\">Thread sewn booklet, 44 + 4 pages<br>Original print (as endpaper), 450 x 320 mm<br>Cardboard envelope, girdle, 90 x 230 mm<br>Colophon insert, 290 x 200 mm<br>Papers Munken Lynx 120 g\/m<sup>2<\/sup>, Washi paper 30 g\/m<sup>2<\/sup>, Folia Fotokarton 300 g\/m<sup>2<\/sup>, Canson Iris Vivaldi 240 g\/m<sup>2<\/sup>, Sweden Bond 90 g\/m<sup>2<\/sup><\/p>\n\n\n\n<p class=\" translation-block\">330 x 230 x 6 mm (envelope)<br>305 x 215 mm x 4 (cover 325 x 230 mm) (booklet)<\/p>\n\n\n\n<p>Edition of 100 copies<\/p>\n\n\n\n<p class=\" translation-block\"><em>Angel Tape<\/em> is an artist's book by Merja Kokkonen, a Finnish visual artist, also known as the recording and performing artist Islaja. The book is based on a series of monotypes printed in the artist's studio in Berlin during the first half of 2021. Monotyping is a printmaking process in which a single-use matrix produces a unique reproduction.<\/p>\n\n\n\n<p>The visual content, completely wordless, fills up the space of the book right to the edges. Each copy contains a single unique print, which is printed on Washi paper and serves as the endpapers of the book. <em>Angel Tape<\/em> can be read in multiple directions\u2014vertically or horizontally\u2014since it does not contain any text.<\/p>\n\n\n\n<p>The only textual content is a short author's note. This note, along with the colophon and credits, is printed on a separate sheet roughly the size of an A4 page, in Finnish, German, Swedish, English, French, and Japanese. The booklet is enclosed in a cardboard envelope, secured with a paper girdle.<\/p>\n\n\n\n<p class=\" translation-block\">As <em>Angel Tape<\/em> lacks textual content and features abundant colorful visual elements, it prompts questions about \"reading images.\" This might also extend to the idea of \"listening\" to the images, as the word \"Tape\" in the title could imply an audio tape, such as a cassette. Although the booklet follows a conventional format, it can be \"read\" in any direction or orientation. The suggested \"dramaturgy,\" a fixed sequence of images, does not necessarily limit the reading process. The centerfold and the envelope cover showcase the same orange rectangle. This visual element, which transforms into a circle when the envelope is sealed with the girdle, might act as an axis around which the imagery revolves. However, the work is not inherently cyclical; rather, it possesses a disjointed and linear, \"tape-like,\" quality. Reading can commence and conclude on any page.<\/p>\n\n\n\n<p>The recurring visual motifs and colors on the pages suggest a unique language or glyphs developed for a particular purpose. The imagery is neither abstract nor representational. Alongside some distinctive markings, it might resemble drawing, painting, or even photography. Surprisingly, it doesn't often evoke printmaking, despite that being the technique used for the originals.<\/p>\n\n\n\n<p class=\" translation-block\">Merja Kokkonen is better known by her musical moniker, Islaja. Since the early 2000s, she has released several distinctive recordings (the latest being <em>Tarrantulla<\/em> in 2017) and has been actively performing in Europe and worldwide. However, Kokkonen's training is in visual arts. In the summer of 2022, she exhibited her work at Kunsthalle Turku, Finland, alongside two other experimental artists, Laura Naukkarinen and Jonna Karanka.<\/p>\n\n\n\n<p class=\" translation-block\"><em>Angel Tape<\/em>  marks Kokkonen's debut in the format of an artist's book.<\/p>\n\n\n\n<p class=\" translation-block\">The edition consists of 100 copies.<\/p>\n\n\n\n<p class=\" translation-block\">This hand-bound artist's book is available for purchase online at the <a rel=\"noreferrer noopener\" href=\"https:\/\/holvi.com\/shop\/bokeh-kauppa\/product\/38588ee5dd295e0cf98ee1b1643c3916\/\" target=\"_blank\">Bokeh Shop<\/a>, priced at 45 \u20ac (+ shipping).<\/p>\n\n\n\n<div class=\"rl-gallery-container rl-loading\" id=\"rl-gallery-container-1\" data-gallery_id=\"1001\"> <div class=\"rl-gallery rl-basicmasonry-gallery edition\" id=\"rl-gallery-1\" data-gallery_no=\"1\"> <div class=\"rl-gutter-sizer\"><\/div><div class=\"rl-grid-sizer\"><\/div> <div class=\"rl-gallery-item rl-gallery-item-width-4\" > <div class=\"rl-gallery-item-content\"> <a href=\"https:\/\/bokeheditions.fi\/wp-content\/uploads\/2022\/07\/DSF7918.jpg\" title=\"\" data-rl_title=\"\" class=\"rl-gallery-link\" data-rl_caption=\"\" data-rel=\"lightbox-gallery-1\"><img src=\"https:\/\/bokeheditions.fi\/wp-content\/uploads\/2022\/07\/DSF7918-300x300.jpg\" width=\"300\" height=\"300\" \/><\/a> <\/div> <\/div> <div class=\"rl-gallery-item\" > <div class=\"rl-gallery-item-content\"> <a href=\"https:\/\/bokeheditions.fi\/wp-content\/uploads\/2022\/07\/DSF7919.jpg\" title=\"\" data-rl_title=\"\" class=\"rl-gallery-link\" data-rl_caption=\"\" data-rel=\"lightbox-gallery-1\"><img src=\"https:\/\/bokeheditions.fi\/wp-content\/uploads\/2022\/07\/DSF7919-300x300.jpg\" width=\"300\" height=\"300\" \/><\/a> <\/div> <\/div> <div class=\"rl-gallery-item\" > <div class=\"rl-gallery-item-content\"> <a href=\"https:\/\/bokeheditions.fi\/wp-content\/uploads\/2022\/07\/DSF7922.jpg\" title=\"\" data-rl_title=\"\" class=\"rl-gallery-link\" data-rl_caption=\"\" data-rel=\"lightbox-gallery-1\"><img src=\"https:\/\/bokeheditions.fi\/wp-content\/uploads\/2022\/07\/DSF7922-300x300.jpg\" width=\"300\" height=\"300\" \/><\/a> <\/div> <\/div> <div class=\"rl-gallery-item\" > <div class=\"rl-gallery-item-content\"> <a href=\"https:\/\/bokeheditions.fi\/wp-content\/uploads\/2022\/07\/DSF7921.jpg\" title=\"\" data-rl_title=\"\" class=\"rl-gallery-link\" data-rl_caption=\"\" data-rel=\"lightbox-gallery-1\"><img src=\"https:\/\/bokeheditions.fi\/wp-content\/uploads\/2022\/07\/DSF7921-300x300.jpg\" width=\"300\" height=\"300\" \/><\/a> <\/div> <\/div> <div class=\"rl-gallery-item\" > <div class=\"rl-gallery-item-content\"> <a href=\"https:\/\/bokeheditions.fi\/wp-content\/uploads\/2022\/07\/DSF7926.jpg\" title=\"\" data-rl_title=\"\" class=\"rl-gallery-link\" data-rl_caption=\"\" data-rel=\"lightbox-gallery-1\"><img src=\"https:\/\/bokeheditions.fi\/wp-content\/uploads\/2022\/07\/DSF7926-300x300.jpg\" width=\"300\" height=\"300\" \/><\/a> <\/div> <\/div> <div class=\"rl-gallery-item\" > <div class=\"rl-gallery-item-content\"> <a href=\"https:\/\/bokeheditions.fi\/wp-content\/uploads\/2022\/07\/DSF7928.jpg\" title=\"\" data-rl_title=\"\" class=\"rl-gallery-link\" data-rl_caption=\"\" data-rel=\"lightbox-gallery-1\"><img src=\"https:\/\/bokeheditions.fi\/wp-content\/uploads\/2022\/07\/DSF7928-300x300.jpg\" width=\"300\" height=\"300\" \/><\/a> <\/div> <\/div> <div class=\"rl-gallery-item\" > <div class=\"rl-gallery-item-content\"> <a href=\"https:\/\/bokeheditions.fi\/wp-content\/uploads\/2022\/07\/DSF7930.jpg\" title=\"\" data-rl_title=\"\" class=\"rl-gallery-link\" data-rl_caption=\"\" data-rel=\"lightbox-gallery-1\"><img src=\"https:\/\/bokeheditions.fi\/wp-content\/uploads\/2022\/07\/DSF7930-300x300.jpg\" width=\"300\" height=\"300\" \/><\/a> <\/div> <\/div> <div class=\"rl-gallery-item\" > <div class=\"rl-gallery-item-content\"> <a href=\"https:\/\/bokeheditions.fi\/wp-content\/uploads\/2022\/07\/DSF7932.jpg\" title=\"\" data-rl_title=\"\" class=\"rl-gallery-link\" data-rl_caption=\"\" data-rel=\"lightbox-gallery-1\"><img src=\"https:\/\/bokeheditions.fi\/wp-content\/uploads\/2022\/07\/DSF7932-300x300.jpg\" width=\"300\" height=\"300\" \/><\/a> <\/div> <\/div> <div class=\"rl-gallery-item\" > <div class=\"rl-gallery-item-content\"> <a href=\"https:\/\/bokeheditions.fi\/wp-content\/uploads\/2022\/07\/DSF7942.jpg\" title=\"\" data-rl_title=\"\" class=\"rl-gallery-link\" data-rl_caption=\"\" data-rel=\"lightbox-gallery-1\"><img src=\"https:\/\/bokeheditions.fi\/wp-content\/uploads\/2022\/07\/DSF7942-300x300.jpg\" width=\"300\" height=\"300\" \/><\/a> <\/div> <\/div> <div class=\"rl-gallery-item\" > <div class=\"rl-gallery-item-content\"> <a href=\"https:\/\/bokeheditions.fi\/wp-content\/uploads\/2022\/07\/DSF7941.jpg\" title=\"\" data-rl_title=\"\" class=\"rl-gallery-link\" data-rl_caption=\"\" data-rel=\"lightbox-gallery-1\"><img src=\"https:\/\/bokeheditions.fi\/wp-content\/uploads\/2022\/07\/DSF7941-300x300.jpg\" width=\"300\" height=\"300\" \/><\/a> <\/div> <\/div> <div class=\"rl-gallery-item\" > <div class=\"rl-gallery-item-content\"> <a href=\"https:\/\/bokeheditions.fi\/wp-content\/uploads\/2022\/07\/DSF7943.jpg\" title=\"\" data-rl_title=\"\" class=\"rl-gallery-link\" data-rl_caption=\"\" data-rel=\"lightbox-gallery-1\"><img src=\"https:\/\/bokeheditions.fi\/wp-content\/uploads\/2022\/07\/DSF7943-300x300.jpg\" width=\"300\" height=\"300\" \/><\/a> <\/div> <\/div> <div class=\"rl-gallery-item\" > <div class=\"rl-gallery-item-content\"> <a href=\"https:\/\/bokeheditions.fi\/wp-content\/uploads\/2022\/07\/DSF7951.jpg\" title=\"\" data-rl_title=\"\" class=\"rl-gallery-link\" data-rl_caption=\"\" data-rel=\"lightbox-gallery-1\"><img src=\"https:\/\/bokeheditions.fi\/wp-content\/uploads\/2022\/07\/DSF7951-300x300.jpg\" width=\"300\" height=\"300\" \/><\/a> <\/div> <\/div> <div class=\"rl-gallery-item\" > <div class=\"rl-gallery-item-content\"> <a href=\"https:\/\/bokeheditions.fi\/wp-content\/uploads\/2022\/07\/DSF7939.jpg\" title=\"\" data-rl_title=\"\" class=\"rl-gallery-link\" data-rl_caption=\"\" data-rel=\"lightbox-gallery-1\"><img src=\"https:\/\/bokeheditions.fi\/wp-content\/uploads\/2022\/07\/DSF7939-300x300.jpg\" width=\"300\" height=\"300\" \/><\/a> <\/div> <\/div> <div class=\"rl-gallery-item\" > <div class=\"rl-gallery-item-content\"> <a href=\"https:\/\/bokeheditions.fi\/wp-content\/uploads\/2022\/07\/DSF7938.jpg\" title=\"\" data-rl_title=\"\" class=\"rl-gallery-link\" data-rl_caption=\"\" data-rel=\"lightbox-gallery-1\"><img src=\"https:\/\/bokeheditions.fi\/wp-content\/uploads\/2022\/07\/DSF7938-300x300.jpg\" width=\"300\" height=\"300\" \/><\/a> <\/div> <\/div> <div class=\"rl-gallery-item\" > <div class=\"rl-gallery-item-content\"> <a href=\"https:\/\/bokeheditions.fi\/wp-content\/uploads\/2022\/07\/DSF7946.jpg\" title=\"\" data-rl_title=\"\" class=\"rl-gallery-link\" data-rl_caption=\"\" data-rel=\"lightbox-gallery-1\"><img src=\"https:\/\/bokeheditions.fi\/wp-content\/uploads\/2022\/07\/DSF7946-300x300.jpg\" width=\"300\" height=\"300\" \/><\/a> <\/div> <\/div> <div class=\"rl-gallery-item\" > <div class=\"rl-gallery-item-content\"> <a href=\"https:\/\/bokeheditions.fi\/wp-content\/uploads\/2022\/07\/DSF7947.jpg\" title=\"\" data-rl_title=\"\" class=\"rl-gallery-link\" data-rl_caption=\"\" data-rel=\"lightbox-gallery-1\"><img src=\"https:\/\/bokeheditions.fi\/wp-content\/uploads\/2022\/07\/DSF7947-300x300.jpg\" width=\"300\" height=\"300\" \/><\/a> <\/div> <\/div> <div class=\"rl-gallery-item\" > <div class=\"rl-gallery-item-content\"> <a href=\"https:\/\/bokeheditions.fi\/wp-content\/uploads\/2022\/07\/DSF7953.jpg\" title=\"\" data-rl_title=\"\" class=\"rl-gallery-link\" data-rl_caption=\"\" data-rel=\"lightbox-gallery-1\"><img src=\"https:\/\/bokeheditions.fi\/wp-content\/uploads\/2022\/07\/DSF7953-300x300.jpg\" width=\"300\" height=\"300\" \/><\/a> <\/div> <\/div> <div class=\"rl-gallery-item\" > <div class=\"rl-gallery-item-content\"> <a href=\"https:\/\/bokeheditions.fi\/wp-content\/uploads\/2022\/07\/DSF7954.jpg\" title=\"\" data-rl_title=\"\" class=\"rl-gallery-link\" data-rl_caption=\"\" data-rel=\"lightbox-gallery-1\"><img src=\"https:\/\/bokeheditions.fi\/wp-content\/uploads\/2022\/07\/DSF7954-300x300.jpg\" width=\"300\" height=\"300\" \/><\/a> <\/div> <\/div> <\/div> <\/div>","protected":false},"excerpt":{"rendered":"<p>Angel TapeBOKEH#013ISBN 978-952-69504-9-52022 Kuvat Merja KokkonenGraafinen suunnittelu Antti Nyl\u00e9nSisuksen tulostus Luova.fiMuut painoty\u00f6t ja sidonta Antti Nyl\u00e9n Lankasidottu vihko, 44 + 4 s.Originaalivedos (vihkon esilehtin\u00e4), 450 x 320 mmKartonkikuori, vy\u00f6, 90 x 230 mmLiitearkki, 290 x 200 mmPaperit Munken Lynx 120 g\/m2, Japaninpaperi 30 g\/m2, Folia Fotokarton 300 g\/m2, Canson Iris Vivaldi 240 g\/m2, Sweden Bond &hellip; <\/p>\n<p class=\"link-more\"><a href=\"https:\/\/bokeheditions.fi\/en\/julkaisut\/angel-tape\/\" class=\"more-link\">Continue reading<span class=\"screen-reader-text\"> &#8220;Angel Tape&#8221;<\/span><\/a><\/p>","protected":false},"author":2,"featured_media":0,"parent":45,"menu_order":0,"comment_status":"closed","ping_status":"closed","template":"","meta":[],"_links":{"self":[{"href":"https:\/\/bokeheditions.fi\/en\/wp-json\/wp\/v2\/pages\/994"}],"collection":[{"href":"https:\/\/bokeheditions.fi\/en\/wp-json\/wp\/v2\/pages"}],"about":[{"href":"https:\/\/bokeheditions.fi\/en\/wp-json\/wp\/v2\/types\/page"}],"author":[{"embeddable":true,"href":"https:\/\/bokeheditions.fi\/en\/wp-json\/wp\/v2\/users\/2"}],"replies":[{"embeddable":true,"href":"https:\/\/bokeheditions.fi\/en\/wp-json\/wp\/v2\/comments?post=994"}],"version-history":[{"count":6,"href":"https:\/\/bokeheditions.fi\/en\/wp-json\/wp\/v2\/pages\/994\/revisions"}],"predecessor-version":[{"id":1107,"href":"https:\/\/bokeheditions.fi\/en\/wp-json\/wp\/v2\/pages\/994\/revisions\/1107"}],"up":[{"embeddable":true,"href":"https:\/\/bokeheditions.fi\/en\/wp-json\/wp\/v2\/pages\/45"}],"wp:attachment":[{"href":"https:\/\/bokeheditions.fi\/en\/wp-json\/wp\/v2\/media?parent=994"}],"curies":[{"name":"wp","href":"https:\/\/api.w.org\/{rel}","templated":true}]}}